{"id":63697,"date":"2021-08-18T15:44:37","date_gmt":"2021-08-18T15:44:37","guid":{"rendered":"https:\/\/esenssi.com\/fabrica\/registro\/"},"modified":"2022-05-05T09:01:50","modified_gmt":"2022-05-05T07:01:50","slug":"registro","status":"publish","type":"page","link":"https:\/\/esenssi.com\/fabrica\/registro\/","title":{"rendered":"Registro"},"content":{"rendered":"\t\t<div data-elementor-type=\"wp-page\" data-elementor-id=\"63697\" class=\"elementor elementor-63697\" data-elementor-post-type=\"page\">\n\t\t\t\t\t\t<section class=\"elementor-section elementor-top-section elementor-element elementor-element-59917553 elementor-section-boxed elementor-section-height-default elementor-section-height-default\" data-id=\"59917553\" data-element_type=\"section\">\r\n\t\t\r\n\t\t\t\t\t\t\t<div class=\"elementor-container elementor-column-gap-default\">\r\n\t\t\t\t\t\t\t\t\t\t\t<div class=\"elementor-column elementor-col-100 elementor-top-column elementor-element elementor-element-2111d007\" data-id=\"2111d007\" data-element_type=\"column\">\r\n\t\t\t\t\t<div class=\"elementor-widget-wrap elementor-element-populated\">\r\n\t\t\t\t\t\t\t\t<div class=\"elementor-element elementor-element-45520fe elementor-widget elementor-widget-heading\" data-id=\"45520fe\" data-element_type=\"widget\" data-widget_type=\"heading.default\">\n\t\t\t\t<div class=\"elementor-widget-container\">\n\t\t\t\t\t<h1 class=\"elementor-heading-title elementor-size-default\">REG\u00cdSTRATE EN NUESTRA WEB<\/h1>\t\t\t\t<\/div>\n\t\t\t\t<\/div>\n\t\t\t\t<div class=\"elementor-element elementor-element-8d6de71 elementor-widget elementor-widget-text-editor\" data-id=\"8d6de71\" data-element_type=\"widget\" data-widget_type=\"text-editor.default\">\n\t\t\t\t<div class=\"elementor-widget-container\">\n\t\t\t\t\t\t\t\t\t<p>Una vez registrado, procederemos a revisar tus datos para la aprobaci\u00f3n de tu perfil.<\/p>\t\t\t\t\t\t\t\t<\/div>\n\t\t\t\t<\/div>\n\t\t\t\t<div class=\"elementor-element elementor-element-32fd0b67 elementor-widget elementor-widget-shortcode\" data-id=\"32fd0b67\" data-element_type=\"widget\" data-widget_type=\"shortcode.default\">\n\t\t\t\t<div class=\"elementor-widget-container\">\n\t\t\t\t\t\t\t<div class=\"elementor-shortcode\">\t<div class='user-registration ur-frontend-form  ' id='user-registration-form-63695'>\n\t\t\t\t\t<form method='post' class='register' data-form-id=\"63695\"\n\t\t\t\tdata-enable-strength-password=\"\" data-minimum-password-strength=\"3\"\n\t\t\t\t\t\t\t\t\t\t\t\t\t\t\t data-captcha-enabled=\"\">\n\n\t\t\t\t<div class=\"ur-form-row\">\t\t\t\t\t\t<div class=\"ur-form-grid ur-grid-1\"\n\t\t\t\t\t\t\tstyle=\"width:99%\">\n\t\t\t\t\t\t\t\t\t\t\t\t<\/div>\n\t\t\t\t\t\t\t\t\t\t\t<\/div>\n\t\t\t\t\t<div class=\"ur-form-row\">\t\t\t\t\t\t<div class=\"ur-form-grid ur-grid-1\"\n\t\t\t\t\t\t\tstyle=\"width:48%\">\n\t\t\t\t\t\t\t\t\t\t\t\t\t\t<div  data-field-id=\"first_name\" class=\"ur-field-item field-first_name \" data-ref-id=\"first_name\">\n\t\t\t\t\t\t\t\t\t<div class=\"form-row validate-required\" id=\"first_name_field\" data-priority=\"\" ><label for=\"first_name\" class=\"ur-label\">Nombre <abbr class=\"required\" title=\"obligatorio\">*<\/abbr><\/label> <span class=\"input-wrapper\"> <input data-rules=\"\" data-id=\"first_name\" type=\"text\" class=\"input-text   input-text ur-frontend-field  \" name=\"first_name\" id=\"first_name\" placeholder=\"\"  value=\"\" required=\"required\" data-label=\"Nombre\" \/> <\/span> <\/div>\t\t\t\t\t\t\t\t<\/div>\n\t\t\t\t\t\t\t\t\t\t\t\t\t\t\t\t<div  data-field-id=\"last_name\" class=\"ur-field-item field-last_name \" data-ref-id=\"last_name\">\n\t\t\t\t\t\t\t\t\t<div class=\"form-row validate-required\" id=\"last_name_field\" data-priority=\"\" ><label for=\"last_name\" class=\"ur-label\">Apellidos <abbr class=\"required\" title=\"obligatorio\">*<\/abbr><\/label> <span class=\"input-wrapper\"> <input data-rules=\"\" data-id=\"last_name\" type=\"text\" class=\"input-text   input-text ur-frontend-field  \" name=\"last_name\" id=\"last_name\" placeholder=\"\"  value=\"\" required=\"required\" data-label=\"Apellidos\" \/> <\/span> <\/div>\t\t\t\t\t\t\t\t<\/div>\n\t\t\t\t\t\t\t\t\t\t\t\t\t\t\t\t<div  data-field-id=\"user_email\" class=\"ur-field-item field-user_email \" data-ref-id=\"user_email\">\n\t\t\t\t\t\t\t\t\t<div class=\"form-row validate-required\" id=\"user_email_field\" data-priority=\"\" ><label for=\"user_email\" class=\"ur-label\">Email <abbr class=\"required\" title=\"obligatorio\">*<\/abbr><\/label> <span class=\"input-wrapper\"> <input data-rules=\"\" data-id=\"user_email\" type=\"email\" class=\"input-text   input-email ur-frontend-field  \" name=\"user_email\" id=\"user_email\" placeholder=\"\"  value=\"\" required=\"required\" data-label=\"Email\" \/> <\/span> <\/div>\t\t\t\t\t\t\t\t<\/div>\n\t\t\t\t\t\t\t\t\t\t\t\t\t\t\t\t<div  data-field-id=\"input_box_1629301793\" class=\"ur-field-item field-text \" data-ref-id=\"input_box_1629301793\">\n\t\t\t\t\t\t\t\t\t<div class=\"form-row validate-required\" id=\"input_box_1629301793_field\" data-priority=\"\" ><label for=\"input_box_1629301793\" class=\"ur-label\">Tel\u00e9fono <abbr class=\"required\" title=\"obligatorio\">*<\/abbr><\/label> <span class=\"input-wrapper\"> <input data-rules=\"\" data-id=\"input_box_1629301793\" type=\"text\" class=\"input-text   input-text ur-frontend-field  \" name=\"input_box_1629301793\" id=\"input_box_1629301793\" placeholder=\"\"  value=\"\" required=\"required\" data-label=\"Tel\u00e9fono\" maxlength=\"20\" \/> <\/span> <\/div>\t\t\t\t\t\t\t\t<\/div>\n\t\t\t\t\t\t\t\t\t\t\t\t\t\t\t\t<div  data-field-id=\"number_box_1694505984\" class=\"ur-field-item field-number \" data-ref-id=\"number_box_1694505984\">\n\t\t\t\t\t\t\t\t\t<div class=\"form-row validate-required\" id=\"number_box_1694505984_field\" data-priority=\"\" ><label for=\"number_box_1694505984\" class=\"ur-label\">telefono2 <abbr class=\"required\" title=\"obligatorio\">*<\/abbr><\/label> <span class=\"input-wrapper\"> <input data-rules=\"\" data-id=\"number_box_1694505984\" type=\"number\" class=\"input-text   input-number ur-frontend-field  \" name=\"number_box_1694505984\" id=\"number_box_1694505984\" placeholder=\"\"  value=\"\" required=\"required\" data-label=\"telefono2\" step=\"1\" \/> <\/span> <\/div>\t\t\t\t\t\t\t\t<\/div>\n\t\t\t\t\t\t\t\t\t\t\t\t\t\t<\/div>\n\t\t\t\t\t\t\t\t\t\t\t\t<div class=\"ur-form-grid ur-grid-2\"\n\t\t\t\t\t\t\tstyle=\"width:48%\">\n\t\t\t\t\t\t\t\t\t\t\t\t\t\t<div  data-field-id=\"select_1629301802\" class=\"ur-field-item field-select registro-select-tipo\" data-ref-id=\"select_1629301802\">\n\t\t\t\t\t\t\t\t\t<div class=\"form-row validate-required\" id=\"select_1629301802_field\" data-priority=\"\" ><label for=\"select_1629301802\" class=\"ur-label\">\u00bfEres...? <abbr class=\"required\" title=\"obligatorio\">*<\/abbr><\/label><select data-rules=\"\" data-id=\"select_1629301802\" name=\"select_1629301802\" id=\"select_1629301802\" class=\"select ur-frontend-field \" required=\"required\" data-label=\"\u00bfEres...?\" data-default=\"Empresa\" data-allow_clear=\"true\" data-placeholder=\"\">\n\t\t\t\t\t\t\t<option value=\"Empresa\"  selected='selected'>Empresa<\/option><option value=\"Aut\u00f3nomo\" >Aut\u00f3nomo<\/option><option value=\"Particular\" >Particular<\/option><option value=\"Distribuidor\" >Distribuidor<\/option>\n\t\t\t\t\t\t<\/select><\/div>\t\t\t\t\t\t\t\t<\/div>\n\t\t\t\t\t\t\t\t\t\t\t\t\t\t\t\t<div  data-field-id=\"billing_company\" class=\"ur-field-item field-text registro-nombre-empresa\" data-ref-id=\"billing_company\">\n\t\t\t\t\t\t\t\t\t<div class=\"form-row \" id=\"billing_company_field\" data-priority=\"\" ><label for=\"billing_company\" class=\"ur-label\">Nombre de la empresa<\/label> <span class=\"input-wrapper\"> <input data-rules=\"\" data-id=\"billing_company\" type=\"text\" class=\"input-text   input-text ur-frontend-field \" name=\"billing_company\" id=\"billing_company\" placeholder=\"\"  value=\"\" data-label=\"Nombre de la empresa\" maxlength=\"20\" \/> <\/span> <\/div>\t\t\t\t\t\t\t\t<\/div>\n\t\t\t\t\t\t\t\t\t\t\t\t\t\t\t\t<div  data-field-id=\"input_box_1629301806\" class=\"ur-field-item field-text \" data-ref-id=\"input_box_1629301806\">\n\t\t\t\t\t\t\t\t\t<div class=\"form-row validate-required\" id=\"input_box_1629301806_field\" data-priority=\"\" ><label for=\"input_box_1629301806\" class=\"ur-label\">CIF <abbr class=\"required\" title=\"obligatorio\">*<\/abbr><\/label> <span class=\"input-wrapper\"> <input data-rules=\"\" data-id=\"input_box_1629301806\" type=\"text\" class=\"input-text   input-text ur-frontend-field  \" name=\"input_box_1629301806\" id=\"input_box_1629301806\" placeholder=\"\"  value=\"\" required=\"required\" data-label=\"CIF\" maxlength=\"20\" \/> <\/span> <\/div>\t\t\t\t\t\t\t\t<\/div>\n\t\t\t\t\t\t\t\t\t\t\t\t\t\t\t\t<div  data-field-id=\"user_pass\" class=\"ur-field-item field-user_pass \" data-ref-id=\"user_pass\">\n\t\t\t\t\t\t\t\t\t<div class=\"form-row validate-required hide_show_password\" id=\"user_pass_field\" data-priority=\"\"><label for=\"user_pass\" class=\"ur-label\">Contrase\u00f1a <abbr class=\"required\" title=\"obligatorio\">*<\/abbr><\/label> <span class=\"input-wrapper\"> <span class=\"password-input-group input-form-field-icons\"><input data-rules=\"\" data-id=\"user_pass\" type=\"password\" class=\"input-text  input-password ur-frontend-field  \" name=\"user_pass\" id=\"user_pass\" placeholder=\"\"  value=\"\" required=\"required\" data-label=\"Contrase\u00f1a\" \/><a href=\"javaScript:void(0)\" class=\"password_preview dashicons dashicons-hidden\" title=\" Show password \"><\/a><\/span> <\/span> <\/div>\t\t\t\t\t\t\t\t<\/div>\n\t\t\t\t\t\t\t\t\t\t\t\t\t\t\t\t<div  data-field-id=\"user_confirm_password\" class=\"ur-field-item field-user_confirm_password \" data-ref-id=\"user_confirm_password\">\n\t\t\t\t\t\t\t\t\t<div class=\"form-row validate-required hide_show_password\" id=\"user_confirm_password_field\" data-priority=\"\"><label for=\"user_confirm_password\" class=\"ur-label\">Confirmar Contrase\u00f1a <abbr class=\"required\" title=\"obligatorio\">*<\/abbr><\/label> <span class=\"input-wrapper\"> <span class=\"password-input-group input-form-field-icons\"><input data-rules=\"\" data-id=\"user_confirm_password\" type=\"password\" class=\"input-text  input-password ur-frontend-field  \" name=\"user_confirm_password\" id=\"user_confirm_password\" placeholder=\"\"  value=\"\" required=\"required\" data-label=\"Confirmar Contrase\u00f1a\" \/><a href=\"javaScript:void(0)\" class=\"password_preview dashicons dashicons-hidden\" title=\" Show password \"><\/a><\/span> <\/span> <\/div>\t\t\t\t\t\t\t\t<\/div>\n\t\t\t\t\t\t\t\t\t\t\t\t\t\t<\/div>\n\t\t\t\t\t\t\t\t\t\t\t<\/div>\n\t\t\t\t\t\t\t\t\t\t\t\t\t\t\t\t\t<div class=\"ur-button-container \" >\n\t\t\t\t\t\t\t\t\t\t\t\t\t\t<button type=\"submit\" class=\"btn button ur-submit-button \" conditional_rules=\"&quot;&quot;\">\n\t\t\t\t\t\t\t\t<span><\/span>\n\t\t\t\t\t\t\t\tRegistrar\t\t\t\t\t\t\t<\/button>\n\t\t\t\t\t\t\t\t\t\t\t\t\t\t\t\t\t\t\t\t<\/div>\n\t\t\t\t\t\t\n\t\t\t\t<div style=\"clear:both\"><\/div>\n\t\t\t\t\t\t\t\t<input type=\"hidden\" name=\"ur-registration-language\" value=\"es\"\/>\n\t\t\t\t<input type=\"hidden\" name=\"ur-user-form-id\" value=\"63695\"\/>\n\t\t\t\t<input type=\"hidden\" name=\"ur-redirect-url\" value=\"\"\/>\n\t\t\t\t<input type=\"hidden\" id=\"ur_frontend_form_nonce\" name=\"ur_frontend_form_nonce\" value=\"f2011d1150\" \/>\n\t\t\t\t\t\t\t<\/form>\n\t\t\t\n\t\t<div style=\"clear:both\"><\/div>\n\t<\/div>\n<\/div>\n\t\t\t\t\t\t<\/div>\n\t\t\t\t<\/div>\n\t\t\t\t\t<\/div>\r\n\t\t\t\t<\/div>\r\n\t\t\t\t\t<\/div>\r\n\t\t\t\t<\/section>\r\n\t\t\t\t<section class=\"elementor-section elementor-top-section elementor-element elementor-element-4e44d21 elementor-section-boxed elementor-section-height-default elementor-section-height-default\" data-id=\"4e44d21\" data-element_type=\"section\">\r\n\t\t\r\n\t\t\t\t\t\t\t<div class=\"elementor-container elementor-column-gap-default\">\r\n\t\t\t\t\t\t\t\t\t\t\t<div class=\"elementor-column elementor-col-100 elementor-top-column elementor-element elementor-element-b1a5c9d\" data-id=\"b1a5c9d\" data-element_type=\"column\">\r\n\t\t\t\t\t<div class=\"elementor-widget-wrap elementor-element-populated\">\r\n\t\t\t\t\t\t\t\t<div class=\"elementor-element elementor-element-7a8ae25 elementor-widget elementor-widget-text-editor\" data-id=\"7a8ae25\" data-element_type=\"widget\" data-widget_type=\"text-editor.default\">\n\t\t\t\t<div class=\"elementor-widget-container\">\n\t\t\t\t\t\t\t\t\t<div class=\"et_pb_module et_pb_text et_pb_text_2  et_pb_text_align_left et_pb_bg_layout_light\"><div class=\"et_pb_text_inner\"><p><span class=\"s1\">Al registrarte o al contactar a trav\u00e9s de nuestros formularios, todos los datos facilitados por usted<\/span><span class=\"s1\">\u00a0ser<\/span><span class=\"s2\">\u00e1<\/span><span class=\"s1\">n tratados con estricta confidencialidad. En virtud de la Ley Org<\/span><span class=\"s2\">\u00e1<\/span><span class=\"s1\">nica15\/1999, de 13 de diciembre, de Protecci<\/span><span class=\"s2\">\u00f3<\/span><span class=\"s1\">n de Datos de Car<\/span><span class=\"s2\">\u00e1<\/span><span class=\"s1\">cter Personal, le informamos que todos los datos que usted nos facilita ser<\/span><span class=\"s2\">\u00e1<\/span><span class=\"s1\">n incluidos en el fichero creado bajo la responsabilidad de Esenssi Aromas S.L. para su tratamiento con la finalidad de poder desarrollar la relaci<\/span><span class=\"s2\">\u00f3<\/span><span class=\"s1\">n comercial y para mantenerle informado de las novedades relacionadas con la compa<\/span><span class=\"s2\">\u00f1i<\/span><span class=\"s1\">a. Usted podr<\/span><span class=\"s2\">\u00e1<\/span><span class=\"s1\">\u00a0ejercitar sus derechos de acceso, rectificaci<\/span><span class=\"s2\">\u00f3<\/span><span class=\"s1\">n, cancelaci<\/span><span class=\"s2\">\u00f3<\/span><span class=\"s1\">n y oposici<\/span><span class=\"s2\">\u00f3<\/span><span class=\"s1\">n dirigi<\/span><span class=\"s2\">\u00e9<\/span><span class=\"s1\">ndose por escrito a C\/ Fuentespina,41 \u2013 4<\/span><span class=\"s2\">\u00ba<\/span><span class=\"s1\">C, 28.031 Madrid (Madrid).<\/span><\/p><\/div><\/div>\t\t\t\t\t\t\t\t<\/div>\n\t\t\t\t<\/div>\n\t\t\t\t\t<\/div>\r\n\t\t\t\t<\/div>\r\n\t\t\t\t\t<\/div>\r\n\t\t\t\t<\/section>\r\n\t\t\t\t<\/div>\n\t\t","protected":false},"excerpt":{"rendered":"<p>REG\u00cdSTRATE EN NUESTRA WEB Una vez registrado, procederemos a revisar tus datos para la aprobaci\u00f3n de tu perfil. Al registrarte o al contactar a trav\u00e9s de nuestros formularios, todos los datos facilitados por usted&nbsp;ser\u00e1n tratados con estricta confidencialidad. En virtud de la Ley Org\u00e1nica15\/1999, de 13 de diciembre, de Protecci\u00f3n de Datos de Car\u00e1cter Personal, [&hellip;]<\/p>\n","protected":false},"author":2,"featured_media":0,"parent":0,"menu_order":0,"comment_status":"closed","ping_status":"closed","template":"","meta":{"content-type":"","_joinchat":[],"footnotes":""},"class_list":["post-63697","page","type-page","status-publish","hentry"],"yoast_head":"<!-- This site is optimized with the Yoast SEO plugin v23.3 - https:\/\/yoast.com\/wordpress\/plugins\/seo\/ -->\n<title>Reg\u00edstrate en Esenssi Aromas: F\u00e1brica de Perfumes Al Por Mayor<\/title>\n<meta name=\"description\" content=\"Reg\u00edstrate en Esenssi Aromas y descubre las fant\u00e1sticas opciones de perfumer\u00eda que tenemos para tu negocio, asesor personalizado exclusivo para ti.\" \/>\n<meta name=\"robots\" content=\"index, follow, max-snippet:-1, max-image-preview:large, max-video-preview:-1\" \/>\n<link rel=\"canonical\" href=\"https:\/\/esenssi.com\/fabrica\/registro\/\" \/>\n<meta property=\"og:locale\" content=\"es_ES\" \/>\n<meta property=\"og:type\" content=\"article\" \/>\n<meta property=\"og:title\" content=\"Reg\u00edstrate en Esenssi Aromas: F\u00e1brica de Perfumes Al Por Mayor\" \/>\n<meta property=\"og:description\" content=\"Reg\u00edstrate en Esenssi Aromas y descubre las fant\u00e1sticas opciones de perfumer\u00eda que tenemos para tu negocio, asesor personalizado exclusivo para ti.\" \/>\n<meta property=\"og:url\" content=\"https:\/\/esenssi.com\/fabrica\/registro\/\" \/>\n<meta property=\"og:site_name\" content=\"Esenssi - Tienda Online\" \/>\n<meta property=\"article:modified_time\" content=\"2022-05-05T07:01:50+00:00\" \/>\n<meta property=\"og:image\" content=\"https:\/\/esenssi.com\/fabrica\/wp-content\/uploads\/2021\/08\/Logotipo_Footer_v3.png\" \/>\n\t<meta property=\"og:image:width\" content=\"300\" \/>\n\t<meta property=\"og:image:height\" content=\"175\" \/>\n\t<meta property=\"og:image:type\" content=\"image\/png\" \/>\n<meta name=\"twitter:card\" content=\"summary_large_image\" \/>\n<script type=\"application\/ld+json\" class=\"yoast-schema-graph\">{\"@context\":\"https:\/\/schema.org\",\"@graph\":[{\"@type\":\"WebPage\",\"@id\":\"https:\/\/esenssi.com\/fabrica\/registro\/\",\"url\":\"https:\/\/esenssi.com\/fabrica\/registro\/\",\"name\":\"Reg\u00edstrate en Esenssi Aromas: F\u00e1brica de Perfumes Al Por Mayor\",\"isPartOf\":{\"@id\":\"https:\/\/esenssi.com\/fabrica\/#website\"},\"datePublished\":\"2021-08-18T15:44:37+00:00\",\"dateModified\":\"2022-05-05T07:01:50+00:00\",\"description\":\"Reg\u00edstrate en Esenssi Aromas y descubre las fant\u00e1sticas opciones de perfumer\u00eda que tenemos para tu negocio, asesor personalizado exclusivo para ti.\",\"breadcrumb\":{\"@id\":\"https:\/\/esenssi.com\/fabrica\/registro\/#breadcrumb\"},\"inLanguage\":\"es\",\"potentialAction\":[{\"@type\":\"ReadAction\",\"target\":[\"https:\/\/esenssi.com\/fabrica\/registro\/\"]}]},{\"@type\":\"BreadcrumbList\",\"@id\":\"https:\/\/esenssi.com\/fabrica\/registro\/#breadcrumb\",\"itemListElement\":[{\"@type\":\"ListItem\",\"position\":1,\"name\":\"F\u00e1brica\",\"item\":\"https:\/\/esenssi.com\/fabrica\/\"},{\"@type\":\"ListItem\",\"position\":2,\"name\":\"Registro\"}]},{\"@type\":\"WebSite\",\"@id\":\"https:\/\/esenssi.com\/fabrica\/#website\",\"url\":\"https:\/\/esenssi.com\/fabrica\/\",\"name\":\"Esenssi - Tienda Online\",\"description\":\"Fabricante de perfumes\",\"publisher\":{\"@id\":\"https:\/\/esenssi.com\/fabrica\/#organization\"},\"alternateName\":\"Esenssi - Tienda Online\",\"potentialAction\":[{\"@type\":\"SearchAction\",\"target\":{\"@type\":\"EntryPoint\",\"urlTemplate\":\"https:\/\/esenssi.com\/fabrica\/?s={search_term_string}\"},\"query-input\":\"required name=search_term_string\"}],\"inLanguage\":\"es\"},{\"@type\":\"Organization\",\"@id\":\"https:\/\/esenssi.com\/fabrica\/#organization\",\"name\":\"Mayoristas de perfumer\u00eda\",\"url\":\"https:\/\/esenssi.com\/fabrica\/\",\"logo\":{\"@type\":\"ImageObject\",\"inLanguage\":\"es\",\"@id\":\"https:\/\/esenssi.com\/fabrica\/#\/schema\/logo\/image\/\",\"url\":\"https:\/\/esenssi.com\/fabrica\/wp-content\/uploads\/2021\/08\/Logotipo_Esenssi_Web.png\",\"contentUrl\":\"https:\/\/esenssi.com\/fabrica\/wp-content\/uploads\/2021\/08\/Logotipo_Esenssi_Web.png\",\"width\":295,\"height\":64,\"caption\":\"Mayoristas de perfumer\u00eda\"},\"image\":{\"@id\":\"https:\/\/esenssi.com\/fabrica\/#\/schema\/logo\/image\/\"}}]}<\/script>\n<!-- \/ Yoast SEO plugin. -->","yoast_head_json":{"title":"Reg\u00edstrate en Esenssi Aromas: F\u00e1brica de Perfumes Al Por Mayor","description":"Reg\u00edstrate en Esenssi Aromas y descubre las fant\u00e1sticas opciones de perfumer\u00eda que tenemos para tu negocio, asesor personalizado exclusivo para ti.","robots":{"index":"index","follow":"follow","max-snippet":"max-snippet:-1","max-image-preview":"max-image-preview:large","max-video-preview":"max-video-preview:-1"},"canonical":"https:\/\/esenssi.com\/fabrica\/registro\/","og_locale":"es_ES","og_type":"article","og_title":"Reg\u00edstrate en Esenssi Aromas: F\u00e1brica de Perfumes Al Por Mayor","og_description":"Reg\u00edstrate en Esenssi Aromas y descubre las fant\u00e1sticas opciones de perfumer\u00eda que tenemos para tu negocio, asesor personalizado exclusivo para ti.","og_url":"https:\/\/esenssi.com\/fabrica\/registro\/","og_site_name":"Esenssi - Tienda Online","article_modified_time":"2022-05-05T07:01:50+00:00","og_image":[{"width":300,"height":175,"url":"https:\/\/esenssi.com\/fabrica\/wp-content\/uploads\/2021\/08\/Logotipo_Footer_v3.png","type":"image\/png"}],"twitter_card":"summary_large_image","schema":{"@context":"https:\/\/schema.org","@graph":[{"@type":"WebPage","@id":"https:\/\/esenssi.com\/fabrica\/registro\/","url":"https:\/\/esenssi.com\/fabrica\/registro\/","name":"Reg\u00edstrate en Esenssi Aromas: F\u00e1brica de Perfumes Al Por Mayor","isPartOf":{"@id":"https:\/\/esenssi.com\/fabrica\/#website"},"datePublished":"2021-08-18T15:44:37+00:00","dateModified":"2022-05-05T07:01:50+00:00","description":"Reg\u00edstrate en Esenssi Aromas y descubre las fant\u00e1sticas opciones de perfumer\u00eda que tenemos para tu negocio, asesor personalizado exclusivo para ti.","breadcrumb":{"@id":"https:\/\/esenssi.com\/fabrica\/registro\/#breadcrumb"},"inLanguage":"es","potentialAction":[{"@type":"ReadAction","target":["https:\/\/esenssi.com\/fabrica\/registro\/"]}]},{"@type":"BreadcrumbList","@id":"https:\/\/esenssi.com\/fabrica\/registro\/#breadcrumb","itemListElement":[{"@type":"ListItem","position":1,"name":"F\u00e1brica","item":"https:\/\/esenssi.com\/fabrica\/"},{"@type":"ListItem","position":2,"name":"Registro"}]},{"@type":"WebSite","@id":"https:\/\/esenssi.com\/fabrica\/#website","url":"https:\/\/esenssi.com\/fabrica\/","name":"Esenssi - Tienda Online","description":"Fabricante de perfumes","publisher":{"@id":"https:\/\/esenssi.com\/fabrica\/#organization"},"alternateName":"Esenssi - Tienda Online","potentialAction":[{"@type":"SearchAction","target":{"@type":"EntryPoint","urlTemplate":"https:\/\/esenssi.com\/fabrica\/?s={search_term_string}"},"query-input":"required name=search_term_string"}],"inLanguage":"es"},{"@type":"Organization","@id":"https:\/\/esenssi.com\/fabrica\/#organization","name":"Mayoristas de perfumer\u00eda","url":"https:\/\/esenssi.com\/fabrica\/","logo":{"@type":"ImageObject","inLanguage":"es","@id":"https:\/\/esenssi.com\/fabrica\/#\/schema\/logo\/image\/","url":"https:\/\/esenssi.com\/fabrica\/wp-content\/uploads\/2021\/08\/Logotipo_Esenssi_Web.png","contentUrl":"https:\/\/esenssi.com\/fabrica\/wp-content\/uploads\/2021\/08\/Logotipo_Esenssi_Web.png","width":295,"height":64,"caption":"Mayoristas de perfumer\u00eda"},"image":{"@id":"https:\/\/esenssi.com\/fabrica\/#\/schema\/logo\/image\/"}}]}},"_links":{"self":[{"href":"https:\/\/esenssi.com\/fabrica\/wp-json\/wp\/v2\/pages\/63697"}],"collection":[{"href":"https:\/\/esenssi.com\/fabrica\/wp-json\/wp\/v2\/pages"}],"about":[{"href":"https:\/\/esenssi.com\/fabrica\/wp-json\/wp\/v2\/types\/page"}],"author":[{"embeddable":true,"href":"https:\/\/esenssi.com\/fabrica\/wp-json\/wp\/v2\/users\/2"}],"replies":[{"embeddable":true,"href":"https:\/\/esenssi.com\/fabrica\/wp-json\/wp\/v2\/comments?post=63697"}],"version-history":[{"count":0,"href":"https:\/\/esenssi.com\/fabrica\/wp-json\/wp\/v2\/pages\/63697\/revisions"}],"wp:attachment":[{"href":"https:\/\/esenssi.com\/fabrica\/wp-json\/wp\/v2\/media?parent=63697"}],"curies":[{"name":"wp","href":"https:\/\/api.w.org\/{rel}","templated":true}]}}