{"id":140341,"date":"2021-09-08T11:09:13","date_gmt":"2021-09-08T11:09:13","guid":{"rendered":"https:\/\/esenssi.com\/fabrica\/tienda\/sin%20categor\u00eda\/esencia-de-sandalo\/"},"modified":"2025-08-07T11:02:50","modified_gmt":"2025-08-07T09:02:50","slug":"esencia-de-sandalo","status":"publish","type":"product","link":"https:\/\/esenssi.com\/fabrica\/producto\/esencia-de-sandalo\/","title":{"rendered":"Esencia de S\u00e1ndalo"},"content":{"rendered":"<p>Esencia pura de s\u00e1ndalo de 7 Ml.<\/p>\n<p>Esencia de madera. C\u00e1lido y sensual. De aroma mas bien dulce. Se encuentra en grandes perfumes aportando una estabilidad y fijaci\u00f3n tanto a flores, frutas como c\u00edtricos.<\/p>\n<p>Las propiedades relajantes del s\u00e1ndalo ayudan a conciliar el sue\u00f1o, disminuir la tensi\u00f3n muscular y nivelar los niveles de estr\u00e9s. \u00a0Ayuda a la concentraci\u00f3n y actuar en favor de la memoria.<\/p>\n","protected":false},"excerpt":{"rendered":"<p>Esencia pura de s\u00e1ndalo de 7 Ml.<\/p>\n<p>Esencia de madera. C\u00e1lido y sensual. De aroma mas bien dulce. Se encuentra en grandes perfumes aportando una estabilidad y fijaci\u00f3n tanto a flores, frutas como c\u00edtricos.<\/p>\n<p>Las propiedades relajantes del s\u00e1ndalo ayudan a conciliar el sue\u00f1o, disminuir la tensi\u00f3n muscular y nivelar los niveles de estr\u00e9s. \u00a0Ayuda a la concentraci\u00f3n y actuar en favor de la memoria.<\/p>\n","protected":false},"featured_media":63628,"comment_status":"open","ping_status":"closed","template":"","meta":{"content-type":"","_joinchat":[]},"product_cat":[1063,1233],"product_tag":[],"class_list":{"0":"post-140341","1":"product","2":"type-product","3":"status-publish","4":"has-post-thumbnail","6":"product_cat-cuidado-corporal","7":"product_cat-esencias-puras","9":"first","10":"instock","11":"taxable","12":"shipping-taxable","13":"product-type-variable"},"yoast_head":"<!-- This site is optimized with the Yoast SEO plugin v23.3 - https:\/\/yoast.com\/wordpress\/plugins\/seo\/ -->\n<title>Esencia de S\u00e1ndalo - Esenssi - Tienda Online<\/title>\n<meta name=\"robots\" content=\"index, follow, max-snippet:-1, max-image-preview:large, max-video-preview:-1\" \/>\n<link rel=\"canonical\" href=\"https:\/\/esenssi.com\/fabrica\/producto\/esencia-de-sandalo\/\" \/>\n<meta property=\"og:locale\" content=\"es_ES\" \/>\n<meta property=\"og:type\" content=\"article\" \/>\n<meta property=\"og:title\" content=\"Esencia de S\u00e1ndalo - Esenssi - Tienda Online\" \/>\n<meta property=\"og:description\" content=\"Esencia pura de s\u00e1ndalo de 7 Ml.  Esencia de madera. C\u00e1lido y sensual. De aroma mas bien dulce. Se encuentra en grandes perfumes aportando una estabilidad y fijaci\u00f3n tanto a flores, frutas como c\u00edtricos.  Las propiedades relajantes del s\u00e1ndalo ayudan a conciliar el sue\u00f1o, disminuir la tensi\u00f3n muscular y nivelar los niveles de estr\u00e9s. \u00a0Ayuda a la concentraci\u00f3n y actuar en favor de la memoria.\" \/>\n<meta property=\"og:url\" content=\"https:\/\/esenssi.com\/fabrica\/producto\/esencia-de-sandalo\/\" \/>\n<meta property=\"og:site_name\" content=\"Esenssi - Tienda Online\" \/>\n<meta property=\"article:modified_time\" content=\"2025-08-07T09:02:50+00:00\" \/>\n<meta property=\"og:image\" content=\"https:\/\/esenssi.com\/fabrica\/wp-content\/uploads\/2021\/08\/Esencia_Sandalo.jpg\" \/>\n\t<meta property=\"og:image:width\" content=\"450\" \/>\n\t<meta property=\"og:image:height\" content=\"450\" \/>\n\t<meta property=\"og:image:type\" content=\"image\/jpeg\" \/>\n<meta name=\"twitter:card\" content=\"summary_large_image\" \/>\n<script type=\"application\/ld+json\" class=\"yoast-schema-graph\">{\"@context\":\"https:\/\/schema.org\",\"@graph\":[{\"@type\":\"WebPage\",\"@id\":\"https:\/\/esenssi.com\/fabrica\/producto\/esencia-de-sandalo\/\",\"url\":\"https:\/\/esenssi.com\/fabrica\/producto\/esencia-de-sandalo\/\",\"name\":\"Esencia de S\u00e1ndalo - Esenssi - Tienda Online\",\"isPartOf\":{\"@id\":\"https:\/\/esenssi.com\/fabrica\/#website\"},\"primaryImageOfPage\":{\"@id\":\"https:\/\/esenssi.com\/fabrica\/producto\/esencia-de-sandalo\/#primaryimage\"},\"image\":{\"@id\":\"https:\/\/esenssi.com\/fabrica\/producto\/esencia-de-sandalo\/#primaryimage\"},\"thumbnailUrl\":\"https:\/\/esenssi.com\/fabrica\/wp-content\/uploads\/2021\/08\/Esencia_Sandalo.jpg\",\"datePublished\":\"2021-09-08T11:09:13+00:00\",\"dateModified\":\"2025-08-07T09:02:50+00:00\",\"breadcrumb\":{\"@id\":\"https:\/\/esenssi.com\/fabrica\/producto\/esencia-de-sandalo\/#breadcrumb\"},\"inLanguage\":\"es\",\"potentialAction\":[{\"@type\":\"ReadAction\",\"target\":[\"https:\/\/esenssi.com\/fabrica\/producto\/esencia-de-sandalo\/\"]}]},{\"@type\":\"ImageObject\",\"inLanguage\":\"es\",\"@id\":\"https:\/\/esenssi.com\/fabrica\/producto\/esencia-de-sandalo\/#primaryimage\",\"url\":\"https:\/\/esenssi.com\/fabrica\/wp-content\/uploads\/2021\/08\/Esencia_Sandalo.jpg\",\"contentUrl\":\"https:\/\/esenssi.com\/fabrica\/wp-content\/uploads\/2021\/08\/Esencia_Sandalo.jpg\",\"width\":450,\"height\":450},{\"@type\":\"BreadcrumbList\",\"@id\":\"https:\/\/esenssi.com\/fabrica\/producto\/esencia-de-sandalo\/#breadcrumb\",\"itemListElement\":[{\"@type\":\"ListItem\",\"position\":1,\"name\":\"F\u00e1brica\",\"item\":\"https:\/\/esenssi.com\/fabrica\/\"},{\"@type\":\"ListItem\",\"position\":2,\"name\":\"Tienda\",\"item\":\"https:\/\/esenssi.com\/fabrica\/tienda\/\"},{\"@type\":\"ListItem\",\"position\":3,\"name\":\"Esencia de S\u00e1ndalo\"}]},{\"@type\":\"WebSite\",\"@id\":\"https:\/\/esenssi.com\/fabrica\/#website\",\"url\":\"https:\/\/esenssi.com\/fabrica\/\",\"name\":\"Esenssi - Tienda Online\",\"description\":\"Fabricante de perfumes\",\"publisher\":{\"@id\":\"https:\/\/esenssi.com\/fabrica\/#organization\"},\"alternateName\":\"Esenssi - Tienda Online\",\"potentialAction\":[{\"@type\":\"SearchAction\",\"target\":{\"@type\":\"EntryPoint\",\"urlTemplate\":\"https:\/\/esenssi.com\/fabrica\/?s={search_term_string}\"},\"query-input\":\"required name=search_term_string\"}],\"inLanguage\":\"es\"},{\"@type\":\"Organization\",\"@id\":\"https:\/\/esenssi.com\/fabrica\/#organization\",\"name\":\"Mayoristas de perfumer\u00eda\",\"url\":\"https:\/\/esenssi.com\/fabrica\/\",\"logo\":{\"@type\":\"ImageObject\",\"inLanguage\":\"es\",\"@id\":\"https:\/\/esenssi.com\/fabrica\/#\/schema\/logo\/image\/\",\"url\":\"https:\/\/esenssi.com\/fabrica\/wp-content\/uploads\/2021\/08\/Logotipo_Esenssi_Web.png\",\"contentUrl\":\"https:\/\/esenssi.com\/fabrica\/wp-content\/uploads\/2021\/08\/Logotipo_Esenssi_Web.png\",\"width\":295,\"height\":64,\"caption\":\"Mayoristas de perfumer\u00eda\"},\"image\":{\"@id\":\"https:\/\/esenssi.com\/fabrica\/#\/schema\/logo\/image\/\"}}]}<\/script>\n<!-- \/ Yoast SEO plugin. -->","yoast_head_json":{"title":"Esencia de S\u00e1ndalo - Esenssi - Tienda Online","robots":{"index":"index","follow":"follow","max-snippet":"max-snippet:-1","max-image-preview":"max-image-preview:large","max-video-preview":"max-video-preview:-1"},"canonical":"https:\/\/esenssi.com\/fabrica\/producto\/esencia-de-sandalo\/","og_locale":"es_ES","og_type":"article","og_title":"Esencia de S\u00e1ndalo - Esenssi - Tienda Online","og_description":"Esencia pura de s\u00e1ndalo de 7 Ml.  Esencia de madera. C\u00e1lido y sensual. De aroma mas bien dulce. Se encuentra en grandes perfumes aportando una estabilidad y fijaci\u00f3n tanto a flores, frutas como c\u00edtricos.  Las propiedades relajantes del s\u00e1ndalo ayudan a conciliar el sue\u00f1o, disminuir la tensi\u00f3n muscular y nivelar los niveles de estr\u00e9s. \u00a0Ayuda a la concentraci\u00f3n y actuar en favor de la memoria.","og_url":"https:\/\/esenssi.com\/fabrica\/producto\/esencia-de-sandalo\/","og_site_name":"Esenssi - Tienda Online","article_modified_time":"2025-08-07T09:02:50+00:00","og_image":[{"width":450,"height":450,"url":"https:\/\/esenssi.com\/fabrica\/wp-content\/uploads\/2021\/08\/Esencia_Sandalo.jpg","type":"image\/jpeg"}],"twitter_card":"summary_large_image","schema":{"@context":"https:\/\/schema.org","@graph":[{"@type":"WebPage","@id":"https:\/\/esenssi.com\/fabrica\/producto\/esencia-de-sandalo\/","url":"https:\/\/esenssi.com\/fabrica\/producto\/esencia-de-sandalo\/","name":"Esencia de S\u00e1ndalo - Esenssi - Tienda Online","isPartOf":{"@id":"https:\/\/esenssi.com\/fabrica\/#website"},"primaryImageOfPage":{"@id":"https:\/\/esenssi.com\/fabrica\/producto\/esencia-de-sandalo\/#primaryimage"},"image":{"@id":"https:\/\/esenssi.com\/fabrica\/producto\/esencia-de-sandalo\/#primaryimage"},"thumbnailUrl":"https:\/\/esenssi.com\/fabrica\/wp-content\/uploads\/2021\/08\/Esencia_Sandalo.jpg","datePublished":"2021-09-08T11:09:13+00:00","dateModified":"2025-08-07T09:02:50+00:00","breadcrumb":{"@id":"https:\/\/esenssi.com\/fabrica\/producto\/esencia-de-sandalo\/#breadcrumb"},"inLanguage":"es","potentialAction":[{"@type":"ReadAction","target":["https:\/\/esenssi.com\/fabrica\/producto\/esencia-de-sandalo\/"]}]},{"@type":"ImageObject","inLanguage":"es","@id":"https:\/\/esenssi.com\/fabrica\/producto\/esencia-de-sandalo\/#primaryimage","url":"https:\/\/esenssi.com\/fabrica\/wp-content\/uploads\/2021\/08\/Esencia_Sandalo.jpg","contentUrl":"https:\/\/esenssi.com\/fabrica\/wp-content\/uploads\/2021\/08\/Esencia_Sandalo.jpg","width":450,"height":450},{"@type":"BreadcrumbList","@id":"https:\/\/esenssi.com\/fabrica\/producto\/esencia-de-sandalo\/#breadcrumb","itemListElement":[{"@type":"ListItem","position":1,"name":"F\u00e1brica","item":"https:\/\/esenssi.com\/fabrica\/"},{"@type":"ListItem","position":2,"name":"Tienda","item":"https:\/\/esenssi.com\/fabrica\/tienda\/"},{"@type":"ListItem","position":3,"name":"Esencia de S\u00e1ndalo"}]},{"@type":"WebSite","@id":"https:\/\/esenssi.com\/fabrica\/#website","url":"https:\/\/esenssi.com\/fabrica\/","name":"Esenssi - Tienda Online","description":"Fabricante de perfumes","publisher":{"@id":"https:\/\/esenssi.com\/fabrica\/#organization"},"alternateName":"Esenssi - Tienda Online","potentialAction":[{"@type":"SearchAction","target":{"@type":"EntryPoint","urlTemplate":"https:\/\/esenssi.com\/fabrica\/?s={search_term_string}"},"query-input":"required name=search_term_string"}],"inLanguage":"es"},{"@type":"Organization","@id":"https:\/\/esenssi.com\/fabrica\/#organization","name":"Mayoristas de perfumer\u00eda","url":"https:\/\/esenssi.com\/fabrica\/","logo":{"@type":"ImageObject","inLanguage":"es","@id":"https:\/\/esenssi.com\/fabrica\/#\/schema\/logo\/image\/","url":"https:\/\/esenssi.com\/fabrica\/wp-content\/uploads\/2021\/08\/Logotipo_Esenssi_Web.png","contentUrl":"https:\/\/esenssi.com\/fabrica\/wp-content\/uploads\/2021\/08\/Logotipo_Esenssi_Web.png","width":295,"height":64,"caption":"Mayoristas de perfumer\u00eda"},"image":{"@id":"https:\/\/esenssi.com\/fabrica\/#\/schema\/logo\/image\/"}}]}},"_links":{"self":[{"href":"https:\/\/esenssi.com\/fabrica\/wp-json\/wp\/v2\/product\/140341"}],"collection":[{"href":"https:\/\/esenssi.com\/fabrica\/wp-json\/wp\/v2\/product"}],"about":[{"href":"https:\/\/esenssi.com\/fabrica\/wp-json\/wp\/v2\/types\/product"}],"replies":[{"embeddable":true,"href":"https:\/\/esenssi.com\/fabrica\/wp-json\/wp\/v2\/comments?post=140341"}],"wp:featuredmedia":[{"embeddable":true,"href":"https:\/\/esenssi.com\/fabrica\/wp-json\/wp\/v2\/media\/63628"}],"wp:attachment":[{"href":"https:\/\/esenssi.com\/fabrica\/wp-json\/wp\/v2\/media?parent=140341"}],"wp:term":[{"taxonomy":"product_cat","embeddable":true,"href":"https:\/\/esenssi.com\/fabrica\/wp-json\/wp\/v2\/product_cat?post=140341"},{"taxonomy":"product_tag","embeddable":true,"href":"https:\/\/esenssi.com\/fabrica\/wp-json\/wp\/v2\/product_tag?post=140341"}],"curies":[{"name":"wp","href":"https:\/\/api.w.org\/{rel}","templated":true}]}}