{"id":140386,"date":"2021-09-08T11:10:02","date_gmt":"2021-09-08T09:10:02","guid":{"rendered":"https:\/\/esenssi.com\/fabrica\/tienda\/sin%20categor\u00eda\/esencia-de-musk\/"},"modified":"2025-08-07T11:02:34","modified_gmt":"2025-08-07T09:02:34","slug":"esencia-de-musk","status":"publish","type":"product","link":"https:\/\/esenssi.com\/fabrica\/producto\/esencia-de-musk\/","title":{"rendered":"Esencia de Musk"},"content":{"rendered":"<p>Esencia pura de musk de 7 Ml.<\/p>\n<p>Esencia de almizcle. Aroma sumamente sutil y sensual. Se encuentra en muchas fragancias como nota de fondo ya que, adem\u00e1s de aportar un aroma muy agradable y empolvado, consigue mantener una gran fijaci\u00f3n. Ideal para composiciones de larga duraci\u00f3n. Por si solo ya resulta una fragancia fant\u00e1stica.<\/p>\n<p>Actua como afrodisiaco natural. Estimulante mental. Potenciador de la fuerza de voluntad y purificador de ambientes.<\/p>\n","protected":false},"excerpt":{"rendered":"<p>Esencia pura de musk de 7 Ml.<\/p>\n<p>Esencia de almizcle. Aroma sumamente sutil y sensual. Se encuentra en muchas fragancias como nota de fondo ya que, adem\u00e1s de aportar un aroma muy agradable y empolvado, consigue mantener una gran fijaci\u00f3n. Ideal para composiciones de larga duraci\u00f3n. Por si solo ya resulta una fragancia fant\u00e1stica.<\/p>\n<p>Actua como afrodisiaco natural. Estimulante mental. Potenciador de la fuerza de voluntad y purificador de ambientes.<\/p>\n","protected":false},"featured_media":63653,"comment_status":"open","ping_status":"closed","template":"","meta":{"content-type":"","_joinchat":[]},"product_cat":[1063,1233],"product_tag":[],"class_list":{"0":"post-140386","1":"product","2":"type-product","3":"status-publish","4":"has-post-thumbnail","6":"product_cat-cuidado-corporal","7":"product_cat-esencias-puras","9":"first","10":"instock","11":"taxable","12":"shipping-taxable","13":"product-type-variable"},"yoast_head":"<!-- This site is optimized with the Yoast SEO plugin v23.3 - https:\/\/yoast.com\/wordpress\/plugins\/seo\/ -->\n<title>Esencia de Musk - Esenssi - Tienda Online<\/title>\n<meta name=\"robots\" content=\"index, follow, max-snippet:-1, max-image-preview:large, max-video-preview:-1\" \/>\n<link rel=\"canonical\" href=\"https:\/\/esenssi.com\/fabrica\/producto\/esencia-de-musk\/\" \/>\n<meta property=\"og:locale\" content=\"es_ES\" \/>\n<meta property=\"og:type\" content=\"article\" \/>\n<meta property=\"og:title\" content=\"Esencia de Musk - Esenssi - Tienda Online\" \/>\n<meta property=\"og:description\" content=\"Esencia pura de musk de 7 Ml.  Esencia de almizcle. Aroma sumamente sutil y sensual. Se encuentra en muchas fragancias como nota de fondo ya que, adem\u00e1s de aportar un aroma muy agradable y empolvado, consigue mantener una gran fijaci\u00f3n. Ideal para composiciones de larga duraci\u00f3n. Por si solo ya resulta una fragancia fant\u00e1stica.  Actua como afrodisiaco natural. Estimulante mental. Potenciador de la fuerza de voluntad y purificador de ambientes.\" \/>\n<meta property=\"og:url\" content=\"https:\/\/esenssi.com\/fabrica\/producto\/esencia-de-musk\/\" \/>\n<meta property=\"og:site_name\" content=\"Esenssi - Tienda Online\" \/>\n<meta property=\"article:modified_time\" content=\"2025-08-07T09:02:34+00:00\" \/>\n<meta property=\"og:image\" content=\"https:\/\/esenssi.com\/fabrica\/wp-content\/uploads\/2021\/08\/Esencia_Musk.jpg\" \/>\n\t<meta property=\"og:image:width\" content=\"450\" \/>\n\t<meta property=\"og:image:height\" content=\"450\" \/>\n\t<meta property=\"og:image:type\" content=\"image\/jpeg\" \/>\n<meta name=\"twitter:card\" content=\"summary_large_image\" \/>\n<script type=\"application\/ld+json\" class=\"yoast-schema-graph\">{\"@context\":\"https:\/\/schema.org\",\"@graph\":[{\"@type\":\"WebPage\",\"@id\":\"https:\/\/esenssi.com\/fabrica\/producto\/esencia-de-musk\/\",\"url\":\"https:\/\/esenssi.com\/fabrica\/producto\/esencia-de-musk\/\",\"name\":\"Esencia de Musk - Esenssi - Tienda Online\",\"isPartOf\":{\"@id\":\"https:\/\/esenssi.com\/fabrica\/#website\"},\"primaryImageOfPage\":{\"@id\":\"https:\/\/esenssi.com\/fabrica\/producto\/esencia-de-musk\/#primaryimage\"},\"image\":{\"@id\":\"https:\/\/esenssi.com\/fabrica\/producto\/esencia-de-musk\/#primaryimage\"},\"thumbnailUrl\":\"https:\/\/esenssi.com\/fabrica\/wp-content\/uploads\/2021\/08\/Esencia_Musk.jpg\",\"datePublished\":\"2021-09-08T09:10:02+00:00\",\"dateModified\":\"2025-08-07T09:02:34+00:00\",\"breadcrumb\":{\"@id\":\"https:\/\/esenssi.com\/fabrica\/producto\/esencia-de-musk\/#breadcrumb\"},\"inLanguage\":\"es\",\"potentialAction\":[{\"@type\":\"ReadAction\",\"target\":[\"https:\/\/esenssi.com\/fabrica\/producto\/esencia-de-musk\/\"]}]},{\"@type\":\"ImageObject\",\"inLanguage\":\"es\",\"@id\":\"https:\/\/esenssi.com\/fabrica\/producto\/esencia-de-musk\/#primaryimage\",\"url\":\"https:\/\/esenssi.com\/fabrica\/wp-content\/uploads\/2021\/08\/Esencia_Musk.jpg\",\"contentUrl\":\"https:\/\/esenssi.com\/fabrica\/wp-content\/uploads\/2021\/08\/Esencia_Musk.jpg\",\"width\":450,\"height\":450},{\"@type\":\"BreadcrumbList\",\"@id\":\"https:\/\/esenssi.com\/fabrica\/producto\/esencia-de-musk\/#breadcrumb\",\"itemListElement\":[{\"@type\":\"ListItem\",\"position\":1,\"name\":\"F\u00e1brica\",\"item\":\"https:\/\/esenssi.com\/fabrica\/\"},{\"@type\":\"ListItem\",\"position\":2,\"name\":\"Tienda\",\"item\":\"https:\/\/esenssi.com\/fabrica\/tienda\/\"},{\"@type\":\"ListItem\",\"position\":3,\"name\":\"Esencia de Musk\"}]},{\"@type\":\"WebSite\",\"@id\":\"https:\/\/esenssi.com\/fabrica\/#website\",\"url\":\"https:\/\/esenssi.com\/fabrica\/\",\"name\":\"Esenssi - Tienda Online\",\"description\":\"Fabricante de perfumes\",\"publisher\":{\"@id\":\"https:\/\/esenssi.com\/fabrica\/#organization\"},\"alternateName\":\"Esenssi - Tienda Online\",\"potentialAction\":[{\"@type\":\"SearchAction\",\"target\":{\"@type\":\"EntryPoint\",\"urlTemplate\":\"https:\/\/esenssi.com\/fabrica\/?s={search_term_string}\"},\"query-input\":\"required name=search_term_string\"}],\"inLanguage\":\"es\"},{\"@type\":\"Organization\",\"@id\":\"https:\/\/esenssi.com\/fabrica\/#organization\",\"name\":\"Mayoristas de perfumer\u00eda\",\"url\":\"https:\/\/esenssi.com\/fabrica\/\",\"logo\":{\"@type\":\"ImageObject\",\"inLanguage\":\"es\",\"@id\":\"https:\/\/esenssi.com\/fabrica\/#\/schema\/logo\/image\/\",\"url\":\"https:\/\/esenssi.com\/fabrica\/wp-content\/uploads\/2021\/08\/Logotipo_Esenssi_Web.png\",\"contentUrl\":\"https:\/\/esenssi.com\/fabrica\/wp-content\/uploads\/2021\/08\/Logotipo_Esenssi_Web.png\",\"width\":295,\"height\":64,\"caption\":\"Mayoristas de perfumer\u00eda\"},\"image\":{\"@id\":\"https:\/\/esenssi.com\/fabrica\/#\/schema\/logo\/image\/\"}}]}<\/script>\n<!-- \/ Yoast SEO plugin. -->","yoast_head_json":{"title":"Esencia de Musk - Esenssi - Tienda Online","robots":{"index":"index","follow":"follow","max-snippet":"max-snippet:-1","max-image-preview":"max-image-preview:large","max-video-preview":"max-video-preview:-1"},"canonical":"https:\/\/esenssi.com\/fabrica\/producto\/esencia-de-musk\/","og_locale":"es_ES","og_type":"article","og_title":"Esencia de Musk - Esenssi - Tienda Online","og_description":"Esencia pura de musk de 7 Ml.  Esencia de almizcle. Aroma sumamente sutil y sensual. Se encuentra en muchas fragancias como nota de fondo ya que, adem\u00e1s de aportar un aroma muy agradable y empolvado, consigue mantener una gran fijaci\u00f3n. Ideal para composiciones de larga duraci\u00f3n. Por si solo ya resulta una fragancia fant\u00e1stica.  Actua como afrodisiaco natural. Estimulante mental. Potenciador de la fuerza de voluntad y purificador de ambientes.","og_url":"https:\/\/esenssi.com\/fabrica\/producto\/esencia-de-musk\/","og_site_name":"Esenssi - Tienda Online","article_modified_time":"2025-08-07T09:02:34+00:00","og_image":[{"width":450,"height":450,"url":"https:\/\/esenssi.com\/fabrica\/wp-content\/uploads\/2021\/08\/Esencia_Musk.jpg","type":"image\/jpeg"}],"twitter_card":"summary_large_image","schema":{"@context":"https:\/\/schema.org","@graph":[{"@type":"WebPage","@id":"https:\/\/esenssi.com\/fabrica\/producto\/esencia-de-musk\/","url":"https:\/\/esenssi.com\/fabrica\/producto\/esencia-de-musk\/","name":"Esencia de Musk - Esenssi - Tienda Online","isPartOf":{"@id":"https:\/\/esenssi.com\/fabrica\/#website"},"primaryImageOfPage":{"@id":"https:\/\/esenssi.com\/fabrica\/producto\/esencia-de-musk\/#primaryimage"},"image":{"@id":"https:\/\/esenssi.com\/fabrica\/producto\/esencia-de-musk\/#primaryimage"},"thumbnailUrl":"https:\/\/esenssi.com\/fabrica\/wp-content\/uploads\/2021\/08\/Esencia_Musk.jpg","datePublished":"2021-09-08T09:10:02+00:00","dateModified":"2025-08-07T09:02:34+00:00","breadcrumb":{"@id":"https:\/\/esenssi.com\/fabrica\/producto\/esencia-de-musk\/#breadcrumb"},"inLanguage":"es","potentialAction":[{"@type":"ReadAction","target":["https:\/\/esenssi.com\/fabrica\/producto\/esencia-de-musk\/"]}]},{"@type":"ImageObject","inLanguage":"es","@id":"https:\/\/esenssi.com\/fabrica\/producto\/esencia-de-musk\/#primaryimage","url":"https:\/\/esenssi.com\/fabrica\/wp-content\/uploads\/2021\/08\/Esencia_Musk.jpg","contentUrl":"https:\/\/esenssi.com\/fabrica\/wp-content\/uploads\/2021\/08\/Esencia_Musk.jpg","width":450,"height":450},{"@type":"BreadcrumbList","@id":"https:\/\/esenssi.com\/fabrica\/producto\/esencia-de-musk\/#breadcrumb","itemListElement":[{"@type":"ListItem","position":1,"name":"F\u00e1brica","item":"https:\/\/esenssi.com\/fabrica\/"},{"@type":"ListItem","position":2,"name":"Tienda","item":"https:\/\/esenssi.com\/fabrica\/tienda\/"},{"@type":"ListItem","position":3,"name":"Esencia de Musk"}]},{"@type":"WebSite","@id":"https:\/\/esenssi.com\/fabrica\/#website","url":"https:\/\/esenssi.com\/fabrica\/","name":"Esenssi - Tienda Online","description":"Fabricante de perfumes","publisher":{"@id":"https:\/\/esenssi.com\/fabrica\/#organization"},"alternateName":"Esenssi - Tienda Online","potentialAction":[{"@type":"SearchAction","target":{"@type":"EntryPoint","urlTemplate":"https:\/\/esenssi.com\/fabrica\/?s={search_term_string}"},"query-input":"required name=search_term_string"}],"inLanguage":"es"},{"@type":"Organization","@id":"https:\/\/esenssi.com\/fabrica\/#organization","name":"Mayoristas de perfumer\u00eda","url":"https:\/\/esenssi.com\/fabrica\/","logo":{"@type":"ImageObject","inLanguage":"es","@id":"https:\/\/esenssi.com\/fabrica\/#\/schema\/logo\/image\/","url":"https:\/\/esenssi.com\/fabrica\/wp-content\/uploads\/2021\/08\/Logotipo_Esenssi_Web.png","contentUrl":"https:\/\/esenssi.com\/fabrica\/wp-content\/uploads\/2021\/08\/Logotipo_Esenssi_Web.png","width":295,"height":64,"caption":"Mayoristas de perfumer\u00eda"},"image":{"@id":"https:\/\/esenssi.com\/fabrica\/#\/schema\/logo\/image\/"}}]}},"_links":{"self":[{"href":"https:\/\/esenssi.com\/fabrica\/wp-json\/wp\/v2\/product\/140386"}],"collection":[{"href":"https:\/\/esenssi.com\/fabrica\/wp-json\/wp\/v2\/product"}],"about":[{"href":"https:\/\/esenssi.com\/fabrica\/wp-json\/wp\/v2\/types\/product"}],"replies":[{"embeddable":true,"href":"https:\/\/esenssi.com\/fabrica\/wp-json\/wp\/v2\/comments?post=140386"}],"wp:featuredmedia":[{"embeddable":true,"href":"https:\/\/esenssi.com\/fabrica\/wp-json\/wp\/v2\/media\/63653"}],"wp:attachment":[{"href":"https:\/\/esenssi.com\/fabrica\/wp-json\/wp\/v2\/media?parent=140386"}],"wp:term":[{"taxonomy":"product_cat","embeddable":true,"href":"https:\/\/esenssi.com\/fabrica\/wp-json\/wp\/v2\/product_cat?post=140386"},{"taxonomy":"product_tag","embeddable":true,"href":"https:\/\/esenssi.com\/fabrica\/wp-json\/wp\/v2\/product_tag?post=140386"}],"curies":[{"name":"wp","href":"https:\/\/api.w.org\/{rel}","templated":true}]}}