{"id":144745,"date":"2021-09-27T07:27:36","date_gmt":"2021-09-27T07:27:36","guid":{"rendered":"http:\/\/www.esenssi.com.uvds98.active24.cz\/?post_type=product&#038;p=144745"},"modified":"2025-08-07T11:02:08","modified_gmt":"2025-08-07T09:02:08","slug":"concentrados-de-perfume","status":"publish","type":"product","link":"https:\/\/esenssi.com\/fabrica\/producto\/concentrados-de-perfume\/","title":{"rendered":"Concentrados de perfume"},"content":{"rendered":"<p>Potenciar tu perfume preferido es muy simple y f\u00e1cil, tan solo tienes que a\u00f1adirle unas gotas de concentrado y tendr\u00e1 mas intensidad.<\/p>\n<p>Pero adem\u00e1s con esta composici\u00f3n tambi\u00e9n puedes crear tu l\u00ednea corporal perfumada del mismo aroma que tu perfume. Tan solo a\u00f1ade gotas a tus cremas, aceites, desodorantes,\u2026.incluso puedes crear ambientadores de perfume para tus espacios con este concentrado puro.<\/p>\n","protected":false},"excerpt":{"rendered":"<p>Potenciar tu perfume preferido es muy simple y f\u00e1cil, tan solo tienes que a\u00f1adirle unas gotas de concentrado y tendr\u00e1 mas intensidad.<\/p>\n<p>Pero adem\u00e1s con esta composici\u00f3n tambi\u00e9n puedes crear tu l\u00ednea corporal perfumada del mismo aroma que tu perfume. Tan solo a\u00f1ade gotas a tus cremas, aceites, desodorantes,\u2026.incluso puedes crear ambientadores de perfume para tus espacios con este concentrado puro.<\/p>\n","protected":false},"featured_media":69883,"comment_status":"open","ping_status":"closed","template":"","meta":{"content-type":"","_joinchat":[]},"product_cat":[1514,1063],"product_tag":[],"class_list":{"0":"post-144745","1":"product","2":"type-product","3":"status-publish","4":"has-post-thumbnail","6":"product_cat-concentrado-perfume","7":"product_cat-cuidado-corporal","9":"first","10":"instock","11":"taxable","12":"shipping-taxable","13":"product-type-variable"},"yoast_head":"<!-- This site is optimized with the Yoast SEO plugin v23.3 - https:\/\/yoast.com\/wordpress\/plugins\/seo\/ -->\n<title>Concentrados de perfume - Esenssi - Tienda Online<\/title>\n<meta name=\"description\" content=\"Descubre los Concentrados de Perfume en Esenssi: intensifica tus fragancias favoritas con nuestras esencias de alta calidad. \u00a1Perfuma tu vida con estilo!\" \/>\n<meta name=\"robots\" content=\"index, follow, max-snippet:-1, max-image-preview:large, max-video-preview:-1\" \/>\n<link rel=\"canonical\" href=\"https:\/\/esenssi.com\/fabrica\/producto\/concentrados-de-perfume\/\" \/>\n<meta property=\"og:locale\" content=\"es_ES\" \/>\n<meta property=\"og:type\" content=\"article\" \/>\n<meta property=\"og:title\" content=\"Concentrados de perfume - Esenssi - Tienda Online\" \/>\n<meta property=\"og:description\" content=\"Descubre los Concentrados de Perfume en Esenssi: intensifica tus fragancias favoritas con nuestras esencias de alta calidad. \u00a1Perfuma tu vida con estilo!\" \/>\n<meta property=\"og:url\" content=\"https:\/\/esenssi.com\/fabrica\/producto\/concentrados-de-perfume\/\" \/>\n<meta property=\"og:site_name\" content=\"Esenssi - Tienda Online\" \/>\n<meta property=\"article:modified_time\" content=\"2025-08-07T09:02:08+00:00\" \/>\n<meta property=\"og:image\" content=\"https:\/\/esenssi.com\/fabrica\/wp-content\/uploads\/2021\/09\/Concentrados_Ambientacion_20ML_TopParfum.jpg\" \/>\n\t<meta property=\"og:image:width\" content=\"450\" \/>\n\t<meta property=\"og:image:height\" content=\"450\" \/>\n\t<meta property=\"og:image:type\" content=\"image\/jpeg\" \/>\n<meta name=\"twitter:card\" content=\"summary_large_image\" \/>\n<script type=\"application\/ld+json\" class=\"yoast-schema-graph\">{\"@context\":\"https:\/\/schema.org\",\"@graph\":[{\"@type\":\"WebPage\",\"@id\":\"https:\/\/esenssi.com\/fabrica\/producto\/concentrados-de-perfume\/\",\"url\":\"https:\/\/esenssi.com\/fabrica\/producto\/concentrados-de-perfume\/\",\"name\":\"Concentrados de perfume - Esenssi - Tienda Online\",\"isPartOf\":{\"@id\":\"https:\/\/esenssi.com\/fabrica\/#website\"},\"primaryImageOfPage\":{\"@id\":\"https:\/\/esenssi.com\/fabrica\/producto\/concentrados-de-perfume\/#primaryimage\"},\"image\":{\"@id\":\"https:\/\/esenssi.com\/fabrica\/producto\/concentrados-de-perfume\/#primaryimage\"},\"thumbnailUrl\":\"https:\/\/esenssi.com\/fabrica\/wp-content\/uploads\/2021\/09\/Concentrados_Ambientacion_20ML_TopParfum.jpg\",\"datePublished\":\"2021-09-27T07:27:36+00:00\",\"dateModified\":\"2025-08-07T09:02:08+00:00\",\"description\":\"Descubre los Concentrados de Perfume en Esenssi: intensifica tus fragancias favoritas con nuestras esencias de alta calidad. \u00a1Perfuma tu vida con estilo!\",\"breadcrumb\":{\"@id\":\"https:\/\/esenssi.com\/fabrica\/producto\/concentrados-de-perfume\/#breadcrumb\"},\"inLanguage\":\"es\",\"potentialAction\":[{\"@type\":\"ReadAction\",\"target\":[\"https:\/\/esenssi.com\/fabrica\/producto\/concentrados-de-perfume\/\"]}]},{\"@type\":\"ImageObject\",\"inLanguage\":\"es\",\"@id\":\"https:\/\/esenssi.com\/fabrica\/producto\/concentrados-de-perfume\/#primaryimage\",\"url\":\"https:\/\/esenssi.com\/fabrica\/wp-content\/uploads\/2021\/09\/Concentrados_Ambientacion_20ML_TopParfum.jpg\",\"contentUrl\":\"https:\/\/esenssi.com\/fabrica\/wp-content\/uploads\/2021\/09\/Concentrados_Ambientacion_20ML_TopParfum.jpg\",\"width\":450,\"height\":450},{\"@type\":\"BreadcrumbList\",\"@id\":\"https:\/\/esenssi.com\/fabrica\/producto\/concentrados-de-perfume\/#breadcrumb\",\"itemListElement\":[{\"@type\":\"ListItem\",\"position\":1,\"name\":\"F\u00e1brica\",\"item\":\"https:\/\/esenssi.com\/fabrica\/\"},{\"@type\":\"ListItem\",\"position\":2,\"name\":\"Tienda\",\"item\":\"https:\/\/esenssi.com\/fabrica\/tienda\/\"},{\"@type\":\"ListItem\",\"position\":3,\"name\":\"Concentrados de perfume\"}]},{\"@type\":\"WebSite\",\"@id\":\"https:\/\/esenssi.com\/fabrica\/#website\",\"url\":\"https:\/\/esenssi.com\/fabrica\/\",\"name\":\"Esenssi - Tienda Online\",\"description\":\"Fabricante de perfumes\",\"publisher\":{\"@id\":\"https:\/\/esenssi.com\/fabrica\/#organization\"},\"alternateName\":\"Esenssi - Tienda Online\",\"potentialAction\":[{\"@type\":\"SearchAction\",\"target\":{\"@type\":\"EntryPoint\",\"urlTemplate\":\"https:\/\/esenssi.com\/fabrica\/?s={search_term_string}\"},\"query-input\":\"required name=search_term_string\"}],\"inLanguage\":\"es\"},{\"@type\":\"Organization\",\"@id\":\"https:\/\/esenssi.com\/fabrica\/#organization\",\"name\":\"Mayoristas de perfumer\u00eda\",\"url\":\"https:\/\/esenssi.com\/fabrica\/\",\"logo\":{\"@type\":\"ImageObject\",\"inLanguage\":\"es\",\"@id\":\"https:\/\/esenssi.com\/fabrica\/#\/schema\/logo\/image\/\",\"url\":\"https:\/\/esenssi.com\/fabrica\/wp-content\/uploads\/2021\/08\/Logotipo_Esenssi_Web.png\",\"contentUrl\":\"https:\/\/esenssi.com\/fabrica\/wp-content\/uploads\/2021\/08\/Logotipo_Esenssi_Web.png\",\"width\":295,\"height\":64,\"caption\":\"Mayoristas de perfumer\u00eda\"},\"image\":{\"@id\":\"https:\/\/esenssi.com\/fabrica\/#\/schema\/logo\/image\/\"}}]}<\/script>\n<!-- \/ Yoast SEO plugin. -->","yoast_head_json":{"title":"Concentrados de perfume - Esenssi - Tienda Online","description":"Descubre los Concentrados de Perfume en Esenssi: intensifica tus fragancias favoritas con nuestras esencias de alta calidad. \u00a1Perfuma tu vida con estilo!","robots":{"index":"index","follow":"follow","max-snippet":"max-snippet:-1","max-image-preview":"max-image-preview:large","max-video-preview":"max-video-preview:-1"},"canonical":"https:\/\/esenssi.com\/fabrica\/producto\/concentrados-de-perfume\/","og_locale":"es_ES","og_type":"article","og_title":"Concentrados de perfume - Esenssi - Tienda Online","og_description":"Descubre los Concentrados de Perfume en Esenssi: intensifica tus fragancias favoritas con nuestras esencias de alta calidad. \u00a1Perfuma tu vida con estilo!","og_url":"https:\/\/esenssi.com\/fabrica\/producto\/concentrados-de-perfume\/","og_site_name":"Esenssi - Tienda Online","article_modified_time":"2025-08-07T09:02:08+00:00","og_image":[{"width":450,"height":450,"url":"https:\/\/esenssi.com\/fabrica\/wp-content\/uploads\/2021\/09\/Concentrados_Ambientacion_20ML_TopParfum.jpg","type":"image\/jpeg"}],"twitter_card":"summary_large_image","schema":{"@context":"https:\/\/schema.org","@graph":[{"@type":"WebPage","@id":"https:\/\/esenssi.com\/fabrica\/producto\/concentrados-de-perfume\/","url":"https:\/\/esenssi.com\/fabrica\/producto\/concentrados-de-perfume\/","name":"Concentrados de perfume - Esenssi - Tienda Online","isPartOf":{"@id":"https:\/\/esenssi.com\/fabrica\/#website"},"primaryImageOfPage":{"@id":"https:\/\/esenssi.com\/fabrica\/producto\/concentrados-de-perfume\/#primaryimage"},"image":{"@id":"https:\/\/esenssi.com\/fabrica\/producto\/concentrados-de-perfume\/#primaryimage"},"thumbnailUrl":"https:\/\/esenssi.com\/fabrica\/wp-content\/uploads\/2021\/09\/Concentrados_Ambientacion_20ML_TopParfum.jpg","datePublished":"2021-09-27T07:27:36+00:00","dateModified":"2025-08-07T09:02:08+00:00","description":"Descubre los Concentrados de Perfume en Esenssi: intensifica tus fragancias favoritas con nuestras esencias de alta calidad. \u00a1Perfuma tu vida con estilo!","breadcrumb":{"@id":"https:\/\/esenssi.com\/fabrica\/producto\/concentrados-de-perfume\/#breadcrumb"},"inLanguage":"es","potentialAction":[{"@type":"ReadAction","target":["https:\/\/esenssi.com\/fabrica\/producto\/concentrados-de-perfume\/"]}]},{"@type":"ImageObject","inLanguage":"es","@id":"https:\/\/esenssi.com\/fabrica\/producto\/concentrados-de-perfume\/#primaryimage","url":"https:\/\/esenssi.com\/fabrica\/wp-content\/uploads\/2021\/09\/Concentrados_Ambientacion_20ML_TopParfum.jpg","contentUrl":"https:\/\/esenssi.com\/fabrica\/wp-content\/uploads\/2021\/09\/Concentrados_Ambientacion_20ML_TopParfum.jpg","width":450,"height":450},{"@type":"BreadcrumbList","@id":"https:\/\/esenssi.com\/fabrica\/producto\/concentrados-de-perfume\/#breadcrumb","itemListElement":[{"@type":"ListItem","position":1,"name":"F\u00e1brica","item":"https:\/\/esenssi.com\/fabrica\/"},{"@type":"ListItem","position":2,"name":"Tienda","item":"https:\/\/esenssi.com\/fabrica\/tienda\/"},{"@type":"ListItem","position":3,"name":"Concentrados de perfume"}]},{"@type":"WebSite","@id":"https:\/\/esenssi.com\/fabrica\/#website","url":"https:\/\/esenssi.com\/fabrica\/","name":"Esenssi - Tienda Online","description":"Fabricante de perfumes","publisher":{"@id":"https:\/\/esenssi.com\/fabrica\/#organization"},"alternateName":"Esenssi - Tienda Online","potentialAction":[{"@type":"SearchAction","target":{"@type":"EntryPoint","urlTemplate":"https:\/\/esenssi.com\/fabrica\/?s={search_term_string}"},"query-input":"required name=search_term_string"}],"inLanguage":"es"},{"@type":"Organization","@id":"https:\/\/esenssi.com\/fabrica\/#organization","name":"Mayoristas de perfumer\u00eda","url":"https:\/\/esenssi.com\/fabrica\/","logo":{"@type":"ImageObject","inLanguage":"es","@id":"https:\/\/esenssi.com\/fabrica\/#\/schema\/logo\/image\/","url":"https:\/\/esenssi.com\/fabrica\/wp-content\/uploads\/2021\/08\/Logotipo_Esenssi_Web.png","contentUrl":"https:\/\/esenssi.com\/fabrica\/wp-content\/uploads\/2021\/08\/Logotipo_Esenssi_Web.png","width":295,"height":64,"caption":"Mayoristas de perfumer\u00eda"},"image":{"@id":"https:\/\/esenssi.com\/fabrica\/#\/schema\/logo\/image\/"}}]}},"_links":{"self":[{"href":"https:\/\/esenssi.com\/fabrica\/wp-json\/wp\/v2\/product\/144745"}],"collection":[{"href":"https:\/\/esenssi.com\/fabrica\/wp-json\/wp\/v2\/product"}],"about":[{"href":"https:\/\/esenssi.com\/fabrica\/wp-json\/wp\/v2\/types\/product"}],"replies":[{"embeddable":true,"href":"https:\/\/esenssi.com\/fabrica\/wp-json\/wp\/v2\/comments?post=144745"}],"wp:featuredmedia":[{"embeddable":true,"href":"https:\/\/esenssi.com\/fabrica\/wp-json\/wp\/v2\/media\/69883"}],"wp:attachment":[{"href":"https:\/\/esenssi.com\/fabrica\/wp-json\/wp\/v2\/media?parent=144745"}],"wp:term":[{"taxonomy":"product_cat","embeddable":true,"href":"https:\/\/esenssi.com\/fabrica\/wp-json\/wp\/v2\/product_cat?post=144745"},{"taxonomy":"product_tag","embeddable":true,"href":"https:\/\/esenssi.com\/fabrica\/wp-json\/wp\/v2\/product_tag?post=144745"}],"curies":[{"name":"wp","href":"https:\/\/api.w.org\/{rel}","templated":true}]}}