{"id":169413,"date":"2022-05-23T10:46:36","date_gmt":"2022-05-23T08:46:36","guid":{"rendered":"https:\/\/esenssi.com\/fabrica\/?post_type=product&#038;p=169413"},"modified":"2025-08-07T10:56:42","modified_gmt":"2025-08-07T08:56:42","slug":"pack-happy-body","status":"publish","type":"product","link":"https:\/\/esenssi.com\/fabrica\/producto\/pack-happy-body\/","title":{"rendered":"Pack Happy Body"},"content":{"rendered":"<h3>Pack Happy Body<\/h3>\n<p>Solicita en tus pedidos, el fant\u00e1stico pack Happy Body. Aromas divertidos, elegantes , ex\u00f3ticos y vitales. Incluye crema, gel de ba\u00f1o, bruma corporal y de ambiente. Promoci\u00f3n especial happy pack por solo <strong>4.95\u20ac<\/strong><\/p>\n<p>Se pueden elegir de los aromas que prefieras:<\/p>\n<ol>\n<li>Romantic<\/li>\n<li>Wild<\/li>\n<li>Aube<\/li>\n<li>Miss<\/li>\n<li>Swetness<\/li>\n<li>Ceder<\/li>\n<li>River<\/li>\n<li>I Am<\/li>\n<li>Amalfi 1<\/li>\n<li>Amalfi 2<\/li>\n<\/ol>\n","protected":false},"excerpt":{"rendered":"<h3>Pack Happy Body<\/h3>\n<p>Solicita en tus pedidos, el fant\u00e1stico pack Happy Body. Aromas divertidos, elegantes , ex\u00f3ticos y vitales. Incluye crema, gel de ba\u00f1o, bruma corporal y de ambiente. Promoci\u00f3n especial happy pack por solo <strong>4.95\u20ac<\/strong><\/p>\n<p>Se pueden elegir de los aromas que prefieras:<\/p>\n<ol>\n<li>Romantic<\/li>\n<li>Wild<\/li>\n<li>Aube<\/li>\n<li>Miss<\/li>\n<li>Swetness<\/li>\n<li>Ceder<\/li>\n<li>River<\/li>\n<li>I Am<\/li>\n<li>Amalfi 1<\/li>\n<li>Amalfi 2<\/li>\n<\/ol>\n","protected":false},"featured_media":169415,"comment_status":"open","ping_status":"closed","template":"","meta":{"content-type":"","_joinchat":[]},"product_cat":[1615],"product_tag":[],"class_list":{"0":"post-169413","1":"product","2":"type-product","3":"status-publish","4":"has-post-thumbnail","6":"product_cat-happy-body","8":"first","9":"instock","10":"taxable","11":"shipping-taxable","12":"product-type-variable"},"yoast_head":"<!-- This site is optimized with the Yoast SEO plugin v23.3 - https:\/\/yoast.com\/wordpress\/plugins\/seo\/ -->\n<title>Pack Happy Body - Esenssi - Tienda Online<\/title>\n<meta name=\"robots\" content=\"noindex, nofollow\" \/>\n<meta property=\"og:locale\" content=\"es_ES\" \/>\n<meta property=\"og:type\" content=\"article\" \/>\n<meta property=\"og:title\" content=\"Pack Happy Body - Esenssi - Tienda Online\" \/>\n<meta property=\"og:description\" content=\"Pack Happy Body Solicita en tus pedidos, el fant\u00e1stico pack Happy Body. Aromas divertidos, elegantes , ex\u00f3ticos y vitales. Incluye crema, gel de ba\u00f1o, bruma corporal y de ambiente. Promoci\u00f3n especial happy pack por solo 4.95\u20ac  Se pueden elegir de los aromas que prefieras:   Romantic  Wild  Aube  Miss  Swetness  Ceder  River  I Am  Amalfi 1  Amalfi 2\" \/>\n<meta property=\"og:url\" content=\"https:\/\/esenssi.com\/fabrica\/producto\/pack-happy-body\/\" \/>\n<meta property=\"og:site_name\" content=\"Esenssi - Tienda Online\" \/>\n<meta property=\"article:modified_time\" content=\"2025-08-07T08:56:42+00:00\" \/>\n<meta property=\"og:image\" content=\"https:\/\/esenssi.com\/fabrica\/wp-content\/uploads\/2022\/05\/Imagen_Pack_Happy.jpg\" \/>\n\t<meta property=\"og:image:width\" content=\"1000\" \/>\n\t<meta property=\"og:image:height\" content=\"1000\" \/>\n\t<meta property=\"og:image:type\" content=\"image\/jpeg\" \/>\n<meta name=\"twitter:card\" content=\"summary_large_image\" \/>\n<script type=\"application\/ld+json\" class=\"yoast-schema-graph\">{\"@context\":\"https:\/\/schema.org\",\"@graph\":[{\"@type\":\"WebPage\",\"@id\":\"https:\/\/esenssi.com\/fabrica\/producto\/pack-happy-body\/\",\"url\":\"https:\/\/esenssi.com\/fabrica\/producto\/pack-happy-body\/\",\"name\":\"Pack Happy Body - Esenssi - Tienda Online\",\"isPartOf\":{\"@id\":\"https:\/\/esenssi.com\/fabrica\/#website\"},\"primaryImageOfPage\":{\"@id\":\"https:\/\/esenssi.com\/fabrica\/producto\/pack-happy-body\/#primaryimage\"},\"image\":{\"@id\":\"https:\/\/esenssi.com\/fabrica\/producto\/pack-happy-body\/#primaryimage\"},\"thumbnailUrl\":\"https:\/\/esenssi.com\/fabrica\/wp-content\/uploads\/2022\/05\/Imagen_Pack_Happy.jpg\",\"datePublished\":\"2022-05-23T08:46:36+00:00\",\"dateModified\":\"2025-08-07T08:56:42+00:00\",\"breadcrumb\":{\"@id\":\"https:\/\/esenssi.com\/fabrica\/producto\/pack-happy-body\/#breadcrumb\"},\"inLanguage\":\"es\",\"potentialAction\":[{\"@type\":\"ReadAction\",\"target\":[\"https:\/\/esenssi.com\/fabrica\/producto\/pack-happy-body\/\"]}]},{\"@type\":\"ImageObject\",\"inLanguage\":\"es\",\"@id\":\"https:\/\/esenssi.com\/fabrica\/producto\/pack-happy-body\/#primaryimage\",\"url\":\"https:\/\/esenssi.com\/fabrica\/wp-content\/uploads\/2022\/05\/Imagen_Pack_Happy.jpg\",\"contentUrl\":\"https:\/\/esenssi.com\/fabrica\/wp-content\/uploads\/2022\/05\/Imagen_Pack_Happy.jpg\",\"width\":1000,\"height\":1000,\"caption\":\"Pack Promocion Happy Body - Esenssi Aromas: Fabrica de Perfumes De Equivalencia\"},{\"@type\":\"BreadcrumbList\",\"@id\":\"https:\/\/esenssi.com\/fabrica\/producto\/pack-happy-body\/#breadcrumb\",\"itemListElement\":[{\"@type\":\"ListItem\",\"position\":1,\"name\":\"F\u00e1brica\",\"item\":\"https:\/\/esenssi.com\/fabrica\/\"},{\"@type\":\"ListItem\",\"position\":2,\"name\":\"Tienda\",\"item\":\"https:\/\/esenssi.com\/fabrica\/tienda\/\"},{\"@type\":\"ListItem\",\"position\":3,\"name\":\"Pack Happy Body\"}]},{\"@type\":\"WebSite\",\"@id\":\"https:\/\/esenssi.com\/fabrica\/#website\",\"url\":\"https:\/\/esenssi.com\/fabrica\/\",\"name\":\"Esenssi - Tienda Online\",\"description\":\"Fabricante de perfumes\",\"publisher\":{\"@id\":\"https:\/\/esenssi.com\/fabrica\/#organization\"},\"alternateName\":\"Esenssi - Tienda Online\",\"potentialAction\":[{\"@type\":\"SearchAction\",\"target\":{\"@type\":\"EntryPoint\",\"urlTemplate\":\"https:\/\/esenssi.com\/fabrica\/?s={search_term_string}\"},\"query-input\":\"required name=search_term_string\"}],\"inLanguage\":\"es\"},{\"@type\":\"Organization\",\"@id\":\"https:\/\/esenssi.com\/fabrica\/#organization\",\"name\":\"Mayoristas de perfumer\u00eda\",\"url\":\"https:\/\/esenssi.com\/fabrica\/\",\"logo\":{\"@type\":\"ImageObject\",\"inLanguage\":\"es\",\"@id\":\"https:\/\/esenssi.com\/fabrica\/#\/schema\/logo\/image\/\",\"url\":\"https:\/\/esenssi.com\/fabrica\/wp-content\/uploads\/2021\/08\/Logotipo_Esenssi_Web.png\",\"contentUrl\":\"https:\/\/esenssi.com\/fabrica\/wp-content\/uploads\/2021\/08\/Logotipo_Esenssi_Web.png\",\"width\":295,\"height\":64,\"caption\":\"Mayoristas de perfumer\u00eda\"},\"image\":{\"@id\":\"https:\/\/esenssi.com\/fabrica\/#\/schema\/logo\/image\/\"}}]}<\/script>\n<!-- \/ Yoast SEO plugin. -->","yoast_head_json":{"title":"Pack Happy Body - Esenssi - Tienda Online","robots":{"index":"noindex","follow":"nofollow"},"og_locale":"es_ES","og_type":"article","og_title":"Pack Happy Body - Esenssi - Tienda Online","og_description":"Pack Happy Body Solicita en tus pedidos, el fant\u00e1stico pack Happy Body. Aromas divertidos, elegantes , ex\u00f3ticos y vitales. Incluye crema, gel de ba\u00f1o, bruma corporal y de ambiente. Promoci\u00f3n especial happy pack por solo 4.95\u20ac  Se pueden elegir de los aromas que prefieras:   Romantic  Wild  Aube  Miss  Swetness  Ceder  River  I Am  Amalfi 1  Amalfi 2","og_url":"https:\/\/esenssi.com\/fabrica\/producto\/pack-happy-body\/","og_site_name":"Esenssi - Tienda Online","article_modified_time":"2025-08-07T08:56:42+00:00","og_image":[{"width":1000,"height":1000,"url":"https:\/\/esenssi.com\/fabrica\/wp-content\/uploads\/2022\/05\/Imagen_Pack_Happy.jpg","type":"image\/jpeg"}],"twitter_card":"summary_large_image","schema":{"@context":"https:\/\/schema.org","@graph":[{"@type":"WebPage","@id":"https:\/\/esenssi.com\/fabrica\/producto\/pack-happy-body\/","url":"https:\/\/esenssi.com\/fabrica\/producto\/pack-happy-body\/","name":"Pack Happy Body - Esenssi - Tienda Online","isPartOf":{"@id":"https:\/\/esenssi.com\/fabrica\/#website"},"primaryImageOfPage":{"@id":"https:\/\/esenssi.com\/fabrica\/producto\/pack-happy-body\/#primaryimage"},"image":{"@id":"https:\/\/esenssi.com\/fabrica\/producto\/pack-happy-body\/#primaryimage"},"thumbnailUrl":"https:\/\/esenssi.com\/fabrica\/wp-content\/uploads\/2022\/05\/Imagen_Pack_Happy.jpg","datePublished":"2022-05-23T08:46:36+00:00","dateModified":"2025-08-07T08:56:42+00:00","breadcrumb":{"@id":"https:\/\/esenssi.com\/fabrica\/producto\/pack-happy-body\/#breadcrumb"},"inLanguage":"es","potentialAction":[{"@type":"ReadAction","target":["https:\/\/esenssi.com\/fabrica\/producto\/pack-happy-body\/"]}]},{"@type":"ImageObject","inLanguage":"es","@id":"https:\/\/esenssi.com\/fabrica\/producto\/pack-happy-body\/#primaryimage","url":"https:\/\/esenssi.com\/fabrica\/wp-content\/uploads\/2022\/05\/Imagen_Pack_Happy.jpg","contentUrl":"https:\/\/esenssi.com\/fabrica\/wp-content\/uploads\/2022\/05\/Imagen_Pack_Happy.jpg","width":1000,"height":1000,"caption":"Pack Promocion Happy Body - Esenssi Aromas: Fabrica de Perfumes De Equivalencia"},{"@type":"BreadcrumbList","@id":"https:\/\/esenssi.com\/fabrica\/producto\/pack-happy-body\/#breadcrumb","itemListElement":[{"@type":"ListItem","position":1,"name":"F\u00e1brica","item":"https:\/\/esenssi.com\/fabrica\/"},{"@type":"ListItem","position":2,"name":"Tienda","item":"https:\/\/esenssi.com\/fabrica\/tienda\/"},{"@type":"ListItem","position":3,"name":"Pack Happy Body"}]},{"@type":"WebSite","@id":"https:\/\/esenssi.com\/fabrica\/#website","url":"https:\/\/esenssi.com\/fabrica\/","name":"Esenssi - Tienda Online","description":"Fabricante de perfumes","publisher":{"@id":"https:\/\/esenssi.com\/fabrica\/#organization"},"alternateName":"Esenssi - Tienda Online","potentialAction":[{"@type":"SearchAction","target":{"@type":"EntryPoint","urlTemplate":"https:\/\/esenssi.com\/fabrica\/?s={search_term_string}"},"query-input":"required name=search_term_string"}],"inLanguage":"es"},{"@type":"Organization","@id":"https:\/\/esenssi.com\/fabrica\/#organization","name":"Mayoristas de perfumer\u00eda","url":"https:\/\/esenssi.com\/fabrica\/","logo":{"@type":"ImageObject","inLanguage":"es","@id":"https:\/\/esenssi.com\/fabrica\/#\/schema\/logo\/image\/","url":"https:\/\/esenssi.com\/fabrica\/wp-content\/uploads\/2021\/08\/Logotipo_Esenssi_Web.png","contentUrl":"https:\/\/esenssi.com\/fabrica\/wp-content\/uploads\/2021\/08\/Logotipo_Esenssi_Web.png","width":295,"height":64,"caption":"Mayoristas de perfumer\u00eda"},"image":{"@id":"https:\/\/esenssi.com\/fabrica\/#\/schema\/logo\/image\/"}}]}},"_links":{"self":[{"href":"https:\/\/esenssi.com\/fabrica\/wp-json\/wp\/v2\/product\/169413"}],"collection":[{"href":"https:\/\/esenssi.com\/fabrica\/wp-json\/wp\/v2\/product"}],"about":[{"href":"https:\/\/esenssi.com\/fabrica\/wp-json\/wp\/v2\/types\/product"}],"replies":[{"embeddable":true,"href":"https:\/\/esenssi.com\/fabrica\/wp-json\/wp\/v2\/comments?post=169413"}],"wp:featuredmedia":[{"embeddable":true,"href":"https:\/\/esenssi.com\/fabrica\/wp-json\/wp\/v2\/media\/169415"}],"wp:attachment":[{"href":"https:\/\/esenssi.com\/fabrica\/wp-json\/wp\/v2\/media?parent=169413"}],"wp:term":[{"taxonomy":"product_cat","embeddable":true,"href":"https:\/\/esenssi.com\/fabrica\/wp-json\/wp\/v2\/product_cat?post=169413"},{"taxonomy":"product_tag","embeddable":true,"href":"https:\/\/esenssi.com\/fabrica\/wp-json\/wp\/v2\/product_tag?post=169413"}],"curies":[{"name":"wp","href":"https:\/\/api.w.org\/{rel}","templated":true}]}}