{"id":183044,"date":"2023-01-16T14:36:21","date_gmt":"2023-01-16T12:36:21","guid":{"rendered":"https:\/\/esenssi.com\/fabrica\/?post_type=product&#038;p=183044"},"modified":"2025-08-07T10:54:48","modified_gmt":"2025-08-07T08:54:48","slug":"pegatinas-adhesiva-topos-perfume","status":"publish","type":"product","link":"https:\/\/esenssi.com\/fabrica\/producto\/pegatinas-adhesiva-topos-perfume\/","title":{"rendered":"Pegatinas Adhesiva Topos Perfume"},"content":{"rendered":"<p>Identifica cada perfume con su topo a trav\u00e9s de esta etiqueta vinilada, especial para perfumer\u00eda ya que no se borra aunque, como suele ser habitual, se derrame perfume sobre ella.<\/p>\n<p>Esta etiqueta combina perfectamente con el color de cualquiera de nuestras <a href=\"https:\/\/esenssi.com\/producto\/valvula-spray-para-frascos-de-perfumeria\/\">v\u00e1lvulas para perfumes<\/a> en spray o darle un toque muy especial con las <a href=\"https:\/\/esenssi.com\/producto\/valvulas-spray-pera-vintage\/\">v\u00e1lvulas vaporizadoras de pera vintage<\/a>.<\/p>\n<p>Tama\u00f1o m\u00e1ximo: 3 cm de ancho x 3 cm de alto Aprox.<\/p>\n","protected":false},"excerpt":{"rendered":"<p>Identifica cada perfume con su topo a trav\u00e9s de esta etiqueta vinilada, especial para perfumer\u00eda ya que no se borra aunque, como suele ser habitual, se derrame perfume sobre ella.<\/p>\n<p>Esta etiqueta combina perfectamente con el color de cualquiera de nuestras <a href=\"https:\/\/esenssi.com\/producto\/valvula-spray-para-frascos-de-perfumeria\/\">v\u00e1lvulas para perfumes<\/a> en spray o darle un toque muy especial con las <a href=\"https:\/\/esenssi.com\/producto\/valvulas-spray-pera-vintage\/\">v\u00e1lvulas vaporizadoras de pera vintage<\/a>.<\/p>\n<p>Tama\u00f1o m\u00e1ximo: 3 cm de ancho x 3 cm de alto Aprox.<\/p>\n","protected":false},"featured_media":183052,"comment_status":"open","ping_status":"closed","template":"","meta":{"content-type":"","_joinchat":[]},"product_cat":[1382,1332],"product_tag":[],"class_list":{"0":"post-183044","1":"product","2":"type-product","3":"status-publish","4":"has-post-thumbnail","6":"product_cat-etiquetado-packaging-para-perfumeria","7":"product_cat-packaging-para-perfumeria","9":"first","10":"instock","11":"taxable","12":"shipping-taxable","13":"product-type-variable"},"yoast_head":"<!-- This site is optimized with the Yoast SEO plugin v23.3 - https:\/\/yoast.com\/wordpress\/plugins\/seo\/ -->\n<title>Pegatinas Adhesiva Topos Perfume - Esenssi - Tienda Online<\/title>\n<meta name=\"robots\" content=\"noindex, nofollow\" \/>\n<meta property=\"og:locale\" content=\"es_ES\" \/>\n<meta property=\"og:type\" content=\"article\" \/>\n<meta property=\"og:title\" content=\"Pegatinas Adhesiva Topos Perfume - Esenssi - Tienda Online\" \/>\n<meta property=\"og:description\" content=\"Identifica cada perfume con su topo a trav\u00e9s de esta etiqueta vinilada, especial para perfumer\u00eda ya que no se borra aunque, como suele ser habitual, se derrame perfume sobre ella.  Esta etiqueta combina perfectamente con el color de cualquiera de nuestras v\u00e1lvulas para perfumes en spray o darle un toque muy especial con las v\u00e1lvulas vaporizadoras de pera vintage.  Tama\u00f1o m\u00e1ximo: 3 cm de ancho x 3 cm de alto Aprox.\" \/>\n<meta property=\"og:url\" content=\"https:\/\/esenssi.com\/fabrica\/producto\/pegatinas-adhesiva-topos-perfume\/\" \/>\n<meta property=\"og:site_name\" content=\"Esenssi - Tienda Online\" \/>\n<meta property=\"article:modified_time\" content=\"2025-08-07T08:54:48+00:00\" \/>\n<meta property=\"og:image\" content=\"https:\/\/esenssi.com\/fabrica\/wp-content\/uploads\/2023\/01\/Perfume_Topos.jpg\" \/>\n\t<meta property=\"og:image:width\" content=\"1000\" \/>\n\t<meta property=\"og:image:height\" content=\"1000\" \/>\n\t<meta property=\"og:image:type\" content=\"image\/jpeg\" \/>\n<meta name=\"twitter:card\" content=\"summary_large_image\" \/>\n<script type=\"application\/ld+json\" class=\"yoast-schema-graph\">{\"@context\":\"https:\/\/schema.org\",\"@graph\":[{\"@type\":\"WebPage\",\"@id\":\"https:\/\/esenssi.com\/fabrica\/producto\/pegatinas-adhesiva-topos-perfume\/\",\"url\":\"https:\/\/esenssi.com\/fabrica\/producto\/pegatinas-adhesiva-topos-perfume\/\",\"name\":\"Pegatinas Adhesiva Topos Perfume - Esenssi - Tienda Online\",\"isPartOf\":{\"@id\":\"https:\/\/esenssi.com\/fabrica\/#website\"},\"primaryImageOfPage\":{\"@id\":\"https:\/\/esenssi.com\/fabrica\/producto\/pegatinas-adhesiva-topos-perfume\/#primaryimage\"},\"image\":{\"@id\":\"https:\/\/esenssi.com\/fabrica\/producto\/pegatinas-adhesiva-topos-perfume\/#primaryimage\"},\"thumbnailUrl\":\"https:\/\/esenssi.com\/fabrica\/wp-content\/uploads\/2023\/01\/Perfume_Topos.jpg\",\"datePublished\":\"2023-01-16T12:36:21+00:00\",\"dateModified\":\"2025-08-07T08:54:48+00:00\",\"breadcrumb\":{\"@id\":\"https:\/\/esenssi.com\/fabrica\/producto\/pegatinas-adhesiva-topos-perfume\/#breadcrumb\"},\"inLanguage\":\"es\",\"potentialAction\":[{\"@type\":\"ReadAction\",\"target\":[\"https:\/\/esenssi.com\/fabrica\/producto\/pegatinas-adhesiva-topos-perfume\/\"]}]},{\"@type\":\"ImageObject\",\"inLanguage\":\"es\",\"@id\":\"https:\/\/esenssi.com\/fabrica\/producto\/pegatinas-adhesiva-topos-perfume\/#primaryimage\",\"url\":\"https:\/\/esenssi.com\/fabrica\/wp-content\/uploads\/2023\/01\/Perfume_Topos.jpg\",\"contentUrl\":\"https:\/\/esenssi.com\/fabrica\/wp-content\/uploads\/2023\/01\/Perfume_Topos.jpg\",\"width\":1000,\"height\":1000},{\"@type\":\"BreadcrumbList\",\"@id\":\"https:\/\/esenssi.com\/fabrica\/producto\/pegatinas-adhesiva-topos-perfume\/#breadcrumb\",\"itemListElement\":[{\"@type\":\"ListItem\",\"position\":1,\"name\":\"F\u00e1brica\",\"item\":\"https:\/\/esenssi.com\/fabrica\/\"},{\"@type\":\"ListItem\",\"position\":2,\"name\":\"Tienda\",\"item\":\"https:\/\/esenssi.com\/fabrica\/tienda\/\"},{\"@type\":\"ListItem\",\"position\":3,\"name\":\"Pegatinas Adhesiva Topos Perfume\"}]},{\"@type\":\"WebSite\",\"@id\":\"https:\/\/esenssi.com\/fabrica\/#website\",\"url\":\"https:\/\/esenssi.com\/fabrica\/\",\"name\":\"Esenssi - Tienda Online\",\"description\":\"Fabricante de perfumes\",\"publisher\":{\"@id\":\"https:\/\/esenssi.com\/fabrica\/#organization\"},\"alternateName\":\"Esenssi - Tienda Online\",\"potentialAction\":[{\"@type\":\"SearchAction\",\"target\":{\"@type\":\"EntryPoint\",\"urlTemplate\":\"https:\/\/esenssi.com\/fabrica\/?s={search_term_string}\"},\"query-input\":\"required name=search_term_string\"}],\"inLanguage\":\"es\"},{\"@type\":\"Organization\",\"@id\":\"https:\/\/esenssi.com\/fabrica\/#organization\",\"name\":\"Mayoristas de perfumer\u00eda\",\"url\":\"https:\/\/esenssi.com\/fabrica\/\",\"logo\":{\"@type\":\"ImageObject\",\"inLanguage\":\"es\",\"@id\":\"https:\/\/esenssi.com\/fabrica\/#\/schema\/logo\/image\/\",\"url\":\"https:\/\/esenssi.com\/fabrica\/wp-content\/uploads\/2021\/08\/Logotipo_Esenssi_Web.png\",\"contentUrl\":\"https:\/\/esenssi.com\/fabrica\/wp-content\/uploads\/2021\/08\/Logotipo_Esenssi_Web.png\",\"width\":295,\"height\":64,\"caption\":\"Mayoristas de perfumer\u00eda\"},\"image\":{\"@id\":\"https:\/\/esenssi.com\/fabrica\/#\/schema\/logo\/image\/\"}}]}<\/script>\n<!-- \/ Yoast SEO plugin. -->","yoast_head_json":{"title":"Pegatinas Adhesiva Topos Perfume - Esenssi - Tienda Online","robots":{"index":"noindex","follow":"nofollow"},"og_locale":"es_ES","og_type":"article","og_title":"Pegatinas Adhesiva Topos Perfume - Esenssi - Tienda Online","og_description":"Identifica cada perfume con su topo a trav\u00e9s de esta etiqueta vinilada, especial para perfumer\u00eda ya que no se borra aunque, como suele ser habitual, se derrame perfume sobre ella.  Esta etiqueta combina perfectamente con el color de cualquiera de nuestras v\u00e1lvulas para perfumes en spray o darle un toque muy especial con las v\u00e1lvulas vaporizadoras de pera vintage.  Tama\u00f1o m\u00e1ximo: 3 cm de ancho x 3 cm de alto Aprox.","og_url":"https:\/\/esenssi.com\/fabrica\/producto\/pegatinas-adhesiva-topos-perfume\/","og_site_name":"Esenssi - Tienda Online","article_modified_time":"2025-08-07T08:54:48+00:00","og_image":[{"width":1000,"height":1000,"url":"https:\/\/esenssi.com\/fabrica\/wp-content\/uploads\/2023\/01\/Perfume_Topos.jpg","type":"image\/jpeg"}],"twitter_card":"summary_large_image","schema":{"@context":"https:\/\/schema.org","@graph":[{"@type":"WebPage","@id":"https:\/\/esenssi.com\/fabrica\/producto\/pegatinas-adhesiva-topos-perfume\/","url":"https:\/\/esenssi.com\/fabrica\/producto\/pegatinas-adhesiva-topos-perfume\/","name":"Pegatinas Adhesiva Topos Perfume - Esenssi - Tienda Online","isPartOf":{"@id":"https:\/\/esenssi.com\/fabrica\/#website"},"primaryImageOfPage":{"@id":"https:\/\/esenssi.com\/fabrica\/producto\/pegatinas-adhesiva-topos-perfume\/#primaryimage"},"image":{"@id":"https:\/\/esenssi.com\/fabrica\/producto\/pegatinas-adhesiva-topos-perfume\/#primaryimage"},"thumbnailUrl":"https:\/\/esenssi.com\/fabrica\/wp-content\/uploads\/2023\/01\/Perfume_Topos.jpg","datePublished":"2023-01-16T12:36:21+00:00","dateModified":"2025-08-07T08:54:48+00:00","breadcrumb":{"@id":"https:\/\/esenssi.com\/fabrica\/producto\/pegatinas-adhesiva-topos-perfume\/#breadcrumb"},"inLanguage":"es","potentialAction":[{"@type":"ReadAction","target":["https:\/\/esenssi.com\/fabrica\/producto\/pegatinas-adhesiva-topos-perfume\/"]}]},{"@type":"ImageObject","inLanguage":"es","@id":"https:\/\/esenssi.com\/fabrica\/producto\/pegatinas-adhesiva-topos-perfume\/#primaryimage","url":"https:\/\/esenssi.com\/fabrica\/wp-content\/uploads\/2023\/01\/Perfume_Topos.jpg","contentUrl":"https:\/\/esenssi.com\/fabrica\/wp-content\/uploads\/2023\/01\/Perfume_Topos.jpg","width":1000,"height":1000},{"@type":"BreadcrumbList","@id":"https:\/\/esenssi.com\/fabrica\/producto\/pegatinas-adhesiva-topos-perfume\/#breadcrumb","itemListElement":[{"@type":"ListItem","position":1,"name":"F\u00e1brica","item":"https:\/\/esenssi.com\/fabrica\/"},{"@type":"ListItem","position":2,"name":"Tienda","item":"https:\/\/esenssi.com\/fabrica\/tienda\/"},{"@type":"ListItem","position":3,"name":"Pegatinas Adhesiva Topos Perfume"}]},{"@type":"WebSite","@id":"https:\/\/esenssi.com\/fabrica\/#website","url":"https:\/\/esenssi.com\/fabrica\/","name":"Esenssi - Tienda Online","description":"Fabricante de perfumes","publisher":{"@id":"https:\/\/esenssi.com\/fabrica\/#organization"},"alternateName":"Esenssi - Tienda Online","potentialAction":[{"@type":"SearchAction","target":{"@type":"EntryPoint","urlTemplate":"https:\/\/esenssi.com\/fabrica\/?s={search_term_string}"},"query-input":"required name=search_term_string"}],"inLanguage":"es"},{"@type":"Organization","@id":"https:\/\/esenssi.com\/fabrica\/#organization","name":"Mayoristas de perfumer\u00eda","url":"https:\/\/esenssi.com\/fabrica\/","logo":{"@type":"ImageObject","inLanguage":"es","@id":"https:\/\/esenssi.com\/fabrica\/#\/schema\/logo\/image\/","url":"https:\/\/esenssi.com\/fabrica\/wp-content\/uploads\/2021\/08\/Logotipo_Esenssi_Web.png","contentUrl":"https:\/\/esenssi.com\/fabrica\/wp-content\/uploads\/2021\/08\/Logotipo_Esenssi_Web.png","width":295,"height":64,"caption":"Mayoristas de perfumer\u00eda"},"image":{"@id":"https:\/\/esenssi.com\/fabrica\/#\/schema\/logo\/image\/"}}]}},"_links":{"self":[{"href":"https:\/\/esenssi.com\/fabrica\/wp-json\/wp\/v2\/product\/183044"}],"collection":[{"href":"https:\/\/esenssi.com\/fabrica\/wp-json\/wp\/v2\/product"}],"about":[{"href":"https:\/\/esenssi.com\/fabrica\/wp-json\/wp\/v2\/types\/product"}],"replies":[{"embeddable":true,"href":"https:\/\/esenssi.com\/fabrica\/wp-json\/wp\/v2\/comments?post=183044"}],"wp:featuredmedia":[{"embeddable":true,"href":"https:\/\/esenssi.com\/fabrica\/wp-json\/wp\/v2\/media\/183052"}],"wp:attachment":[{"href":"https:\/\/esenssi.com\/fabrica\/wp-json\/wp\/v2\/media?parent=183044"}],"wp:term":[{"taxonomy":"product_cat","embeddable":true,"href":"https:\/\/esenssi.com\/fabrica\/wp-json\/wp\/v2\/product_cat?post=183044"},{"taxonomy":"product_tag","embeddable":true,"href":"https:\/\/esenssi.com\/fabrica\/wp-json\/wp\/v2\/product_tag?post=183044"}],"curies":[{"name":"wp","href":"https:\/\/api.w.org\/{rel}","templated":true}]}}