{"id":188551,"date":"2023-05-29T09:30:41","date_gmt":"2023-05-29T07:30:41","guid":{"rendered":"https:\/\/esenssi.com\/fabrica\/?post_type=product&#038;p=188551"},"modified":"2025-08-07T10:54:14","modified_gmt":"2025-08-07T08:54:14","slug":"expositor-parfum-ventas-personalizadas","status":"publish","type":"product","link":"https:\/\/esenssi.com\/fabrica\/producto\/expositor-parfum-ventas-personalizadas\/","title":{"rendered":"EXPOSITOR PARFUM VENTAS PERSONALIZADAS"},"content":{"rendered":"<p>PACK 12 PERFUMES 100ML<br \/>\nELEGANTE EXPOSITOR DE TENDENCIA NATURE QUE INCLUYE:<br \/>\n6 \u2013 FRAGANCIAS FEMENINAS TAPON BLANCO<br \/>\n6 &#8211; FRAGANCIAS MASCULINAS TAPON NEGRO<br \/>\n4 &#8211; TESTER<\/p>\n","protected":false},"excerpt":{"rendered":"<p>El elegante expositor de tendencia nature en blanco de cart\u00f3n reciclado, dise\u00f1ado para exhibir perfumes, ofrece una presentaci\u00f3n sofisticada y sostenible para una colecci\u00f3n de fragancias. Este expositor en particular est\u00e1 dise\u00f1ado para incluir 6 perfumes masculinos, 6 perfumes femeninos y 4 testers.<\/p>\n<p>El cart\u00f3n reciclado en color blanco brinda una apariencia limpia y elegante al expositor, lo que lo convierte en un complemento visualmente atractivo para cualquier entorno, ya sea en una tienda especializada, una feria comercial o un evento de moda.<\/p>\n<p>Adem\u00e1s de los espacios dedicados a los perfumes, el expositor tambi\u00e9n cuenta con 4 testers. Estos testers permiten a los clientes probar las fragancias antes de realizar una compra, lo que brinda una experiencia interactiva y personalizada.<\/p>\n","protected":false},"featured_media":188649,"comment_status":"open","ping_status":"closed","template":"","meta":{"content-type":"","_joinchat":[]},"product_cat":[1692],"product_tag":[],"class_list":{"0":"post-188551","1":"product","2":"type-product","3":"status-publish","4":"has-post-thumbnail","6":"product_cat-especial-negocios-turismo-2024","8":"first","9":"instock","10":"taxable","11":"shipping-taxable","12":"product-type-variable"},"yoast_head":"<!-- This site is optimized with the Yoast SEO plugin v23.3 - https:\/\/yoast.com\/wordpress\/plugins\/seo\/ -->\n<title>EXPOSITOR PARFUM VENTAS PERSONALIZADAS - Esenssi - Tienda Online<\/title>\n<meta name=\"description\" content=\"Descubre el Expositor Parfum Ventas Personalizadas en Esenssi: ideal para destacar tus productos con un dise\u00f1o elegante y personalizable.\" \/>\n<meta name=\"robots\" content=\"index, follow, max-snippet:-1, max-image-preview:large, max-video-preview:-1\" \/>\n<link rel=\"canonical\" href=\"https:\/\/esenssi.com\/fabrica\/producto\/expositor-parfum-ventas-personalizadas\/\" \/>\n<meta property=\"og:locale\" content=\"es_ES\" \/>\n<meta property=\"og:type\" content=\"article\" \/>\n<meta property=\"og:title\" content=\"EXPOSITOR PARFUM VENTAS PERSONALIZADAS - Esenssi - Tienda Online\" \/>\n<meta property=\"og:description\" content=\"Descubre el Expositor Parfum Ventas Personalizadas en Esenssi: ideal para destacar tus productos con un dise\u00f1o elegante y personalizable.\" \/>\n<meta property=\"og:url\" content=\"https:\/\/esenssi.com\/fabrica\/producto\/expositor-parfum-ventas-personalizadas\/\" \/>\n<meta property=\"og:site_name\" content=\"Esenssi - Tienda Online\" \/>\n<meta property=\"article:modified_time\" content=\"2025-08-07T08:54:14+00:00\" \/>\n<meta property=\"og:image\" content=\"https:\/\/esenssi.com\/fabrica\/wp-content\/uploads\/2023\/05\/perfumero5.jpg\" \/>\n\t<meta property=\"og:image:width\" content=\"900\" \/>\n\t<meta property=\"og:image:height\" content=\"900\" \/>\n\t<meta property=\"og:image:type\" content=\"image\/jpeg\" \/>\n<meta name=\"twitter:card\" content=\"summary_large_image\" \/>\n<script type=\"application\/ld+json\" class=\"yoast-schema-graph\">{\"@context\":\"https:\/\/schema.org\",\"@graph\":[{\"@type\":\"WebPage\",\"@id\":\"https:\/\/esenssi.com\/fabrica\/producto\/expositor-parfum-ventas-personalizadas\/\",\"url\":\"https:\/\/esenssi.com\/fabrica\/producto\/expositor-parfum-ventas-personalizadas\/\",\"name\":\"EXPOSITOR PARFUM VENTAS PERSONALIZADAS - Esenssi - Tienda Online\",\"isPartOf\":{\"@id\":\"https:\/\/esenssi.com\/fabrica\/#website\"},\"primaryImageOfPage\":{\"@id\":\"https:\/\/esenssi.com\/fabrica\/producto\/expositor-parfum-ventas-personalizadas\/#primaryimage\"},\"image\":{\"@id\":\"https:\/\/esenssi.com\/fabrica\/producto\/expositor-parfum-ventas-personalizadas\/#primaryimage\"},\"thumbnailUrl\":\"https:\/\/esenssi.com\/fabrica\/wp-content\/uploads\/2023\/05\/perfumero5.jpg\",\"datePublished\":\"2023-05-29T07:30:41+00:00\",\"dateModified\":\"2025-08-07T08:54:14+00:00\",\"description\":\"Descubre el Expositor Parfum Ventas Personalizadas en Esenssi: ideal para destacar tus productos con un dise\u00f1o elegante y personalizable.\",\"breadcrumb\":{\"@id\":\"https:\/\/esenssi.com\/fabrica\/producto\/expositor-parfum-ventas-personalizadas\/#breadcrumb\"},\"inLanguage\":\"es\",\"potentialAction\":[{\"@type\":\"ReadAction\",\"target\":[\"https:\/\/esenssi.com\/fabrica\/producto\/expositor-parfum-ventas-personalizadas\/\"]}]},{\"@type\":\"ImageObject\",\"inLanguage\":\"es\",\"@id\":\"https:\/\/esenssi.com\/fabrica\/producto\/expositor-parfum-ventas-personalizadas\/#primaryimage\",\"url\":\"https:\/\/esenssi.com\/fabrica\/wp-content\/uploads\/2023\/05\/perfumero5.jpg\",\"contentUrl\":\"https:\/\/esenssi.com\/fabrica\/wp-content\/uploads\/2023\/05\/perfumero5.jpg\",\"width\":900,\"height\":900},{\"@type\":\"BreadcrumbList\",\"@id\":\"https:\/\/esenssi.com\/fabrica\/producto\/expositor-parfum-ventas-personalizadas\/#breadcrumb\",\"itemListElement\":[{\"@type\":\"ListItem\",\"position\":1,\"name\":\"F\u00e1brica\",\"item\":\"https:\/\/esenssi.com\/fabrica\/\"},{\"@type\":\"ListItem\",\"position\":2,\"name\":\"Tienda\",\"item\":\"https:\/\/esenssi.com\/fabrica\/tienda\/\"},{\"@type\":\"ListItem\",\"position\":3,\"name\":\"EXPOSITOR PARFUM VENTAS PERSONALIZADAS\"}]},{\"@type\":\"WebSite\",\"@id\":\"https:\/\/esenssi.com\/fabrica\/#website\",\"url\":\"https:\/\/esenssi.com\/fabrica\/\",\"name\":\"Esenssi - Tienda Online\",\"description\":\"Fabricante de perfumes\",\"publisher\":{\"@id\":\"https:\/\/esenssi.com\/fabrica\/#organization\"},\"alternateName\":\"Esenssi - Tienda Online\",\"potentialAction\":[{\"@type\":\"SearchAction\",\"target\":{\"@type\":\"EntryPoint\",\"urlTemplate\":\"https:\/\/esenssi.com\/fabrica\/?s={search_term_string}\"},\"query-input\":\"required name=search_term_string\"}],\"inLanguage\":\"es\"},{\"@type\":\"Organization\",\"@id\":\"https:\/\/esenssi.com\/fabrica\/#organization\",\"name\":\"Mayoristas de perfumer\u00eda\",\"url\":\"https:\/\/esenssi.com\/fabrica\/\",\"logo\":{\"@type\":\"ImageObject\",\"inLanguage\":\"es\",\"@id\":\"https:\/\/esenssi.com\/fabrica\/#\/schema\/logo\/image\/\",\"url\":\"https:\/\/esenssi.com\/fabrica\/wp-content\/uploads\/2021\/08\/Logotipo_Esenssi_Web.png\",\"contentUrl\":\"https:\/\/esenssi.com\/fabrica\/wp-content\/uploads\/2021\/08\/Logotipo_Esenssi_Web.png\",\"width\":295,\"height\":64,\"caption\":\"Mayoristas de perfumer\u00eda\"},\"image\":{\"@id\":\"https:\/\/esenssi.com\/fabrica\/#\/schema\/logo\/image\/\"}}]}<\/script>\n<!-- \/ Yoast SEO plugin. -->","yoast_head_json":{"title":"EXPOSITOR PARFUM VENTAS PERSONALIZADAS - Esenssi - Tienda Online","description":"Descubre el Expositor Parfum Ventas Personalizadas en Esenssi: ideal para destacar tus productos con un dise\u00f1o elegante y personalizable.","robots":{"index":"index","follow":"follow","max-snippet":"max-snippet:-1","max-image-preview":"max-image-preview:large","max-video-preview":"max-video-preview:-1"},"canonical":"https:\/\/esenssi.com\/fabrica\/producto\/expositor-parfum-ventas-personalizadas\/","og_locale":"es_ES","og_type":"article","og_title":"EXPOSITOR PARFUM VENTAS PERSONALIZADAS - Esenssi - Tienda Online","og_description":"Descubre el Expositor Parfum Ventas Personalizadas en Esenssi: ideal para destacar tus productos con un dise\u00f1o elegante y personalizable.","og_url":"https:\/\/esenssi.com\/fabrica\/producto\/expositor-parfum-ventas-personalizadas\/","og_site_name":"Esenssi - Tienda Online","article_modified_time":"2025-08-07T08:54:14+00:00","og_image":[{"width":900,"height":900,"url":"https:\/\/esenssi.com\/fabrica\/wp-content\/uploads\/2023\/05\/perfumero5.jpg","type":"image\/jpeg"}],"twitter_card":"summary_large_image","schema":{"@context":"https:\/\/schema.org","@graph":[{"@type":"WebPage","@id":"https:\/\/esenssi.com\/fabrica\/producto\/expositor-parfum-ventas-personalizadas\/","url":"https:\/\/esenssi.com\/fabrica\/producto\/expositor-parfum-ventas-personalizadas\/","name":"EXPOSITOR PARFUM VENTAS PERSONALIZADAS - Esenssi - Tienda Online","isPartOf":{"@id":"https:\/\/esenssi.com\/fabrica\/#website"},"primaryImageOfPage":{"@id":"https:\/\/esenssi.com\/fabrica\/producto\/expositor-parfum-ventas-personalizadas\/#primaryimage"},"image":{"@id":"https:\/\/esenssi.com\/fabrica\/producto\/expositor-parfum-ventas-personalizadas\/#primaryimage"},"thumbnailUrl":"https:\/\/esenssi.com\/fabrica\/wp-content\/uploads\/2023\/05\/perfumero5.jpg","datePublished":"2023-05-29T07:30:41+00:00","dateModified":"2025-08-07T08:54:14+00:00","description":"Descubre el Expositor Parfum Ventas Personalizadas en Esenssi: ideal para destacar tus productos con un dise\u00f1o elegante y personalizable.","breadcrumb":{"@id":"https:\/\/esenssi.com\/fabrica\/producto\/expositor-parfum-ventas-personalizadas\/#breadcrumb"},"inLanguage":"es","potentialAction":[{"@type":"ReadAction","target":["https:\/\/esenssi.com\/fabrica\/producto\/expositor-parfum-ventas-personalizadas\/"]}]},{"@type":"ImageObject","inLanguage":"es","@id":"https:\/\/esenssi.com\/fabrica\/producto\/expositor-parfum-ventas-personalizadas\/#primaryimage","url":"https:\/\/esenssi.com\/fabrica\/wp-content\/uploads\/2023\/05\/perfumero5.jpg","contentUrl":"https:\/\/esenssi.com\/fabrica\/wp-content\/uploads\/2023\/05\/perfumero5.jpg","width":900,"height":900},{"@type":"BreadcrumbList","@id":"https:\/\/esenssi.com\/fabrica\/producto\/expositor-parfum-ventas-personalizadas\/#breadcrumb","itemListElement":[{"@type":"ListItem","position":1,"name":"F\u00e1brica","item":"https:\/\/esenssi.com\/fabrica\/"},{"@type":"ListItem","position":2,"name":"Tienda","item":"https:\/\/esenssi.com\/fabrica\/tienda\/"},{"@type":"ListItem","position":3,"name":"EXPOSITOR PARFUM VENTAS PERSONALIZADAS"}]},{"@type":"WebSite","@id":"https:\/\/esenssi.com\/fabrica\/#website","url":"https:\/\/esenssi.com\/fabrica\/","name":"Esenssi - Tienda Online","description":"Fabricante de perfumes","publisher":{"@id":"https:\/\/esenssi.com\/fabrica\/#organization"},"alternateName":"Esenssi - Tienda Online","potentialAction":[{"@type":"SearchAction","target":{"@type":"EntryPoint","urlTemplate":"https:\/\/esenssi.com\/fabrica\/?s={search_term_string}"},"query-input":"required name=search_term_string"}],"inLanguage":"es"},{"@type":"Organization","@id":"https:\/\/esenssi.com\/fabrica\/#organization","name":"Mayoristas de perfumer\u00eda","url":"https:\/\/esenssi.com\/fabrica\/","logo":{"@type":"ImageObject","inLanguage":"es","@id":"https:\/\/esenssi.com\/fabrica\/#\/schema\/logo\/image\/","url":"https:\/\/esenssi.com\/fabrica\/wp-content\/uploads\/2021\/08\/Logotipo_Esenssi_Web.png","contentUrl":"https:\/\/esenssi.com\/fabrica\/wp-content\/uploads\/2021\/08\/Logotipo_Esenssi_Web.png","width":295,"height":64,"caption":"Mayoristas de perfumer\u00eda"},"image":{"@id":"https:\/\/esenssi.com\/fabrica\/#\/schema\/logo\/image\/"}}]}},"_links":{"self":[{"href":"https:\/\/esenssi.com\/fabrica\/wp-json\/wp\/v2\/product\/188551"}],"collection":[{"href":"https:\/\/esenssi.com\/fabrica\/wp-json\/wp\/v2\/product"}],"about":[{"href":"https:\/\/esenssi.com\/fabrica\/wp-json\/wp\/v2\/types\/product"}],"replies":[{"embeddable":true,"href":"https:\/\/esenssi.com\/fabrica\/wp-json\/wp\/v2\/comments?post=188551"}],"wp:featuredmedia":[{"embeddable":true,"href":"https:\/\/esenssi.com\/fabrica\/wp-json\/wp\/v2\/media\/188649"}],"wp:attachment":[{"href":"https:\/\/esenssi.com\/fabrica\/wp-json\/wp\/v2\/media?parent=188551"}],"wp:term":[{"taxonomy":"product_cat","embeddable":true,"href":"https:\/\/esenssi.com\/fabrica\/wp-json\/wp\/v2\/product_cat?post=188551"},{"taxonomy":"product_tag","embeddable":true,"href":"https:\/\/esenssi.com\/fabrica\/wp-json\/wp\/v2\/product_tag?post=188551"}],"curies":[{"name":"wp","href":"https:\/\/api.w.org\/{rel}","templated":true}]}}