{"id":188556,"date":"2023-05-29T10:15:17","date_gmt":"2023-05-29T08:15:17","guid":{"rendered":"https:\/\/esenssi.com\/fabrica\/?post_type=product&#038;p=188556"},"modified":"2025-08-07T10:54:14","modified_gmt":"2025-08-07T08:54:14","slug":"parfum-turistico","status":"publish","type":"product","link":"https:\/\/esenssi.com\/fabrica\/producto\/parfum-turistico\/","title":{"rendered":"PERFUME 100ML ESPECIAL TURISMO"},"content":{"rendered":"<p>Perfume de 100 ml \u00fanico y personalizable en el que puedes elegir el modelo: hombre, mujer o combinado.<\/p>\n<p>Tambi\u00e9n podr\u00e1s elegir entre Citric Parfum, Acuatic Parfum, Floral Parfum y Sweet Parfum.<\/p>\n","protected":false},"excerpt":{"rendered":"<p>Perfume de 100 ml \u00fanico y personalizable en el que puedes elegir el modelo: hombre, mujer o combinado.<\/p>\n<p>Tambi\u00e9n podr\u00e1s elegir entre Citric Parfum, Acuatic Parfum, Floral Parfum y Sweet Parfum.<\/p>\n<p>Este perfume est\u00e1 dise\u00f1ado para adaptarse a diferentes preferencias y estilos de fragancia.<\/p>\n<p>El dise\u00f1o del frasco puede variar seg\u00fan el modelo elegido Hombre (Tap\u00f3n Negro) y Mujer (Tap\u00f3n Blanco).<\/p>\n","protected":false},"featured_media":188648,"comment_status":"open","ping_status":"closed","template":"","meta":{"content-type":"","_joinchat":[]},"product_cat":[1692],"product_tag":[],"class_list":{"0":"post-188556","1":"product","2":"type-product","3":"status-publish","4":"has-post-thumbnail","6":"product_cat-especial-negocios-turismo-2024","8":"first","9":"instock","10":"taxable","11":"shipping-taxable","12":"product-type-variable"},"yoast_head":"<!-- This site is optimized with the Yoast SEO plugin v23.3 - https:\/\/yoast.com\/wordpress\/plugins\/seo\/ -->\n<title>PERFUME 100ML ESPECIAL TURISMO - Esenssi - Tienda Online<\/title>\n<meta name=\"robots\" content=\"index, follow, max-snippet:-1, max-image-preview:large, max-video-preview:-1\" \/>\n<link rel=\"canonical\" href=\"https:\/\/esenssi.com\/fabrica\/producto\/parfum-turistico\/\" \/>\n<meta property=\"og:locale\" content=\"es_ES\" \/>\n<meta property=\"og:type\" content=\"article\" \/>\n<meta property=\"og:title\" content=\"PERFUME 100ML ESPECIAL TURISMO - Esenssi - Tienda Online\" \/>\n<meta property=\"og:description\" content=\"Perfume de 100 ml \u00fanico y personalizable en el que puedes elegir el modelo: hombre, mujer o combinado.  Tambi\u00e9n podr\u00e1s elegir entre Citric Parfum, Acuatic Parfum, Floral Parfum y Sweet Parfum.  Este perfume est\u00e1 dise\u00f1ado para adaptarse a diferentes preferencias y estilos de fragancia.  El dise\u00f1o del frasco puede variar seg\u00fan el modelo elegido Hombre (Tap\u00f3n Negro) y Mujer (Tap\u00f3n Blanco).\" \/>\n<meta property=\"og:url\" content=\"https:\/\/esenssi.com\/fabrica\/producto\/parfum-turistico\/\" \/>\n<meta property=\"og:site_name\" content=\"Esenssi - Tienda Online\" \/>\n<meta property=\"article:modified_time\" content=\"2025-08-07T08:54:14+00:00\" \/>\n<meta property=\"og:image\" content=\"https:\/\/esenssi.com\/fabrica\/wp-content\/uploads\/2023\/05\/PARFUMS_TURISTICOS.jpg\" \/>\n\t<meta property=\"og:image:width\" content=\"900\" \/>\n\t<meta property=\"og:image:height\" content=\"900\" \/>\n\t<meta property=\"og:image:type\" content=\"image\/jpeg\" \/>\n<meta name=\"twitter:card\" content=\"summary_large_image\" \/>\n<script type=\"application\/ld+json\" class=\"yoast-schema-graph\">{\"@context\":\"https:\/\/schema.org\",\"@graph\":[{\"@type\":\"WebPage\",\"@id\":\"https:\/\/esenssi.com\/fabrica\/producto\/parfum-turistico\/\",\"url\":\"https:\/\/esenssi.com\/fabrica\/producto\/parfum-turistico\/\",\"name\":\"PERFUME 100ML ESPECIAL TURISMO - Esenssi - Tienda Online\",\"isPartOf\":{\"@id\":\"https:\/\/esenssi.com\/fabrica\/#website\"},\"primaryImageOfPage\":{\"@id\":\"https:\/\/esenssi.com\/fabrica\/producto\/parfum-turistico\/#primaryimage\"},\"image\":{\"@id\":\"https:\/\/esenssi.com\/fabrica\/producto\/parfum-turistico\/#primaryimage\"},\"thumbnailUrl\":\"https:\/\/esenssi.com\/fabrica\/wp-content\/uploads\/2023\/05\/PARFUMS_TURISTICOS.jpg\",\"datePublished\":\"2023-05-29T08:15:17+00:00\",\"dateModified\":\"2025-08-07T08:54:14+00:00\",\"breadcrumb\":{\"@id\":\"https:\/\/esenssi.com\/fabrica\/producto\/parfum-turistico\/#breadcrumb\"},\"inLanguage\":\"es\",\"potentialAction\":[{\"@type\":\"ReadAction\",\"target\":[\"https:\/\/esenssi.com\/fabrica\/producto\/parfum-turistico\/\"]}]},{\"@type\":\"ImageObject\",\"inLanguage\":\"es\",\"@id\":\"https:\/\/esenssi.com\/fabrica\/producto\/parfum-turistico\/#primaryimage\",\"url\":\"https:\/\/esenssi.com\/fabrica\/wp-content\/uploads\/2023\/05\/PARFUMS_TURISTICOS.jpg\",\"contentUrl\":\"https:\/\/esenssi.com\/fabrica\/wp-content\/uploads\/2023\/05\/PARFUMS_TURISTICOS.jpg\",\"width\":900,\"height\":900},{\"@type\":\"BreadcrumbList\",\"@id\":\"https:\/\/esenssi.com\/fabrica\/producto\/parfum-turistico\/#breadcrumb\",\"itemListElement\":[{\"@type\":\"ListItem\",\"position\":1,\"name\":\"F\u00e1brica\",\"item\":\"https:\/\/esenssi.com\/fabrica\/\"},{\"@type\":\"ListItem\",\"position\":2,\"name\":\"Tienda\",\"item\":\"https:\/\/esenssi.com\/fabrica\/tienda\/\"},{\"@type\":\"ListItem\",\"position\":3,\"name\":\"PERFUME 100ML ESPECIAL TURISMO\"}]},{\"@type\":\"WebSite\",\"@id\":\"https:\/\/esenssi.com\/fabrica\/#website\",\"url\":\"https:\/\/esenssi.com\/fabrica\/\",\"name\":\"Esenssi - Tienda Online\",\"description\":\"Fabricante de perfumes\",\"publisher\":{\"@id\":\"https:\/\/esenssi.com\/fabrica\/#organization\"},\"alternateName\":\"Esenssi - Tienda Online\",\"potentialAction\":[{\"@type\":\"SearchAction\",\"target\":{\"@type\":\"EntryPoint\",\"urlTemplate\":\"https:\/\/esenssi.com\/fabrica\/?s={search_term_string}\"},\"query-input\":\"required name=search_term_string\"}],\"inLanguage\":\"es\"},{\"@type\":\"Organization\",\"@id\":\"https:\/\/esenssi.com\/fabrica\/#organization\",\"name\":\"Mayoristas de perfumer\u00eda\",\"url\":\"https:\/\/esenssi.com\/fabrica\/\",\"logo\":{\"@type\":\"ImageObject\",\"inLanguage\":\"es\",\"@id\":\"https:\/\/esenssi.com\/fabrica\/#\/schema\/logo\/image\/\",\"url\":\"https:\/\/esenssi.com\/fabrica\/wp-content\/uploads\/2021\/08\/Logotipo_Esenssi_Web.png\",\"contentUrl\":\"https:\/\/esenssi.com\/fabrica\/wp-content\/uploads\/2021\/08\/Logotipo_Esenssi_Web.png\",\"width\":295,\"height\":64,\"caption\":\"Mayoristas de perfumer\u00eda\"},\"image\":{\"@id\":\"https:\/\/esenssi.com\/fabrica\/#\/schema\/logo\/image\/\"}}]}<\/script>\n<!-- \/ Yoast SEO plugin. -->","yoast_head_json":{"title":"PERFUME 100ML ESPECIAL TURISMO - Esenssi - Tienda Online","robots":{"index":"index","follow":"follow","max-snippet":"max-snippet:-1","max-image-preview":"max-image-preview:large","max-video-preview":"max-video-preview:-1"},"canonical":"https:\/\/esenssi.com\/fabrica\/producto\/parfum-turistico\/","og_locale":"es_ES","og_type":"article","og_title":"PERFUME 100ML ESPECIAL TURISMO - Esenssi - Tienda Online","og_description":"Perfume de 100 ml \u00fanico y personalizable en el que puedes elegir el modelo: hombre, mujer o combinado.  Tambi\u00e9n podr\u00e1s elegir entre Citric Parfum, Acuatic Parfum, Floral Parfum y Sweet Parfum.  Este perfume est\u00e1 dise\u00f1ado para adaptarse a diferentes preferencias y estilos de fragancia.  El dise\u00f1o del frasco puede variar seg\u00fan el modelo elegido Hombre (Tap\u00f3n Negro) y Mujer (Tap\u00f3n Blanco).","og_url":"https:\/\/esenssi.com\/fabrica\/producto\/parfum-turistico\/","og_site_name":"Esenssi - Tienda Online","article_modified_time":"2025-08-07T08:54:14+00:00","og_image":[{"width":900,"height":900,"url":"https:\/\/esenssi.com\/fabrica\/wp-content\/uploads\/2023\/05\/PARFUMS_TURISTICOS.jpg","type":"image\/jpeg"}],"twitter_card":"summary_large_image","schema":{"@context":"https:\/\/schema.org","@graph":[{"@type":"WebPage","@id":"https:\/\/esenssi.com\/fabrica\/producto\/parfum-turistico\/","url":"https:\/\/esenssi.com\/fabrica\/producto\/parfum-turistico\/","name":"PERFUME 100ML ESPECIAL TURISMO - Esenssi - Tienda Online","isPartOf":{"@id":"https:\/\/esenssi.com\/fabrica\/#website"},"primaryImageOfPage":{"@id":"https:\/\/esenssi.com\/fabrica\/producto\/parfum-turistico\/#primaryimage"},"image":{"@id":"https:\/\/esenssi.com\/fabrica\/producto\/parfum-turistico\/#primaryimage"},"thumbnailUrl":"https:\/\/esenssi.com\/fabrica\/wp-content\/uploads\/2023\/05\/PARFUMS_TURISTICOS.jpg","datePublished":"2023-05-29T08:15:17+00:00","dateModified":"2025-08-07T08:54:14+00:00","breadcrumb":{"@id":"https:\/\/esenssi.com\/fabrica\/producto\/parfum-turistico\/#breadcrumb"},"inLanguage":"es","potentialAction":[{"@type":"ReadAction","target":["https:\/\/esenssi.com\/fabrica\/producto\/parfum-turistico\/"]}]},{"@type":"ImageObject","inLanguage":"es","@id":"https:\/\/esenssi.com\/fabrica\/producto\/parfum-turistico\/#primaryimage","url":"https:\/\/esenssi.com\/fabrica\/wp-content\/uploads\/2023\/05\/PARFUMS_TURISTICOS.jpg","contentUrl":"https:\/\/esenssi.com\/fabrica\/wp-content\/uploads\/2023\/05\/PARFUMS_TURISTICOS.jpg","width":900,"height":900},{"@type":"BreadcrumbList","@id":"https:\/\/esenssi.com\/fabrica\/producto\/parfum-turistico\/#breadcrumb","itemListElement":[{"@type":"ListItem","position":1,"name":"F\u00e1brica","item":"https:\/\/esenssi.com\/fabrica\/"},{"@type":"ListItem","position":2,"name":"Tienda","item":"https:\/\/esenssi.com\/fabrica\/tienda\/"},{"@type":"ListItem","position":3,"name":"PERFUME 100ML ESPECIAL TURISMO"}]},{"@type":"WebSite","@id":"https:\/\/esenssi.com\/fabrica\/#website","url":"https:\/\/esenssi.com\/fabrica\/","name":"Esenssi - Tienda Online","description":"Fabricante de perfumes","publisher":{"@id":"https:\/\/esenssi.com\/fabrica\/#organization"},"alternateName":"Esenssi - Tienda Online","potentialAction":[{"@type":"SearchAction","target":{"@type":"EntryPoint","urlTemplate":"https:\/\/esenssi.com\/fabrica\/?s={search_term_string}"},"query-input":"required name=search_term_string"}],"inLanguage":"es"},{"@type":"Organization","@id":"https:\/\/esenssi.com\/fabrica\/#organization","name":"Mayoristas de perfumer\u00eda","url":"https:\/\/esenssi.com\/fabrica\/","logo":{"@type":"ImageObject","inLanguage":"es","@id":"https:\/\/esenssi.com\/fabrica\/#\/schema\/logo\/image\/","url":"https:\/\/esenssi.com\/fabrica\/wp-content\/uploads\/2021\/08\/Logotipo_Esenssi_Web.png","contentUrl":"https:\/\/esenssi.com\/fabrica\/wp-content\/uploads\/2021\/08\/Logotipo_Esenssi_Web.png","width":295,"height":64,"caption":"Mayoristas de perfumer\u00eda"},"image":{"@id":"https:\/\/esenssi.com\/fabrica\/#\/schema\/logo\/image\/"}}]}},"_links":{"self":[{"href":"https:\/\/esenssi.com\/fabrica\/wp-json\/wp\/v2\/product\/188556"}],"collection":[{"href":"https:\/\/esenssi.com\/fabrica\/wp-json\/wp\/v2\/product"}],"about":[{"href":"https:\/\/esenssi.com\/fabrica\/wp-json\/wp\/v2\/types\/product"}],"replies":[{"embeddable":true,"href":"https:\/\/esenssi.com\/fabrica\/wp-json\/wp\/v2\/comments?post=188556"}],"wp:featuredmedia":[{"embeddable":true,"href":"https:\/\/esenssi.com\/fabrica\/wp-json\/wp\/v2\/media\/188648"}],"wp:attachment":[{"href":"https:\/\/esenssi.com\/fabrica\/wp-json\/wp\/v2\/media?parent=188556"}],"wp:term":[{"taxonomy":"product_cat","embeddable":true,"href":"https:\/\/esenssi.com\/fabrica\/wp-json\/wp\/v2\/product_cat?post=188556"},{"taxonomy":"product_tag","embeddable":true,"href":"https:\/\/esenssi.com\/fabrica\/wp-json\/wp\/v2\/product_tag?post=188556"}],"curies":[{"name":"wp","href":"https:\/\/api.w.org\/{rel}","templated":true}]}}