{"id":189681,"date":"2023-07-14T12:37:42","date_gmt":"2023-07-14T10:37:42","guid":{"rendered":"https:\/\/esenssi.com\/fabrica\/?post_type=product&#038;p=189681"},"modified":"2025-08-07T10:52:58","modified_gmt":"2025-08-07T08:52:58","slug":"set-10-aqua-fresh","status":"publish","type":"product","link":"https:\/\/esenssi.com\/fabrica\/producto\/set-10-aqua-fresh\/","title":{"rendered":"AQUA FRESH PARADISE"},"content":{"rendered":"<p>Llegan las Aqua Fresh, una l\u00ednea de aguas perfumadas ideales para llevar en todo momento.<\/p>\n<p>Diez fragancias que envuelven con un sutil y persistente halo de perfume que permanece en el ambiente a tu paso.<\/p>\n<p>Una forma positiva de dejar huella.<\/p>\n<p>Regala a tus clientes su Aqua Fresh con su compra<\/p>\n","protected":false},"excerpt":{"rendered":"<p>El pack de 10 perfumes es un conjunto exquisito de fragancias de verano dise\u00f1adas para deleitar los sentidos de tus clientes. Cada frasco contiene una mezcla \u00fanica y cautivadora que transportar\u00e1 a tus clientes a un mundo de elegancia y sofisticaci\u00f3n.<\/p>\n<p>SET 10 PERFUMES MINI &#8211; 60 ML<\/p>\n","protected":false},"featured_media":189727,"comment_status":"open","ping_status":"closed","template":"","meta":{"content-type":"","_joinchat":[]},"product_cat":[1711],"product_tag":[],"class_list":{"0":"post-189681","1":"product","2":"type-product","3":"status-publish","4":"has-post-thumbnail","6":"product_cat-aqua-fresh-paradise","8":"first","9":"instock","10":"taxable","11":"shipping-taxable","12":"product-type-variable"},"yoast_head":"<!-- This site is optimized with the Yoast SEO plugin v23.3 - https:\/\/yoast.com\/wordpress\/plugins\/seo\/ -->\n<title>AQUA FRESH PARADISE - Esenssi - Tienda Online<\/title>\n<meta name=\"robots\" content=\"index, follow, max-snippet:-1, max-image-preview:large, max-video-preview:-1\" \/>\n<link rel=\"canonical\" href=\"https:\/\/esenssi.com\/fabrica\/producto\/set-10-aqua-fresh\/\" \/>\n<meta property=\"og:locale\" content=\"es_ES\" \/>\n<meta property=\"og:type\" content=\"article\" \/>\n<meta property=\"og:title\" content=\"AQUA FRESH PARADISE - Esenssi - Tienda Online\" \/>\n<meta property=\"og:description\" content=\"El pack de 10 perfumes es un conjunto exquisito de fragancias de verano dise\u00f1adas para deleitar los sentidos de tus clientes. Cada frasco contiene una mezcla \u00fanica y cautivadora que transportar\u00e1 a tus clientes a un mundo de elegancia y sofisticaci\u00f3n.  SET 10 PERFUMES MINI - 60 ML\" \/>\n<meta property=\"og:url\" content=\"https:\/\/esenssi.com\/fabrica\/producto\/set-10-aqua-fresh\/\" \/>\n<meta property=\"og:site_name\" content=\"Esenssi - Tienda Online\" \/>\n<meta property=\"article:modified_time\" content=\"2025-08-07T08:52:58+00:00\" \/>\n<meta property=\"og:image\" content=\"https:\/\/esenssi.com\/fabrica\/wp-content\/uploads\/2023\/07\/FRESH-PARADISE-CONJUNTO-WEB2.jpg\" \/>\n\t<meta property=\"og:image:width\" content=\"400\" \/>\n\t<meta property=\"og:image:height\" content=\"400\" \/>\n\t<meta property=\"og:image:type\" content=\"image\/jpeg\" \/>\n<meta name=\"twitter:card\" content=\"summary_large_image\" \/>\n<script type=\"application\/ld+json\" class=\"yoast-schema-graph\">{\"@context\":\"https:\/\/schema.org\",\"@graph\":[{\"@type\":\"WebPage\",\"@id\":\"https:\/\/esenssi.com\/fabrica\/producto\/set-10-aqua-fresh\/\",\"url\":\"https:\/\/esenssi.com\/fabrica\/producto\/set-10-aqua-fresh\/\",\"name\":\"AQUA FRESH PARADISE - Esenssi - Tienda Online\",\"isPartOf\":{\"@id\":\"https:\/\/esenssi.com\/fabrica\/#website\"},\"primaryImageOfPage\":{\"@id\":\"https:\/\/esenssi.com\/fabrica\/producto\/set-10-aqua-fresh\/#primaryimage\"},\"image\":{\"@id\":\"https:\/\/esenssi.com\/fabrica\/producto\/set-10-aqua-fresh\/#primaryimage\"},\"thumbnailUrl\":\"https:\/\/esenssi.com\/fabrica\/wp-content\/uploads\/2023\/07\/FRESH-PARADISE-CONJUNTO-WEB2.jpg\",\"datePublished\":\"2023-07-14T10:37:42+00:00\",\"dateModified\":\"2025-08-07T08:52:58+00:00\",\"breadcrumb\":{\"@id\":\"https:\/\/esenssi.com\/fabrica\/producto\/set-10-aqua-fresh\/#breadcrumb\"},\"inLanguage\":\"es\",\"potentialAction\":[{\"@type\":\"ReadAction\",\"target\":[\"https:\/\/esenssi.com\/fabrica\/producto\/set-10-aqua-fresh\/\"]}]},{\"@type\":\"ImageObject\",\"inLanguage\":\"es\",\"@id\":\"https:\/\/esenssi.com\/fabrica\/producto\/set-10-aqua-fresh\/#primaryimage\",\"url\":\"https:\/\/esenssi.com\/fabrica\/wp-content\/uploads\/2023\/07\/FRESH-PARADISE-CONJUNTO-WEB2.jpg\",\"contentUrl\":\"https:\/\/esenssi.com\/fabrica\/wp-content\/uploads\/2023\/07\/FRESH-PARADISE-CONJUNTO-WEB2.jpg\",\"width\":400,\"height\":400},{\"@type\":\"BreadcrumbList\",\"@id\":\"https:\/\/esenssi.com\/fabrica\/producto\/set-10-aqua-fresh\/#breadcrumb\",\"itemListElement\":[{\"@type\":\"ListItem\",\"position\":1,\"name\":\"F\u00e1brica\",\"item\":\"https:\/\/esenssi.com\/fabrica\/\"},{\"@type\":\"ListItem\",\"position\":2,\"name\":\"Tienda\",\"item\":\"https:\/\/esenssi.com\/fabrica\/tienda\/\"},{\"@type\":\"ListItem\",\"position\":3,\"name\":\"AQUA FRESH PARADISE\"}]},{\"@type\":\"WebSite\",\"@id\":\"https:\/\/esenssi.com\/fabrica\/#website\",\"url\":\"https:\/\/esenssi.com\/fabrica\/\",\"name\":\"Esenssi - Tienda Online\",\"description\":\"Fabricante de perfumes\",\"publisher\":{\"@id\":\"https:\/\/esenssi.com\/fabrica\/#organization\"},\"alternateName\":\"Esenssi - Tienda Online\",\"potentialAction\":[{\"@type\":\"SearchAction\",\"target\":{\"@type\":\"EntryPoint\",\"urlTemplate\":\"https:\/\/esenssi.com\/fabrica\/?s={search_term_string}\"},\"query-input\":\"required name=search_term_string\"}],\"inLanguage\":\"es\"},{\"@type\":\"Organization\",\"@id\":\"https:\/\/esenssi.com\/fabrica\/#organization\",\"name\":\"Mayoristas de perfumer\u00eda\",\"url\":\"https:\/\/esenssi.com\/fabrica\/\",\"logo\":{\"@type\":\"ImageObject\",\"inLanguage\":\"es\",\"@id\":\"https:\/\/esenssi.com\/fabrica\/#\/schema\/logo\/image\/\",\"url\":\"https:\/\/esenssi.com\/fabrica\/wp-content\/uploads\/2021\/08\/Logotipo_Esenssi_Web.png\",\"contentUrl\":\"https:\/\/esenssi.com\/fabrica\/wp-content\/uploads\/2021\/08\/Logotipo_Esenssi_Web.png\",\"width\":295,\"height\":64,\"caption\":\"Mayoristas de perfumer\u00eda\"},\"image\":{\"@id\":\"https:\/\/esenssi.com\/fabrica\/#\/schema\/logo\/image\/\"}}]}<\/script>\n<!-- \/ Yoast SEO plugin. -->","yoast_head_json":{"title":"AQUA FRESH PARADISE - Esenssi - Tienda Online","robots":{"index":"index","follow":"follow","max-snippet":"max-snippet:-1","max-image-preview":"max-image-preview:large","max-video-preview":"max-video-preview:-1"},"canonical":"https:\/\/esenssi.com\/fabrica\/producto\/set-10-aqua-fresh\/","og_locale":"es_ES","og_type":"article","og_title":"AQUA FRESH PARADISE - Esenssi - Tienda Online","og_description":"El pack de 10 perfumes es un conjunto exquisito de fragancias de verano dise\u00f1adas para deleitar los sentidos de tus clientes. Cada frasco contiene una mezcla \u00fanica y cautivadora que transportar\u00e1 a tus clientes a un mundo de elegancia y sofisticaci\u00f3n.  SET 10 PERFUMES MINI - 60 ML","og_url":"https:\/\/esenssi.com\/fabrica\/producto\/set-10-aqua-fresh\/","og_site_name":"Esenssi - Tienda Online","article_modified_time":"2025-08-07T08:52:58+00:00","og_image":[{"width":400,"height":400,"url":"https:\/\/esenssi.com\/fabrica\/wp-content\/uploads\/2023\/07\/FRESH-PARADISE-CONJUNTO-WEB2.jpg","type":"image\/jpeg"}],"twitter_card":"summary_large_image","schema":{"@context":"https:\/\/schema.org","@graph":[{"@type":"WebPage","@id":"https:\/\/esenssi.com\/fabrica\/producto\/set-10-aqua-fresh\/","url":"https:\/\/esenssi.com\/fabrica\/producto\/set-10-aqua-fresh\/","name":"AQUA FRESH PARADISE - Esenssi - Tienda Online","isPartOf":{"@id":"https:\/\/esenssi.com\/fabrica\/#website"},"primaryImageOfPage":{"@id":"https:\/\/esenssi.com\/fabrica\/producto\/set-10-aqua-fresh\/#primaryimage"},"image":{"@id":"https:\/\/esenssi.com\/fabrica\/producto\/set-10-aqua-fresh\/#primaryimage"},"thumbnailUrl":"https:\/\/esenssi.com\/fabrica\/wp-content\/uploads\/2023\/07\/FRESH-PARADISE-CONJUNTO-WEB2.jpg","datePublished":"2023-07-14T10:37:42+00:00","dateModified":"2025-08-07T08:52:58+00:00","breadcrumb":{"@id":"https:\/\/esenssi.com\/fabrica\/producto\/set-10-aqua-fresh\/#breadcrumb"},"inLanguage":"es","potentialAction":[{"@type":"ReadAction","target":["https:\/\/esenssi.com\/fabrica\/producto\/set-10-aqua-fresh\/"]}]},{"@type":"ImageObject","inLanguage":"es","@id":"https:\/\/esenssi.com\/fabrica\/producto\/set-10-aqua-fresh\/#primaryimage","url":"https:\/\/esenssi.com\/fabrica\/wp-content\/uploads\/2023\/07\/FRESH-PARADISE-CONJUNTO-WEB2.jpg","contentUrl":"https:\/\/esenssi.com\/fabrica\/wp-content\/uploads\/2023\/07\/FRESH-PARADISE-CONJUNTO-WEB2.jpg","width":400,"height":400},{"@type":"BreadcrumbList","@id":"https:\/\/esenssi.com\/fabrica\/producto\/set-10-aqua-fresh\/#breadcrumb","itemListElement":[{"@type":"ListItem","position":1,"name":"F\u00e1brica","item":"https:\/\/esenssi.com\/fabrica\/"},{"@type":"ListItem","position":2,"name":"Tienda","item":"https:\/\/esenssi.com\/fabrica\/tienda\/"},{"@type":"ListItem","position":3,"name":"AQUA FRESH PARADISE"}]},{"@type":"WebSite","@id":"https:\/\/esenssi.com\/fabrica\/#website","url":"https:\/\/esenssi.com\/fabrica\/","name":"Esenssi - Tienda Online","description":"Fabricante de perfumes","publisher":{"@id":"https:\/\/esenssi.com\/fabrica\/#organization"},"alternateName":"Esenssi - Tienda Online","potentialAction":[{"@type":"SearchAction","target":{"@type":"EntryPoint","urlTemplate":"https:\/\/esenssi.com\/fabrica\/?s={search_term_string}"},"query-input":"required name=search_term_string"}],"inLanguage":"es"},{"@type":"Organization","@id":"https:\/\/esenssi.com\/fabrica\/#organization","name":"Mayoristas de perfumer\u00eda","url":"https:\/\/esenssi.com\/fabrica\/","logo":{"@type":"ImageObject","inLanguage":"es","@id":"https:\/\/esenssi.com\/fabrica\/#\/schema\/logo\/image\/","url":"https:\/\/esenssi.com\/fabrica\/wp-content\/uploads\/2021\/08\/Logotipo_Esenssi_Web.png","contentUrl":"https:\/\/esenssi.com\/fabrica\/wp-content\/uploads\/2021\/08\/Logotipo_Esenssi_Web.png","width":295,"height":64,"caption":"Mayoristas de perfumer\u00eda"},"image":{"@id":"https:\/\/esenssi.com\/fabrica\/#\/schema\/logo\/image\/"}}]}},"_links":{"self":[{"href":"https:\/\/esenssi.com\/fabrica\/wp-json\/wp\/v2\/product\/189681"}],"collection":[{"href":"https:\/\/esenssi.com\/fabrica\/wp-json\/wp\/v2\/product"}],"about":[{"href":"https:\/\/esenssi.com\/fabrica\/wp-json\/wp\/v2\/types\/product"}],"replies":[{"embeddable":true,"href":"https:\/\/esenssi.com\/fabrica\/wp-json\/wp\/v2\/comments?post=189681"}],"wp:featuredmedia":[{"embeddable":true,"href":"https:\/\/esenssi.com\/fabrica\/wp-json\/wp\/v2\/media\/189727"}],"wp:attachment":[{"href":"https:\/\/esenssi.com\/fabrica\/wp-json\/wp\/v2\/media?parent=189681"}],"wp:term":[{"taxonomy":"product_cat","embeddable":true,"href":"https:\/\/esenssi.com\/fabrica\/wp-json\/wp\/v2\/product_cat?post=189681"},{"taxonomy":"product_tag","embeddable":true,"href":"https:\/\/esenssi.com\/fabrica\/wp-json\/wp\/v2\/product_tag?post=189681"}],"curies":[{"name":"wp","href":"https:\/\/api.w.org\/{rel}","templated":true}]}}