{"id":200080,"date":"2024-02-26T11:30:00","date_gmt":"2024-02-26T09:30:00","guid":{"rendered":"https:\/\/esenssi.com\/fabrica\/?post_type=product&#038;p=200080"},"modified":"2026-03-20T23:48:57","modified_gmt":"2026-03-20T21:48:57","slug":"perfumes-arabes-copia","status":"publish","type":"product","link":"https:\/\/esenssi.com\/fabrica\/producto\/perfumes-arabes-copia\/","title":{"rendered":"PERFUMES \u00c1RABES"},"content":{"rendered":"<p>Conjunto de fragancias orientales en packs de tres Perfumes Elixir a elegir.<br \/>\nPeque\u00f1os envases joya de 30ml en blanco y negro con etiquetado oriental personalizable.<br \/>\nSelecciona del cuadro de fragancias las que quieres que entren en tu pack.<br \/>\nY elige tu estuche en dorado o plateado.<br \/>\nCrea tu selecci\u00f3n de perfumes \u00e1rabes top ventas.<\/p>\n<table style=\"height: 150px;\" border=\"1\" width=\"920\">\n<tbody>\n<tr>\n<td width=\"25%\"><b>FAKIHA<\/b><br \/>\n<span style=\"font-size: 11PX;\">Trufa, chocolate, orqu\u00eddeas, especias y vainilla<\/span><\/td>\n<td width=\"25%\"><b>BAYDA<\/b><br \/>\n<span style=\"font-size: 11PX;\">Magnolia, rosa y clavos de olor<\/span><\/td>\n<td width=\"25%\"><b>RAYIE<\/b><br \/>\n<span style=\"font-size: 11PX;\">Bergamota, pimienta rosa, jazm\u00edn, rosa, s\u00e1ndalo, \u00e1mbar, pachul\u00ed y almizcle<\/span><\/td>\n<td width=\"25%\"><b>YASTATIE<\/b><br \/>\n<span style=\"font-size: 11PX;\">Flor de azahar, jazm\u00edn, miel blanca, pachul\u00ed, cedro de Virginia y rosa<\/span><\/td>\n<\/tr>\n<tr>\n<td width=\"25%\"><b>LATIF<\/b><br \/>\n<span style=\"font-size: 11PX;\">Almizcle, nasberry, violeta, s\u00e1ndalo, almizcle y ambar<\/span><\/td>\n<td width=\"25%\"><b>RUBAMA<\/b><br \/>\n<span style=\"font-size: 11PX;\">Bergamota, fresa silvestre y rosa<\/span><\/td>\n<td width=\"25%\"><b>NABID<\/b><br \/>\n<span style=\"font-size: 11PX;\">Rosa, jazm\u00edn, fresa, frambuesa, pera, s\u00e1ndalo y almizcle<\/span><\/td>\n<td width=\"25%\"><b>ALGUNB<\/b><br \/>\n<span style=\"font-size: 11PX;\">Resina de cannabis, incienso, tabaco, caf\u00e9, \u00e1mbar y madera de oud ahumada<br \/>\n<\/span><\/td>\n<\/tr>\n<tr>\n<td width=\"25%\"><b>AESHAB<\/b><br \/>\n<span style=\"font-size: 11PX;\">Lim\u00f3n, naranja, bergamota, jazm\u00edn y canela<\/span><\/td>\n<td width=\"25%\"><b>DAFIA<\/b><br \/>\n<span style=\"font-size: 11PX;\">Bergamota, lim\u00f3n, lavanda, rosa, jazm\u00edn, s\u00e1ndalo, \u00e1mbar y oud.<\/span><\/td>\n<td width=\"25%\"><b>HULW<\/b><br \/>\n<span style=\"font-size: 11PX;\">Lavanda, miel, canela, cachemira, hojas de tabaco, vainilla y haba tonka<\/span><\/td>\n<td width=\"25%\"><b>JALAD<\/b><br \/>\n<span style=\"font-size: 11PX;\">Cuero y \u00e1mbar<\/span><\/td>\n<\/tr>\n<tr>\n<td width=\"25%\"><b>ALMURU<\/b><br \/>\n<span style=\"font-size: 11PX;\">Azafr\u00e1n, nuez moscada, s\u00e1ndalo, \u00e1mbar y pimienta negra<\/span><\/td>\n<td width=\"25%\"><b>FASILA<\/b><br \/>\n<span style=\"font-size: 11PX;\">Especias y maderas<\/span><\/td>\n<td width=\"25%\"><b>MUZLIM<\/b><br \/>\n<span style=\"font-size: 11PX;\">Cacao, s\u00e1ndalo, oud, vainilla, incienso y \u00e1mbar<\/span><\/td>\n<td width=\"25%\"><b>NAKBA<\/b><br \/>\n<span style=\"font-size: 11PX;\">Azahar, rosa, jazm\u00edn, s\u00e1ndalo, oud, incienso y \u00e1mbar<\/span><\/td>\n<\/tr>\n<tr>\n<td width=\"25%\"><b>KYMUN<\/b><br \/>\n<span style=\"font-size: 11PX;\">Jazm\u00edn, ylang-ylang, rosa, pachul\u00ed, s\u00e1ndalo y \u00e1mbar<\/span><\/td>\n<td><\/td>\n<td><\/td>\n<td><\/td>\n<\/tr>\n<\/tbody>\n<\/table>\n","protected":false},"excerpt":{"rendered":"<p>Conjunto de fragancias orientales en packs de tres Perfumes Elixir a elegir.<br \/>\nPeque\u00f1os envases joya de 30ml en blanco y negro con etiquetado oriental personalizable.<br \/>\nSelecciona del cuadro de fragancias las que quieres que entren en tu pack.<br \/>\nY elige tu estuche en dorado o plateado.<br \/>\nCrea tu selecci\u00f3n de perfumes \u00e1rabes top ventas.<\/p>\n<table style=\"height: 50px;\" border=\"1\" width=\"920\">\n<tbody>\n<tr>\n<td width=\"25%\"><b>FAKIHA<\/b><br \/>\n<span style=\"font-size: 11PX;\">\u00c1mbar y azmizcle<\/span><\/td>\n<td width=\"25%\"><b>BAYDA<\/b><br \/>\n<span style=\"font-size: 11PX;\">Canela y s\u00e1ndalo<\/span><\/td>\n<td width=\"25%\"><b>RAYIE<\/b><br \/>\n<span style=\"font-size: 11PX;\">L\u00e1dano y chipre<\/span><\/td>\n<td width=\"25%\"><b>YASTATIE<\/b><br \/>\n<span style=\"font-size: 11PX;\">Miel y madera<\/span><\/td>\n<\/tr>\n<tr>\n<td width=\"25%\"><b>LATIF<\/b><br \/>\n<span style=\"font-size: 11PX;\">Madera y violeta<\/span><\/td>\n<td width=\"25%\"><b>RUBAMA<\/b><br \/>\n<span style=\"font-size: 10PX;\">Rosa Damasco y benju\u00ed<\/span><\/td>\n<td width=\"25%\"><b>NABID<\/b><br \/>\n<span style=\"font-size: 11PX;\">Chipre y jazm\u00edn<\/span><\/td>\n<td width=\"25%\"><b>ALGUNB<\/b><br \/>\n<span style=\"font-size: 11PX;\">Madera y especias<\/span><\/td>\n<\/tr>\n<tr>\n<td width=\"25%\"><b>AESHAB<\/b><br \/>\n<span style=\"font-size: 11PX;\">Frutal y \u00e1mbar<\/span><\/td>\n<td width=\"25%\"><b>DAFIA<\/b><br \/>\n<span style=\"font-size: 11PX;\">Floral y madera<\/span><\/td>\n<td width=\"25%\"><b>HULW<\/b><br \/>\n<span style=\"font-size: 11PX;\">\u00danica y memorable<\/span><\/td>\n<td width=\"25%\"><b>JALAD<\/b><br \/>\n<span style=\"font-size: 11PX;\">Cuero y madera<\/span><\/td>\n<\/tr>\n<tr>\n<td width=\"25%\"><b>ALMURU<\/b><br \/>\n<span style=\"font-size: 11PX;\">Madera y \u00e1mbar<\/span><\/td>\n<td width=\"25%\"><b>FASILA<\/b><br \/>\n<span style=\"font-size: 11PX;\">Madera y especias<\/span><\/td>\n<td width=\"25%\"><b>MUZLIM<\/b><br \/>\n<span style=\"font-size: 11PX;\">Chipre y floral<\/span><\/td>\n<td width=\"25%\"><b>NAKBA<\/b><br \/>\n<span style=\"font-size: 11PX;\">Madera y \u00e1mbar<\/span><\/td>\n<\/tr>\n<tr>\n<td width=\"25%\"><b>KYMUN<\/b><br \/>\n<span style=\"font-size: 11PX;\">Madera y cuero<\/span><\/td>\n<td><\/td>\n<td><\/td>\n<td><\/td>\n<\/tr>\n<\/tbody>\n<\/table>\n","protected":false},"featured_media":192508,"comment_status":"open","ping_status":"closed","template":"","meta":{"content-type":"","_joinchat":[]},"product_cat":[1746,1234,1024],"product_tag":[1253,1299,1240],"class_list":{"0":"post-200080","1":"product","2":"type-product","3":"status-publish","4":"has-post-thumbnail","6":"product_cat-perfumes-arabes","7":"product_cat-perfumes","8":"product_cat-a-granel","9":"product_tag-frutal","10":"product_tag-otono","11":"product_tag-mas-vendidos","13":"first","14":"instock","15":"taxable","16":"shipping-taxable","17":"product-type-variable"},"yoast_head":"<!-- This site is optimized with the Yoast SEO plugin v23.3 - https:\/\/yoast.com\/wordpress\/plugins\/seo\/ -->\n<title>PERFUMES \u00c1RABES - Esenssi - Tienda Online<\/title>\n<meta name=\"robots\" content=\"noindex, nofollow\" \/>\n<meta property=\"og:locale\" content=\"es_ES\" \/>\n<meta property=\"og:type\" content=\"article\" \/>\n<meta property=\"og:title\" content=\"PERFUMES \u00c1RABES - Esenssi - Tienda Online\" \/>\n<meta property=\"og:description\" content=\"Conjunto de fragancias orientales en packs de tres Perfumes Elixir a elegir. Peque\u00f1os envases joya de 30ml en blanco y negro con etiquetado oriental personalizable. Selecciona del cuadro de fragancias las que quieres que entren en tu pack. Y elige tu estuche en dorado o plateado. Crea tu selecci\u00f3n de perfumes \u00e1rabes top ventas.    FAKIHA \u00c1mbar y azmizcle BAYDA Canela y s\u00e1ndalo RAYIE L\u00e1dano y chipre YASTATIE Miel y madera   LATIF Madera y violeta RUBAMA Rosa Damasco y benju\u00ed NABID Chipre y jazm\u00edn ALGUNB Madera y especias   AESHAB Frutal y \u00e1mbar DAFIA Floral y madera HULW \u00danica y memorable JALAD Cuero y madera   ALMURU Madera y \u00e1mbar FASILA Madera y especias MUZLIM Chipre y floral NAKBA Madera y \u00e1mbar   KYMUN Madera y cuero\" \/>\n<meta property=\"og:url\" content=\"https:\/\/esenssi.com\/fabrica\/producto\/perfumes-arabes-copia\/\" \/>\n<meta property=\"og:site_name\" content=\"Esenssi - Tienda Online\" \/>\n<meta property=\"article:modified_time\" content=\"2026-03-20T21:48:57+00:00\" \/>\n<meta property=\"og:image\" content=\"https:\/\/esenssi.com\/fabrica\/wp-content\/uploads\/2023\/11\/CAJA_ARABE_DORADA_perfumhada15-1.jpg\" \/>\n\t<meta property=\"og:image:width\" content=\"1662\" \/>\n\t<meta property=\"og:image:height\" content=\"1526\" \/>\n\t<meta property=\"og:image:type\" content=\"image\/jpeg\" \/>\n<meta name=\"twitter:card\" content=\"summary_large_image\" \/>\n<script type=\"application\/ld+json\" class=\"yoast-schema-graph\">{\"@context\":\"https:\/\/schema.org\",\"@graph\":[{\"@type\":\"WebPage\",\"@id\":\"https:\/\/esenssi.com\/fabrica\/producto\/perfumes-arabes-copia\/\",\"url\":\"https:\/\/esenssi.com\/fabrica\/producto\/perfumes-arabes-copia\/\",\"name\":\"PERFUMES \u00c1RABES - Esenssi - Tienda Online\",\"isPartOf\":{\"@id\":\"https:\/\/esenssi.com\/fabrica\/#website\"},\"primaryImageOfPage\":{\"@id\":\"https:\/\/esenssi.com\/fabrica\/producto\/perfumes-arabes-copia\/#primaryimage\"},\"image\":{\"@id\":\"https:\/\/esenssi.com\/fabrica\/producto\/perfumes-arabes-copia\/#primaryimage\"},\"thumbnailUrl\":\"https:\/\/esenssi.com\/fabrica\/wp-content\/uploads\/2023\/11\/CAJA_ARABE_DORADA_perfumhada15-1.jpg\",\"datePublished\":\"2024-02-26T09:30:00+00:00\",\"dateModified\":\"2026-03-20T21:48:57+00:00\",\"breadcrumb\":{\"@id\":\"https:\/\/esenssi.com\/fabrica\/producto\/perfumes-arabes-copia\/#breadcrumb\"},\"inLanguage\":\"es\",\"potentialAction\":[{\"@type\":\"ReadAction\",\"target\":[\"https:\/\/esenssi.com\/fabrica\/producto\/perfumes-arabes-copia\/\"]}]},{\"@type\":\"ImageObject\",\"inLanguage\":\"es\",\"@id\":\"https:\/\/esenssi.com\/fabrica\/producto\/perfumes-arabes-copia\/#primaryimage\",\"url\":\"https:\/\/esenssi.com\/fabrica\/wp-content\/uploads\/2023\/11\/CAJA_ARABE_DORADA_perfumhada15-1.jpg\",\"contentUrl\":\"https:\/\/esenssi.com\/fabrica\/wp-content\/uploads\/2023\/11\/CAJA_ARABE_DORADA_perfumhada15-1.jpg\",\"width\":1662,\"height\":1526},{\"@type\":\"BreadcrumbList\",\"@id\":\"https:\/\/esenssi.com\/fabrica\/producto\/perfumes-arabes-copia\/#breadcrumb\",\"itemListElement\":[{\"@type\":\"ListItem\",\"position\":1,\"name\":\"F\u00e1brica\",\"item\":\"https:\/\/esenssi.com\/fabrica\/\"},{\"@type\":\"ListItem\",\"position\":2,\"name\":\"Tienda\",\"item\":\"https:\/\/esenssi.com\/fabrica\/tienda\/\"},{\"@type\":\"ListItem\",\"position\":3,\"name\":\"PERFUMES \u00c1RABES\"}]},{\"@type\":\"WebSite\",\"@id\":\"https:\/\/esenssi.com\/fabrica\/#website\",\"url\":\"https:\/\/esenssi.com\/fabrica\/\",\"name\":\"Esenssi - Tienda Online\",\"description\":\"Fabricante de perfumes\",\"publisher\":{\"@id\":\"https:\/\/esenssi.com\/fabrica\/#organization\"},\"alternateName\":\"Esenssi - Tienda Online\",\"potentialAction\":[{\"@type\":\"SearchAction\",\"target\":{\"@type\":\"EntryPoint\",\"urlTemplate\":\"https:\/\/esenssi.com\/fabrica\/?s={search_term_string}\"},\"query-input\":\"required name=search_term_string\"}],\"inLanguage\":\"es\"},{\"@type\":\"Organization\",\"@id\":\"https:\/\/esenssi.com\/fabrica\/#organization\",\"name\":\"Mayoristas de perfumer\u00eda\",\"url\":\"https:\/\/esenssi.com\/fabrica\/\",\"logo\":{\"@type\":\"ImageObject\",\"inLanguage\":\"es\",\"@id\":\"https:\/\/esenssi.com\/fabrica\/#\/schema\/logo\/image\/\",\"url\":\"https:\/\/esenssi.com\/fabrica\/wp-content\/uploads\/2021\/08\/Logotipo_Esenssi_Web.png\",\"contentUrl\":\"https:\/\/esenssi.com\/fabrica\/wp-content\/uploads\/2021\/08\/Logotipo_Esenssi_Web.png\",\"width\":295,\"height\":64,\"caption\":\"Mayoristas de perfumer\u00eda\"},\"image\":{\"@id\":\"https:\/\/esenssi.com\/fabrica\/#\/schema\/logo\/image\/\"}}]}<\/script>\n<!-- \/ Yoast SEO plugin. -->","yoast_head_json":{"title":"PERFUMES \u00c1RABES - Esenssi - Tienda Online","robots":{"index":"noindex","follow":"nofollow"},"og_locale":"es_ES","og_type":"article","og_title":"PERFUMES \u00c1RABES - Esenssi - Tienda Online","og_description":"Conjunto de fragancias orientales en packs de tres Perfumes Elixir a elegir. Peque\u00f1os envases joya de 30ml en blanco y negro con etiquetado oriental personalizable. Selecciona del cuadro de fragancias las que quieres que entren en tu pack. Y elige tu estuche en dorado o plateado. Crea tu selecci\u00f3n de perfumes \u00e1rabes top ventas.    FAKIHA \u00c1mbar y azmizcle BAYDA Canela y s\u00e1ndalo RAYIE L\u00e1dano y chipre YASTATIE Miel y madera   LATIF Madera y violeta RUBAMA Rosa Damasco y benju\u00ed NABID Chipre y jazm\u00edn ALGUNB Madera y especias   AESHAB Frutal y \u00e1mbar DAFIA Floral y madera HULW \u00danica y memorable JALAD Cuero y madera   ALMURU Madera y \u00e1mbar FASILA Madera y especias MUZLIM Chipre y floral NAKBA Madera y \u00e1mbar   KYMUN Madera y cuero","og_url":"https:\/\/esenssi.com\/fabrica\/producto\/perfumes-arabes-copia\/","og_site_name":"Esenssi - Tienda Online","article_modified_time":"2026-03-20T21:48:57+00:00","og_image":[{"width":1662,"height":1526,"url":"https:\/\/esenssi.com\/fabrica\/wp-content\/uploads\/2023\/11\/CAJA_ARABE_DORADA_perfumhada15-1.jpg","type":"image\/jpeg"}],"twitter_card":"summary_large_image","schema":{"@context":"https:\/\/schema.org","@graph":[{"@type":"WebPage","@id":"https:\/\/esenssi.com\/fabrica\/producto\/perfumes-arabes-copia\/","url":"https:\/\/esenssi.com\/fabrica\/producto\/perfumes-arabes-copia\/","name":"PERFUMES \u00c1RABES - Esenssi - Tienda Online","isPartOf":{"@id":"https:\/\/esenssi.com\/fabrica\/#website"},"primaryImageOfPage":{"@id":"https:\/\/esenssi.com\/fabrica\/producto\/perfumes-arabes-copia\/#primaryimage"},"image":{"@id":"https:\/\/esenssi.com\/fabrica\/producto\/perfumes-arabes-copia\/#primaryimage"},"thumbnailUrl":"https:\/\/esenssi.com\/fabrica\/wp-content\/uploads\/2023\/11\/CAJA_ARABE_DORADA_perfumhada15-1.jpg","datePublished":"2024-02-26T09:30:00+00:00","dateModified":"2026-03-20T21:48:57+00:00","breadcrumb":{"@id":"https:\/\/esenssi.com\/fabrica\/producto\/perfumes-arabes-copia\/#breadcrumb"},"inLanguage":"es","potentialAction":[{"@type":"ReadAction","target":["https:\/\/esenssi.com\/fabrica\/producto\/perfumes-arabes-copia\/"]}]},{"@type":"ImageObject","inLanguage":"es","@id":"https:\/\/esenssi.com\/fabrica\/producto\/perfumes-arabes-copia\/#primaryimage","url":"https:\/\/esenssi.com\/fabrica\/wp-content\/uploads\/2023\/11\/CAJA_ARABE_DORADA_perfumhada15-1.jpg","contentUrl":"https:\/\/esenssi.com\/fabrica\/wp-content\/uploads\/2023\/11\/CAJA_ARABE_DORADA_perfumhada15-1.jpg","width":1662,"height":1526},{"@type":"BreadcrumbList","@id":"https:\/\/esenssi.com\/fabrica\/producto\/perfumes-arabes-copia\/#breadcrumb","itemListElement":[{"@type":"ListItem","position":1,"name":"F\u00e1brica","item":"https:\/\/esenssi.com\/fabrica\/"},{"@type":"ListItem","position":2,"name":"Tienda","item":"https:\/\/esenssi.com\/fabrica\/tienda\/"},{"@type":"ListItem","position":3,"name":"PERFUMES \u00c1RABES"}]},{"@type":"WebSite","@id":"https:\/\/esenssi.com\/fabrica\/#website","url":"https:\/\/esenssi.com\/fabrica\/","name":"Esenssi - Tienda Online","description":"Fabricante de perfumes","publisher":{"@id":"https:\/\/esenssi.com\/fabrica\/#organization"},"alternateName":"Esenssi - Tienda Online","potentialAction":[{"@type":"SearchAction","target":{"@type":"EntryPoint","urlTemplate":"https:\/\/esenssi.com\/fabrica\/?s={search_term_string}"},"query-input":"required name=search_term_string"}],"inLanguage":"es"},{"@type":"Organization","@id":"https:\/\/esenssi.com\/fabrica\/#organization","name":"Mayoristas de perfumer\u00eda","url":"https:\/\/esenssi.com\/fabrica\/","logo":{"@type":"ImageObject","inLanguage":"es","@id":"https:\/\/esenssi.com\/fabrica\/#\/schema\/logo\/image\/","url":"https:\/\/esenssi.com\/fabrica\/wp-content\/uploads\/2021\/08\/Logotipo_Esenssi_Web.png","contentUrl":"https:\/\/esenssi.com\/fabrica\/wp-content\/uploads\/2021\/08\/Logotipo_Esenssi_Web.png","width":295,"height":64,"caption":"Mayoristas de perfumer\u00eda"},"image":{"@id":"https:\/\/esenssi.com\/fabrica\/#\/schema\/logo\/image\/"}}]}},"_links":{"self":[{"href":"https:\/\/esenssi.com\/fabrica\/wp-json\/wp\/v2\/product\/200080"}],"collection":[{"href":"https:\/\/esenssi.com\/fabrica\/wp-json\/wp\/v2\/product"}],"about":[{"href":"https:\/\/esenssi.com\/fabrica\/wp-json\/wp\/v2\/types\/product"}],"replies":[{"embeddable":true,"href":"https:\/\/esenssi.com\/fabrica\/wp-json\/wp\/v2\/comments?post=200080"}],"wp:featuredmedia":[{"embeddable":true,"href":"https:\/\/esenssi.com\/fabrica\/wp-json\/wp\/v2\/media\/192508"}],"wp:attachment":[{"href":"https:\/\/esenssi.com\/fabrica\/wp-json\/wp\/v2\/media?parent=200080"}],"wp:term":[{"taxonomy":"product_cat","embeddable":true,"href":"https:\/\/esenssi.com\/fabrica\/wp-json\/wp\/v2\/product_cat?post=200080"},{"taxonomy":"product_tag","embeddable":true,"href":"https:\/\/esenssi.com\/fabrica\/wp-json\/wp\/v2\/product_tag?post=200080"}],"curies":[{"name":"wp","href":"https:\/\/api.w.org\/{rel}","templated":true}]}}