{"id":207910,"date":"2024-12-31T15:18:51","date_gmt":"2024-12-31T13:18:51","guid":{"rendered":"https:\/\/esenssi.com\/fabrica\/?post_type=product&#038;p=207910"},"modified":"2026-03-11T10:38:37","modified_gmt":"2026-03-11T08:38:37","slug":"e038-bella","status":"publish","type":"product","link":"https:\/\/esenssi.com\/fabrica\/producto\/e038-bella\/","title":{"rendered":"E038 \/ BELLA"},"content":{"rendered":"<h3><strong>\u00bfENVASADO O A GRANEL?<\/strong><\/h3>\n<p>El mayor margen de beneficio que se da en este modelo de perfumer\u00eda es la venta a granel en las pr\u00e1cticas frascas de 1L con su etiquetado.<\/p>\n<p>Para este tipo de ventas, te ofrecemos diferentes modelos de envases, v\u00e1lvulas y etiquetas, y todos los \u00fatiles necesarios, como tiras secantes, probadores&#8230;<\/p>\n<p>Lo m\u00e1s vendido actualmente, junto con el perfume, es la crema corporal perfumada del mismo aroma o solo de esencias puras.<\/p>\n<p>Conseguir\u00e1s con ello, que tu cliente tenga una l\u00ednea especial perfumada que doblar\u00e1 la intensidad del aroma en su cuerpo.<\/p>\n<p>Puedes completar esta l\u00ednea de aroma perfumando tus espacios a trav\u00e9s del ambientador en spray, brumas de ambiente, mikados, etc.<\/p>\n<article class=\"text-token-text-primary w-full focus:outline-none scroll-mt-[calc(var(--header-height)+min(200px,max(70px,20svh)))]\" dir=\"auto\" tabindex=\"-1\" data-turn-id=\"request-WEB:73c57d95-c123-4ce6-b4e0-16d4c4ef8c59-10\" data-testid=\"conversation-turn-2\" data-scroll-anchor=\"true\" data-turn=\"assistant\">\n<div class=\"text-base my-auto mx-auto pb-10 [--thread-content-margin:--spacing(4)] @[37rem]:[--thread-content-margin:--spacing(6)] @[72rem]:[--thread-content-margin:--spacing(16)] px-(--thread-content-margin)\">\n<div class=\"[--thread-content-max-width:32rem] @[34rem]:[--thread-content-max-width:40rem] @[64rem]:[--thread-content-max-width:48rem] mx-auto max-w-(--thread-content-max-width) flex-1 group\/turn-messages focus-visible:outline-hidden relative flex w-full min-w-0 flex-col agent-turn\" tabindex=\"-1\">\n<div class=\"flex max-w-full flex-col grow\">\n<div class=\"min-h-8 text-message relative flex w-full flex-col items-end gap-2 text-start break-words whitespace-normal [.text-message+&amp;]:mt-5\" dir=\"auto\" data-message-author-role=\"assistant\" data-message-id=\"ef3cfbc6-5335-46eb-812e-a0348060caac\" data-message-model-slug=\"gpt-4-1-mini\">\n<div class=\"flex w-full flex-col gap-1 empty:hidden first:pt-[3px]\">\n<div class=\"markdown prose dark:prose-invert w-full break-words dark markdown-new-styling\">\n<p data-start=\"0\" data-end=\"38\" data-is-last-node=\"\" data-is-only-node=\"\">La Belle Jpg &#8211; Good Girl &#8211; Black Opium<\/p>\n<\/div>\n<\/div>\n<\/div>\n<\/div>\n<\/div>\n<\/div>\n<\/article>\n<div class=\"pointer-events-none h-px w-px\" aria-hidden=\"true\" data-edge=\"true\"><\/div>\n<p><!--aromatic elixir clinique--><\/p>\n","protected":false},"excerpt":{"rendered":"<p>Una fragancia sensual e innovadora que cuenta con acordes de vainilla y musk.<\/p>\n<p>Notas de Salida: Pera y bergamot.<\/p>\n<p>Notas de Coraz\u00f3n: flores y cuero.<\/p>\n<p>Notas de Fondo: vainilla, ambar musk, vetiver.<\/p>\n<p>Perfume que te despierta emociones inolvidables y te invita a vivir de manera aut\u00e9ntica y con personalidad.<\/p>\n<p>Puedes ver m\u00e1s informaci\u00f3n en la imagen de su etiqueta. Acordes similares a grandes perfumes del mercado.<\/p>\n","protected":false},"featured_media":223369,"comment_status":"open","ping_status":"closed","template":"","meta":{"content-type":"","_joinchat":[]},"product_cat":[1769,1025,1236,1720,1234,1024],"product_tag":[1250,1239,1299],"class_list":{"0":"post-207910","1":"product","2":"type-product","3":"status-publish","4":"has-post-thumbnail","6":"product_cat-blackfriday","7":"product_cat-perfumes-femeninos","8":"product_cat-mujer","9":"product_cat-otono","10":"product_cat-perfumes","11":"product_cat-a-granel","12":"product_tag-chipres","13":"product_tag-nature","14":"product_tag-otono","16":"first","17":"instock","18":"taxable","19":"shipping-taxable","20":"product-type-variable"},"yoast_head":"<!-- This site is optimized with the Yoast SEO plugin v23.3 - https:\/\/yoast.com\/wordpress\/plugins\/seo\/ -->\n<title>E038 \/ BELLA - Esenssi - Tienda Online<\/title>\n<meta name=\"robots\" content=\"index, follow, max-snippet:-1, max-image-preview:large, max-video-preview:-1\" \/>\n<link rel=\"canonical\" href=\"https:\/\/esenssi.com\/fabrica\/producto\/e038-bella\/\" \/>\n<meta property=\"og:locale\" content=\"es_ES\" \/>\n<meta property=\"og:type\" content=\"article\" \/>\n<meta property=\"og:title\" content=\"E038 \/ BELLA - Esenssi - Tienda Online\" \/>\n<meta property=\"og:description\" content=\"Una fragancia sensual e innovadora que cuenta con acordes de vainilla y musk.  Notas de Salida: Pera y bergamot.  Notas de Coraz\u00f3n: flores y cuero.  Notas de Fondo: vainilla, ambar musk, vetiver.  Perfume que te despierta emociones inolvidables y te invita a vivir de manera aut\u00e9ntica y con personalidad.  Puedes ver m\u00e1s informaci\u00f3n en la imagen de su etiqueta. Acordes similares a grandes perfumes del mercado.\" \/>\n<meta property=\"og:url\" content=\"https:\/\/esenssi.com\/fabrica\/producto\/e038-bella\/\" \/>\n<meta property=\"og:site_name\" content=\"Esenssi - Tienda Online\" \/>\n<meta property=\"article:modified_time\" content=\"2026-03-11T08:38:37+00:00\" \/>\n<meta property=\"og:image\" content=\"https:\/\/esenssi.com\/fabrica\/wp-content\/uploads\/2024\/12\/WEB-ESENSSI-E038-A-jpg.webp\" \/>\n\t<meta property=\"og:image:width\" content=\"2083\" \/>\n\t<meta property=\"og:image:height\" content=\"2083\" \/>\n\t<meta property=\"og:image:type\" content=\"image\/jpeg\" \/>\n<meta name=\"twitter:card\" content=\"summary_large_image\" \/>\n<script type=\"application\/ld+json\" class=\"yoast-schema-graph\">{\"@context\":\"https:\/\/schema.org\",\"@graph\":[{\"@type\":\"WebPage\",\"@id\":\"https:\/\/esenssi.com\/fabrica\/producto\/e038-bella\/\",\"url\":\"https:\/\/esenssi.com\/fabrica\/producto\/e038-bella\/\",\"name\":\"E038 \/ BELLA - Esenssi - Tienda Online\",\"isPartOf\":{\"@id\":\"https:\/\/esenssi.com\/fabrica\/#website\"},\"primaryImageOfPage\":{\"@id\":\"https:\/\/esenssi.com\/fabrica\/producto\/e038-bella\/#primaryimage\"},\"image\":{\"@id\":\"https:\/\/esenssi.com\/fabrica\/producto\/e038-bella\/#primaryimage\"},\"thumbnailUrl\":\"https:\/\/esenssi.com\/fabrica\/wp-content\/uploads\/2024\/12\/WEB-ESENSSI-E038-A-jpg.webp\",\"datePublished\":\"2024-12-31T13:18:51+00:00\",\"dateModified\":\"2026-03-11T08:38:37+00:00\",\"breadcrumb\":{\"@id\":\"https:\/\/esenssi.com\/fabrica\/producto\/e038-bella\/#breadcrumb\"},\"inLanguage\":\"es\",\"potentialAction\":[{\"@type\":\"ReadAction\",\"target\":[\"https:\/\/esenssi.com\/fabrica\/producto\/e038-bella\/\"]}]},{\"@type\":\"ImageObject\",\"inLanguage\":\"es\",\"@id\":\"https:\/\/esenssi.com\/fabrica\/producto\/e038-bella\/#primaryimage\",\"url\":\"https:\/\/esenssi.com\/fabrica\/wp-content\/uploads\/2024\/12\/WEB-ESENSSI-E038-A-jpg.webp\",\"contentUrl\":\"https:\/\/esenssi.com\/fabrica\/wp-content\/uploads\/2024\/12\/WEB-ESENSSI-E038-A-jpg.webp\",\"width\":2083,\"height\":2083},{\"@type\":\"BreadcrumbList\",\"@id\":\"https:\/\/esenssi.com\/fabrica\/producto\/e038-bella\/#breadcrumb\",\"itemListElement\":[{\"@type\":\"ListItem\",\"position\":1,\"name\":\"F\u00e1brica\",\"item\":\"https:\/\/esenssi.com\/fabrica\/\"},{\"@type\":\"ListItem\",\"position\":2,\"name\":\"Tienda\",\"item\":\"https:\/\/esenssi.com\/fabrica\/tienda\/\"},{\"@type\":\"ListItem\",\"position\":3,\"name\":\"E038 \/ BELLA\"}]},{\"@type\":\"WebSite\",\"@id\":\"https:\/\/esenssi.com\/fabrica\/#website\",\"url\":\"https:\/\/esenssi.com\/fabrica\/\",\"name\":\"Esenssi - Tienda Online\",\"description\":\"Fabricante de perfumes\",\"publisher\":{\"@id\":\"https:\/\/esenssi.com\/fabrica\/#organization\"},\"alternateName\":\"Esenssi - Tienda Online\",\"potentialAction\":[{\"@type\":\"SearchAction\",\"target\":{\"@type\":\"EntryPoint\",\"urlTemplate\":\"https:\/\/esenssi.com\/fabrica\/?s={search_term_string}\"},\"query-input\":\"required name=search_term_string\"}],\"inLanguage\":\"es\"},{\"@type\":\"Organization\",\"@id\":\"https:\/\/esenssi.com\/fabrica\/#organization\",\"name\":\"Mayoristas de perfumer\u00eda\",\"url\":\"https:\/\/esenssi.com\/fabrica\/\",\"logo\":{\"@type\":\"ImageObject\",\"inLanguage\":\"es\",\"@id\":\"https:\/\/esenssi.com\/fabrica\/#\/schema\/logo\/image\/\",\"url\":\"https:\/\/esenssi.com\/fabrica\/wp-content\/uploads\/2021\/08\/Logotipo_Esenssi_Web.png\",\"contentUrl\":\"https:\/\/esenssi.com\/fabrica\/wp-content\/uploads\/2021\/08\/Logotipo_Esenssi_Web.png\",\"width\":295,\"height\":64,\"caption\":\"Mayoristas de perfumer\u00eda\"},\"image\":{\"@id\":\"https:\/\/esenssi.com\/fabrica\/#\/schema\/logo\/image\/\"}}]}<\/script>\n<!-- \/ Yoast SEO plugin. -->","yoast_head_json":{"title":"E038 \/ BELLA - Esenssi - Tienda Online","robots":{"index":"index","follow":"follow","max-snippet":"max-snippet:-1","max-image-preview":"max-image-preview:large","max-video-preview":"max-video-preview:-1"},"canonical":"https:\/\/esenssi.com\/fabrica\/producto\/e038-bella\/","og_locale":"es_ES","og_type":"article","og_title":"E038 \/ BELLA - Esenssi - Tienda Online","og_description":"Una fragancia sensual e innovadora que cuenta con acordes de vainilla y musk.  Notas de Salida: Pera y bergamot.  Notas de Coraz\u00f3n: flores y cuero.  Notas de Fondo: vainilla, ambar musk, vetiver.  Perfume que te despierta emociones inolvidables y te invita a vivir de manera aut\u00e9ntica y con personalidad.  Puedes ver m\u00e1s informaci\u00f3n en la imagen de su etiqueta. Acordes similares a grandes perfumes del mercado.","og_url":"https:\/\/esenssi.com\/fabrica\/producto\/e038-bella\/","og_site_name":"Esenssi - Tienda Online","article_modified_time":"2026-03-11T08:38:37+00:00","og_image":[{"width":2083,"height":2083,"url":"https:\/\/esenssi.com\/fabrica\/wp-content\/uploads\/2024\/12\/WEB-ESENSSI-E038-A-jpg.webp","type":"image\/jpeg"}],"twitter_card":"summary_large_image","schema":{"@context":"https:\/\/schema.org","@graph":[{"@type":"WebPage","@id":"https:\/\/esenssi.com\/fabrica\/producto\/e038-bella\/","url":"https:\/\/esenssi.com\/fabrica\/producto\/e038-bella\/","name":"E038 \/ BELLA - Esenssi - Tienda Online","isPartOf":{"@id":"https:\/\/esenssi.com\/fabrica\/#website"},"primaryImageOfPage":{"@id":"https:\/\/esenssi.com\/fabrica\/producto\/e038-bella\/#primaryimage"},"image":{"@id":"https:\/\/esenssi.com\/fabrica\/producto\/e038-bella\/#primaryimage"},"thumbnailUrl":"https:\/\/esenssi.com\/fabrica\/wp-content\/uploads\/2024\/12\/WEB-ESENSSI-E038-A-jpg.webp","datePublished":"2024-12-31T13:18:51+00:00","dateModified":"2026-03-11T08:38:37+00:00","breadcrumb":{"@id":"https:\/\/esenssi.com\/fabrica\/producto\/e038-bella\/#breadcrumb"},"inLanguage":"es","potentialAction":[{"@type":"ReadAction","target":["https:\/\/esenssi.com\/fabrica\/producto\/e038-bella\/"]}]},{"@type":"ImageObject","inLanguage":"es","@id":"https:\/\/esenssi.com\/fabrica\/producto\/e038-bella\/#primaryimage","url":"https:\/\/esenssi.com\/fabrica\/wp-content\/uploads\/2024\/12\/WEB-ESENSSI-E038-A-jpg.webp","contentUrl":"https:\/\/esenssi.com\/fabrica\/wp-content\/uploads\/2024\/12\/WEB-ESENSSI-E038-A-jpg.webp","width":2083,"height":2083},{"@type":"BreadcrumbList","@id":"https:\/\/esenssi.com\/fabrica\/producto\/e038-bella\/#breadcrumb","itemListElement":[{"@type":"ListItem","position":1,"name":"F\u00e1brica","item":"https:\/\/esenssi.com\/fabrica\/"},{"@type":"ListItem","position":2,"name":"Tienda","item":"https:\/\/esenssi.com\/fabrica\/tienda\/"},{"@type":"ListItem","position":3,"name":"E038 \/ BELLA"}]},{"@type":"WebSite","@id":"https:\/\/esenssi.com\/fabrica\/#website","url":"https:\/\/esenssi.com\/fabrica\/","name":"Esenssi - Tienda Online","description":"Fabricante de perfumes","publisher":{"@id":"https:\/\/esenssi.com\/fabrica\/#organization"},"alternateName":"Esenssi - Tienda Online","potentialAction":[{"@type":"SearchAction","target":{"@type":"EntryPoint","urlTemplate":"https:\/\/esenssi.com\/fabrica\/?s={search_term_string}"},"query-input":"required name=search_term_string"}],"inLanguage":"es"},{"@type":"Organization","@id":"https:\/\/esenssi.com\/fabrica\/#organization","name":"Mayoristas de perfumer\u00eda","url":"https:\/\/esenssi.com\/fabrica\/","logo":{"@type":"ImageObject","inLanguage":"es","@id":"https:\/\/esenssi.com\/fabrica\/#\/schema\/logo\/image\/","url":"https:\/\/esenssi.com\/fabrica\/wp-content\/uploads\/2021\/08\/Logotipo_Esenssi_Web.png","contentUrl":"https:\/\/esenssi.com\/fabrica\/wp-content\/uploads\/2021\/08\/Logotipo_Esenssi_Web.png","width":295,"height":64,"caption":"Mayoristas de perfumer\u00eda"},"image":{"@id":"https:\/\/esenssi.com\/fabrica\/#\/schema\/logo\/image\/"}}]}},"_links":{"self":[{"href":"https:\/\/esenssi.com\/fabrica\/wp-json\/wp\/v2\/product\/207910"}],"collection":[{"href":"https:\/\/esenssi.com\/fabrica\/wp-json\/wp\/v2\/product"}],"about":[{"href":"https:\/\/esenssi.com\/fabrica\/wp-json\/wp\/v2\/types\/product"}],"replies":[{"embeddable":true,"href":"https:\/\/esenssi.com\/fabrica\/wp-json\/wp\/v2\/comments?post=207910"}],"wp:featuredmedia":[{"embeddable":true,"href":"https:\/\/esenssi.com\/fabrica\/wp-json\/wp\/v2\/media\/223369"}],"wp:attachment":[{"href":"https:\/\/esenssi.com\/fabrica\/wp-json\/wp\/v2\/media?parent=207910"}],"wp:term":[{"taxonomy":"product_cat","embeddable":true,"href":"https:\/\/esenssi.com\/fabrica\/wp-json\/wp\/v2\/product_cat?post=207910"},{"taxonomy":"product_tag","embeddable":true,"href":"https:\/\/esenssi.com\/fabrica\/wp-json\/wp\/v2\/product_tag?post=207910"}],"curies":[{"name":"wp","href":"https:\/\/api.w.org\/{rel}","templated":true}]}}