{"id":209872,"date":"2025-04-04T16:26:18","date_gmt":"2025-04-04T14:26:18","guid":{"rendered":"https:\/\/esenssi.com\/fabrica\/?post_type=product&#038;p=209872"},"modified":"2026-03-11T10:35:54","modified_gmt":"2026-03-11T08:35:54","slug":"n66-costa-neroli","status":"publish","type":"product","link":"https:\/\/esenssi.com\/fabrica\/producto\/n66-costa-neroli\/","title":{"rendered":"N66 COSTA NEROLI"},"content":{"rendered":"<h3><strong>\u00bfENVASADO O A GRANEL?<\/strong><\/h3>\n<p>El mayor margen de beneficio que se da en este modelo de perfumer\u00eda es la venta a granel en las pr\u00e1cticas frascas de 1L con su etiquetado.<\/p>\n<p>Para este tipo de ventas, te ofrecemos diferentes modelos de envases, v\u00e1lvulas y etiquetas, y todos los \u00fatiles necesarios, como tiras secantes, probadores,&#8230;<\/p>\n<p>Lo m\u00e1s vendido actualmente, junto con el perfume, es la crema corporal perfumada del mismo aroma o solo de esencias puras.<\/p>\n<p>Conseguir\u00e1s con ello, que tu cliente tenga una l\u00ednea especial perfumada que doblar\u00e1 la intensidad del aroma en su cuerpo.<\/p>\n<p>Puedes completar esta l\u00ednea de aroma perfumando tus espacios a trav\u00e9s del ambientador en spray, brumas de ambiente, mikados, etc.<br \/>\n<!--rose musk de Montale--><\/p>\n<p>&nbsp;<\/p>\n<p>&lt;!&#8211;Caffe Ros\u00e9 Tom Ford&#8211;&gt;<\/p>\n","protected":false},"excerpt":{"rendered":"<p>Las notas de salida son: bergamota, mandarina, lim\u00f3n (lima \u00e1cida), naranja amarga, lavanda, romero y mirto.<\/p>\n<p>Las notas de coraz\u00f3n son: flor del naranjo africano, neroli, jazm\u00edn y azahar.<\/p>\n<p>Las notas de fondo son:\u00a0 \u00e1mbar, ang\u00e9lica y almizcle.<\/p>\n<p>Larga duraci\u00f3n y m\u00e1xima intensidad garantizada en esta edici\u00f3n limitada.<\/p>\n<p>Perfume con acordes similares a Neroli Portofino, Creed Adventus, Black.<\/p>\n","protected":false},"featured_media":210105,"comment_status":"open","ping_status":"closed","template":"","meta":{"content-type":"","_joinchat":[]},"product_cat":[1025,1238,1234,1024,1306,1687],"product_tag":[1287,1771,1241,1301,1258],"class_list":{"0":"post-209872","1":"product","2":"type-product","3":"status-publish","4":"has-post-thumbnail","6":"product_cat-perfumes-femeninos","7":"product_cat-nicho","8":"product_cat-perfumes","9":"product_cat-a-granel","10":"product_cat-perfumes-nicho-mujer","11":"product_cat-san-valentin","12":"product_tag-linea-niss","13":"product_tag-neroli-portino","14":"product_tag-nicho","15":"product_tag-primavera","16":"product_tag-rosa","18":"first","19":"instock","20":"featured","21":"taxable","22":"shipping-taxable","23":"product-type-variable"},"yoast_head":"<!-- This site is optimized with the Yoast SEO plugin v23.3 - https:\/\/yoast.com\/wordpress\/plugins\/seo\/ -->\n<title>N66 COSTA NEROLI - Esenssi - Tienda Online<\/title>\n<meta name=\"description\" content=\"NEROLI PORTINO\" \/>\n<meta name=\"robots\" content=\"index, follow, max-snippet:-1, max-image-preview:large, max-video-preview:-1\" \/>\n<link rel=\"canonical\" href=\"https:\/\/esenssi.com\/fabrica\/producto\/n66-costa-neroli\/\" \/>\n<meta property=\"og:locale\" content=\"es_ES\" \/>\n<meta property=\"og:type\" content=\"article\" \/>\n<meta property=\"og:title\" content=\"N66 COSTA NEROLI - Esenssi - Tienda Online\" \/>\n<meta property=\"og:description\" content=\"NEROLI PORTINO\" \/>\n<meta property=\"og:url\" content=\"https:\/\/esenssi.com\/fabrica\/producto\/n66-costa-neroli\/\" \/>\n<meta property=\"og:site_name\" content=\"Esenssi - Tienda Online\" \/>\n<meta property=\"article:modified_time\" content=\"2026-03-11T08:35:54+00:00\" \/>\n<meta property=\"og:image\" content=\"https:\/\/esenssi.com\/fabrica\/wp-content\/uploads\/2025\/04\/PRODUCTO-N66-jpg.webp\" \/>\n\t<meta property=\"og:image:width\" content=\"500\" \/>\n\t<meta property=\"og:image:height\" content=\"500\" \/>\n\t<meta property=\"og:image:type\" content=\"image\/jpeg\" \/>\n<meta name=\"twitter:card\" content=\"summary_large_image\" \/>\n<script type=\"application\/ld+json\" class=\"yoast-schema-graph\">{\"@context\":\"https:\/\/schema.org\",\"@graph\":[{\"@type\":\"WebPage\",\"@id\":\"https:\/\/esenssi.com\/fabrica\/producto\/n66-costa-neroli\/\",\"url\":\"https:\/\/esenssi.com\/fabrica\/producto\/n66-costa-neroli\/\",\"name\":\"N66 COSTA NEROLI - Esenssi - Tienda Online\",\"isPartOf\":{\"@id\":\"https:\/\/esenssi.com\/fabrica\/#website\"},\"primaryImageOfPage\":{\"@id\":\"https:\/\/esenssi.com\/fabrica\/producto\/n66-costa-neroli\/#primaryimage\"},\"image\":{\"@id\":\"https:\/\/esenssi.com\/fabrica\/producto\/n66-costa-neroli\/#primaryimage\"},\"thumbnailUrl\":\"https:\/\/esenssi.com\/fabrica\/wp-content\/uploads\/2025\/04\/PRODUCTO-N66-jpg.webp\",\"datePublished\":\"2025-04-04T14:26:18+00:00\",\"dateModified\":\"2026-03-11T08:35:54+00:00\",\"description\":\"NEROLI PORTINO\",\"breadcrumb\":{\"@id\":\"https:\/\/esenssi.com\/fabrica\/producto\/n66-costa-neroli\/#breadcrumb\"},\"inLanguage\":\"es\",\"potentialAction\":[{\"@type\":\"ReadAction\",\"target\":[\"https:\/\/esenssi.com\/fabrica\/producto\/n66-costa-neroli\/\"]}]},{\"@type\":\"ImageObject\",\"inLanguage\":\"es\",\"@id\":\"https:\/\/esenssi.com\/fabrica\/producto\/n66-costa-neroli\/#primaryimage\",\"url\":\"https:\/\/esenssi.com\/fabrica\/wp-content\/uploads\/2025\/04\/PRODUCTO-N66-jpg.webp\",\"contentUrl\":\"https:\/\/esenssi.com\/fabrica\/wp-content\/uploads\/2025\/04\/PRODUCTO-N66-jpg.webp\",\"width\":500,\"height\":500},{\"@type\":\"BreadcrumbList\",\"@id\":\"https:\/\/esenssi.com\/fabrica\/producto\/n66-costa-neroli\/#breadcrumb\",\"itemListElement\":[{\"@type\":\"ListItem\",\"position\":1,\"name\":\"F\u00e1brica\",\"item\":\"https:\/\/esenssi.com\/fabrica\/\"},{\"@type\":\"ListItem\",\"position\":2,\"name\":\"Tienda\",\"item\":\"https:\/\/esenssi.com\/fabrica\/tienda\/\"},{\"@type\":\"ListItem\",\"position\":3,\"name\":\"N66 COSTA NEROLI\"}]},{\"@type\":\"WebSite\",\"@id\":\"https:\/\/esenssi.com\/fabrica\/#website\",\"url\":\"https:\/\/esenssi.com\/fabrica\/\",\"name\":\"Esenssi - Tienda Online\",\"description\":\"Fabricante de perfumes\",\"publisher\":{\"@id\":\"https:\/\/esenssi.com\/fabrica\/#organization\"},\"alternateName\":\"Esenssi - Tienda Online\",\"potentialAction\":[{\"@type\":\"SearchAction\",\"target\":{\"@type\":\"EntryPoint\",\"urlTemplate\":\"https:\/\/esenssi.com\/fabrica\/?s={search_term_string}\"},\"query-input\":\"required name=search_term_string\"}],\"inLanguage\":\"es\"},{\"@type\":\"Organization\",\"@id\":\"https:\/\/esenssi.com\/fabrica\/#organization\",\"name\":\"Mayoristas de perfumer\u00eda\",\"url\":\"https:\/\/esenssi.com\/fabrica\/\",\"logo\":{\"@type\":\"ImageObject\",\"inLanguage\":\"es\",\"@id\":\"https:\/\/esenssi.com\/fabrica\/#\/schema\/logo\/image\/\",\"url\":\"https:\/\/esenssi.com\/fabrica\/wp-content\/uploads\/2021\/08\/Logotipo_Esenssi_Web.png\",\"contentUrl\":\"https:\/\/esenssi.com\/fabrica\/wp-content\/uploads\/2021\/08\/Logotipo_Esenssi_Web.png\",\"width\":295,\"height\":64,\"caption\":\"Mayoristas de perfumer\u00eda\"},\"image\":{\"@id\":\"https:\/\/esenssi.com\/fabrica\/#\/schema\/logo\/image\/\"}}]}<\/script>\n<!-- \/ Yoast SEO plugin. -->","yoast_head_json":{"title":"N66 COSTA NEROLI - Esenssi - Tienda Online","description":"NEROLI PORTINO","robots":{"index":"index","follow":"follow","max-snippet":"max-snippet:-1","max-image-preview":"max-image-preview:large","max-video-preview":"max-video-preview:-1"},"canonical":"https:\/\/esenssi.com\/fabrica\/producto\/n66-costa-neroli\/","og_locale":"es_ES","og_type":"article","og_title":"N66 COSTA NEROLI - Esenssi - Tienda Online","og_description":"NEROLI PORTINO","og_url":"https:\/\/esenssi.com\/fabrica\/producto\/n66-costa-neroli\/","og_site_name":"Esenssi - Tienda Online","article_modified_time":"2026-03-11T08:35:54+00:00","og_image":[{"width":500,"height":500,"url":"https:\/\/esenssi.com\/fabrica\/wp-content\/uploads\/2025\/04\/PRODUCTO-N66-jpg.webp","type":"image\/jpeg"}],"twitter_card":"summary_large_image","schema":{"@context":"https:\/\/schema.org","@graph":[{"@type":"WebPage","@id":"https:\/\/esenssi.com\/fabrica\/producto\/n66-costa-neroli\/","url":"https:\/\/esenssi.com\/fabrica\/producto\/n66-costa-neroli\/","name":"N66 COSTA NEROLI - Esenssi - Tienda Online","isPartOf":{"@id":"https:\/\/esenssi.com\/fabrica\/#website"},"primaryImageOfPage":{"@id":"https:\/\/esenssi.com\/fabrica\/producto\/n66-costa-neroli\/#primaryimage"},"image":{"@id":"https:\/\/esenssi.com\/fabrica\/producto\/n66-costa-neroli\/#primaryimage"},"thumbnailUrl":"https:\/\/esenssi.com\/fabrica\/wp-content\/uploads\/2025\/04\/PRODUCTO-N66-jpg.webp","datePublished":"2025-04-04T14:26:18+00:00","dateModified":"2026-03-11T08:35:54+00:00","description":"NEROLI PORTINO","breadcrumb":{"@id":"https:\/\/esenssi.com\/fabrica\/producto\/n66-costa-neroli\/#breadcrumb"},"inLanguage":"es","potentialAction":[{"@type":"ReadAction","target":["https:\/\/esenssi.com\/fabrica\/producto\/n66-costa-neroli\/"]}]},{"@type":"ImageObject","inLanguage":"es","@id":"https:\/\/esenssi.com\/fabrica\/producto\/n66-costa-neroli\/#primaryimage","url":"https:\/\/esenssi.com\/fabrica\/wp-content\/uploads\/2025\/04\/PRODUCTO-N66-jpg.webp","contentUrl":"https:\/\/esenssi.com\/fabrica\/wp-content\/uploads\/2025\/04\/PRODUCTO-N66-jpg.webp","width":500,"height":500},{"@type":"BreadcrumbList","@id":"https:\/\/esenssi.com\/fabrica\/producto\/n66-costa-neroli\/#breadcrumb","itemListElement":[{"@type":"ListItem","position":1,"name":"F\u00e1brica","item":"https:\/\/esenssi.com\/fabrica\/"},{"@type":"ListItem","position":2,"name":"Tienda","item":"https:\/\/esenssi.com\/fabrica\/tienda\/"},{"@type":"ListItem","position":3,"name":"N66 COSTA NEROLI"}]},{"@type":"WebSite","@id":"https:\/\/esenssi.com\/fabrica\/#website","url":"https:\/\/esenssi.com\/fabrica\/","name":"Esenssi - Tienda Online","description":"Fabricante de perfumes","publisher":{"@id":"https:\/\/esenssi.com\/fabrica\/#organization"},"alternateName":"Esenssi - Tienda Online","potentialAction":[{"@type":"SearchAction","target":{"@type":"EntryPoint","urlTemplate":"https:\/\/esenssi.com\/fabrica\/?s={search_term_string}"},"query-input":"required name=search_term_string"}],"inLanguage":"es"},{"@type":"Organization","@id":"https:\/\/esenssi.com\/fabrica\/#organization","name":"Mayoristas de perfumer\u00eda","url":"https:\/\/esenssi.com\/fabrica\/","logo":{"@type":"ImageObject","inLanguage":"es","@id":"https:\/\/esenssi.com\/fabrica\/#\/schema\/logo\/image\/","url":"https:\/\/esenssi.com\/fabrica\/wp-content\/uploads\/2021\/08\/Logotipo_Esenssi_Web.png","contentUrl":"https:\/\/esenssi.com\/fabrica\/wp-content\/uploads\/2021\/08\/Logotipo_Esenssi_Web.png","width":295,"height":64,"caption":"Mayoristas de perfumer\u00eda"},"image":{"@id":"https:\/\/esenssi.com\/fabrica\/#\/schema\/logo\/image\/"}}]}},"_links":{"self":[{"href":"https:\/\/esenssi.com\/fabrica\/wp-json\/wp\/v2\/product\/209872"}],"collection":[{"href":"https:\/\/esenssi.com\/fabrica\/wp-json\/wp\/v2\/product"}],"about":[{"href":"https:\/\/esenssi.com\/fabrica\/wp-json\/wp\/v2\/types\/product"}],"replies":[{"embeddable":true,"href":"https:\/\/esenssi.com\/fabrica\/wp-json\/wp\/v2\/comments?post=209872"}],"wp:featuredmedia":[{"embeddable":true,"href":"https:\/\/esenssi.com\/fabrica\/wp-json\/wp\/v2\/media\/210105"}],"wp:attachment":[{"href":"https:\/\/esenssi.com\/fabrica\/wp-json\/wp\/v2\/media?parent=209872"}],"wp:term":[{"taxonomy":"product_cat","embeddable":true,"href":"https:\/\/esenssi.com\/fabrica\/wp-json\/wp\/v2\/product_cat?post=209872"},{"taxonomy":"product_tag","embeddable":true,"href":"https:\/\/esenssi.com\/fabrica\/wp-json\/wp\/v2\/product_tag?post=209872"}],"curies":[{"name":"wp","href":"https:\/\/api.w.org\/{rel}","templated":true}]}}