{"id":41971,"date":"2018-04-26T12:37:43","date_gmt":"2018-04-26T12:37:43","guid":{"rendered":"https:\/\/esenssi.com\/fabrica\/producto\/pack-8-bolas-de-aromas\/"},"modified":"2024-06-28T13:06:24","modified_gmt":"2024-06-28T11:06:24","slug":"pack-8-bolas-de-aromas","status":"publish","type":"product","link":"https:\/\/esenssi.com\/fabrica\/producto\/pack-8-bolas-de-aromas\/","title":{"rendered":"Bolas de Aromas Nature"},"content":{"rendered":"<p>Las propiedades absorbentes de la madera hacen que al sumergir las bolas de madera en esencia, especialmente formulada, el aroma permanezca y ambiente durante semanas. Son perfectas para perfumar armarios, cajones o cualquier otro peque\u00f1o espacio.<\/p>\n<h3><strong>\u00bfENVASADO O A GRANEL?<\/strong><\/h3>\n<p>Puedes tener este original m\u00e9todo de ambientaci\u00f3n a granel en botes de 55 unidades y venderlo a tus clientes en las especiales bolsitas de rafia que componen esta l\u00ednea o en otras que tu elijas. En las cantidades que el cliente quiera.<\/p>\n<p>O puedes vender estas bolas de madera perfumadas en los packs que te ofrecemos ya con su bolsita.<\/p>\n<p>Aprov\u00e9chate de un precio especial de lanzamiento con los <a href=\"https:\/\/esenssi.com\/producto\/pack-apertura-nature\/\">packs<\/a> de la <a href=\"https:\/\/esenssi.com\/fabrica\/ambientacion-granel\/\">l\u00ednea Nature<\/a>.<\/p>\n","protected":false},"excerpt":{"rendered":"<p>Bolas de madera perfumadas. El origen de los ambientadores naturales. Ideal para perfumar peque\u00f1os espacios, armarios, cajones, coche.<\/p>\n<p>Disponibles en diferentes aromas para elegir<\/p>\n","protected":false},"featured_media":142398,"comment_status":"open","ping_status":"closed","template":"","meta":{"content-type":"","_joinchat":[]},"product_cat":[1007,1222],"product_tag":[1239],"class_list":{"0":"post-41971","1":"product","2":"type-product","3":"status-publish","4":"has-post-thumbnail","6":"product_cat-ambientacion-granel","7":"product_cat-difusores-esencias","8":"product_tag-nature","9":"pa_seleccionar-fragancia-chocolate-naranja","11":"first","12":"instock","13":"taxable","14":"shipping-taxable","15":"product-type-variable"},"yoast_head":"<!-- This site is optimized with the Yoast SEO plugin v23.3 - https:\/\/yoast.com\/wordpress\/plugins\/seo\/ -->\n<title>Bolas de Aromas Nature - Esenssi - Tienda Online<\/title>\n<meta name=\"description\" content=\"Descubre las Bolas de Aromas Nature de Esenssi. Perfuma armarios y espacios peque\u00f1os de forma natural y duradera. \u00a1Compra ahora!\" \/>\n<meta name=\"robots\" content=\"index, follow, max-snippet:-1, max-image-preview:large, max-video-preview:-1\" \/>\n<link rel=\"canonical\" href=\"https:\/\/esenssi.com\/fabrica\/producto\/pack-8-bolas-de-aromas\/\" \/>\n<meta property=\"og:locale\" content=\"es_ES\" \/>\n<meta property=\"og:type\" content=\"article\" \/>\n<meta property=\"og:title\" content=\"Bolas de Aromas Nature - Esenssi - Tienda Online\" \/>\n<meta property=\"og:description\" content=\"Descubre las Bolas de Aromas Nature de Esenssi. Perfuma armarios y espacios peque\u00f1os de forma natural y duradera. \u00a1Compra ahora!\" \/>\n<meta property=\"og:url\" content=\"https:\/\/esenssi.com\/fabrica\/producto\/pack-8-bolas-de-aromas\/\" \/>\n<meta property=\"og:site_name\" content=\"Esenssi - Tienda Online\" \/>\n<meta property=\"article:modified_time\" content=\"2024-06-28T11:06:24+00:00\" \/>\n<meta property=\"og:image\" content=\"https:\/\/esenssi.com\/fabrica\/wp-content\/uploads\/2018\/04\/Bolsa.jpg\" \/>\n\t<meta property=\"og:image:width\" content=\"600\" \/>\n\t<meta property=\"og:image:height\" content=\"600\" \/>\n\t<meta property=\"og:image:type\" content=\"image\/jpeg\" \/>\n<meta name=\"twitter:card\" content=\"summary_large_image\" \/>\n<script type=\"application\/ld+json\" class=\"yoast-schema-graph\">{\"@context\":\"https:\/\/schema.org\",\"@graph\":[{\"@type\":\"WebPage\",\"@id\":\"https:\/\/esenssi.com\/fabrica\/producto\/pack-8-bolas-de-aromas\/\",\"url\":\"https:\/\/esenssi.com\/fabrica\/producto\/pack-8-bolas-de-aromas\/\",\"name\":\"Bolas de Aromas Nature - Esenssi - Tienda Online\",\"isPartOf\":{\"@id\":\"https:\/\/esenssi.com\/fabrica\/#website\"},\"primaryImageOfPage\":{\"@id\":\"https:\/\/esenssi.com\/fabrica\/producto\/pack-8-bolas-de-aromas\/#primaryimage\"},\"image\":{\"@id\":\"https:\/\/esenssi.com\/fabrica\/producto\/pack-8-bolas-de-aromas\/#primaryimage\"},\"thumbnailUrl\":\"https:\/\/esenssi.com\/fabrica\/wp-content\/uploads\/2018\/04\/Bolsa.jpg\",\"datePublished\":\"2018-04-26T12:37:43+00:00\",\"dateModified\":\"2024-06-28T11:06:24+00:00\",\"description\":\"Descubre las Bolas de Aromas Nature de Esenssi. Perfuma armarios y espacios peque\u00f1os de forma natural y duradera. \u00a1Compra ahora!\",\"breadcrumb\":{\"@id\":\"https:\/\/esenssi.com\/fabrica\/producto\/pack-8-bolas-de-aromas\/#breadcrumb\"},\"inLanguage\":\"es\",\"potentialAction\":[{\"@type\":\"ReadAction\",\"target\":[\"https:\/\/esenssi.com\/fabrica\/producto\/pack-8-bolas-de-aromas\/\"]}]},{\"@type\":\"ImageObject\",\"inLanguage\":\"es\",\"@id\":\"https:\/\/esenssi.com\/fabrica\/producto\/pack-8-bolas-de-aromas\/#primaryimage\",\"url\":\"https:\/\/esenssi.com\/fabrica\/wp-content\/uploads\/2018\/04\/Bolsa.jpg\",\"contentUrl\":\"https:\/\/esenssi.com\/fabrica\/wp-content\/uploads\/2018\/04\/Bolsa.jpg\",\"width\":600,\"height\":600},{\"@type\":\"BreadcrumbList\",\"@id\":\"https:\/\/esenssi.com\/fabrica\/producto\/pack-8-bolas-de-aromas\/#breadcrumb\",\"itemListElement\":[{\"@type\":\"ListItem\",\"position\":1,\"name\":\"F\u00e1brica\",\"item\":\"https:\/\/esenssi.com\/fabrica\/\"},{\"@type\":\"ListItem\",\"position\":2,\"name\":\"Tienda\",\"item\":\"https:\/\/esenssi.com\/fabrica\/tienda\/\"},{\"@type\":\"ListItem\",\"position\":3,\"name\":\"Bolas de Aromas Nature\"}]},{\"@type\":\"WebSite\",\"@id\":\"https:\/\/esenssi.com\/fabrica\/#website\",\"url\":\"https:\/\/esenssi.com\/fabrica\/\",\"name\":\"Esenssi - Tienda Online\",\"description\":\"Fabricante de perfumes\",\"publisher\":{\"@id\":\"https:\/\/esenssi.com\/fabrica\/#organization\"},\"alternateName\":\"Esenssi - Tienda Online\",\"potentialAction\":[{\"@type\":\"SearchAction\",\"target\":{\"@type\":\"EntryPoint\",\"urlTemplate\":\"https:\/\/esenssi.com\/fabrica\/?s={search_term_string}\"},\"query-input\":\"required name=search_term_string\"}],\"inLanguage\":\"es\"},{\"@type\":\"Organization\",\"@id\":\"https:\/\/esenssi.com\/fabrica\/#organization\",\"name\":\"Mayoristas de perfumer\u00eda\",\"url\":\"https:\/\/esenssi.com\/fabrica\/\",\"logo\":{\"@type\":\"ImageObject\",\"inLanguage\":\"es\",\"@id\":\"https:\/\/esenssi.com\/fabrica\/#\/schema\/logo\/image\/\",\"url\":\"https:\/\/esenssi.com\/fabrica\/wp-content\/uploads\/2021\/08\/Logotipo_Esenssi_Web.png\",\"contentUrl\":\"https:\/\/esenssi.com\/fabrica\/wp-content\/uploads\/2021\/08\/Logotipo_Esenssi_Web.png\",\"width\":295,\"height\":64,\"caption\":\"Mayoristas de perfumer\u00eda\"},\"image\":{\"@id\":\"https:\/\/esenssi.com\/fabrica\/#\/schema\/logo\/image\/\"}}]}<\/script>\n<!-- \/ Yoast SEO plugin. -->","yoast_head_json":{"title":"Bolas de Aromas Nature - Esenssi - Tienda Online","description":"Descubre las Bolas de Aromas Nature de Esenssi. Perfuma armarios y espacios peque\u00f1os de forma natural y duradera. \u00a1Compra ahora!","robots":{"index":"index","follow":"follow","max-snippet":"max-snippet:-1","max-image-preview":"max-image-preview:large","max-video-preview":"max-video-preview:-1"},"canonical":"https:\/\/esenssi.com\/fabrica\/producto\/pack-8-bolas-de-aromas\/","og_locale":"es_ES","og_type":"article","og_title":"Bolas de Aromas Nature - Esenssi - Tienda Online","og_description":"Descubre las Bolas de Aromas Nature de Esenssi. Perfuma armarios y espacios peque\u00f1os de forma natural y duradera. \u00a1Compra ahora!","og_url":"https:\/\/esenssi.com\/fabrica\/producto\/pack-8-bolas-de-aromas\/","og_site_name":"Esenssi - Tienda Online","article_modified_time":"2024-06-28T11:06:24+00:00","og_image":[{"width":600,"height":600,"url":"https:\/\/esenssi.com\/fabrica\/wp-content\/uploads\/2018\/04\/Bolsa.jpg","type":"image\/jpeg"}],"twitter_card":"summary_large_image","schema":{"@context":"https:\/\/schema.org","@graph":[{"@type":"WebPage","@id":"https:\/\/esenssi.com\/fabrica\/producto\/pack-8-bolas-de-aromas\/","url":"https:\/\/esenssi.com\/fabrica\/producto\/pack-8-bolas-de-aromas\/","name":"Bolas de Aromas Nature - Esenssi - Tienda Online","isPartOf":{"@id":"https:\/\/esenssi.com\/fabrica\/#website"},"primaryImageOfPage":{"@id":"https:\/\/esenssi.com\/fabrica\/producto\/pack-8-bolas-de-aromas\/#primaryimage"},"image":{"@id":"https:\/\/esenssi.com\/fabrica\/producto\/pack-8-bolas-de-aromas\/#primaryimage"},"thumbnailUrl":"https:\/\/esenssi.com\/fabrica\/wp-content\/uploads\/2018\/04\/Bolsa.jpg","datePublished":"2018-04-26T12:37:43+00:00","dateModified":"2024-06-28T11:06:24+00:00","description":"Descubre las Bolas de Aromas Nature de Esenssi. Perfuma armarios y espacios peque\u00f1os de forma natural y duradera. \u00a1Compra ahora!","breadcrumb":{"@id":"https:\/\/esenssi.com\/fabrica\/producto\/pack-8-bolas-de-aromas\/#breadcrumb"},"inLanguage":"es","potentialAction":[{"@type":"ReadAction","target":["https:\/\/esenssi.com\/fabrica\/producto\/pack-8-bolas-de-aromas\/"]}]},{"@type":"ImageObject","inLanguage":"es","@id":"https:\/\/esenssi.com\/fabrica\/producto\/pack-8-bolas-de-aromas\/#primaryimage","url":"https:\/\/esenssi.com\/fabrica\/wp-content\/uploads\/2018\/04\/Bolsa.jpg","contentUrl":"https:\/\/esenssi.com\/fabrica\/wp-content\/uploads\/2018\/04\/Bolsa.jpg","width":600,"height":600},{"@type":"BreadcrumbList","@id":"https:\/\/esenssi.com\/fabrica\/producto\/pack-8-bolas-de-aromas\/#breadcrumb","itemListElement":[{"@type":"ListItem","position":1,"name":"F\u00e1brica","item":"https:\/\/esenssi.com\/fabrica\/"},{"@type":"ListItem","position":2,"name":"Tienda","item":"https:\/\/esenssi.com\/fabrica\/tienda\/"},{"@type":"ListItem","position":3,"name":"Bolas de Aromas Nature"}]},{"@type":"WebSite","@id":"https:\/\/esenssi.com\/fabrica\/#website","url":"https:\/\/esenssi.com\/fabrica\/","name":"Esenssi - Tienda Online","description":"Fabricante de perfumes","publisher":{"@id":"https:\/\/esenssi.com\/fabrica\/#organization"},"alternateName":"Esenssi - Tienda Online","potentialAction":[{"@type":"SearchAction","target":{"@type":"EntryPoint","urlTemplate":"https:\/\/esenssi.com\/fabrica\/?s={search_term_string}"},"query-input":"required name=search_term_string"}],"inLanguage":"es"},{"@type":"Organization","@id":"https:\/\/esenssi.com\/fabrica\/#organization","name":"Mayoristas de perfumer\u00eda","url":"https:\/\/esenssi.com\/fabrica\/","logo":{"@type":"ImageObject","inLanguage":"es","@id":"https:\/\/esenssi.com\/fabrica\/#\/schema\/logo\/image\/","url":"https:\/\/esenssi.com\/fabrica\/wp-content\/uploads\/2021\/08\/Logotipo_Esenssi_Web.png","contentUrl":"https:\/\/esenssi.com\/fabrica\/wp-content\/uploads\/2021\/08\/Logotipo_Esenssi_Web.png","width":295,"height":64,"caption":"Mayoristas de perfumer\u00eda"},"image":{"@id":"https:\/\/esenssi.com\/fabrica\/#\/schema\/logo\/image\/"}}]}},"_links":{"self":[{"href":"https:\/\/esenssi.com\/fabrica\/wp-json\/wp\/v2\/product\/41971"}],"collection":[{"href":"https:\/\/esenssi.com\/fabrica\/wp-json\/wp\/v2\/product"}],"about":[{"href":"https:\/\/esenssi.com\/fabrica\/wp-json\/wp\/v2\/types\/product"}],"replies":[{"embeddable":true,"href":"https:\/\/esenssi.com\/fabrica\/wp-json\/wp\/v2\/comments?post=41971"}],"wp:featuredmedia":[{"embeddable":true,"href":"https:\/\/esenssi.com\/fabrica\/wp-json\/wp\/v2\/media\/142398"}],"wp:attachment":[{"href":"https:\/\/esenssi.com\/fabrica\/wp-json\/wp\/v2\/media?parent=41971"}],"wp:term":[{"taxonomy":"product_cat","embeddable":true,"href":"https:\/\/esenssi.com\/fabrica\/wp-json\/wp\/v2\/product_cat?post=41971"},{"taxonomy":"product_tag","embeddable":true,"href":"https:\/\/esenssi.com\/fabrica\/wp-json\/wp\/v2\/product_tag?post=41971"}],"curies":[{"name":"wp","href":"https:\/\/api.w.org\/{rel}","templated":true}]}}