{"id":41976,"date":"2018-05-03T08:25:55","date_gmt":"2018-05-03T08:25:55","guid":{"rendered":"https:\/\/esenssi.com\/fabrica\/producto\/expositor-ambientacion-cuidado-corporal\/"},"modified":"2024-05-06T12:53:08","modified_gmt":"2024-05-06T10:53:08","slug":"expositor-perfumeria-personalizado","status":"publish","type":"product","link":"https:\/\/esenssi.com\/fabrica\/producto\/expositor-perfumeria-personalizado\/","title":{"rendered":"Expositor PERSONALIZADO"},"content":{"rendered":"<p>Expositor completo de perfume o combinado con l\u00ednea corporal.<\/p>\n<p><em>Incluye Muestras\u00a0<\/em><\/p>\n<p><em>PUEDES COMBINAR LOS PRODUCTOS A TU GUSTO. CONSULTA LOS CAMBIOS DESEADOS<\/em><\/p>\n<p>Los precios variar\u00e1n seg\u00fan contenido y personalizaci\u00f3n final &#8211; consulta con tu comercial<\/p>\n<p><strong>MEDIDAS:<\/strong><\/p>\n<p>2 METROS DE ALTO X 1 METRO DE ANCHO X 40 CM DE FONDO<\/p>\n<p><strong>PRODUCCI\u00d3N Y ENTREGA:<\/strong><\/p>\n<p>El tiempo para producci\u00f3n y entrega de los expositores ser\u00e1 de unos 10 d\u00edas h\u00e1biles<\/p>\n","protected":false},"excerpt":{"rendered":"<p>Dise\u00f1a tu propio expositor con los colores de tu establecimiento o marca. Con tu logo en la parte superior y con la combinaci\u00f3n de productos que desees.<\/p>\n<p>Hay muchas posibilidades de combinaciones:<\/p>\n<p>Solo perfumes, solo l\u00edneas corporales o de ambientaci\u00f3n, o una combinaci\u00f3n de dos o m\u00e1s de estas l\u00edneas de productos.<\/p>\n<p>La rentabilidad esta garantizada. P\u00eddenos presupuesto y te haremos un dise\u00f1o a tu medida sin compromiso.<\/p>\n<p>Consulta precio final con tu comercial<\/p>\n","protected":false},"featured_media":142158,"comment_status":"open","ping_status":"closed","template":"","meta":{"content-type":"","_joinchat":[]},"product_cat":[1009],"product_tag":[],"class_list":{"0":"post-41976","1":"product","2":"type-product","3":"status-publish","4":"has-post-thumbnail","6":"product_cat-expositores","8":"first","9":"instock","10":"taxable","11":"shipping-taxable","12":"product-type-simple"},"yoast_head":"<!-- This site is optimized with the Yoast SEO plugin v23.3 - https:\/\/yoast.com\/wordpress\/plugins\/seo\/ -->\n<title>Expositor PERSONALIZADO - Esenssi - Tienda Online<\/title>\n<meta name=\"robots\" content=\"noindex, nofollow\" \/>\n<meta property=\"og:locale\" content=\"es_ES\" \/>\n<meta property=\"og:type\" content=\"article\" \/>\n<meta property=\"og:title\" content=\"Expositor PERSONALIZADO - Esenssi - Tienda Online\" \/>\n<meta property=\"og:description\" content=\"Dise\u00f1a tu propio expositor con los colores de tu establecimiento o marca. Con tu logo en la parte superior y con la combinaci\u00f3n de productos que desees.  Hay muchas posibilidades de combinaciones:  Solo perfumes, solo l\u00edneas corporales o de ambientaci\u00f3n, o una combinaci\u00f3n de dos o m\u00e1s de estas l\u00edneas de productos.  La rentabilidad esta garantizada. P\u00eddenos presupuesto y te haremos un dise\u00f1o a tu medida sin compromiso.  Consulta precio final con tu comercial\" \/>\n<meta property=\"og:url\" content=\"https:\/\/esenssi.com\/fabrica\/producto\/expositor-perfumeria-personalizado\/\" \/>\n<meta property=\"og:site_name\" content=\"Esenssi - Tienda Online\" \/>\n<meta property=\"article:modified_time\" content=\"2024-05-06T10:53:08+00:00\" \/>\n<meta property=\"og:image\" content=\"https:\/\/esenssi.com\/fabrica\/wp-content\/uploads\/2018\/05\/PERSONALIZADO-2.jpg\" \/>\n\t<meta property=\"og:image:width\" content=\"600\" \/>\n\t<meta property=\"og:image:height\" content=\"600\" \/>\n\t<meta property=\"og:image:type\" content=\"image\/jpeg\" \/>\n<meta name=\"twitter:card\" content=\"summary_large_image\" \/>\n<script type=\"application\/ld+json\" class=\"yoast-schema-graph\">{\"@context\":\"https:\/\/schema.org\",\"@graph\":[{\"@type\":\"WebPage\",\"@id\":\"https:\/\/esenssi.com\/fabrica\/producto\/expositor-perfumeria-personalizado\/\",\"url\":\"https:\/\/esenssi.com\/fabrica\/producto\/expositor-perfumeria-personalizado\/\",\"name\":\"Expositor PERSONALIZADO - Esenssi - Tienda Online\",\"isPartOf\":{\"@id\":\"https:\/\/esenssi.com\/fabrica\/#website\"},\"primaryImageOfPage\":{\"@id\":\"https:\/\/esenssi.com\/fabrica\/producto\/expositor-perfumeria-personalizado\/#primaryimage\"},\"image\":{\"@id\":\"https:\/\/esenssi.com\/fabrica\/producto\/expositor-perfumeria-personalizado\/#primaryimage\"},\"thumbnailUrl\":\"https:\/\/esenssi.com\/fabrica\/wp-content\/uploads\/2018\/05\/PERSONALIZADO-2.jpg\",\"datePublished\":\"2018-05-03T08:25:55+00:00\",\"dateModified\":\"2024-05-06T10:53:08+00:00\",\"breadcrumb\":{\"@id\":\"https:\/\/esenssi.com\/fabrica\/producto\/expositor-perfumeria-personalizado\/#breadcrumb\"},\"inLanguage\":\"es\",\"potentialAction\":[{\"@type\":\"ReadAction\",\"target\":[\"https:\/\/esenssi.com\/fabrica\/producto\/expositor-perfumeria-personalizado\/\"]}]},{\"@type\":\"ImageObject\",\"inLanguage\":\"es\",\"@id\":\"https:\/\/esenssi.com\/fabrica\/producto\/expositor-perfumeria-personalizado\/#primaryimage\",\"url\":\"https:\/\/esenssi.com\/fabrica\/wp-content\/uploads\/2018\/05\/PERSONALIZADO-2.jpg\",\"contentUrl\":\"https:\/\/esenssi.com\/fabrica\/wp-content\/uploads\/2018\/05\/PERSONALIZADO-2.jpg\",\"width\":600,\"height\":600},{\"@type\":\"BreadcrumbList\",\"@id\":\"https:\/\/esenssi.com\/fabrica\/producto\/expositor-perfumeria-personalizado\/#breadcrumb\",\"itemListElement\":[{\"@type\":\"ListItem\",\"position\":1,\"name\":\"F\u00e1brica\",\"item\":\"https:\/\/esenssi.com\/fabrica\/\"},{\"@type\":\"ListItem\",\"position\":2,\"name\":\"Tienda\",\"item\":\"https:\/\/esenssi.com\/fabrica\/tienda\/\"},{\"@type\":\"ListItem\",\"position\":3,\"name\":\"Expositor PERSONALIZADO\"}]},{\"@type\":\"WebSite\",\"@id\":\"https:\/\/esenssi.com\/fabrica\/#website\",\"url\":\"https:\/\/esenssi.com\/fabrica\/\",\"name\":\"Esenssi - Tienda Online\",\"description\":\"Fabricante de perfumes\",\"publisher\":{\"@id\":\"https:\/\/esenssi.com\/fabrica\/#organization\"},\"alternateName\":\"Esenssi - Tienda Online\",\"potentialAction\":[{\"@type\":\"SearchAction\",\"target\":{\"@type\":\"EntryPoint\",\"urlTemplate\":\"https:\/\/esenssi.com\/fabrica\/?s={search_term_string}\"},\"query-input\":\"required name=search_term_string\"}],\"inLanguage\":\"es\"},{\"@type\":\"Organization\",\"@id\":\"https:\/\/esenssi.com\/fabrica\/#organization\",\"name\":\"Mayoristas de perfumer\u00eda\",\"url\":\"https:\/\/esenssi.com\/fabrica\/\",\"logo\":{\"@type\":\"ImageObject\",\"inLanguage\":\"es\",\"@id\":\"https:\/\/esenssi.com\/fabrica\/#\/schema\/logo\/image\/\",\"url\":\"https:\/\/esenssi.com\/fabrica\/wp-content\/uploads\/2021\/08\/Logotipo_Esenssi_Web.png\",\"contentUrl\":\"https:\/\/esenssi.com\/fabrica\/wp-content\/uploads\/2021\/08\/Logotipo_Esenssi_Web.png\",\"width\":295,\"height\":64,\"caption\":\"Mayoristas de perfumer\u00eda\"},\"image\":{\"@id\":\"https:\/\/esenssi.com\/fabrica\/#\/schema\/logo\/image\/\"}}]}<\/script>\n<!-- \/ Yoast SEO plugin. -->","yoast_head_json":{"title":"Expositor PERSONALIZADO - Esenssi - Tienda Online","robots":{"index":"noindex","follow":"nofollow"},"og_locale":"es_ES","og_type":"article","og_title":"Expositor PERSONALIZADO - Esenssi - Tienda Online","og_description":"Dise\u00f1a tu propio expositor con los colores de tu establecimiento o marca. Con tu logo en la parte superior y con la combinaci\u00f3n de productos que desees.  Hay muchas posibilidades de combinaciones:  Solo perfumes, solo l\u00edneas corporales o de ambientaci\u00f3n, o una combinaci\u00f3n de dos o m\u00e1s de estas l\u00edneas de productos.  La rentabilidad esta garantizada. P\u00eddenos presupuesto y te haremos un dise\u00f1o a tu medida sin compromiso.  Consulta precio final con tu comercial","og_url":"https:\/\/esenssi.com\/fabrica\/producto\/expositor-perfumeria-personalizado\/","og_site_name":"Esenssi - Tienda Online","article_modified_time":"2024-05-06T10:53:08+00:00","og_image":[{"width":600,"height":600,"url":"https:\/\/esenssi.com\/fabrica\/wp-content\/uploads\/2018\/05\/PERSONALIZADO-2.jpg","type":"image\/jpeg"}],"twitter_card":"summary_large_image","schema":{"@context":"https:\/\/schema.org","@graph":[{"@type":"WebPage","@id":"https:\/\/esenssi.com\/fabrica\/producto\/expositor-perfumeria-personalizado\/","url":"https:\/\/esenssi.com\/fabrica\/producto\/expositor-perfumeria-personalizado\/","name":"Expositor PERSONALIZADO - Esenssi - Tienda Online","isPartOf":{"@id":"https:\/\/esenssi.com\/fabrica\/#website"},"primaryImageOfPage":{"@id":"https:\/\/esenssi.com\/fabrica\/producto\/expositor-perfumeria-personalizado\/#primaryimage"},"image":{"@id":"https:\/\/esenssi.com\/fabrica\/producto\/expositor-perfumeria-personalizado\/#primaryimage"},"thumbnailUrl":"https:\/\/esenssi.com\/fabrica\/wp-content\/uploads\/2018\/05\/PERSONALIZADO-2.jpg","datePublished":"2018-05-03T08:25:55+00:00","dateModified":"2024-05-06T10:53:08+00:00","breadcrumb":{"@id":"https:\/\/esenssi.com\/fabrica\/producto\/expositor-perfumeria-personalizado\/#breadcrumb"},"inLanguage":"es","potentialAction":[{"@type":"ReadAction","target":["https:\/\/esenssi.com\/fabrica\/producto\/expositor-perfumeria-personalizado\/"]}]},{"@type":"ImageObject","inLanguage":"es","@id":"https:\/\/esenssi.com\/fabrica\/producto\/expositor-perfumeria-personalizado\/#primaryimage","url":"https:\/\/esenssi.com\/fabrica\/wp-content\/uploads\/2018\/05\/PERSONALIZADO-2.jpg","contentUrl":"https:\/\/esenssi.com\/fabrica\/wp-content\/uploads\/2018\/05\/PERSONALIZADO-2.jpg","width":600,"height":600},{"@type":"BreadcrumbList","@id":"https:\/\/esenssi.com\/fabrica\/producto\/expositor-perfumeria-personalizado\/#breadcrumb","itemListElement":[{"@type":"ListItem","position":1,"name":"F\u00e1brica","item":"https:\/\/esenssi.com\/fabrica\/"},{"@type":"ListItem","position":2,"name":"Tienda","item":"https:\/\/esenssi.com\/fabrica\/tienda\/"},{"@type":"ListItem","position":3,"name":"Expositor PERSONALIZADO"}]},{"@type":"WebSite","@id":"https:\/\/esenssi.com\/fabrica\/#website","url":"https:\/\/esenssi.com\/fabrica\/","name":"Esenssi - Tienda Online","description":"Fabricante de perfumes","publisher":{"@id":"https:\/\/esenssi.com\/fabrica\/#organization"},"alternateName":"Esenssi - Tienda Online","potentialAction":[{"@type":"SearchAction","target":{"@type":"EntryPoint","urlTemplate":"https:\/\/esenssi.com\/fabrica\/?s={search_term_string}"},"query-input":"required name=search_term_string"}],"inLanguage":"es"},{"@type":"Organization","@id":"https:\/\/esenssi.com\/fabrica\/#organization","name":"Mayoristas de perfumer\u00eda","url":"https:\/\/esenssi.com\/fabrica\/","logo":{"@type":"ImageObject","inLanguage":"es","@id":"https:\/\/esenssi.com\/fabrica\/#\/schema\/logo\/image\/","url":"https:\/\/esenssi.com\/fabrica\/wp-content\/uploads\/2021\/08\/Logotipo_Esenssi_Web.png","contentUrl":"https:\/\/esenssi.com\/fabrica\/wp-content\/uploads\/2021\/08\/Logotipo_Esenssi_Web.png","width":295,"height":64,"caption":"Mayoristas de perfumer\u00eda"},"image":{"@id":"https:\/\/esenssi.com\/fabrica\/#\/schema\/logo\/image\/"}}]}},"_links":{"self":[{"href":"https:\/\/esenssi.com\/fabrica\/wp-json\/wp\/v2\/product\/41976"}],"collection":[{"href":"https:\/\/esenssi.com\/fabrica\/wp-json\/wp\/v2\/product"}],"about":[{"href":"https:\/\/esenssi.com\/fabrica\/wp-json\/wp\/v2\/types\/product"}],"replies":[{"embeddable":true,"href":"https:\/\/esenssi.com\/fabrica\/wp-json\/wp\/v2\/comments?post=41976"}],"wp:featuredmedia":[{"embeddable":true,"href":"https:\/\/esenssi.com\/fabrica\/wp-json\/wp\/v2\/media\/142158"}],"wp:attachment":[{"href":"https:\/\/esenssi.com\/fabrica\/wp-json\/wp\/v2\/media?parent=41976"}],"wp:term":[{"taxonomy":"product_cat","embeddable":true,"href":"https:\/\/esenssi.com\/fabrica\/wp-json\/wp\/v2\/product_cat?post=41976"},{"taxonomy":"product_tag","embeddable":true,"href":"https:\/\/esenssi.com\/fabrica\/wp-json\/wp\/v2\/product_tag?post=41976"}],"curies":[{"name":"wp","href":"https:\/\/api.w.org\/{rel}","templated":true}]}}