{"id":41986,"date":"2018-05-10T08:55:58","date_gmt":"2018-05-10T08:55:58","guid":{"rendered":"https:\/\/esenssi.com\/fabrica\/producto\/pack-apertura-nature\/"},"modified":"2023-07-19T16:16:36","modified_gmt":"2023-07-19T14:16:36","slug":"pack-apertura-nature","status":"publish","type":"product","link":"https:\/\/esenssi.com\/fabrica\/producto\/pack-apertura-nature\/","title":{"rendered":"Pack Apertura Nature"},"content":{"rendered":"<h2>PACK APERTURA &#8211; GRANEL<\/h2>\n<table width=\"531\">\n<tbody>\n<tr>\n<td width=\"451\">PERFUME NATURE 1 L<\/td>\n<td width=\"80\">50<\/td>\n<\/tr>\n<tr>\n<td>FRASCA 1 L CRISTAL CON GRIFO Y TAP\u00d3N<\/td>\n<td>50<\/td>\n<\/tr>\n<tr>\n<td>ETIQUETA DESCRIPTIVA PERFUME<\/td>\n<td>50<\/td>\n<\/tr>\n<tr>\n<td>AMBIENTADOR MIKADO NATURE 1 L<\/td>\n<td>5<\/td>\n<\/tr>\n<tr>\n<td>FRASCA 1 L CRISTAL CON GRIFO Y TAP\u00d3N<\/td>\n<td>5<\/td>\n<\/tr>\n<tr>\n<td>ETIQUETA DESCRIPTIVA MIKADO<\/td>\n<td>5<\/td>\n<\/tr>\n<tr>\n<td>AMBIENTADOR EN SPRAY NATURE 1 L<\/td>\n<td>4<\/td>\n<\/tr>\n<tr>\n<td>FRASCA 1 L CRISTAL CON GRIFO Y TAP\u00d3N<\/td>\n<td>4<\/td>\n<\/tr>\n<tr>\n<td>ETIQUETA DESCRIPTIVA AMBISPRAY<\/td>\n<td>4<\/td>\n<\/tr>\n<tr>\n<td>PERFUMERO ROSCA 100 ML<\/td>\n<td>150<\/td>\n<\/tr>\n<tr>\n<td>PERFUMERO ROSCA 50 ML<\/td>\n<td>150<\/td>\n<\/tr>\n<tr>\n<td>PERFUMERO ROSCA 30 ML<\/td>\n<td>100<\/td>\n<\/tr>\n<tr>\n<td>V\u00c1LVULA ROSCA SPRAY EST\u00c1NDAR PERFUMES<\/td>\n<td>400<\/td>\n<\/tr>\n<tr>\n<td>ETIQUETAS EST\u00c1NDAR DISE\u00d1O NATURE PERFUMEROS<\/td>\n<td>400<\/td>\n<\/tr>\n<tr>\n<td>FRASCA MIKADO 100 ML<\/td>\n<td>30<\/td>\n<\/tr>\n<tr>\n<td>ETIQUETAS EST\u00c1NDAR DISE\u00d1O NATURE FRASCAS MIKADO<\/td>\n<td>30<\/td>\n<\/tr>\n<tr>\n<td>VIALES 5 ML SIN SERIGRAFIADO<\/td>\n<td>50<\/td>\n<\/tr>\n<tr>\n<td>TIRAS SECANTES 1.000 UNID.<\/td>\n<td>2<\/td>\n<\/tr>\n<tr>\n<td>VARITAS MIKADO 100 UNID.<\/td>\n<td>2<\/td>\n<\/tr>\n<tr>\n<td>GEL HIDROALCOH\u00d3LICO 500 ML EN ENVASE CON DOSIFICADOR<\/td>\n<td>4<\/td>\n<\/tr>\n<tr>\n<td>GEL HIDROALCOH\u00d3LICO 1 L<\/td>\n<td>1<\/td>\n<\/tr>\n<tr>\n<td>HIGIENIZANTE PERFUMADO AROMAS NATURE 1 L<\/td>\n<td>2<\/td>\n<\/tr>\n<tr>\n<td>CREMA CORPORAL ACEITE OLIVA PERFUMADA AROMAS NATURE 1 L<\/td>\n<td>3<\/td>\n<\/tr>\n<tr>\n<td>ACEITE CORPORAL PERFUMADO AROMAS NATURE 1 L<\/td>\n<td>3<\/td>\n<\/tr>\n<tr>\n<td>BRUMA CORPORAL PERFUMADA AROMAS NATURE 1 L<\/td>\n<td>3<\/td>\n<\/tr>\n<tr>\n<td>DESODORANTE CON ALOE VERA NEUTRO 1 L<\/td>\n<td>2<\/td>\n<\/tr>\n<tr>\n<td>BOTE PET TRANSPARENTE 500 ML CON DOSIFICADOR<\/td>\n<td>5<\/td>\n<\/tr>\n<tr>\n<td>BOTE PET TRANSPARENTE 200 ML 28\/410<\/td>\n<td>10<\/td>\n<\/tr>\n<tr>\n<td>BOTE PET TRANSPARENTE 100 ML 28\/410<\/td>\n<td>5<\/td>\n<\/tr>\n<tr>\n<td>BOTE PET TRANSPARENTE 200 ML 24\/410<\/td>\n<td>20<\/td>\n<\/tr>\n<tr>\n<td>BOTE PET TRANSPARENTE 400 ML 24\/410<\/td>\n<td>5<\/td>\n<\/tr>\n<tr>\n<td>BOTE PET BLANCO 200 ML 24\/410<\/td>\n<td>10<\/td>\n<\/tr>\n<tr>\n<td>BOTE PET BLANCO 100 ML 24\/410<\/td>\n<td>5<\/td>\n<\/tr>\n<tr>\n<td>BOTE PET TRANSPARENTE 100 ML 24\/410<\/td>\n<td>5<\/td>\n<\/tr>\n<tr>\n<td>TAP\u00d3N FLIP TOP TRANSPARENTE PARA BOCA 28\/410<\/td>\n<td>20<\/td>\n<\/tr>\n<tr>\n<td>V\u00c1LVULA PLATA SPRAY PARA BOCA 24\/410<\/td>\n<td>15<\/td>\n<\/tr>\n<tr>\n<td>V\u00c1LVULA PISTOLA PARA AMBIENTACI\u00d3N BOCA 24\/410<\/td>\n<td>10<\/td>\n<\/tr>\n<tr>\n<td>TAP\u00d3N ALUMINIO CON OBTURADOR BOCA 24\/410<\/td>\n<td>15<\/td>\n<\/tr>\n<tr>\n<td>ETIQUETAS L\u00cdNEA CORPORAL EST\u00c1NDAR DISE\u00d1OS NATURE<\/td>\n<td>55<\/td>\n<\/tr>\n<tr>\n<td>BRUMAS DE AMBIENTE 20 ML AROMAS NATURE<\/td>\n<td>10<\/td>\n<\/tr>\n<tr>\n<td>BRUMIZADOR 300 ML VOLC\u00c1N\/JARR\u00d3N<\/td>\n<td>2<\/td>\n<\/tr>\n<tr>\n<td>BOLAS DE MADERA AROMAS SURTIDOS. BOTE 55 BOLAS<\/td>\n<td>2<\/td>\n<\/tr>\n<tr>\n<td>BOLSAS DE TELA EST\u00c1NDAR 2 TAMA\u00d1OS<\/td>\n<td>50<\/td>\n<\/tr>\n<tr>\n<td>SACHET DE AROMAS SURTIDOS<\/td>\n<td>6<\/td>\n<\/tr>\n<tr>\n<td><\/td>\n<td><\/td>\n<\/tr>\n<tr>\n<td>* Portes no incluidos &#8211; consultar<\/td>\n<td><\/td>\n<\/tr>\n<\/tbody>\n<\/table>\n<p>&nbsp;<\/p>\n<h2>PACK APERTURA &#8211; ENVASADO<\/h2>\n<p>&nbsp;<\/p>\n<table style=\"height: 1021px;\" width=\"668\">\n<tbody>\n<tr>\n<td width=\"360\">PERFUME NATURE EN 100 ML\u00a0 &#8211; PERFUMERO ROSCA<\/td>\n<td width=\"80\">200<\/td>\n<\/tr>\n<tr>\n<td>PERFUME NATURE EN 50 ML &#8211; PERFUMERO ROSCA<\/td>\n<td>150<\/td>\n<\/tr>\n<tr>\n<td>PERFUME NATURE EN 30 ML &#8211; PERFUMERO ROSCA<\/td>\n<td>100<\/td>\n<\/tr>\n<tr>\n<td>AMBIENTADOR MIKADO AROMAS NATURE EN 100 ML<\/td>\n<td>30<\/td>\n<\/tr>\n<tr>\n<td>AMBIENTADOR EN SPRAY AROMAS NATURE 200 ML<\/td>\n<td>20<\/td>\n<\/tr>\n<tr>\n<td>VIALES CON MUESTRAS DE PERFUME NATURE<\/td>\n<td>75<\/td>\n<\/tr>\n<tr>\n<td>TIRAS SECANTES 1.000 UNID.<\/td>\n<td>1<\/td>\n<\/tr>\n<tr>\n<td>VARITAS MIKADO 100 UNID.<\/td>\n<td>1<\/td>\n<\/tr>\n<tr>\n<td>CREMA NATURE ENVASADA 500 ML DOSIF.<\/td>\n<td>4<\/td>\n<\/tr>\n<tr>\n<td>CREMA NATURE ENVASADA 200 ML FLIP TOP<\/td>\n<td>5<\/td>\n<\/tr>\n<tr>\n<td>GEL HIDROALCOH\u00d3LICO 500 ML &#8211; CON DOSIF.<\/td>\n<td>4<\/td>\n<\/tr>\n<tr>\n<td>GEL HIDROALCOH\u00d3LICO 100 ML &#8211; FLIP TOP.<\/td>\n<td>10<\/td>\n<\/tr>\n<tr>\n<td>HIGIENIZANTE PERFUMADO 100 ML &#8211; SPRAY<\/td>\n<td>6<\/td>\n<\/tr>\n<tr>\n<td>ACEITE CORPORAL NATURE ENVASADO 500 ML DOSIF.<\/td>\n<td>4<\/td>\n<\/tr>\n<tr>\n<td>ACEITE CORPORAL NATURE ENVASADO 200 ML FLIP TOP<\/td>\n<td>5<\/td>\n<\/tr>\n<tr>\n<td>BODY\u00a0 MIST NATURE ENVASADO 200 ML<\/td>\n<td>15<\/td>\n<\/tr>\n<tr>\n<td>DESODORANTE NATURAL ENVASADO 100 ML<\/td>\n<td>15<\/td>\n<\/tr>\n<tr>\n<td>BRUMAS DE AMBIENTE 20 ML AROMAS NATURE<\/td>\n<td>10<\/td>\n<\/tr>\n<tr>\n<td>BRUMIZADOR 300 ML VOLC\u00c1N\/JARR\u00d3N<\/td>\n<td>2<\/td>\n<\/tr>\n<tr>\n<td>BOLAS DE MADERA EN BOLSA DE TELA (8 UNID.)<\/td>\n<td>4<\/td>\n<\/tr>\n<tr>\n<td>SACHET DE AROMAS<\/td>\n<td>6<\/td>\n<\/tr>\n<tr>\n<td><\/td>\n<td><\/td>\n<\/tr>\n<tr>\n<td>* Portes no incluidos &#8211; consultar<\/td>\n<td><\/td>\n<\/tr>\n<\/tbody>\n<\/table>\n<p>&nbsp;<\/p>\n<p>Esta es una l\u00ednea de perfumer\u00eda y cosm\u00e9tica de alta calidad a precios muy econ\u00f3micos, lo que te permitir\u00e1 competir en el mercado con un vistoso producto tanto en imagen como en precio.<\/p>\n<p>Encuentra todos los productos de esta l\u00ednea sueltos para reponer tu stock seg\u00fan vayas vendi\u00e9ndolos. Tambi\u00e9n en packs especiales a un precio mas bajo si son productos que vendes mucho o por unidades si salen mas despacio.<\/p>\n<p>Y todos los \u00fatiles de venta necesarios para que esta l\u00ednea Nature sea un \u00e9xito.<\/p>\n<p>Este pack de apertura incluye etiquetado Esenssi. Para personalizar con su imagen, consultar precios y cantidades m\u00ednimas.<\/p>\n","protected":false},"excerpt":{"rendered":"<p>La tendencia del mercado apunta a las l\u00edneas naturales entre otras. El publico cada vez se siente mas atra\u00eddo por conectar con la naturaleza, las esencias y aromas que esta nos ofrece son la base de nuestros perfumes, l\u00edneas corporales y ambientaci\u00f3n.<\/p>\n<p>Un conjunto de productos con las plantas, flores y frutas como protagonistas principales en atractivos envases y etiquetados que transmiten frescor, dulzura y naturalidad<\/p>\n","protected":false},"featured_media":69632,"comment_status":"open","ping_status":"closed","template":"","meta":{"content-type":"","_joinchat":[]},"product_cat":[1020,1331],"product_tag":[],"class_list":{"0":"post-41986","1":"product","2":"type-product","3":"status-publish","4":"has-post-thumbnail","6":"product_cat-packs-apertura","7":"product_cat-negocio-de-perfumeria","9":"first","10":"instock","11":"taxable","12":"shipping-taxable","13":"product-type-variable"},"yoast_head":"<!-- This site is optimized with the Yoast SEO plugin v23.3 - https:\/\/yoast.com\/wordpress\/plugins\/seo\/ -->\n<title>Pack Apertura Nature - Esenssi - Tienda Online<\/title>\n<meta name=\"robots\" content=\"noindex, nofollow\" \/>\n<meta property=\"og:locale\" content=\"es_ES\" \/>\n<meta property=\"og:type\" content=\"article\" \/>\n<meta property=\"og:title\" content=\"Pack Apertura Nature - Esenssi - Tienda Online\" \/>\n<meta property=\"og:description\" content=\"La tendencia del mercado apunta a las l\u00edneas naturales entre otras. El publico cada vez se siente mas atra\u00eddo por conectar con la naturaleza, las esencias y aromas que esta nos ofrece son la base de nuestros perfumes, l\u00edneas corporales y ambientaci\u00f3n.  Un conjunto de productos con las plantas, flores y frutas como protagonistas principales en atractivos envases y etiquetados que transmiten frescor, dulzura y naturalidad\" \/>\n<meta property=\"og:url\" content=\"https:\/\/esenssi.com\/fabrica\/producto\/pack-apertura-nature\/\" \/>\n<meta property=\"og:site_name\" content=\"Esenssi - Tienda Online\" \/>\n<meta property=\"article:modified_time\" content=\"2023-07-19T14:16:36+00:00\" \/>\n<meta property=\"og:image\" content=\"https:\/\/esenssi.com\/fabrica\/wp-content\/uploads\/2018\/05\/Apertura_Nature.jpg\" \/>\n\t<meta property=\"og:image:width\" content=\"2094\" \/>\n\t<meta property=\"og:image:height\" content=\"2094\" \/>\n\t<meta property=\"og:image:type\" content=\"image\/jpeg\" \/>\n<meta name=\"twitter:card\" content=\"summary_large_image\" \/>\n<script type=\"application\/ld+json\" class=\"yoast-schema-graph\">{\"@context\":\"https:\/\/schema.org\",\"@graph\":[{\"@type\":\"WebPage\",\"@id\":\"https:\/\/esenssi.com\/fabrica\/producto\/pack-apertura-nature\/\",\"url\":\"https:\/\/esenssi.com\/fabrica\/producto\/pack-apertura-nature\/\",\"name\":\"Pack Apertura Nature - Esenssi - Tienda Online\",\"isPartOf\":{\"@id\":\"https:\/\/esenssi.com\/fabrica\/#website\"},\"primaryImageOfPage\":{\"@id\":\"https:\/\/esenssi.com\/fabrica\/producto\/pack-apertura-nature\/#primaryimage\"},\"image\":{\"@id\":\"https:\/\/esenssi.com\/fabrica\/producto\/pack-apertura-nature\/#primaryimage\"},\"thumbnailUrl\":\"https:\/\/esenssi.com\/fabrica\/wp-content\/uploads\/2018\/05\/Apertura_Nature.jpg\",\"datePublished\":\"2018-05-10T08:55:58+00:00\",\"dateModified\":\"2023-07-19T14:16:36+00:00\",\"breadcrumb\":{\"@id\":\"https:\/\/esenssi.com\/fabrica\/producto\/pack-apertura-nature\/#breadcrumb\"},\"inLanguage\":\"es\",\"potentialAction\":[{\"@type\":\"ReadAction\",\"target\":[\"https:\/\/esenssi.com\/fabrica\/producto\/pack-apertura-nature\/\"]}]},{\"@type\":\"ImageObject\",\"inLanguage\":\"es\",\"@id\":\"https:\/\/esenssi.com\/fabrica\/producto\/pack-apertura-nature\/#primaryimage\",\"url\":\"https:\/\/esenssi.com\/fabrica\/wp-content\/uploads\/2018\/05\/Apertura_Nature.jpg\",\"contentUrl\":\"https:\/\/esenssi.com\/fabrica\/wp-content\/uploads\/2018\/05\/Apertura_Nature.jpg\",\"width\":2094,\"height\":2094},{\"@type\":\"BreadcrumbList\",\"@id\":\"https:\/\/esenssi.com\/fabrica\/producto\/pack-apertura-nature\/#breadcrumb\",\"itemListElement\":[{\"@type\":\"ListItem\",\"position\":1,\"name\":\"F\u00e1brica\",\"item\":\"https:\/\/esenssi.com\/fabrica\/\"},{\"@type\":\"ListItem\",\"position\":2,\"name\":\"Tienda\",\"item\":\"https:\/\/esenssi.com\/fabrica\/tienda\/\"},{\"@type\":\"ListItem\",\"position\":3,\"name\":\"Pack Apertura Nature\"}]},{\"@type\":\"WebSite\",\"@id\":\"https:\/\/esenssi.com\/fabrica\/#website\",\"url\":\"https:\/\/esenssi.com\/fabrica\/\",\"name\":\"Esenssi - Tienda Online\",\"description\":\"Fabricante de perfumes\",\"publisher\":{\"@id\":\"https:\/\/esenssi.com\/fabrica\/#organization\"},\"alternateName\":\"Esenssi - Tienda Online\",\"potentialAction\":[{\"@type\":\"SearchAction\",\"target\":{\"@type\":\"EntryPoint\",\"urlTemplate\":\"https:\/\/esenssi.com\/fabrica\/?s={search_term_string}\"},\"query-input\":\"required name=search_term_string\"}],\"inLanguage\":\"es\"},{\"@type\":\"Organization\",\"@id\":\"https:\/\/esenssi.com\/fabrica\/#organization\",\"name\":\"Mayoristas de perfumer\u00eda\",\"url\":\"https:\/\/esenssi.com\/fabrica\/\",\"logo\":{\"@type\":\"ImageObject\",\"inLanguage\":\"es\",\"@id\":\"https:\/\/esenssi.com\/fabrica\/#\/schema\/logo\/image\/\",\"url\":\"https:\/\/esenssi.com\/fabrica\/wp-content\/uploads\/2021\/08\/Logotipo_Esenssi_Web.png\",\"contentUrl\":\"https:\/\/esenssi.com\/fabrica\/wp-content\/uploads\/2021\/08\/Logotipo_Esenssi_Web.png\",\"width\":295,\"height\":64,\"caption\":\"Mayoristas de perfumer\u00eda\"},\"image\":{\"@id\":\"https:\/\/esenssi.com\/fabrica\/#\/schema\/logo\/image\/\"}}]}<\/script>\n<!-- \/ Yoast SEO plugin. -->","yoast_head_json":{"title":"Pack Apertura Nature - Esenssi - Tienda Online","robots":{"index":"noindex","follow":"nofollow"},"og_locale":"es_ES","og_type":"article","og_title":"Pack Apertura Nature - Esenssi - Tienda Online","og_description":"La tendencia del mercado apunta a las l\u00edneas naturales entre otras. El publico cada vez se siente mas atra\u00eddo por conectar con la naturaleza, las esencias y aromas que esta nos ofrece son la base de nuestros perfumes, l\u00edneas corporales y ambientaci\u00f3n.  Un conjunto de productos con las plantas, flores y frutas como protagonistas principales en atractivos envases y etiquetados que transmiten frescor, dulzura y naturalidad","og_url":"https:\/\/esenssi.com\/fabrica\/producto\/pack-apertura-nature\/","og_site_name":"Esenssi - Tienda Online","article_modified_time":"2023-07-19T14:16:36+00:00","og_image":[{"width":2094,"height":2094,"url":"https:\/\/esenssi.com\/fabrica\/wp-content\/uploads\/2018\/05\/Apertura_Nature.jpg","type":"image\/jpeg"}],"twitter_card":"summary_large_image","schema":{"@context":"https:\/\/schema.org","@graph":[{"@type":"WebPage","@id":"https:\/\/esenssi.com\/fabrica\/producto\/pack-apertura-nature\/","url":"https:\/\/esenssi.com\/fabrica\/producto\/pack-apertura-nature\/","name":"Pack Apertura Nature - Esenssi - Tienda Online","isPartOf":{"@id":"https:\/\/esenssi.com\/fabrica\/#website"},"primaryImageOfPage":{"@id":"https:\/\/esenssi.com\/fabrica\/producto\/pack-apertura-nature\/#primaryimage"},"image":{"@id":"https:\/\/esenssi.com\/fabrica\/producto\/pack-apertura-nature\/#primaryimage"},"thumbnailUrl":"https:\/\/esenssi.com\/fabrica\/wp-content\/uploads\/2018\/05\/Apertura_Nature.jpg","datePublished":"2018-05-10T08:55:58+00:00","dateModified":"2023-07-19T14:16:36+00:00","breadcrumb":{"@id":"https:\/\/esenssi.com\/fabrica\/producto\/pack-apertura-nature\/#breadcrumb"},"inLanguage":"es","potentialAction":[{"@type":"ReadAction","target":["https:\/\/esenssi.com\/fabrica\/producto\/pack-apertura-nature\/"]}]},{"@type":"ImageObject","inLanguage":"es","@id":"https:\/\/esenssi.com\/fabrica\/producto\/pack-apertura-nature\/#primaryimage","url":"https:\/\/esenssi.com\/fabrica\/wp-content\/uploads\/2018\/05\/Apertura_Nature.jpg","contentUrl":"https:\/\/esenssi.com\/fabrica\/wp-content\/uploads\/2018\/05\/Apertura_Nature.jpg","width":2094,"height":2094},{"@type":"BreadcrumbList","@id":"https:\/\/esenssi.com\/fabrica\/producto\/pack-apertura-nature\/#breadcrumb","itemListElement":[{"@type":"ListItem","position":1,"name":"F\u00e1brica","item":"https:\/\/esenssi.com\/fabrica\/"},{"@type":"ListItem","position":2,"name":"Tienda","item":"https:\/\/esenssi.com\/fabrica\/tienda\/"},{"@type":"ListItem","position":3,"name":"Pack Apertura Nature"}]},{"@type":"WebSite","@id":"https:\/\/esenssi.com\/fabrica\/#website","url":"https:\/\/esenssi.com\/fabrica\/","name":"Esenssi - Tienda Online","description":"Fabricante de perfumes","publisher":{"@id":"https:\/\/esenssi.com\/fabrica\/#organization"},"alternateName":"Esenssi - Tienda Online","potentialAction":[{"@type":"SearchAction","target":{"@type":"EntryPoint","urlTemplate":"https:\/\/esenssi.com\/fabrica\/?s={search_term_string}"},"query-input":"required name=search_term_string"}],"inLanguage":"es"},{"@type":"Organization","@id":"https:\/\/esenssi.com\/fabrica\/#organization","name":"Mayoristas de perfumer\u00eda","url":"https:\/\/esenssi.com\/fabrica\/","logo":{"@type":"ImageObject","inLanguage":"es","@id":"https:\/\/esenssi.com\/fabrica\/#\/schema\/logo\/image\/","url":"https:\/\/esenssi.com\/fabrica\/wp-content\/uploads\/2021\/08\/Logotipo_Esenssi_Web.png","contentUrl":"https:\/\/esenssi.com\/fabrica\/wp-content\/uploads\/2021\/08\/Logotipo_Esenssi_Web.png","width":295,"height":64,"caption":"Mayoristas de perfumer\u00eda"},"image":{"@id":"https:\/\/esenssi.com\/fabrica\/#\/schema\/logo\/image\/"}}]}},"_links":{"self":[{"href":"https:\/\/esenssi.com\/fabrica\/wp-json\/wp\/v2\/product\/41986"}],"collection":[{"href":"https:\/\/esenssi.com\/fabrica\/wp-json\/wp\/v2\/product"}],"about":[{"href":"https:\/\/esenssi.com\/fabrica\/wp-json\/wp\/v2\/types\/product"}],"replies":[{"embeddable":true,"href":"https:\/\/esenssi.com\/fabrica\/wp-json\/wp\/v2\/comments?post=41986"}],"wp:featuredmedia":[{"embeddable":true,"href":"https:\/\/esenssi.com\/fabrica\/wp-json\/wp\/v2\/media\/69632"}],"wp:attachment":[{"href":"https:\/\/esenssi.com\/fabrica\/wp-json\/wp\/v2\/media?parent=41986"}],"wp:term":[{"taxonomy":"product_cat","embeddable":true,"href":"https:\/\/esenssi.com\/fabrica\/wp-json\/wp\/v2\/product_cat?post=41986"},{"taxonomy":"product_tag","embeddable":true,"href":"https:\/\/esenssi.com\/fabrica\/wp-json\/wp\/v2\/product_tag?post=41986"}],"curies":[{"name":"wp","href":"https:\/\/api.w.org\/{rel}","templated":true}]}}