{"id":41987,"date":"2018-05-10T08:59:16","date_gmt":"2018-05-10T08:59:16","guid":{"rendered":"https:\/\/esenssi.com\/fabrica\/producto\/pack-apertura-parfum\/"},"modified":"2024-04-07T01:13:20","modified_gmt":"2024-04-06T23:13:20","slug":"pack-apertura-parfum","status":"publish","type":"product","link":"https:\/\/esenssi.com\/fabrica\/producto\/pack-apertura-parfum\/","title":{"rendered":"Pack Apertura Top Parfum"},"content":{"rendered":"<table width=\"468\">\n<tbody>\n<tr>\n<td rowspan=\"2\" width=\"391\">PACK APERTURA GRANEL &#8211; L\u00cdNEA TOP<\/td>\n<td width=\"77\"><\/td>\n<\/tr>\n<tr>\n<td>UNIDADES<\/td>\n<\/tr>\n<tr>\n<td>PERFUME TOP PARFUM 1 L<\/td>\n<td>50<\/td>\n<\/tr>\n<tr>\n<td>FRASCA 1 L CRISTAL CON GRIFO Y TAP\u00d3N<\/td>\n<td>50<\/td>\n<\/tr>\n<tr>\n<td>ETIQUETA DESCRIPTIVA PERFUME<\/td>\n<td>50<\/td>\n<\/tr>\n<tr>\n<td>AMBIENTADOR MIKADO TOP PARFUM 1 L<\/td>\n<td>2<\/td>\n<\/tr>\n<tr>\n<td>FRASCA 1 L CRISTAL CON GRIFO Y TAP\u00d3N<\/td>\n<td>2<\/td>\n<\/tr>\n<tr>\n<td>ETIQUETA DESCRIPTIVA MIKADO<\/td>\n<td>2<\/td>\n<\/tr>\n<tr>\n<td>AMBIENTADOR DE PERFUME EN SPRAY 1 L<\/td>\n<td>6<\/td>\n<\/tr>\n<tr>\n<td>FRASCA 1 L CRISTAL CON GRIFO Y TAP\u00d3N<\/td>\n<td>6<\/td>\n<\/tr>\n<tr>\n<td>ETIQUETA DESCRIPTIVA AMBIENTADOR SPRAY<\/td>\n<td>6<\/td>\n<\/tr>\n<tr>\n<td>PERFUMERO ROSCA 100 ML<\/td>\n<td>150<\/td>\n<\/tr>\n<tr>\n<td>PERFUMERO ROSCA 50 ML<\/td>\n<td>150<\/td>\n<\/tr>\n<tr>\n<td>PERFUMERO ROSCA 30 ML<\/td>\n<td>100<\/td>\n<\/tr>\n<tr>\n<td>V\u00c1LVULAS PERFUMEROS<\/td>\n<td>370<\/td>\n<\/tr>\n<tr>\n<td>V\u00c1LVULAS FORMATO PERA CORTA Y PERA LARGA SURTIDAS<\/td>\n<td>30<\/td>\n<\/tr>\n<tr>\n<td>ETIQUETAS EST\u00c1NDAR DISE\u00d1O TOP PARFUM PERFUMEROS<\/td>\n<td>400<\/td>\n<\/tr>\n<tr>\n<td>FRASCA MIKADO 100 ML<\/td>\n<td>30<\/td>\n<\/tr>\n<tr>\n<td>ETIQUETAS EST\u00c1NDAR DISE\u00d1O TOP FRASCAS MIKADO<\/td>\n<td>30<\/td>\n<\/tr>\n<tr>\n<td>VARITAS MIKADO PACK 100 UNIDADES<\/td>\n<td>2<\/td>\n<\/tr>\n<tr>\n<td>VIALES 5 ML SIN SERIGRAFIADO<\/td>\n<td>50<\/td>\n<\/tr>\n<tr>\n<td>TIRAS SECANTES PACK 1.000 UNID.<\/td>\n<td>2<\/td>\n<\/tr>\n<tr>\n<td>CREMA CORPORAL TOP PARFUM 1 L<\/td>\n<td>3<\/td>\n<\/tr>\n<tr>\n<td>GEL HIDROALCOH\u00d3LICO 500 ML CON DOSIFICADOR<\/td>\n<td>4<\/td>\n<\/tr>\n<tr>\n<td>GEL HIDROALCOH\u00d3LICO 1.000 ML<\/td>\n<td>1<\/td>\n<\/tr>\n<tr>\n<td>HIGIENIZANTE PERFUMADO AROMAS TOP 1 L<\/td>\n<td>1<\/td>\n<\/tr>\n<tr>\n<td>ACEITE CORPORAL AROMAS TOP PARFUM 1 L<\/td>\n<td>3<\/td>\n<\/tr>\n<tr>\n<td>BODY MIST AROMAS TOP PARFUM 1 L<\/td>\n<td>3<\/td>\n<\/tr>\n<tr>\n<td>DESODORANTE PERFUMADO AROMAS TOP 1 L<\/td>\n<td>2<\/td>\n<\/tr>\n<tr>\n<td>BOTE PET TRANSPARENTE 500 ML CON DOSIFICADOR<\/td>\n<td>5<\/td>\n<\/tr>\n<tr>\n<td>BOTE PET TRANSPARENTE 200 ML 28\/410<\/td>\n<td>10<\/td>\n<\/tr>\n<tr>\n<td>BOTE PET TRANSPARENTE 100 ML 28\/410<\/td>\n<td>10<\/td>\n<\/tr>\n<tr>\n<td>BOTE PET TRANSPARENTE 200 ML 24\/410<\/td>\n<td>5<\/td>\n<\/tr>\n<tr>\n<td>BOTE PET TRANSPARENTE 400 ML 24\/410<\/td>\n<td>5<\/td>\n<\/tr>\n<tr>\n<td>BOTE PET BLANCO 200 ML 24\/410<\/td>\n<td>5<\/td>\n<\/tr>\n<tr>\n<td>BOTE PET BLANCO 100 ML 24\/410<\/td>\n<td>5<\/td>\n<\/tr>\n<tr>\n<td>BOTE PET TRANSPARENTE 100 ML 24\/410<\/td>\n<td>5<\/td>\n<\/tr>\n<tr>\n<td>BOTE ALUMINIO 200 ML 24\/410<\/td>\n<td>5<\/td>\n<\/tr>\n<tr>\n<td>BOTE ALUMINIO 100 ML 24\/410<\/td>\n<td>5<\/td>\n<\/tr>\n<tr>\n<td>TAP\u00d3N FLIP TOP TRANSPARENTE PARA BOCA 28\/410<\/td>\n<td>10<\/td>\n<\/tr>\n<tr>\n<td>V\u00c1LVULA PLATA SPRAY PARA BOCA 24\/410<\/td>\n<td>15<\/td>\n<\/tr>\n<tr>\n<td>V\u00c1LVULA PISTOLA PARA AMBIENTACI\u00d3N BOCA 24\/410<\/td>\n<td>10<\/td>\n<\/tr>\n<tr>\n<td>TAP\u00d3N ALUMINIO CON OBTURADOR BOCA 24\/410<\/td>\n<td>10<\/td>\n<\/tr>\n<tr>\n<td>V\u00c1LVULA DOSIFICADOR PLATA\/NEGRO\u00a0 BOCA 24\/410<\/td>\n<td>5<\/td>\n<\/tr>\n<tr>\n<td>V\u00c1LVULA SPRAY PLATA\/NEGRO BOCA 24\/410<\/td>\n<td>5<\/td>\n<\/tr>\n<tr>\n<td>ETIQUETAS L\u00cdNEA CORPORAL EST\u00c1NDAR DISE\u00d1OS TOP<\/td>\n<td>55<\/td>\n<\/tr>\n<tr>\n<td>BRUMAS DE AMBIENTE 20 ML AROMAS NATURE<\/td>\n<td>10<\/td>\n<\/tr>\n<tr>\n<td>BRUMIZADOR BOLA 250 ML<\/td>\n<td>2<\/td>\n<\/tr>\n<tr>\n<td><\/td>\n<td><\/td>\n<\/tr>\n<tr>\n<td>* Portes no incluidos &#8211; consultar<\/td>\n<td><\/td>\n<\/tr>\n<\/tbody>\n<\/table>\n<p>&nbsp;<\/p>\n<table width=\"463\">\n<tbody>\n<tr>\n<td rowspan=\"2\" width=\"383\">PACK APERTURA ENVASADO &#8211; L\u00cdNEA TOP<\/td>\n<td width=\"80\"><\/td>\n<\/tr>\n<tr>\n<td>UNIDADES<\/td>\n<\/tr>\n<tr>\n<td>PERFUME TOP EN 100 ML\u00a0 &#8211; PERFUMERO ROSCA<\/td>\n<td>125<\/td>\n<\/tr>\n<tr>\n<td width=\"383\">PERFUMES TOP PARFUM 100 ML V\u00c1LVULA PERA CORTA\/LARGA<\/td>\n<td>50<\/td>\n<\/tr>\n<tr>\n<td>PERFUME TOP EN 50 ML\u00a0 &#8211; PERFUMERO ROSCA<\/td>\n<td>125<\/td>\n<\/tr>\n<tr>\n<td>PERFUME TOP EN 30 ML\u00a0 &#8211; PERFUMERO ROSCA<\/td>\n<td>100<\/td>\n<\/tr>\n<tr>\n<td>AMIENTADOR MIKADO DE PERFUME 100 ML<\/td>\n<td>10<\/td>\n<\/tr>\n<tr>\n<td>AMBIENTADOR DE PERFUME EN SPRAY\u00a0 200 ML PISTOLA<\/td>\n<td>10<\/td>\n<\/tr>\n<tr>\n<td>VIALES CON MUESTRAS PERFUME TOP<\/td>\n<td>75<\/td>\n<\/tr>\n<tr>\n<td>TIRAS SECANTES 1.000 UNIDADES<\/td>\n<td>2<\/td>\n<\/tr>\n<tr>\n<td>CREMA TOP PARFUM\u00a0 200 ML CON DOSIF<\/td>\n<td>15<\/td>\n<\/tr>\n<tr>\n<td>GEL HIDROALCOH\u00d3LICO 500 ML CON DOSIF<\/td>\n<td>4<\/td>\n<\/tr>\n<tr>\n<td>GEL HIDROALCOH\u00d3LICO 100 ML FLIP TOP<\/td>\n<td>8<\/td>\n<\/tr>\n<tr>\n<td>HIGIENIZANTE PERFUMADO 200 ML PISTOLA<\/td>\n<td>6<\/td>\n<\/tr>\n<tr>\n<td>ACEITE CORPORAL TOP PARFUM 200 ML PLATA SPRAY<\/td>\n<td>15<\/td>\n<\/tr>\n<tr>\n<td>BODY MIST TOP PARFUM 200 ML PLATA SPRAY<\/td>\n<td>15<\/td>\n<\/tr>\n<tr>\n<td>DESODORANTE TOP PARFUM 100 ML ALUMINIO SPRAY<\/td>\n<td>15<\/td>\n<\/tr>\n<tr>\n<td>BRUMAS DE AMBIENTE 20 ML AROMAS NATURE<\/td>\n<td>10<\/td>\n<\/tr>\n<tr>\n<td>BRUMIZADOR 250 ML<\/td>\n<td>2<\/td>\n<\/tr>\n<tr>\n<td><\/td>\n<td><\/td>\n<\/tr>\n<tr>\n<td>* Portes no incluidos &#8211; consultar<\/td>\n<td><\/td>\n<\/tr>\n<\/tbody>\n<\/table>\n<p>&nbsp;<\/p>\n<p>Una l\u00ednea de fragancias con una alta concentraci\u00f3n de esencias, entre un 15-20 %, que garantiza una intensidad y duraci\u00f3n incre\u00edble para su bajo precio.<\/p>\n<p>Pero el objetivo de Esenssi es siempre que el p\u00fablico repita, y eso solo se consigue con un producto de calidad, de tiendaci\u00f3n espa\u00f1ola y con las m\u00e1ximas garant\u00edas.<\/p>\n<p>Reunimos aqu\u00ed todos los aromas Top ventas en una gama de productos que abarcan perfumes, l\u00edneas corporales y de ambientaci\u00f3n pues sabemos que estos aromas triunfan entre el p\u00fablico en todos sus formatos.<\/p>\n<p>Su precio permite que tengas unos elevados m\u00e1rgenes de beneficio sin sacrificar ni un m\u00ednimo de su calidad.<\/p>\n<p>Encuentra todos los productos de esta l\u00ednea sueltos para reponer tu stock seg\u00fan vayas vendi\u00e9ndolos.<\/p>\n<p>Tambi\u00e9n en packs especiales a un precio m\u00e1s bajo si son productos que vendes mucho o por unidades si salen m\u00e1s despacio.<\/p>\n<p>Y todos los \u00fatiles de venta necesarios para que descubras el \u00e9xito de esta l\u00ednea Top Parfum.<\/p>\n<p>Este pack de apertura incluye etiquetado Esenssi. Para personalizar con su imagen, consultar precios y cantidades m\u00ednimas.<\/p>\n","protected":false},"excerpt":{"rendered":"<p>El \u00e9xito en ventas que ha tenido la perfumer\u00eda de marca blanca desde su aparici\u00f3n ha sido tal que a d\u00eda de hoy sabemos perfectamente cuales son los perfumes Top y las fragancias que m\u00e1s triunfan entre el p\u00fablico. Aunque hay much\u00edsimos y fant\u00e1sticos perfumes en el mercado, en base a nuestra experiencia de a\u00f1os y m\u00faltiples clientes que consumen nuestros perfumes, \u00a0podemos reunir en esta l\u00ednea los que m\u00e1s se venden, actualizando este cat\u00e1logo mensualmente con nuevos lanzamientos top ventas.<\/p>\n<p>&nbsp;<\/p>\n","protected":false},"featured_media":69628,"comment_status":"open","ping_status":"closed","template":"","meta":{"content-type":"","_joinchat":[]},"product_cat":[1020,1331],"product_tag":[1283],"class_list":{"0":"post-41987","1":"product","2":"type-product","3":"status-publish","4":"has-post-thumbnail","6":"product_cat-packs-apertura","7":"product_cat-negocio-de-perfumeria","8":"product_tag-ofertas","10":"first","11":"instock","12":"taxable","13":"shipping-taxable","14":"product-type-variable"},"yoast_head":"<!-- This site is optimized with the Yoast SEO plugin v23.3 - https:\/\/yoast.com\/wordpress\/plugins\/seo\/ -->\n<title>Pack Apertura Top Parfum - Esenssi - Tienda Online<\/title>\n<meta name=\"robots\" content=\"noindex, nofollow\" \/>\n<meta property=\"og:locale\" content=\"es_ES\" \/>\n<meta property=\"og:type\" content=\"article\" \/>\n<meta property=\"og:title\" content=\"Pack Apertura Top Parfum - Esenssi - Tienda Online\" \/>\n<meta property=\"og:description\" content=\"El \u00e9xito en ventas que ha tenido la perfumer\u00eda de marca blanca desde su aparici\u00f3n ha sido tal que a d\u00eda de hoy sabemos perfectamente cuales son los perfumes Top y las fragancias que m\u00e1s triunfan entre el p\u00fablico. Aunque hay much\u00edsimos y fant\u00e1sticos perfumes en el mercado, en base a nuestra experiencia de a\u00f1os y m\u00faltiples clientes que consumen nuestros perfumes, \u00a0podemos reunir en esta l\u00ednea los que m\u00e1s se venden, actualizando este cat\u00e1logo mensualmente con nuevos lanzamientos top ventas.  &nbsp;\" \/>\n<meta property=\"og:url\" content=\"https:\/\/esenssi.com\/fabrica\/producto\/pack-apertura-parfum\/\" \/>\n<meta property=\"og:site_name\" content=\"Esenssi - Tienda Online\" \/>\n<meta property=\"article:modified_time\" content=\"2024-04-06T23:13:20+00:00\" \/>\n<meta property=\"og:image\" content=\"https:\/\/esenssi.com\/fabrica\/wp-content\/uploads\/2018\/05\/APERTURA-TOP.jpg\" \/>\n\t<meta property=\"og:image:width\" content=\"2094\" \/>\n\t<meta property=\"og:image:height\" content=\"2094\" \/>\n\t<meta property=\"og:image:type\" content=\"image\/jpeg\" \/>\n<meta name=\"twitter:card\" content=\"summary_large_image\" \/>\n<script type=\"application\/ld+json\" class=\"yoast-schema-graph\">{\"@context\":\"https:\/\/schema.org\",\"@graph\":[{\"@type\":\"WebPage\",\"@id\":\"https:\/\/esenssi.com\/fabrica\/producto\/pack-apertura-parfum\/\",\"url\":\"https:\/\/esenssi.com\/fabrica\/producto\/pack-apertura-parfum\/\",\"name\":\"Pack Apertura Top Parfum - Esenssi - Tienda Online\",\"isPartOf\":{\"@id\":\"https:\/\/esenssi.com\/fabrica\/#website\"},\"primaryImageOfPage\":{\"@id\":\"https:\/\/esenssi.com\/fabrica\/producto\/pack-apertura-parfum\/#primaryimage\"},\"image\":{\"@id\":\"https:\/\/esenssi.com\/fabrica\/producto\/pack-apertura-parfum\/#primaryimage\"},\"thumbnailUrl\":\"https:\/\/esenssi.com\/fabrica\/wp-content\/uploads\/2018\/05\/APERTURA-TOP.jpg\",\"datePublished\":\"2018-05-10T08:59:16+00:00\",\"dateModified\":\"2024-04-06T23:13:20+00:00\",\"breadcrumb\":{\"@id\":\"https:\/\/esenssi.com\/fabrica\/producto\/pack-apertura-parfum\/#breadcrumb\"},\"inLanguage\":\"es\",\"potentialAction\":[{\"@type\":\"ReadAction\",\"target\":[\"https:\/\/esenssi.com\/fabrica\/producto\/pack-apertura-parfum\/\"]}]},{\"@type\":\"ImageObject\",\"inLanguage\":\"es\",\"@id\":\"https:\/\/esenssi.com\/fabrica\/producto\/pack-apertura-parfum\/#primaryimage\",\"url\":\"https:\/\/esenssi.com\/fabrica\/wp-content\/uploads\/2018\/05\/APERTURA-TOP.jpg\",\"contentUrl\":\"https:\/\/esenssi.com\/fabrica\/wp-content\/uploads\/2018\/05\/APERTURA-TOP.jpg\",\"width\":2094,\"height\":2094},{\"@type\":\"BreadcrumbList\",\"@id\":\"https:\/\/esenssi.com\/fabrica\/producto\/pack-apertura-parfum\/#breadcrumb\",\"itemListElement\":[{\"@type\":\"ListItem\",\"position\":1,\"name\":\"F\u00e1brica\",\"item\":\"https:\/\/esenssi.com\/fabrica\/\"},{\"@type\":\"ListItem\",\"position\":2,\"name\":\"Tienda\",\"item\":\"https:\/\/esenssi.com\/fabrica\/tienda\/\"},{\"@type\":\"ListItem\",\"position\":3,\"name\":\"Pack Apertura Top Parfum\"}]},{\"@type\":\"WebSite\",\"@id\":\"https:\/\/esenssi.com\/fabrica\/#website\",\"url\":\"https:\/\/esenssi.com\/fabrica\/\",\"name\":\"Esenssi - Tienda Online\",\"description\":\"Fabricante de perfumes\",\"publisher\":{\"@id\":\"https:\/\/esenssi.com\/fabrica\/#organization\"},\"alternateName\":\"Esenssi - Tienda Online\",\"potentialAction\":[{\"@type\":\"SearchAction\",\"target\":{\"@type\":\"EntryPoint\",\"urlTemplate\":\"https:\/\/esenssi.com\/fabrica\/?s={search_term_string}\"},\"query-input\":\"required name=search_term_string\"}],\"inLanguage\":\"es\"},{\"@type\":\"Organization\",\"@id\":\"https:\/\/esenssi.com\/fabrica\/#organization\",\"name\":\"Mayoristas de perfumer\u00eda\",\"url\":\"https:\/\/esenssi.com\/fabrica\/\",\"logo\":{\"@type\":\"ImageObject\",\"inLanguage\":\"es\",\"@id\":\"https:\/\/esenssi.com\/fabrica\/#\/schema\/logo\/image\/\",\"url\":\"https:\/\/esenssi.com\/fabrica\/wp-content\/uploads\/2021\/08\/Logotipo_Esenssi_Web.png\",\"contentUrl\":\"https:\/\/esenssi.com\/fabrica\/wp-content\/uploads\/2021\/08\/Logotipo_Esenssi_Web.png\",\"width\":295,\"height\":64,\"caption\":\"Mayoristas de perfumer\u00eda\"},\"image\":{\"@id\":\"https:\/\/esenssi.com\/fabrica\/#\/schema\/logo\/image\/\"}}]}<\/script>\n<!-- \/ Yoast SEO plugin. -->","yoast_head_json":{"title":"Pack Apertura Top Parfum - Esenssi - Tienda Online","robots":{"index":"noindex","follow":"nofollow"},"og_locale":"es_ES","og_type":"article","og_title":"Pack Apertura Top Parfum - Esenssi - Tienda Online","og_description":"El \u00e9xito en ventas que ha tenido la perfumer\u00eda de marca blanca desde su aparici\u00f3n ha sido tal que a d\u00eda de hoy sabemos perfectamente cuales son los perfumes Top y las fragancias que m\u00e1s triunfan entre el p\u00fablico. Aunque hay much\u00edsimos y fant\u00e1sticos perfumes en el mercado, en base a nuestra experiencia de a\u00f1os y m\u00faltiples clientes que consumen nuestros perfumes, \u00a0podemos reunir en esta l\u00ednea los que m\u00e1s se venden, actualizando este cat\u00e1logo mensualmente con nuevos lanzamientos top ventas.  &nbsp;","og_url":"https:\/\/esenssi.com\/fabrica\/producto\/pack-apertura-parfum\/","og_site_name":"Esenssi - Tienda Online","article_modified_time":"2024-04-06T23:13:20+00:00","og_image":[{"width":2094,"height":2094,"url":"https:\/\/esenssi.com\/fabrica\/wp-content\/uploads\/2018\/05\/APERTURA-TOP.jpg","type":"image\/jpeg"}],"twitter_card":"summary_large_image","schema":{"@context":"https:\/\/schema.org","@graph":[{"@type":"WebPage","@id":"https:\/\/esenssi.com\/fabrica\/producto\/pack-apertura-parfum\/","url":"https:\/\/esenssi.com\/fabrica\/producto\/pack-apertura-parfum\/","name":"Pack Apertura Top Parfum - Esenssi - Tienda Online","isPartOf":{"@id":"https:\/\/esenssi.com\/fabrica\/#website"},"primaryImageOfPage":{"@id":"https:\/\/esenssi.com\/fabrica\/producto\/pack-apertura-parfum\/#primaryimage"},"image":{"@id":"https:\/\/esenssi.com\/fabrica\/producto\/pack-apertura-parfum\/#primaryimage"},"thumbnailUrl":"https:\/\/esenssi.com\/fabrica\/wp-content\/uploads\/2018\/05\/APERTURA-TOP.jpg","datePublished":"2018-05-10T08:59:16+00:00","dateModified":"2024-04-06T23:13:20+00:00","breadcrumb":{"@id":"https:\/\/esenssi.com\/fabrica\/producto\/pack-apertura-parfum\/#breadcrumb"},"inLanguage":"es","potentialAction":[{"@type":"ReadAction","target":["https:\/\/esenssi.com\/fabrica\/producto\/pack-apertura-parfum\/"]}]},{"@type":"ImageObject","inLanguage":"es","@id":"https:\/\/esenssi.com\/fabrica\/producto\/pack-apertura-parfum\/#primaryimage","url":"https:\/\/esenssi.com\/fabrica\/wp-content\/uploads\/2018\/05\/APERTURA-TOP.jpg","contentUrl":"https:\/\/esenssi.com\/fabrica\/wp-content\/uploads\/2018\/05\/APERTURA-TOP.jpg","width":2094,"height":2094},{"@type":"BreadcrumbList","@id":"https:\/\/esenssi.com\/fabrica\/producto\/pack-apertura-parfum\/#breadcrumb","itemListElement":[{"@type":"ListItem","position":1,"name":"F\u00e1brica","item":"https:\/\/esenssi.com\/fabrica\/"},{"@type":"ListItem","position":2,"name":"Tienda","item":"https:\/\/esenssi.com\/fabrica\/tienda\/"},{"@type":"ListItem","position":3,"name":"Pack Apertura Top Parfum"}]},{"@type":"WebSite","@id":"https:\/\/esenssi.com\/fabrica\/#website","url":"https:\/\/esenssi.com\/fabrica\/","name":"Esenssi - Tienda Online","description":"Fabricante de perfumes","publisher":{"@id":"https:\/\/esenssi.com\/fabrica\/#organization"},"alternateName":"Esenssi - Tienda Online","potentialAction":[{"@type":"SearchAction","target":{"@type":"EntryPoint","urlTemplate":"https:\/\/esenssi.com\/fabrica\/?s={search_term_string}"},"query-input":"required name=search_term_string"}],"inLanguage":"es"},{"@type":"Organization","@id":"https:\/\/esenssi.com\/fabrica\/#organization","name":"Mayoristas de perfumer\u00eda","url":"https:\/\/esenssi.com\/fabrica\/","logo":{"@type":"ImageObject","inLanguage":"es","@id":"https:\/\/esenssi.com\/fabrica\/#\/schema\/logo\/image\/","url":"https:\/\/esenssi.com\/fabrica\/wp-content\/uploads\/2021\/08\/Logotipo_Esenssi_Web.png","contentUrl":"https:\/\/esenssi.com\/fabrica\/wp-content\/uploads\/2021\/08\/Logotipo_Esenssi_Web.png","width":295,"height":64,"caption":"Mayoristas de perfumer\u00eda"},"image":{"@id":"https:\/\/esenssi.com\/fabrica\/#\/schema\/logo\/image\/"}}]}},"_links":{"self":[{"href":"https:\/\/esenssi.com\/fabrica\/wp-json\/wp\/v2\/product\/41987"}],"collection":[{"href":"https:\/\/esenssi.com\/fabrica\/wp-json\/wp\/v2\/product"}],"about":[{"href":"https:\/\/esenssi.com\/fabrica\/wp-json\/wp\/v2\/types\/product"}],"replies":[{"embeddable":true,"href":"https:\/\/esenssi.com\/fabrica\/wp-json\/wp\/v2\/comments?post=41987"}],"wp:featuredmedia":[{"embeddable":true,"href":"https:\/\/esenssi.com\/fabrica\/wp-json\/wp\/v2\/media\/69628"}],"wp:attachment":[{"href":"https:\/\/esenssi.com\/fabrica\/wp-json\/wp\/v2\/media?parent=41987"}],"wp:term":[{"taxonomy":"product_cat","embeddable":true,"href":"https:\/\/esenssi.com\/fabrica\/wp-json\/wp\/v2\/product_cat?post=41987"},{"taxonomy":"product_tag","embeddable":true,"href":"https:\/\/esenssi.com\/fabrica\/wp-json\/wp\/v2\/product_tag?post=41987"}],"curies":[{"name":"wp","href":"https:\/\/api.w.org\/{rel}","templated":true}]}}