{"id":42921,"date":"2018-07-25T07:29:41","date_gmt":"2018-07-25T05:29:41","guid":{"rendered":"https:\/\/esenssi.com\/fabrica\/producto\/frasco-ambicar-8-ml-pack-25-unidades\/"},"modified":"2022-07-13T12:45:48","modified_gmt":"2022-07-13T10:45:48","slug":"frasco-ambicar-pack-25-unidades","status":"publish","type":"product","link":"https:\/\/esenssi.com\/fabrica\/producto\/frasco-ambicar-pack-25-unidades\/","title":{"rendered":"Frasco Cristal Coche &#8211; Pack 25 uds"},"content":{"rendered":"<p>Este frasco de cristal para ambientadores de coche tiene un dise\u00f1o ligero y natural. Puedes rellenarlo f\u00e1cilmente con cualquiera de los ambientadores <a href=\"https:\/\/esenssi.com\/fabrica\/ambientacion-granel\/mikado\/\">Nature<\/a>, <a href=\"https:\/\/esenssi.com\/producto\/ambispray-top-parfum\/\">TOP Parfum<\/a> o <a href=\"https:\/\/esenssi.com\/producto\/ambientacion-mikado-niss\/\">NISS<\/a> de nuestro catalogo. Y lo que es m\u00e1s importante, tu cliente podr\u00e1 recargar este frasco las veces que quiera, con lo que ahorrara en su compra y contribuir\u00e1 a la protecci\u00f3n del medio ambiente.<\/p>\n<p>Tendras el conjunto completo para ambientadores a granel mikado con nuestras <a href=\"https:\/\/esenssi.com\/producto\/etiquetas-de-vinilo-estandar-para-ambientadores-indelebles\/\">etiquetas para ambientadores<\/a> de Esenssi Aromas, o con tu etiqueta personalizada.<\/p>\n<p>Incluye un obturador para que tu cliente se lo pueda llevar a casa con seguridad.<\/p>\n<p>Recuerda que disponemos de <a href=\"https:\/\/esenssi.com\/fabrica\/envases\/ambientacion\/\">diferentes modelos<\/a> de frascos de cristal para ambientadores.<\/p>\n<p><strong>IMPORTANTE<\/strong><\/p>\n<p>Contribuye a la protecci\u00f3n del medio ambiente con frascos y envases reutilizables<\/p>\n","protected":false},"excerpt":{"rendered":"<p>Peque\u00f1o y natural frasco de cristal para ambientador de coche. Lleva tap\u00f3n de madera difusor, cord\u00f3n para colgar y obturador.<\/p>\n<p>Capacidad 7 ml y 6 ml. Pack de 25 unidades.<\/p>\n<p>Tambi\u00e9n puedes comprar por separado 10 unidades de un estuche en PVC para presentar tus ambientadores de coche de una manera mucho m\u00e1s elegante.<\/p>\n","protected":false},"featured_media":0,"comment_status":"open","ping_status":"closed","template":"","meta":{"content-type":"","_joinchat":[]},"product_cat":[991,990],"product_tag":[],"class_list":{"0":"post-42921","1":"product","2":"type-product","3":"status-publish","5":"product_cat-ambientacion","6":"product_cat-envases","8":"first","9":"instock","10":"taxable","11":"shipping-taxable","12":"product-type-variable"},"yoast_head":"<!-- This site is optimized with the Yoast SEO plugin v23.3 - https:\/\/yoast.com\/wordpress\/plugins\/seo\/ -->\n<title>Frasco Cristal Coche - Pack 25 uds - Esenssi - Tienda Online<\/title>\n<meta name=\"robots\" content=\"noindex, nofollow\" \/>\n<meta property=\"og:locale\" content=\"es_ES\" \/>\n<meta property=\"og:type\" content=\"article\" \/>\n<meta property=\"og:title\" content=\"Frasco Cristal Coche - Pack 25 uds - Esenssi - Tienda Online\" \/>\n<meta property=\"og:description\" content=\"Peque\u00f1o y natural frasco de cristal para ambientador de coche. Lleva tap\u00f3n de madera difusor, cord\u00f3n para colgar y obturador.  Capacidad 7 ml y 6 ml. Pack de 25 unidades.  Tambi\u00e9n puedes comprar por separado 10 unidades de un estuche en PVC para presentar tus ambientadores de coche de una manera mucho m\u00e1s elegante.\" \/>\n<meta property=\"og:url\" content=\"https:\/\/esenssi.com\/fabrica\/producto\/frasco-ambicar-pack-25-unidades\/\" \/>\n<meta property=\"og:site_name\" content=\"Esenssi - Tienda Online\" \/>\n<meta property=\"article:modified_time\" content=\"2022-07-13T10:45:48+00:00\" \/>\n<meta property=\"og:image\" content=\"https:\/\/esenssi.com\/fabrica\/wp-content\/uploads\/2021\/08\/Logotipo_Footer_v3.png\" \/>\n\t<meta property=\"og:image:width\" content=\"300\" \/>\n\t<meta property=\"og:image:height\" content=\"175\" \/>\n\t<meta property=\"og:image:type\" content=\"image\/png\" \/>\n<meta name=\"twitter:card\" content=\"summary_large_image\" \/>\n<script type=\"application\/ld+json\" class=\"yoast-schema-graph\">{\"@context\":\"https:\/\/schema.org\",\"@graph\":[{\"@type\":\"WebPage\",\"@id\":\"https:\/\/esenssi.com\/fabrica\/producto\/frasco-ambicar-pack-25-unidades\/\",\"url\":\"https:\/\/esenssi.com\/fabrica\/producto\/frasco-ambicar-pack-25-unidades\/\",\"name\":\"Frasco Cristal Coche - Pack 25 uds - Esenssi - Tienda Online\",\"isPartOf\":{\"@id\":\"https:\/\/esenssi.com\/fabrica\/#website\"},\"datePublished\":\"2018-07-25T05:29:41+00:00\",\"dateModified\":\"2022-07-13T10:45:48+00:00\",\"breadcrumb\":{\"@id\":\"https:\/\/esenssi.com\/fabrica\/producto\/frasco-ambicar-pack-25-unidades\/#breadcrumb\"},\"inLanguage\":\"es\",\"potentialAction\":[{\"@type\":\"ReadAction\",\"target\":[\"https:\/\/esenssi.com\/fabrica\/producto\/frasco-ambicar-pack-25-unidades\/\"]}]},{\"@type\":\"BreadcrumbList\",\"@id\":\"https:\/\/esenssi.com\/fabrica\/producto\/frasco-ambicar-pack-25-unidades\/#breadcrumb\",\"itemListElement\":[{\"@type\":\"ListItem\",\"position\":1,\"name\":\"F\u00e1brica\",\"item\":\"https:\/\/esenssi.com\/fabrica\/\"},{\"@type\":\"ListItem\",\"position\":2,\"name\":\"Tienda\",\"item\":\"https:\/\/esenssi.com\/fabrica\/tienda\/\"},{\"@type\":\"ListItem\",\"position\":3,\"name\":\"Frasco Cristal Coche &#8211; Pack 25 uds\"}]},{\"@type\":\"WebSite\",\"@id\":\"https:\/\/esenssi.com\/fabrica\/#website\",\"url\":\"https:\/\/esenssi.com\/fabrica\/\",\"name\":\"Esenssi - Tienda Online\",\"description\":\"Fabricante de perfumes\",\"publisher\":{\"@id\":\"https:\/\/esenssi.com\/fabrica\/#organization\"},\"alternateName\":\"Esenssi - Tienda Online\",\"potentialAction\":[{\"@type\":\"SearchAction\",\"target\":{\"@type\":\"EntryPoint\",\"urlTemplate\":\"https:\/\/esenssi.com\/fabrica\/?s={search_term_string}\"},\"query-input\":\"required name=search_term_string\"}],\"inLanguage\":\"es\"},{\"@type\":\"Organization\",\"@id\":\"https:\/\/esenssi.com\/fabrica\/#organization\",\"name\":\"Mayoristas de perfumer\u00eda\",\"url\":\"https:\/\/esenssi.com\/fabrica\/\",\"logo\":{\"@type\":\"ImageObject\",\"inLanguage\":\"es\",\"@id\":\"https:\/\/esenssi.com\/fabrica\/#\/schema\/logo\/image\/\",\"url\":\"https:\/\/esenssi.com\/fabrica\/wp-content\/uploads\/2021\/08\/Logotipo_Esenssi_Web.png\",\"contentUrl\":\"https:\/\/esenssi.com\/fabrica\/wp-content\/uploads\/2021\/08\/Logotipo_Esenssi_Web.png\",\"width\":295,\"height\":64,\"caption\":\"Mayoristas de perfumer\u00eda\"},\"image\":{\"@id\":\"https:\/\/esenssi.com\/fabrica\/#\/schema\/logo\/image\/\"}}]}<\/script>\n<!-- \/ Yoast SEO plugin. -->","yoast_head_json":{"title":"Frasco Cristal Coche - Pack 25 uds - Esenssi - Tienda Online","robots":{"index":"noindex","follow":"nofollow"},"og_locale":"es_ES","og_type":"article","og_title":"Frasco Cristal Coche - Pack 25 uds - Esenssi - Tienda Online","og_description":"Peque\u00f1o y natural frasco de cristal para ambientador de coche. Lleva tap\u00f3n de madera difusor, cord\u00f3n para colgar y obturador.  Capacidad 7 ml y 6 ml. Pack de 25 unidades.  Tambi\u00e9n puedes comprar por separado 10 unidades de un estuche en PVC para presentar tus ambientadores de coche de una manera mucho m\u00e1s elegante.","og_url":"https:\/\/esenssi.com\/fabrica\/producto\/frasco-ambicar-pack-25-unidades\/","og_site_name":"Esenssi - Tienda Online","article_modified_time":"2022-07-13T10:45:48+00:00","og_image":[{"width":300,"height":175,"url":"https:\/\/esenssi.com\/fabrica\/wp-content\/uploads\/2021\/08\/Logotipo_Footer_v3.png","type":"image\/png"}],"twitter_card":"summary_large_image","schema":{"@context":"https:\/\/schema.org","@graph":[{"@type":"WebPage","@id":"https:\/\/esenssi.com\/fabrica\/producto\/frasco-ambicar-pack-25-unidades\/","url":"https:\/\/esenssi.com\/fabrica\/producto\/frasco-ambicar-pack-25-unidades\/","name":"Frasco Cristal Coche - Pack 25 uds - Esenssi - Tienda Online","isPartOf":{"@id":"https:\/\/esenssi.com\/fabrica\/#website"},"datePublished":"2018-07-25T05:29:41+00:00","dateModified":"2022-07-13T10:45:48+00:00","breadcrumb":{"@id":"https:\/\/esenssi.com\/fabrica\/producto\/frasco-ambicar-pack-25-unidades\/#breadcrumb"},"inLanguage":"es","potentialAction":[{"@type":"ReadAction","target":["https:\/\/esenssi.com\/fabrica\/producto\/frasco-ambicar-pack-25-unidades\/"]}]},{"@type":"BreadcrumbList","@id":"https:\/\/esenssi.com\/fabrica\/producto\/frasco-ambicar-pack-25-unidades\/#breadcrumb","itemListElement":[{"@type":"ListItem","position":1,"name":"F\u00e1brica","item":"https:\/\/esenssi.com\/fabrica\/"},{"@type":"ListItem","position":2,"name":"Tienda","item":"https:\/\/esenssi.com\/fabrica\/tienda\/"},{"@type":"ListItem","position":3,"name":"Frasco Cristal Coche &#8211; Pack 25 uds"}]},{"@type":"WebSite","@id":"https:\/\/esenssi.com\/fabrica\/#website","url":"https:\/\/esenssi.com\/fabrica\/","name":"Esenssi - Tienda Online","description":"Fabricante de perfumes","publisher":{"@id":"https:\/\/esenssi.com\/fabrica\/#organization"},"alternateName":"Esenssi - Tienda Online","potentialAction":[{"@type":"SearchAction","target":{"@type":"EntryPoint","urlTemplate":"https:\/\/esenssi.com\/fabrica\/?s={search_term_string}"},"query-input":"required name=search_term_string"}],"inLanguage":"es"},{"@type":"Organization","@id":"https:\/\/esenssi.com\/fabrica\/#organization","name":"Mayoristas de perfumer\u00eda","url":"https:\/\/esenssi.com\/fabrica\/","logo":{"@type":"ImageObject","inLanguage":"es","@id":"https:\/\/esenssi.com\/fabrica\/#\/schema\/logo\/image\/","url":"https:\/\/esenssi.com\/fabrica\/wp-content\/uploads\/2021\/08\/Logotipo_Esenssi_Web.png","contentUrl":"https:\/\/esenssi.com\/fabrica\/wp-content\/uploads\/2021\/08\/Logotipo_Esenssi_Web.png","width":295,"height":64,"caption":"Mayoristas de perfumer\u00eda"},"image":{"@id":"https:\/\/esenssi.com\/fabrica\/#\/schema\/logo\/image\/"}}]}},"_links":{"self":[{"href":"https:\/\/esenssi.com\/fabrica\/wp-json\/wp\/v2\/product\/42921"}],"collection":[{"href":"https:\/\/esenssi.com\/fabrica\/wp-json\/wp\/v2\/product"}],"about":[{"href":"https:\/\/esenssi.com\/fabrica\/wp-json\/wp\/v2\/types\/product"}],"replies":[{"embeddable":true,"href":"https:\/\/esenssi.com\/fabrica\/wp-json\/wp\/v2\/comments?post=42921"}],"wp:attachment":[{"href":"https:\/\/esenssi.com\/fabrica\/wp-json\/wp\/v2\/media?parent=42921"}],"wp:term":[{"taxonomy":"product_cat","embeddable":true,"href":"https:\/\/esenssi.com\/fabrica\/wp-json\/wp\/v2\/product_cat?post=42921"},{"taxonomy":"product_tag","embeddable":true,"href":"https:\/\/esenssi.com\/fabrica\/wp-json\/wp\/v2\/product_tag?post=42921"}],"curies":[{"name":"wp","href":"https:\/\/api.w.org\/{rel}","templated":true}]}}