{"id":42982,"date":"2018-07-25T08:50:56","date_gmt":"2018-07-25T06:50:56","guid":{"rendered":"https:\/\/esenssi.com\/fabrica\/producto\/perfumador-lady\/"},"modified":"2022-07-13T13:33:39","modified_gmt":"2022-07-13T11:33:39","slug":"perfumador-lady","status":"publish","type":"product","link":"https:\/\/esenssi.com\/fabrica\/producto\/perfumador-lady\/","title":{"rendered":"Perfumero Lady &#8211; &#8211; Pack 3 uds"},"content":{"rendered":"<p>Un envase de cristal elegante y diferente para alta perfumer\u00eda de marca blanca. Podr\u00e1s rellenarlo de todos esos perfumes especiales como los <a href=\"https:\/\/esenssi.com\/fabrica\/perfumes\/nicho\/\">perfumes Niss<\/a> de nuestro cat\u00e1logo o los perfumes top ventas.<\/p>\n<p>Dispone de boca 18\/415 lo que te permitir\u00e1 elegir varias <a href=\"https:\/\/esenssi.com\/fabrica\/envases\/envases-y-utiles-perfumeria\/valvulas-perfumeria\/\">v\u00e1lvulas<\/a>\u00a0para completar el conjunto.<\/p>\n<p><a href=\"https:\/\/esenssi.com\/producto\/valvula-spray-para-frascos-de-perfumeria\/\">V\u00e1lvulas de spray<\/a> para perfumes en varios colores o nuestras especiales <a href=\"https:\/\/esenssi.com\/producto\/valvulas-spray-pera-vintage\/\">v\u00e1lvulas vaporizadoras de pera<\/a> con las que conseguir\u00e1s un frasco para perfumes especial y lujoso.<\/p>\n<p>Si adem\u00e1s vistes este envase con las <a href=\"https:\/\/esenssi.com\/producto\/etiqueta-adhesivas-perfumeria\/\">etiquetas adhesivas en vinilo negro<\/a> podr\u00e1s tener una l\u00ednea de perfumes econ\u00f3micos, llamativos y elegantes. Solicita tus propias etiquetas <a href=\"https:\/\/esenssi.com\/fabrica\/producto\/etiquetas-personalizadas-perfume\/\">personalizadas<\/a> de esta l\u00ednea con tu logo.<\/p>\n<p>Tambi\u00e9n tienes la opci\u00f3n de la serigraf\u00eda para estos envases de cristal. El proceso es muy sencillo y podr\u00e1s tener tu envase totalmente personalizado.<\/p>\n<p><strong>IMPORTANTE<\/strong><\/p>\n<p>Muchas de las marcas m\u00e1s prestigiosas de alta perfumer\u00eda ya utilizan el sistema de envases reutilizables o recargables para proteger el medio ambiente<\/p>\n<p>Medidas:<\/p>\n<p>3,6 cm ancho x 3,6 cm de fondo x 9 cm de alto<\/p>\n","protected":false},"excerpt":{"rendered":"<p>Elegante frasco de cristal rosa para <a href=\"https:\/\/esenssi.com\/fabrica\/perfumes\/\">perfumes a granel<\/a>.<\/p>\n<p>Capacidad 50ml.<\/p>\n<p>Recargable.<\/p>\n<p>Pack de 3 unidades.<\/p>\n","protected":false},"featured_media":148109,"comment_status":"closed","ping_status":"closed","template":"","meta":{"content-type":"","_joinchat":[]},"product_cat":[990,995],"product_tag":[],"class_list":{"0":"post-42982","1":"product","2":"type-product","3":"status-publish","4":"has-post-thumbnail","6":"product_cat-envases","7":"product_cat-perfumeria","9":"first","10":"instock","11":"taxable","12":"shipping-taxable","13":"product-type-simple"},"yoast_head":"<!-- This site is optimized with the Yoast SEO plugin v23.3 - https:\/\/yoast.com\/wordpress\/plugins\/seo\/ -->\n<title>Perfumero Lady - Pack 3 uds - Esenssi - Tienda Online<\/title>\n<meta name=\"robots\" content=\"noindex, nofollow\" \/>\n<meta property=\"og:locale\" content=\"es_ES\" \/>\n<meta property=\"og:type\" content=\"article\" \/>\n<meta property=\"og:title\" content=\"Perfumero Lady - Pack 3 uds - Esenssi - Tienda Online\" \/>\n<meta property=\"og:description\" content=\"Elegante frasco de cristal rosa para perfumes a granel.  Capacidad 50ml.  Recargable.  Pack de 3 unidades.\" \/>\n<meta property=\"og:url\" content=\"https:\/\/esenssi.com\/fabrica\/producto\/perfumador-lady\/\" \/>\n<meta property=\"og:site_name\" content=\"Esenssi - Tienda Online\" \/>\n<meta property=\"article:modified_time\" content=\"2022-07-13T11:33:39+00:00\" \/>\n<meta property=\"og:image\" content=\"https:\/\/esenssi.com\/fabrica\/wp-content\/uploads\/2018\/07\/Perfumero_Lady_Rosa.jpg\" \/>\n\t<meta property=\"og:image:width\" content=\"1500\" \/>\n\t<meta property=\"og:image:height\" content=\"1500\" \/>\n\t<meta property=\"og:image:type\" content=\"image\/jpeg\" \/>\n<meta name=\"twitter:card\" content=\"summary_large_image\" \/>\n<script type=\"application\/ld+json\" class=\"yoast-schema-graph\">{\"@context\":\"https:\/\/schema.org\",\"@graph\":[{\"@type\":\"WebPage\",\"@id\":\"https:\/\/esenssi.com\/fabrica\/producto\/perfumador-lady\/\",\"url\":\"https:\/\/esenssi.com\/fabrica\/producto\/perfumador-lady\/\",\"name\":\"Perfumero Lady - Pack 3 uds - Esenssi - Tienda Online\",\"isPartOf\":{\"@id\":\"https:\/\/esenssi.com\/fabrica\/#website\"},\"primaryImageOfPage\":{\"@id\":\"https:\/\/esenssi.com\/fabrica\/producto\/perfumador-lady\/#primaryimage\"},\"image\":{\"@id\":\"https:\/\/esenssi.com\/fabrica\/producto\/perfumador-lady\/#primaryimage\"},\"thumbnailUrl\":\"https:\/\/esenssi.com\/fabrica\/wp-content\/uploads\/2018\/07\/Perfumero_Lady_Rosa.jpg\",\"datePublished\":\"2018-07-25T06:50:56+00:00\",\"dateModified\":\"2022-07-13T11:33:39+00:00\",\"breadcrumb\":{\"@id\":\"https:\/\/esenssi.com\/fabrica\/producto\/perfumador-lady\/#breadcrumb\"},\"inLanguage\":\"es\",\"potentialAction\":[{\"@type\":\"ReadAction\",\"target\":[\"https:\/\/esenssi.com\/fabrica\/producto\/perfumador-lady\/\"]}]},{\"@type\":\"ImageObject\",\"inLanguage\":\"es\",\"@id\":\"https:\/\/esenssi.com\/fabrica\/producto\/perfumador-lady\/#primaryimage\",\"url\":\"https:\/\/esenssi.com\/fabrica\/wp-content\/uploads\/2018\/07\/Perfumero_Lady_Rosa.jpg\",\"contentUrl\":\"https:\/\/esenssi.com\/fabrica\/wp-content\/uploads\/2018\/07\/Perfumero_Lady_Rosa.jpg\",\"width\":1500,\"height\":1500},{\"@type\":\"BreadcrumbList\",\"@id\":\"https:\/\/esenssi.com\/fabrica\/producto\/perfumador-lady\/#breadcrumb\",\"itemListElement\":[{\"@type\":\"ListItem\",\"position\":1,\"name\":\"F\u00e1brica\",\"item\":\"https:\/\/esenssi.com\/fabrica\/\"},{\"@type\":\"ListItem\",\"position\":2,\"name\":\"Tienda\",\"item\":\"https:\/\/esenssi.com\/fabrica\/tienda\/\"},{\"@type\":\"ListItem\",\"position\":3,\"name\":\"Perfumero Lady &#8211; &#8211; Pack 3 uds\"}]},{\"@type\":\"WebSite\",\"@id\":\"https:\/\/esenssi.com\/fabrica\/#website\",\"url\":\"https:\/\/esenssi.com\/fabrica\/\",\"name\":\"Esenssi - Tienda Online\",\"description\":\"Fabricante de perfumes\",\"publisher\":{\"@id\":\"https:\/\/esenssi.com\/fabrica\/#organization\"},\"alternateName\":\"Esenssi - Tienda Online\",\"potentialAction\":[{\"@type\":\"SearchAction\",\"target\":{\"@type\":\"EntryPoint\",\"urlTemplate\":\"https:\/\/esenssi.com\/fabrica\/?s={search_term_string}\"},\"query-input\":\"required name=search_term_string\"}],\"inLanguage\":\"es\"},{\"@type\":\"Organization\",\"@id\":\"https:\/\/esenssi.com\/fabrica\/#organization\",\"name\":\"Mayoristas de perfumer\u00eda\",\"url\":\"https:\/\/esenssi.com\/fabrica\/\",\"logo\":{\"@type\":\"ImageObject\",\"inLanguage\":\"es\",\"@id\":\"https:\/\/esenssi.com\/fabrica\/#\/schema\/logo\/image\/\",\"url\":\"https:\/\/esenssi.com\/fabrica\/wp-content\/uploads\/2021\/08\/Logotipo_Esenssi_Web.png\",\"contentUrl\":\"https:\/\/esenssi.com\/fabrica\/wp-content\/uploads\/2021\/08\/Logotipo_Esenssi_Web.png\",\"width\":295,\"height\":64,\"caption\":\"Mayoristas de perfumer\u00eda\"},\"image\":{\"@id\":\"https:\/\/esenssi.com\/fabrica\/#\/schema\/logo\/image\/\"}}]}<\/script>\n<!-- \/ Yoast SEO plugin. -->","yoast_head_json":{"title":"Perfumero Lady - Pack 3 uds - Esenssi - Tienda Online","robots":{"index":"noindex","follow":"nofollow"},"og_locale":"es_ES","og_type":"article","og_title":"Perfumero Lady - Pack 3 uds - Esenssi - Tienda Online","og_description":"Elegante frasco de cristal rosa para perfumes a granel.  Capacidad 50ml.  Recargable.  Pack de 3 unidades.","og_url":"https:\/\/esenssi.com\/fabrica\/producto\/perfumador-lady\/","og_site_name":"Esenssi - Tienda Online","article_modified_time":"2022-07-13T11:33:39+00:00","og_image":[{"width":1500,"height":1500,"url":"https:\/\/esenssi.com\/fabrica\/wp-content\/uploads\/2018\/07\/Perfumero_Lady_Rosa.jpg","type":"image\/jpeg"}],"twitter_card":"summary_large_image","schema":{"@context":"https:\/\/schema.org","@graph":[{"@type":"WebPage","@id":"https:\/\/esenssi.com\/fabrica\/producto\/perfumador-lady\/","url":"https:\/\/esenssi.com\/fabrica\/producto\/perfumador-lady\/","name":"Perfumero Lady - Pack 3 uds - Esenssi - Tienda Online","isPartOf":{"@id":"https:\/\/esenssi.com\/fabrica\/#website"},"primaryImageOfPage":{"@id":"https:\/\/esenssi.com\/fabrica\/producto\/perfumador-lady\/#primaryimage"},"image":{"@id":"https:\/\/esenssi.com\/fabrica\/producto\/perfumador-lady\/#primaryimage"},"thumbnailUrl":"https:\/\/esenssi.com\/fabrica\/wp-content\/uploads\/2018\/07\/Perfumero_Lady_Rosa.jpg","datePublished":"2018-07-25T06:50:56+00:00","dateModified":"2022-07-13T11:33:39+00:00","breadcrumb":{"@id":"https:\/\/esenssi.com\/fabrica\/producto\/perfumador-lady\/#breadcrumb"},"inLanguage":"es","potentialAction":[{"@type":"ReadAction","target":["https:\/\/esenssi.com\/fabrica\/producto\/perfumador-lady\/"]}]},{"@type":"ImageObject","inLanguage":"es","@id":"https:\/\/esenssi.com\/fabrica\/producto\/perfumador-lady\/#primaryimage","url":"https:\/\/esenssi.com\/fabrica\/wp-content\/uploads\/2018\/07\/Perfumero_Lady_Rosa.jpg","contentUrl":"https:\/\/esenssi.com\/fabrica\/wp-content\/uploads\/2018\/07\/Perfumero_Lady_Rosa.jpg","width":1500,"height":1500},{"@type":"BreadcrumbList","@id":"https:\/\/esenssi.com\/fabrica\/producto\/perfumador-lady\/#breadcrumb","itemListElement":[{"@type":"ListItem","position":1,"name":"F\u00e1brica","item":"https:\/\/esenssi.com\/fabrica\/"},{"@type":"ListItem","position":2,"name":"Tienda","item":"https:\/\/esenssi.com\/fabrica\/tienda\/"},{"@type":"ListItem","position":3,"name":"Perfumero Lady &#8211; &#8211; Pack 3 uds"}]},{"@type":"WebSite","@id":"https:\/\/esenssi.com\/fabrica\/#website","url":"https:\/\/esenssi.com\/fabrica\/","name":"Esenssi - Tienda Online","description":"Fabricante de perfumes","publisher":{"@id":"https:\/\/esenssi.com\/fabrica\/#organization"},"alternateName":"Esenssi - Tienda Online","potentialAction":[{"@type":"SearchAction","target":{"@type":"EntryPoint","urlTemplate":"https:\/\/esenssi.com\/fabrica\/?s={search_term_string}"},"query-input":"required name=search_term_string"}],"inLanguage":"es"},{"@type":"Organization","@id":"https:\/\/esenssi.com\/fabrica\/#organization","name":"Mayoristas de perfumer\u00eda","url":"https:\/\/esenssi.com\/fabrica\/","logo":{"@type":"ImageObject","inLanguage":"es","@id":"https:\/\/esenssi.com\/fabrica\/#\/schema\/logo\/image\/","url":"https:\/\/esenssi.com\/fabrica\/wp-content\/uploads\/2021\/08\/Logotipo_Esenssi_Web.png","contentUrl":"https:\/\/esenssi.com\/fabrica\/wp-content\/uploads\/2021\/08\/Logotipo_Esenssi_Web.png","width":295,"height":64,"caption":"Mayoristas de perfumer\u00eda"},"image":{"@id":"https:\/\/esenssi.com\/fabrica\/#\/schema\/logo\/image\/"}}]}},"_links":{"self":[{"href":"https:\/\/esenssi.com\/fabrica\/wp-json\/wp\/v2\/product\/42982"}],"collection":[{"href":"https:\/\/esenssi.com\/fabrica\/wp-json\/wp\/v2\/product"}],"about":[{"href":"https:\/\/esenssi.com\/fabrica\/wp-json\/wp\/v2\/types\/product"}],"replies":[{"embeddable":true,"href":"https:\/\/esenssi.com\/fabrica\/wp-json\/wp\/v2\/comments?post=42982"}],"wp:featuredmedia":[{"embeddable":true,"href":"https:\/\/esenssi.com\/fabrica\/wp-json\/wp\/v2\/media\/148109"}],"wp:attachment":[{"href":"https:\/\/esenssi.com\/fabrica\/wp-json\/wp\/v2\/media?parent=42982"}],"wp:term":[{"taxonomy":"product_cat","embeddable":true,"href":"https:\/\/esenssi.com\/fabrica\/wp-json\/wp\/v2\/product_cat?post=42982"},{"taxonomy":"product_tag","embeddable":true,"href":"https:\/\/esenssi.com\/fabrica\/wp-json\/wp\/v2\/product_tag?post=42982"}],"curies":[{"name":"wp","href":"https:\/\/api.w.org\/{rel}","templated":true}]}}