{"id":43000,"date":"2018-07-25T09:10:08","date_gmt":"2018-07-25T09:10:08","guid":{"rendered":"https:\/\/esenssi.com\/fabrica\/producto\/perfumador-probador\/"},"modified":"2025-05-13T13:02:03","modified_gmt":"2025-05-13T11:02:03","slug":"perfumador-probador","status":"publish","type":"product","link":"https:\/\/esenssi.com\/fabrica\/producto\/perfumador-probador\/","title":{"rendered":"Tester"},"content":{"rendered":"<p>Diferentes formatos para tus herramientas de ventas en estos frascos de cristal probadores. Los de 5ml puedes tenerlos junto a tus <a href=\"https:\/\/esenssi.com\/producto\/frasca-cristal-con-grifo-1l\/\">frascas de cristal con grifo<\/a> para la venta de tus <a href=\"https:\/\/esenssi.com\/fabrica\/perfumes\/\">perfumes a granel<\/a>\u00a0de forma que tus clientes puedan probar f\u00e1cilmente sus aromas.<\/p>\n<p>Los de 3ml con spray pulverizador y los viales esencieros de perfumes puedes usarlos como muestras para que tus clientes prueben varios de los <a href=\"https:\/\/esenssi.com\/fabrica\/perfumes\/\">perfumes<\/a> que forman nuestro cat\u00e1logo y para hacer campa\u00f1as de promoci\u00f3n.<\/p>\n<p>Los viales vaporizadores de 5ml y 3ml personalizados iran etiquetados con tu propio logo. Para serigraf\u00eda, consulta cantidades m\u00ednimas.<\/p>\n","protected":false},"excerpt":{"rendered":"<p>Frasco vial de cristal en spray para probadores de\u00a0perfumes recargables.<\/p>\n<p>Capacidad 5ml, 3ml y 2 ml. Recargables.<\/p>\n<p>Disponibles en packs de 10 unidades, 50 unidades y 100 unidades.<\/p>\n","protected":false},"featured_media":65424,"comment_status":"open","ping_status":"closed","template":"","meta":{"content-type":"","_joinchat":[]},"product_cat":[990,995],"product_tag":[],"class_list":{"0":"post-43000","1":"product","2":"type-product","3":"status-publish","4":"has-post-thumbnail","6":"product_cat-envases","7":"product_cat-perfumeria","9":"first","10":"instock","11":"taxable","12":"shipping-taxable","13":"product-type-variable"},"yoast_head":"<!-- This site is optimized with the Yoast SEO plugin v23.3 - https:\/\/yoast.com\/wordpress\/plugins\/seo\/ -->\n<title>Tester - Esenssi - Tienda Online<\/title>\n<meta name=\"robots\" content=\"index, follow, max-snippet:-1, max-image-preview:large, max-video-preview:-1\" \/>\n<link rel=\"canonical\" href=\"https:\/\/esenssi.com\/fabrica\/producto\/perfumador-probador\/\" \/>\n<meta property=\"og:locale\" content=\"es_ES\" \/>\n<meta property=\"og:type\" content=\"article\" \/>\n<meta property=\"og:title\" content=\"Tester - Esenssi - Tienda Online\" \/>\n<meta property=\"og:description\" content=\"Frasco vial de cristal en spray para probadores de\u00a0perfumes recargables.  Capacidad 5ml, 3ml y 2 ml. Recargables.  Disponibles en packs de 10 unidades, 50 unidades y 100 unidades.\" \/>\n<meta property=\"og:url\" content=\"https:\/\/esenssi.com\/fabrica\/producto\/perfumador-probador\/\" \/>\n<meta property=\"og:site_name\" content=\"Esenssi - Tienda Online\" \/>\n<meta property=\"article:modified_time\" content=\"2025-05-13T11:02:03+00:00\" \/>\n<meta property=\"og:image\" content=\"https:\/\/esenssi.com\/fabrica\/wp-content\/uploads\/2018\/07\/Vial_Vacio.jpg\" \/>\n\t<meta property=\"og:image:width\" content=\"600\" \/>\n\t<meta property=\"og:image:height\" content=\"600\" \/>\n\t<meta property=\"og:image:type\" content=\"image\/jpeg\" \/>\n<meta name=\"twitter:card\" content=\"summary_large_image\" \/>\n<script type=\"application\/ld+json\" class=\"yoast-schema-graph\">{\"@context\":\"https:\/\/schema.org\",\"@graph\":[{\"@type\":\"WebPage\",\"@id\":\"https:\/\/esenssi.com\/fabrica\/producto\/perfumador-probador\/\",\"url\":\"https:\/\/esenssi.com\/fabrica\/producto\/perfumador-probador\/\",\"name\":\"Tester - Esenssi - Tienda Online\",\"isPartOf\":{\"@id\":\"https:\/\/esenssi.com\/fabrica\/#website\"},\"primaryImageOfPage\":{\"@id\":\"https:\/\/esenssi.com\/fabrica\/producto\/perfumador-probador\/#primaryimage\"},\"image\":{\"@id\":\"https:\/\/esenssi.com\/fabrica\/producto\/perfumador-probador\/#primaryimage\"},\"thumbnailUrl\":\"https:\/\/esenssi.com\/fabrica\/wp-content\/uploads\/2018\/07\/Vial_Vacio.jpg\",\"datePublished\":\"2018-07-25T09:10:08+00:00\",\"dateModified\":\"2025-05-13T11:02:03+00:00\",\"breadcrumb\":{\"@id\":\"https:\/\/esenssi.com\/fabrica\/producto\/perfumador-probador\/#breadcrumb\"},\"inLanguage\":\"es\",\"potentialAction\":[{\"@type\":\"ReadAction\",\"target\":[\"https:\/\/esenssi.com\/fabrica\/producto\/perfumador-probador\/\"]}]},{\"@type\":\"ImageObject\",\"inLanguage\":\"es\",\"@id\":\"https:\/\/esenssi.com\/fabrica\/producto\/perfumador-probador\/#primaryimage\",\"url\":\"https:\/\/esenssi.com\/fabrica\/wp-content\/uploads\/2018\/07\/Vial_Vacio.jpg\",\"contentUrl\":\"https:\/\/esenssi.com\/fabrica\/wp-content\/uploads\/2018\/07\/Vial_Vacio.jpg\",\"width\":600,\"height\":600},{\"@type\":\"BreadcrumbList\",\"@id\":\"https:\/\/esenssi.com\/fabrica\/producto\/perfumador-probador\/#breadcrumb\",\"itemListElement\":[{\"@type\":\"ListItem\",\"position\":1,\"name\":\"F\u00e1brica\",\"item\":\"https:\/\/esenssi.com\/fabrica\/\"},{\"@type\":\"ListItem\",\"position\":2,\"name\":\"Tienda\",\"item\":\"https:\/\/esenssi.com\/fabrica\/tienda\/\"},{\"@type\":\"ListItem\",\"position\":3,\"name\":\"Tester\"}]},{\"@type\":\"WebSite\",\"@id\":\"https:\/\/esenssi.com\/fabrica\/#website\",\"url\":\"https:\/\/esenssi.com\/fabrica\/\",\"name\":\"Esenssi - Tienda Online\",\"description\":\"Fabricante de perfumes\",\"publisher\":{\"@id\":\"https:\/\/esenssi.com\/fabrica\/#organization\"},\"alternateName\":\"Esenssi - Tienda Online\",\"potentialAction\":[{\"@type\":\"SearchAction\",\"target\":{\"@type\":\"EntryPoint\",\"urlTemplate\":\"https:\/\/esenssi.com\/fabrica\/?s={search_term_string}\"},\"query-input\":\"required name=search_term_string\"}],\"inLanguage\":\"es\"},{\"@type\":\"Organization\",\"@id\":\"https:\/\/esenssi.com\/fabrica\/#organization\",\"name\":\"Mayoristas de perfumer\u00eda\",\"url\":\"https:\/\/esenssi.com\/fabrica\/\",\"logo\":{\"@type\":\"ImageObject\",\"inLanguage\":\"es\",\"@id\":\"https:\/\/esenssi.com\/fabrica\/#\/schema\/logo\/image\/\",\"url\":\"https:\/\/esenssi.com\/fabrica\/wp-content\/uploads\/2021\/08\/Logotipo_Esenssi_Web.png\",\"contentUrl\":\"https:\/\/esenssi.com\/fabrica\/wp-content\/uploads\/2021\/08\/Logotipo_Esenssi_Web.png\",\"width\":295,\"height\":64,\"caption\":\"Mayoristas de perfumer\u00eda\"},\"image\":{\"@id\":\"https:\/\/esenssi.com\/fabrica\/#\/schema\/logo\/image\/\"}}]}<\/script>\n<!-- \/ Yoast SEO plugin. -->","yoast_head_json":{"title":"Tester - Esenssi - Tienda Online","robots":{"index":"index","follow":"follow","max-snippet":"max-snippet:-1","max-image-preview":"max-image-preview:large","max-video-preview":"max-video-preview:-1"},"canonical":"https:\/\/esenssi.com\/fabrica\/producto\/perfumador-probador\/","og_locale":"es_ES","og_type":"article","og_title":"Tester - Esenssi - Tienda Online","og_description":"Frasco vial de cristal en spray para probadores de\u00a0perfumes recargables.  Capacidad 5ml, 3ml y 2 ml. Recargables.  Disponibles en packs de 10 unidades, 50 unidades y 100 unidades.","og_url":"https:\/\/esenssi.com\/fabrica\/producto\/perfumador-probador\/","og_site_name":"Esenssi - Tienda Online","article_modified_time":"2025-05-13T11:02:03+00:00","og_image":[{"width":600,"height":600,"url":"https:\/\/esenssi.com\/fabrica\/wp-content\/uploads\/2018\/07\/Vial_Vacio.jpg","type":"image\/jpeg"}],"twitter_card":"summary_large_image","schema":{"@context":"https:\/\/schema.org","@graph":[{"@type":"WebPage","@id":"https:\/\/esenssi.com\/fabrica\/producto\/perfumador-probador\/","url":"https:\/\/esenssi.com\/fabrica\/producto\/perfumador-probador\/","name":"Tester - Esenssi - Tienda Online","isPartOf":{"@id":"https:\/\/esenssi.com\/fabrica\/#website"},"primaryImageOfPage":{"@id":"https:\/\/esenssi.com\/fabrica\/producto\/perfumador-probador\/#primaryimage"},"image":{"@id":"https:\/\/esenssi.com\/fabrica\/producto\/perfumador-probador\/#primaryimage"},"thumbnailUrl":"https:\/\/esenssi.com\/fabrica\/wp-content\/uploads\/2018\/07\/Vial_Vacio.jpg","datePublished":"2018-07-25T09:10:08+00:00","dateModified":"2025-05-13T11:02:03+00:00","breadcrumb":{"@id":"https:\/\/esenssi.com\/fabrica\/producto\/perfumador-probador\/#breadcrumb"},"inLanguage":"es","potentialAction":[{"@type":"ReadAction","target":["https:\/\/esenssi.com\/fabrica\/producto\/perfumador-probador\/"]}]},{"@type":"ImageObject","inLanguage":"es","@id":"https:\/\/esenssi.com\/fabrica\/producto\/perfumador-probador\/#primaryimage","url":"https:\/\/esenssi.com\/fabrica\/wp-content\/uploads\/2018\/07\/Vial_Vacio.jpg","contentUrl":"https:\/\/esenssi.com\/fabrica\/wp-content\/uploads\/2018\/07\/Vial_Vacio.jpg","width":600,"height":600},{"@type":"BreadcrumbList","@id":"https:\/\/esenssi.com\/fabrica\/producto\/perfumador-probador\/#breadcrumb","itemListElement":[{"@type":"ListItem","position":1,"name":"F\u00e1brica","item":"https:\/\/esenssi.com\/fabrica\/"},{"@type":"ListItem","position":2,"name":"Tienda","item":"https:\/\/esenssi.com\/fabrica\/tienda\/"},{"@type":"ListItem","position":3,"name":"Tester"}]},{"@type":"WebSite","@id":"https:\/\/esenssi.com\/fabrica\/#website","url":"https:\/\/esenssi.com\/fabrica\/","name":"Esenssi - Tienda Online","description":"Fabricante de perfumes","publisher":{"@id":"https:\/\/esenssi.com\/fabrica\/#organization"},"alternateName":"Esenssi - Tienda Online","potentialAction":[{"@type":"SearchAction","target":{"@type":"EntryPoint","urlTemplate":"https:\/\/esenssi.com\/fabrica\/?s={search_term_string}"},"query-input":"required name=search_term_string"}],"inLanguage":"es"},{"@type":"Organization","@id":"https:\/\/esenssi.com\/fabrica\/#organization","name":"Mayoristas de perfumer\u00eda","url":"https:\/\/esenssi.com\/fabrica\/","logo":{"@type":"ImageObject","inLanguage":"es","@id":"https:\/\/esenssi.com\/fabrica\/#\/schema\/logo\/image\/","url":"https:\/\/esenssi.com\/fabrica\/wp-content\/uploads\/2021\/08\/Logotipo_Esenssi_Web.png","contentUrl":"https:\/\/esenssi.com\/fabrica\/wp-content\/uploads\/2021\/08\/Logotipo_Esenssi_Web.png","width":295,"height":64,"caption":"Mayoristas de perfumer\u00eda"},"image":{"@id":"https:\/\/esenssi.com\/fabrica\/#\/schema\/logo\/image\/"}}]}},"_links":{"self":[{"href":"https:\/\/esenssi.com\/fabrica\/wp-json\/wp\/v2\/product\/43000"}],"collection":[{"href":"https:\/\/esenssi.com\/fabrica\/wp-json\/wp\/v2\/product"}],"about":[{"href":"https:\/\/esenssi.com\/fabrica\/wp-json\/wp\/v2\/types\/product"}],"replies":[{"embeddable":true,"href":"https:\/\/esenssi.com\/fabrica\/wp-json\/wp\/v2\/comments?post=43000"}],"wp:featuredmedia":[{"embeddable":true,"href":"https:\/\/esenssi.com\/fabrica\/wp-json\/wp\/v2\/media\/65424"}],"wp:attachment":[{"href":"https:\/\/esenssi.com\/fabrica\/wp-json\/wp\/v2\/media?parent=43000"}],"wp:term":[{"taxonomy":"product_cat","embeddable":true,"href":"https:\/\/esenssi.com\/fabrica\/wp-json\/wp\/v2\/product_cat?post=43000"},{"taxonomy":"product_tag","embeddable":true,"href":"https:\/\/esenssi.com\/fabrica\/wp-json\/wp\/v2\/product_tag?post=43000"}],"curies":[{"name":"wp","href":"https:\/\/api.w.org\/{rel}","templated":true}]}}