{"id":43047,"date":"2018-07-27T10:51:28","date_gmt":"2018-07-27T10:51:28","guid":{"rendered":"https:\/\/esenssi.com\/fabrica\/producto\/bolsas-de-tela\/"},"modified":"2022-07-11T13:48:01","modified_gmt":"2022-07-11T11:48:01","slug":"bolsas-de-tela","status":"publish","type":"product","link":"https:\/\/esenssi.com\/fabrica\/producto\/bolsas-de-tela\/","title":{"rendered":"Bolsas de tela personalizable"},"content":{"rendered":"<p>Hoy en d\u00eda tratamos de que todo sea \u00fatil y reciclable. La cajas y el celof\u00e1n forman una bonita imagen pero en cuanto llegamos a casa y las abrimos las tiramos a la basura.<\/p>\n<p>Estas elegantes bolsitas de tela son el complemento ideal para guardar tus <a href=\"https:\/\/esenssi.com\/fabrica\/perfumes\/\">perfumes<\/a> y <a href=\"https:\/\/esenssi.com\/fabrica\/categoria-producto\/cuidado-corporal\/\">cosm\u00e9tica<\/a> o se pueden reutilizar para otros art\u00edculos como bisuter\u00eda, cintos, etc.<\/p>\n<p>Puedes solicitarlas serigrafiadas con tu marca, solo tienes que enviarnos tu logo y tendr\u00e1s tus bolsas personalizadas.<\/p>\n<p>Recuerda que tenemos todas las herramientas necesarias para tu <a href=\"https:\/\/esenssi.com\/tuproyectoamedida\/\">negocio de perfumer\u00eda y cosm\u00e9tica<\/a><\/p>\n<p>Tama\u00f1os grandes disponibles: 18&#215;26 (Colores surtidos)\u00a0\/ 20&#215;30 (Colores surtidos)\/ 18&#215;22 (blancas) \/ 20&#215;20 (blancas) \/ 20&#215;25 (blancas)<\/p>\n<p>Tama\u00f1os peque\u00f1os disponibles: 13&#215;20 (Colores surtidos) \/ 10&#215;15 (Colores surtidos) \/ 15&#215;22 (Colores surtidos) \/ 15&#215;20 (blancas)<\/p>\n","protected":false},"excerpt":{"rendered":"<p>Saquitos de tela para perfumer\u00eda y cosm\u00e9tica ideal como packaging para que tus productos tengan ese aire moderno y actual. Reutilizables. Disponibles en packs de 10 unidades, y diferentes tama\u00f1os (grades &#8211; peque\u00f1os) y colores\u00a0surtidos.<\/p>\n","protected":false},"featured_media":144927,"comment_status":"open","ping_status":"closed","template":"","meta":{"content-type":"","_joinchat":[]},"product_cat":[1332,1383],"product_tag":[],"class_list":{"0":"post-43047","1":"product","2":"type-product","3":"status-publish","4":"has-post-thumbnail","6":"product_cat-packaging-para-perfumeria","7":"product_cat-saquitos","9":"first","10":"instock","11":"taxable","12":"shipping-taxable","13":"product-type-variable"},"yoast_head":"<!-- This site is optimized with the Yoast SEO plugin v23.3 - https:\/\/yoast.com\/wordpress\/plugins\/seo\/ -->\n<title>Bolsas de tela personalizable - Esenssi - Tienda Online<\/title>\n<meta name=\"robots\" content=\"noindex, nofollow\" \/>\n<meta property=\"og:locale\" content=\"es_ES\" \/>\n<meta property=\"og:type\" content=\"article\" \/>\n<meta property=\"og:title\" content=\"Bolsas de tela personalizable - Esenssi - Tienda Online\" \/>\n<meta property=\"og:description\" content=\"Saquitos de tela para perfumer\u00eda y cosm\u00e9tica ideal como packaging para que tus productos tengan ese aire moderno y actual. Reutilizables. Disponibles en packs de 10 unidades, y diferentes tama\u00f1os (grades - peque\u00f1os) y colores\u00a0surtidos.\" \/>\n<meta property=\"og:url\" content=\"https:\/\/esenssi.com\/fabrica\/producto\/bolsas-de-tela\/\" \/>\n<meta property=\"og:site_name\" content=\"Esenssi - Tienda Online\" \/>\n<meta property=\"article:modified_time\" content=\"2022-07-11T11:48:01+00:00\" \/>\n<meta property=\"og:image\" content=\"https:\/\/esenssi.com\/fabrica\/wp-content\/uploads\/2018\/07\/Bolsas.jpg\" \/>\n\t<meta property=\"og:image:width\" content=\"750\" \/>\n\t<meta property=\"og:image:height\" content=\"750\" \/>\n\t<meta property=\"og:image:type\" content=\"image\/jpeg\" \/>\n<meta name=\"twitter:card\" content=\"summary_large_image\" \/>\n<script type=\"application\/ld+json\" class=\"yoast-schema-graph\">{\"@context\":\"https:\/\/schema.org\",\"@graph\":[{\"@type\":\"WebPage\",\"@id\":\"https:\/\/esenssi.com\/fabrica\/producto\/bolsas-de-tela\/\",\"url\":\"https:\/\/esenssi.com\/fabrica\/producto\/bolsas-de-tela\/\",\"name\":\"Bolsas de tela personalizable - Esenssi - Tienda Online\",\"isPartOf\":{\"@id\":\"https:\/\/esenssi.com\/fabrica\/#website\"},\"primaryImageOfPage\":{\"@id\":\"https:\/\/esenssi.com\/fabrica\/producto\/bolsas-de-tela\/#primaryimage\"},\"image\":{\"@id\":\"https:\/\/esenssi.com\/fabrica\/producto\/bolsas-de-tela\/#primaryimage\"},\"thumbnailUrl\":\"https:\/\/esenssi.com\/fabrica\/wp-content\/uploads\/2018\/07\/Bolsas.jpg\",\"datePublished\":\"2018-07-27T10:51:28+00:00\",\"dateModified\":\"2022-07-11T11:48:01+00:00\",\"breadcrumb\":{\"@id\":\"https:\/\/esenssi.com\/fabrica\/producto\/bolsas-de-tela\/#breadcrumb\"},\"inLanguage\":\"es\",\"potentialAction\":[{\"@type\":\"ReadAction\",\"target\":[\"https:\/\/esenssi.com\/fabrica\/producto\/bolsas-de-tela\/\"]}]},{\"@type\":\"ImageObject\",\"inLanguage\":\"es\",\"@id\":\"https:\/\/esenssi.com\/fabrica\/producto\/bolsas-de-tela\/#primaryimage\",\"url\":\"https:\/\/esenssi.com\/fabrica\/wp-content\/uploads\/2018\/07\/Bolsas.jpg\",\"contentUrl\":\"https:\/\/esenssi.com\/fabrica\/wp-content\/uploads\/2018\/07\/Bolsas.jpg\",\"width\":750,\"height\":750},{\"@type\":\"BreadcrumbList\",\"@id\":\"https:\/\/esenssi.com\/fabrica\/producto\/bolsas-de-tela\/#breadcrumb\",\"itemListElement\":[{\"@type\":\"ListItem\",\"position\":1,\"name\":\"F\u00e1brica\",\"item\":\"https:\/\/esenssi.com\/fabrica\/\"},{\"@type\":\"ListItem\",\"position\":2,\"name\":\"Tienda\",\"item\":\"https:\/\/esenssi.com\/fabrica\/tienda\/\"},{\"@type\":\"ListItem\",\"position\":3,\"name\":\"Bolsas de tela personalizable\"}]},{\"@type\":\"WebSite\",\"@id\":\"https:\/\/esenssi.com\/fabrica\/#website\",\"url\":\"https:\/\/esenssi.com\/fabrica\/\",\"name\":\"Esenssi - Tienda Online\",\"description\":\"Fabricante de perfumes\",\"publisher\":{\"@id\":\"https:\/\/esenssi.com\/fabrica\/#organization\"},\"alternateName\":\"Esenssi - Tienda Online\",\"potentialAction\":[{\"@type\":\"SearchAction\",\"target\":{\"@type\":\"EntryPoint\",\"urlTemplate\":\"https:\/\/esenssi.com\/fabrica\/?s={search_term_string}\"},\"query-input\":\"required name=search_term_string\"}],\"inLanguage\":\"es\"},{\"@type\":\"Organization\",\"@id\":\"https:\/\/esenssi.com\/fabrica\/#organization\",\"name\":\"Mayoristas de perfumer\u00eda\",\"url\":\"https:\/\/esenssi.com\/fabrica\/\",\"logo\":{\"@type\":\"ImageObject\",\"inLanguage\":\"es\",\"@id\":\"https:\/\/esenssi.com\/fabrica\/#\/schema\/logo\/image\/\",\"url\":\"https:\/\/esenssi.com\/fabrica\/wp-content\/uploads\/2021\/08\/Logotipo_Esenssi_Web.png\",\"contentUrl\":\"https:\/\/esenssi.com\/fabrica\/wp-content\/uploads\/2021\/08\/Logotipo_Esenssi_Web.png\",\"width\":295,\"height\":64,\"caption\":\"Mayoristas de perfumer\u00eda\"},\"image\":{\"@id\":\"https:\/\/esenssi.com\/fabrica\/#\/schema\/logo\/image\/\"}}]}<\/script>\n<!-- \/ Yoast SEO plugin. -->","yoast_head_json":{"title":"Bolsas de tela personalizable - Esenssi - Tienda Online","robots":{"index":"noindex","follow":"nofollow"},"og_locale":"es_ES","og_type":"article","og_title":"Bolsas de tela personalizable - Esenssi - Tienda Online","og_description":"Saquitos de tela para perfumer\u00eda y cosm\u00e9tica ideal como packaging para que tus productos tengan ese aire moderno y actual. Reutilizables. Disponibles en packs de 10 unidades, y diferentes tama\u00f1os (grades - peque\u00f1os) y colores\u00a0surtidos.","og_url":"https:\/\/esenssi.com\/fabrica\/producto\/bolsas-de-tela\/","og_site_name":"Esenssi - Tienda Online","article_modified_time":"2022-07-11T11:48:01+00:00","og_image":[{"width":750,"height":750,"url":"https:\/\/esenssi.com\/fabrica\/wp-content\/uploads\/2018\/07\/Bolsas.jpg","type":"image\/jpeg"}],"twitter_card":"summary_large_image","schema":{"@context":"https:\/\/schema.org","@graph":[{"@type":"WebPage","@id":"https:\/\/esenssi.com\/fabrica\/producto\/bolsas-de-tela\/","url":"https:\/\/esenssi.com\/fabrica\/producto\/bolsas-de-tela\/","name":"Bolsas de tela personalizable - Esenssi - Tienda Online","isPartOf":{"@id":"https:\/\/esenssi.com\/fabrica\/#website"},"primaryImageOfPage":{"@id":"https:\/\/esenssi.com\/fabrica\/producto\/bolsas-de-tela\/#primaryimage"},"image":{"@id":"https:\/\/esenssi.com\/fabrica\/producto\/bolsas-de-tela\/#primaryimage"},"thumbnailUrl":"https:\/\/esenssi.com\/fabrica\/wp-content\/uploads\/2018\/07\/Bolsas.jpg","datePublished":"2018-07-27T10:51:28+00:00","dateModified":"2022-07-11T11:48:01+00:00","breadcrumb":{"@id":"https:\/\/esenssi.com\/fabrica\/producto\/bolsas-de-tela\/#breadcrumb"},"inLanguage":"es","potentialAction":[{"@type":"ReadAction","target":["https:\/\/esenssi.com\/fabrica\/producto\/bolsas-de-tela\/"]}]},{"@type":"ImageObject","inLanguage":"es","@id":"https:\/\/esenssi.com\/fabrica\/producto\/bolsas-de-tela\/#primaryimage","url":"https:\/\/esenssi.com\/fabrica\/wp-content\/uploads\/2018\/07\/Bolsas.jpg","contentUrl":"https:\/\/esenssi.com\/fabrica\/wp-content\/uploads\/2018\/07\/Bolsas.jpg","width":750,"height":750},{"@type":"BreadcrumbList","@id":"https:\/\/esenssi.com\/fabrica\/producto\/bolsas-de-tela\/#breadcrumb","itemListElement":[{"@type":"ListItem","position":1,"name":"F\u00e1brica","item":"https:\/\/esenssi.com\/fabrica\/"},{"@type":"ListItem","position":2,"name":"Tienda","item":"https:\/\/esenssi.com\/fabrica\/tienda\/"},{"@type":"ListItem","position":3,"name":"Bolsas de tela personalizable"}]},{"@type":"WebSite","@id":"https:\/\/esenssi.com\/fabrica\/#website","url":"https:\/\/esenssi.com\/fabrica\/","name":"Esenssi - Tienda Online","description":"Fabricante de perfumes","publisher":{"@id":"https:\/\/esenssi.com\/fabrica\/#organization"},"alternateName":"Esenssi - Tienda Online","potentialAction":[{"@type":"SearchAction","target":{"@type":"EntryPoint","urlTemplate":"https:\/\/esenssi.com\/fabrica\/?s={search_term_string}"},"query-input":"required name=search_term_string"}],"inLanguage":"es"},{"@type":"Organization","@id":"https:\/\/esenssi.com\/fabrica\/#organization","name":"Mayoristas de perfumer\u00eda","url":"https:\/\/esenssi.com\/fabrica\/","logo":{"@type":"ImageObject","inLanguage":"es","@id":"https:\/\/esenssi.com\/fabrica\/#\/schema\/logo\/image\/","url":"https:\/\/esenssi.com\/fabrica\/wp-content\/uploads\/2021\/08\/Logotipo_Esenssi_Web.png","contentUrl":"https:\/\/esenssi.com\/fabrica\/wp-content\/uploads\/2021\/08\/Logotipo_Esenssi_Web.png","width":295,"height":64,"caption":"Mayoristas de perfumer\u00eda"},"image":{"@id":"https:\/\/esenssi.com\/fabrica\/#\/schema\/logo\/image\/"}}]}},"_links":{"self":[{"href":"https:\/\/esenssi.com\/fabrica\/wp-json\/wp\/v2\/product\/43047"}],"collection":[{"href":"https:\/\/esenssi.com\/fabrica\/wp-json\/wp\/v2\/product"}],"about":[{"href":"https:\/\/esenssi.com\/fabrica\/wp-json\/wp\/v2\/types\/product"}],"replies":[{"embeddable":true,"href":"https:\/\/esenssi.com\/fabrica\/wp-json\/wp\/v2\/comments?post=43047"}],"wp:featuredmedia":[{"embeddable":true,"href":"https:\/\/esenssi.com\/fabrica\/wp-json\/wp\/v2\/media\/144927"}],"wp:attachment":[{"href":"https:\/\/esenssi.com\/fabrica\/wp-json\/wp\/v2\/media?parent=43047"}],"wp:term":[{"taxonomy":"product_cat","embeddable":true,"href":"https:\/\/esenssi.com\/fabrica\/wp-json\/wp\/v2\/product_cat?post=43047"},{"taxonomy":"product_tag","embeddable":true,"href":"https:\/\/esenssi.com\/fabrica\/wp-json\/wp\/v2\/product_tag?post=43047"}],"curies":[{"name":"wp","href":"https:\/\/api.w.org\/{rel}","templated":true}]}}