{"id":43157,"date":"2018-08-06T11:16:40","date_gmt":"2018-08-06T11:16:40","guid":{"rendered":"https:\/\/esenssi.com\/fabrica\/producto\/valvulas-spray-pera-vintage\/"},"modified":"2024-07-02T19:36:22","modified_gmt":"2024-07-02T17:36:22","slug":"valvulas-spray-pera-vintage","status":"publish","type":"product","link":"https:\/\/esenssi.com\/fabrica\/producto\/valvulas-spray-pera-vintage\/","title":{"rendered":"V\u00e1lvulas spray pera Vintage"},"content":{"rendered":"<p>Una elegante forma de vender nuestros <a href=\"https:\/\/esenssi.com\/fabrica\/perfumes\/\">perfumes<\/a> a granel de alta calidad.<\/p>\n<p>Tendr\u00e1s tu secci\u00f3n de frascos de perfumes especiales para eventos, navidad, d\u00eda de la madre, regalos diferentes y originales.<\/p>\n<p>Recuerda que estas v\u00e1lvulas pera Vintage, as\u00ed como las <a href=\"https:\/\/esenssi.com\/producto\/valvula-spray-para-frascos-de-perfumeria\/\">v\u00e1lvulas spray<\/a>,\u00a0 encajan con los diferentes modelos de <a href=\"https:\/\/esenssi.com\/fabrica\/producto\/envases-rosca-para-perfumes\/\">frascos<\/a> para perfume que ponemos a tu disposici\u00f3n para que, junto a las etiquetas adhesivas especiales para perfume de nuestro <a href=\"https:\/\/esenssi.com\/fabrica\/producto\/etiquetas-personalizadas-perfume\/\">cat\u00e1logo<\/a> puedas dise\u00f1ar tu propio frasco para perfume totalmente personalizado.<\/p>\n","protected":false},"excerpt":{"rendered":"<p>V\u00e1lvula para perfume a granel en spray con un bonito y especial dise\u00f1o de pera Vintage.<\/p>\n<p>1 Unidad<\/p>\n","protected":false},"featured_media":142197,"comment_status":"open","ping_status":"closed","template":"","meta":{"content-type":"","_joinchat":[]},"product_cat":[990,995,1119],"product_tag":[],"class_list":{"0":"post-43157","1":"product","2":"type-product","3":"status-publish","4":"has-post-thumbnail","6":"product_cat-envases","7":"product_cat-perfumeria","8":"product_cat-valvulas-perfumeria","10":"first","11":"instock","12":"taxable","13":"shipping-taxable","14":"product-type-simple"},"yoast_head":"<!-- This site is optimized with the Yoast SEO plugin v23.3 - https:\/\/yoast.com\/wordpress\/plugins\/seo\/ -->\n<title>V\u00e1lvulas spray pera Vintage - Esenssi - Tienda Online<\/title>\n<meta name=\"robots\" content=\"noindex, nofollow\" \/>\n<meta property=\"og:locale\" content=\"es_ES\" \/>\n<meta property=\"og:type\" content=\"article\" \/>\n<meta property=\"og:title\" content=\"V\u00e1lvulas spray pera Vintage - Esenssi - Tienda Online\" \/>\n<meta property=\"og:description\" content=\"V\u00e1lvula para perfume a granel en spray con un bonito y especial dise\u00f1o de pera Vintage.  1 Unidad\" \/>\n<meta property=\"og:url\" content=\"https:\/\/esenssi.com\/fabrica\/producto\/valvulas-spray-pera-vintage\/\" \/>\n<meta property=\"og:site_name\" content=\"Esenssi - Tienda Online\" \/>\n<meta property=\"article:modified_time\" content=\"2024-07-02T17:36:22+00:00\" \/>\n<meta property=\"og:image\" content=\"https:\/\/esenssi.com\/fabrica\/wp-content\/uploads\/2018\/08\/PerasLargasNegra.jpg\" \/>\n\t<meta property=\"og:image:width\" content=\"600\" \/>\n\t<meta property=\"og:image:height\" content=\"600\" \/>\n\t<meta property=\"og:image:type\" content=\"image\/jpeg\" \/>\n<meta name=\"twitter:card\" content=\"summary_large_image\" \/>\n<script type=\"application\/ld+json\" class=\"yoast-schema-graph\">{\"@context\":\"https:\/\/schema.org\",\"@graph\":[{\"@type\":\"WebPage\",\"@id\":\"https:\/\/esenssi.com\/fabrica\/producto\/valvulas-spray-pera-vintage\/\",\"url\":\"https:\/\/esenssi.com\/fabrica\/producto\/valvulas-spray-pera-vintage\/\",\"name\":\"V\u00e1lvulas spray pera Vintage - Esenssi - Tienda Online\",\"isPartOf\":{\"@id\":\"https:\/\/esenssi.com\/fabrica\/#website\"},\"primaryImageOfPage\":{\"@id\":\"https:\/\/esenssi.com\/fabrica\/producto\/valvulas-spray-pera-vintage\/#primaryimage\"},\"image\":{\"@id\":\"https:\/\/esenssi.com\/fabrica\/producto\/valvulas-spray-pera-vintage\/#primaryimage\"},\"thumbnailUrl\":\"https:\/\/esenssi.com\/fabrica\/wp-content\/uploads\/2018\/08\/PerasLargasNegra.jpg\",\"datePublished\":\"2018-08-06T11:16:40+00:00\",\"dateModified\":\"2024-07-02T17:36:22+00:00\",\"breadcrumb\":{\"@id\":\"https:\/\/esenssi.com\/fabrica\/producto\/valvulas-spray-pera-vintage\/#breadcrumb\"},\"inLanguage\":\"es\",\"potentialAction\":[{\"@type\":\"ReadAction\",\"target\":[\"https:\/\/esenssi.com\/fabrica\/producto\/valvulas-spray-pera-vintage\/\"]}]},{\"@type\":\"ImageObject\",\"inLanguage\":\"es\",\"@id\":\"https:\/\/esenssi.com\/fabrica\/producto\/valvulas-spray-pera-vintage\/#primaryimage\",\"url\":\"https:\/\/esenssi.com\/fabrica\/wp-content\/uploads\/2018\/08\/PerasLargasNegra.jpg\",\"contentUrl\":\"https:\/\/esenssi.com\/fabrica\/wp-content\/uploads\/2018\/08\/PerasLargasNegra.jpg\",\"width\":600,\"height\":600},{\"@type\":\"BreadcrumbList\",\"@id\":\"https:\/\/esenssi.com\/fabrica\/producto\/valvulas-spray-pera-vintage\/#breadcrumb\",\"itemListElement\":[{\"@type\":\"ListItem\",\"position\":1,\"name\":\"F\u00e1brica\",\"item\":\"https:\/\/esenssi.com\/fabrica\/\"},{\"@type\":\"ListItem\",\"position\":2,\"name\":\"Tienda\",\"item\":\"https:\/\/esenssi.com\/fabrica\/tienda\/\"},{\"@type\":\"ListItem\",\"position\":3,\"name\":\"V\u00e1lvulas spray pera Vintage\"}]},{\"@type\":\"WebSite\",\"@id\":\"https:\/\/esenssi.com\/fabrica\/#website\",\"url\":\"https:\/\/esenssi.com\/fabrica\/\",\"name\":\"Esenssi - Tienda Online\",\"description\":\"Fabricante de perfumes\",\"publisher\":{\"@id\":\"https:\/\/esenssi.com\/fabrica\/#organization\"},\"alternateName\":\"Esenssi - Tienda Online\",\"potentialAction\":[{\"@type\":\"SearchAction\",\"target\":{\"@type\":\"EntryPoint\",\"urlTemplate\":\"https:\/\/esenssi.com\/fabrica\/?s={search_term_string}\"},\"query-input\":\"required name=search_term_string\"}],\"inLanguage\":\"es\"},{\"@type\":\"Organization\",\"@id\":\"https:\/\/esenssi.com\/fabrica\/#organization\",\"name\":\"Mayoristas de perfumer\u00eda\",\"url\":\"https:\/\/esenssi.com\/fabrica\/\",\"logo\":{\"@type\":\"ImageObject\",\"inLanguage\":\"es\",\"@id\":\"https:\/\/esenssi.com\/fabrica\/#\/schema\/logo\/image\/\",\"url\":\"https:\/\/esenssi.com\/fabrica\/wp-content\/uploads\/2021\/08\/Logotipo_Esenssi_Web.png\",\"contentUrl\":\"https:\/\/esenssi.com\/fabrica\/wp-content\/uploads\/2021\/08\/Logotipo_Esenssi_Web.png\",\"width\":295,\"height\":64,\"caption\":\"Mayoristas de perfumer\u00eda\"},\"image\":{\"@id\":\"https:\/\/esenssi.com\/fabrica\/#\/schema\/logo\/image\/\"}}]}<\/script>\n<!-- \/ Yoast SEO plugin. -->","yoast_head_json":{"title":"V\u00e1lvulas spray pera Vintage - Esenssi - Tienda Online","robots":{"index":"noindex","follow":"nofollow"},"og_locale":"es_ES","og_type":"article","og_title":"V\u00e1lvulas spray pera Vintage - Esenssi - Tienda Online","og_description":"V\u00e1lvula para perfume a granel en spray con un bonito y especial dise\u00f1o de pera Vintage.  1 Unidad","og_url":"https:\/\/esenssi.com\/fabrica\/producto\/valvulas-spray-pera-vintage\/","og_site_name":"Esenssi - Tienda Online","article_modified_time":"2024-07-02T17:36:22+00:00","og_image":[{"width":600,"height":600,"url":"https:\/\/esenssi.com\/fabrica\/wp-content\/uploads\/2018\/08\/PerasLargasNegra.jpg","type":"image\/jpeg"}],"twitter_card":"summary_large_image","schema":{"@context":"https:\/\/schema.org","@graph":[{"@type":"WebPage","@id":"https:\/\/esenssi.com\/fabrica\/producto\/valvulas-spray-pera-vintage\/","url":"https:\/\/esenssi.com\/fabrica\/producto\/valvulas-spray-pera-vintage\/","name":"V\u00e1lvulas spray pera Vintage - Esenssi - Tienda Online","isPartOf":{"@id":"https:\/\/esenssi.com\/fabrica\/#website"},"primaryImageOfPage":{"@id":"https:\/\/esenssi.com\/fabrica\/producto\/valvulas-spray-pera-vintage\/#primaryimage"},"image":{"@id":"https:\/\/esenssi.com\/fabrica\/producto\/valvulas-spray-pera-vintage\/#primaryimage"},"thumbnailUrl":"https:\/\/esenssi.com\/fabrica\/wp-content\/uploads\/2018\/08\/PerasLargasNegra.jpg","datePublished":"2018-08-06T11:16:40+00:00","dateModified":"2024-07-02T17:36:22+00:00","breadcrumb":{"@id":"https:\/\/esenssi.com\/fabrica\/producto\/valvulas-spray-pera-vintage\/#breadcrumb"},"inLanguage":"es","potentialAction":[{"@type":"ReadAction","target":["https:\/\/esenssi.com\/fabrica\/producto\/valvulas-spray-pera-vintage\/"]}]},{"@type":"ImageObject","inLanguage":"es","@id":"https:\/\/esenssi.com\/fabrica\/producto\/valvulas-spray-pera-vintage\/#primaryimage","url":"https:\/\/esenssi.com\/fabrica\/wp-content\/uploads\/2018\/08\/PerasLargasNegra.jpg","contentUrl":"https:\/\/esenssi.com\/fabrica\/wp-content\/uploads\/2018\/08\/PerasLargasNegra.jpg","width":600,"height":600},{"@type":"BreadcrumbList","@id":"https:\/\/esenssi.com\/fabrica\/producto\/valvulas-spray-pera-vintage\/#breadcrumb","itemListElement":[{"@type":"ListItem","position":1,"name":"F\u00e1brica","item":"https:\/\/esenssi.com\/fabrica\/"},{"@type":"ListItem","position":2,"name":"Tienda","item":"https:\/\/esenssi.com\/fabrica\/tienda\/"},{"@type":"ListItem","position":3,"name":"V\u00e1lvulas spray pera Vintage"}]},{"@type":"WebSite","@id":"https:\/\/esenssi.com\/fabrica\/#website","url":"https:\/\/esenssi.com\/fabrica\/","name":"Esenssi - Tienda Online","description":"Fabricante de perfumes","publisher":{"@id":"https:\/\/esenssi.com\/fabrica\/#organization"},"alternateName":"Esenssi - Tienda Online","potentialAction":[{"@type":"SearchAction","target":{"@type":"EntryPoint","urlTemplate":"https:\/\/esenssi.com\/fabrica\/?s={search_term_string}"},"query-input":"required name=search_term_string"}],"inLanguage":"es"},{"@type":"Organization","@id":"https:\/\/esenssi.com\/fabrica\/#organization","name":"Mayoristas de perfumer\u00eda","url":"https:\/\/esenssi.com\/fabrica\/","logo":{"@type":"ImageObject","inLanguage":"es","@id":"https:\/\/esenssi.com\/fabrica\/#\/schema\/logo\/image\/","url":"https:\/\/esenssi.com\/fabrica\/wp-content\/uploads\/2021\/08\/Logotipo_Esenssi_Web.png","contentUrl":"https:\/\/esenssi.com\/fabrica\/wp-content\/uploads\/2021\/08\/Logotipo_Esenssi_Web.png","width":295,"height":64,"caption":"Mayoristas de perfumer\u00eda"},"image":{"@id":"https:\/\/esenssi.com\/fabrica\/#\/schema\/logo\/image\/"}}]}},"_links":{"self":[{"href":"https:\/\/esenssi.com\/fabrica\/wp-json\/wp\/v2\/product\/43157"}],"collection":[{"href":"https:\/\/esenssi.com\/fabrica\/wp-json\/wp\/v2\/product"}],"about":[{"href":"https:\/\/esenssi.com\/fabrica\/wp-json\/wp\/v2\/types\/product"}],"replies":[{"embeddable":true,"href":"https:\/\/esenssi.com\/fabrica\/wp-json\/wp\/v2\/comments?post=43157"}],"wp:featuredmedia":[{"embeddable":true,"href":"https:\/\/esenssi.com\/fabrica\/wp-json\/wp\/v2\/media\/142197"}],"wp:attachment":[{"href":"https:\/\/esenssi.com\/fabrica\/wp-json\/wp\/v2\/media?parent=43157"}],"wp:term":[{"taxonomy":"product_cat","embeddable":true,"href":"https:\/\/esenssi.com\/fabrica\/wp-json\/wp\/v2\/product_cat?post=43157"},{"taxonomy":"product_tag","embeddable":true,"href":"https:\/\/esenssi.com\/fabrica\/wp-json\/wp\/v2\/product_tag?post=43157"}],"curies":[{"name":"wp","href":"https:\/\/api.w.org\/{rel}","templated":true}]}}