{"id":43200,"date":"2018-08-21T12:22:46","date_gmt":"2018-08-21T12:22:46","guid":{"rendered":"https:\/\/esenssi.com\/fabrica\/producto\/expositor-sobremesa-nature\/"},"modified":"2023-02-15T09:50:44","modified_gmt":"2023-02-15T07:50:44","slug":"expositor-sobremesa","status":"publish","type":"product","link":"https:\/\/esenssi.com\/fabrica\/producto\/expositor-sobremesa\/","title":{"rendered":"Expositor Sobremesa"},"content":{"rendered":"<p>Expositor Sobremesa con 12 perfumeros klee 100 ml + 4 viales de 5 ml.<\/p>\n<p>Con posibilidad de personalizar con tu marca.<\/p>\n<p>&nbsp;<\/p>\n<p>** En caso de querer otro envase, el expositor no ser\u00eda est\u00e1ndar, y el m\u00ednimo a encargar ser\u00edan 4.<\/p>\n","protected":false},"excerpt":{"rendered":"<p>\u00bfNo sabes si la alta perfumer\u00eda de marca blanca puede ser rentable para ti?<\/p>\n<p>\u00bfTienes ya un modelo completo de negocio y solo quieres a\u00f1adir una peque\u00f1a l\u00ednea de perfumes que lo complemente?<\/p>\n<p>Prueba nuestros expositores de mesa. Con una minima inversi\u00f3n podr\u00e1s descubrir el poder de atracci\u00f3n que tienen los perfumes de calidad de Esenssi Aromas para el publico. Y daras ese toque \u201cchic\u201d a tu negocio con un riesgo minimo.<\/p>\n<p>Disponibles en modo est\u00e1ndar o personalizados, con tu logo o con tu imagen.<\/p>\n<p>&nbsp;<\/p>\n<p>*PORTES NO INCLUIDOS<\/p>\n","protected":false},"featured_media":142205,"comment_status":"open","ping_status":"closed","template":"","meta":{"content-type":"","_joinchat":[]},"product_cat":[1009],"product_tag":[],"class_list":{"0":"post-43200","1":"product","2":"type-product","3":"status-publish","4":"has-post-thumbnail","6":"product_cat-expositores","8":"first","9":"instock","10":"taxable","11":"shipping-taxable","12":"product-type-variable"},"yoast_head":"<!-- This site is optimized with the Yoast SEO plugin v23.3 - https:\/\/yoast.com\/wordpress\/plugins\/seo\/ -->\n<title>Expositor Sobremesa - Esenssi - Tienda Online<\/title>\n<meta name=\"robots\" content=\"index, follow, max-snippet:-1, max-image-preview:large, max-video-preview:-1\" \/>\n<link rel=\"canonical\" href=\"https:\/\/esenssi.com\/fabrica\/producto\/expositor-sobremesa\/\" \/>\n<meta property=\"og:locale\" content=\"es_ES\" \/>\n<meta property=\"og:type\" content=\"article\" \/>\n<meta property=\"og:title\" content=\"Expositor Sobremesa - Esenssi - Tienda Online\" \/>\n<meta property=\"og:description\" content=\"\u00bfNo sabes si la alta perfumer\u00eda de marca blanca puede ser rentable para ti?  \u00bfTienes ya un modelo completo de negocio y solo quieres a\u00f1adir una peque\u00f1a l\u00ednea de perfumes que lo complemente?  Prueba nuestros expositores de mesa. Con una minima inversi\u00f3n podr\u00e1s descubrir el poder de atracci\u00f3n que tienen los perfumes de calidad de Esenssi Aromas para el publico. Y daras ese toque \u201cchic\u201d a tu negocio con un riesgo minimo.  Disponibles en modo est\u00e1ndar o personalizados, con tu logo o con tu imagen.  &nbsp;  *PORTES NO INCLUIDOS\" \/>\n<meta property=\"og:url\" content=\"https:\/\/esenssi.com\/fabrica\/producto\/expositor-sobremesa\/\" \/>\n<meta property=\"og:site_name\" content=\"Esenssi - Tienda Online\" \/>\n<meta property=\"article:modified_time\" content=\"2023-02-15T07:50:44+00:00\" \/>\n<meta property=\"og:image\" content=\"https:\/\/esenssi.com\/fabrica\/wp-content\/uploads\/2018\/08\/expositor-nature-1-2.jpg\" \/>\n\t<meta property=\"og:image:width\" content=\"600\" \/>\n\t<meta property=\"og:image:height\" content=\"600\" \/>\n\t<meta property=\"og:image:type\" content=\"image\/jpeg\" \/>\n<meta name=\"twitter:card\" content=\"summary_large_image\" \/>\n<script type=\"application\/ld+json\" class=\"yoast-schema-graph\">{\"@context\":\"https:\/\/schema.org\",\"@graph\":[{\"@type\":\"WebPage\",\"@id\":\"https:\/\/esenssi.com\/fabrica\/producto\/expositor-sobremesa\/\",\"url\":\"https:\/\/esenssi.com\/fabrica\/producto\/expositor-sobremesa\/\",\"name\":\"Expositor Sobremesa - Esenssi - Tienda Online\",\"isPartOf\":{\"@id\":\"https:\/\/esenssi.com\/fabrica\/#website\"},\"primaryImageOfPage\":{\"@id\":\"https:\/\/esenssi.com\/fabrica\/producto\/expositor-sobremesa\/#primaryimage\"},\"image\":{\"@id\":\"https:\/\/esenssi.com\/fabrica\/producto\/expositor-sobremesa\/#primaryimage\"},\"thumbnailUrl\":\"https:\/\/esenssi.com\/fabrica\/wp-content\/uploads\/2018\/08\/expositor-nature-1-2.jpg\",\"datePublished\":\"2018-08-21T12:22:46+00:00\",\"dateModified\":\"2023-02-15T07:50:44+00:00\",\"breadcrumb\":{\"@id\":\"https:\/\/esenssi.com\/fabrica\/producto\/expositor-sobremesa\/#breadcrumb\"},\"inLanguage\":\"es\",\"potentialAction\":[{\"@type\":\"ReadAction\",\"target\":[\"https:\/\/esenssi.com\/fabrica\/producto\/expositor-sobremesa\/\"]}]},{\"@type\":\"ImageObject\",\"inLanguage\":\"es\",\"@id\":\"https:\/\/esenssi.com\/fabrica\/producto\/expositor-sobremesa\/#primaryimage\",\"url\":\"https:\/\/esenssi.com\/fabrica\/wp-content\/uploads\/2018\/08\/expositor-nature-1-2.jpg\",\"contentUrl\":\"https:\/\/esenssi.com\/fabrica\/wp-content\/uploads\/2018\/08\/expositor-nature-1-2.jpg\",\"width\":600,\"height\":600},{\"@type\":\"BreadcrumbList\",\"@id\":\"https:\/\/esenssi.com\/fabrica\/producto\/expositor-sobremesa\/#breadcrumb\",\"itemListElement\":[{\"@type\":\"ListItem\",\"position\":1,\"name\":\"F\u00e1brica\",\"item\":\"https:\/\/esenssi.com\/fabrica\/\"},{\"@type\":\"ListItem\",\"position\":2,\"name\":\"Tienda\",\"item\":\"https:\/\/esenssi.com\/fabrica\/tienda\/\"},{\"@type\":\"ListItem\",\"position\":3,\"name\":\"Expositor Sobremesa\"}]},{\"@type\":\"WebSite\",\"@id\":\"https:\/\/esenssi.com\/fabrica\/#website\",\"url\":\"https:\/\/esenssi.com\/fabrica\/\",\"name\":\"Esenssi - Tienda Online\",\"description\":\"Fabricante de perfumes\",\"publisher\":{\"@id\":\"https:\/\/esenssi.com\/fabrica\/#organization\"},\"alternateName\":\"Esenssi - Tienda Online\",\"potentialAction\":[{\"@type\":\"SearchAction\",\"target\":{\"@type\":\"EntryPoint\",\"urlTemplate\":\"https:\/\/esenssi.com\/fabrica\/?s={search_term_string}\"},\"query-input\":\"required name=search_term_string\"}],\"inLanguage\":\"es\"},{\"@type\":\"Organization\",\"@id\":\"https:\/\/esenssi.com\/fabrica\/#organization\",\"name\":\"Mayoristas de perfumer\u00eda\",\"url\":\"https:\/\/esenssi.com\/fabrica\/\",\"logo\":{\"@type\":\"ImageObject\",\"inLanguage\":\"es\",\"@id\":\"https:\/\/esenssi.com\/fabrica\/#\/schema\/logo\/image\/\",\"url\":\"https:\/\/esenssi.com\/fabrica\/wp-content\/uploads\/2021\/08\/Logotipo_Esenssi_Web.png\",\"contentUrl\":\"https:\/\/esenssi.com\/fabrica\/wp-content\/uploads\/2021\/08\/Logotipo_Esenssi_Web.png\",\"width\":295,\"height\":64,\"caption\":\"Mayoristas de perfumer\u00eda\"},\"image\":{\"@id\":\"https:\/\/esenssi.com\/fabrica\/#\/schema\/logo\/image\/\"}}]}<\/script>\n<!-- \/ Yoast SEO plugin. -->","yoast_head_json":{"title":"Expositor Sobremesa - Esenssi - Tienda Online","robots":{"index":"index","follow":"follow","max-snippet":"max-snippet:-1","max-image-preview":"max-image-preview:large","max-video-preview":"max-video-preview:-1"},"canonical":"https:\/\/esenssi.com\/fabrica\/producto\/expositor-sobremesa\/","og_locale":"es_ES","og_type":"article","og_title":"Expositor Sobremesa - Esenssi - Tienda Online","og_description":"\u00bfNo sabes si la alta perfumer\u00eda de marca blanca puede ser rentable para ti?  \u00bfTienes ya un modelo completo de negocio y solo quieres a\u00f1adir una peque\u00f1a l\u00ednea de perfumes que lo complemente?  Prueba nuestros expositores de mesa. Con una minima inversi\u00f3n podr\u00e1s descubrir el poder de atracci\u00f3n que tienen los perfumes de calidad de Esenssi Aromas para el publico. Y daras ese toque \u201cchic\u201d a tu negocio con un riesgo minimo.  Disponibles en modo est\u00e1ndar o personalizados, con tu logo o con tu imagen.  &nbsp;  *PORTES NO INCLUIDOS","og_url":"https:\/\/esenssi.com\/fabrica\/producto\/expositor-sobremesa\/","og_site_name":"Esenssi - Tienda Online","article_modified_time":"2023-02-15T07:50:44+00:00","og_image":[{"width":600,"height":600,"url":"https:\/\/esenssi.com\/fabrica\/wp-content\/uploads\/2018\/08\/expositor-nature-1-2.jpg","type":"image\/jpeg"}],"twitter_card":"summary_large_image","schema":{"@context":"https:\/\/schema.org","@graph":[{"@type":"WebPage","@id":"https:\/\/esenssi.com\/fabrica\/producto\/expositor-sobremesa\/","url":"https:\/\/esenssi.com\/fabrica\/producto\/expositor-sobremesa\/","name":"Expositor Sobremesa - Esenssi - Tienda Online","isPartOf":{"@id":"https:\/\/esenssi.com\/fabrica\/#website"},"primaryImageOfPage":{"@id":"https:\/\/esenssi.com\/fabrica\/producto\/expositor-sobremesa\/#primaryimage"},"image":{"@id":"https:\/\/esenssi.com\/fabrica\/producto\/expositor-sobremesa\/#primaryimage"},"thumbnailUrl":"https:\/\/esenssi.com\/fabrica\/wp-content\/uploads\/2018\/08\/expositor-nature-1-2.jpg","datePublished":"2018-08-21T12:22:46+00:00","dateModified":"2023-02-15T07:50:44+00:00","breadcrumb":{"@id":"https:\/\/esenssi.com\/fabrica\/producto\/expositor-sobremesa\/#breadcrumb"},"inLanguage":"es","potentialAction":[{"@type":"ReadAction","target":["https:\/\/esenssi.com\/fabrica\/producto\/expositor-sobremesa\/"]}]},{"@type":"ImageObject","inLanguage":"es","@id":"https:\/\/esenssi.com\/fabrica\/producto\/expositor-sobremesa\/#primaryimage","url":"https:\/\/esenssi.com\/fabrica\/wp-content\/uploads\/2018\/08\/expositor-nature-1-2.jpg","contentUrl":"https:\/\/esenssi.com\/fabrica\/wp-content\/uploads\/2018\/08\/expositor-nature-1-2.jpg","width":600,"height":600},{"@type":"BreadcrumbList","@id":"https:\/\/esenssi.com\/fabrica\/producto\/expositor-sobremesa\/#breadcrumb","itemListElement":[{"@type":"ListItem","position":1,"name":"F\u00e1brica","item":"https:\/\/esenssi.com\/fabrica\/"},{"@type":"ListItem","position":2,"name":"Tienda","item":"https:\/\/esenssi.com\/fabrica\/tienda\/"},{"@type":"ListItem","position":3,"name":"Expositor Sobremesa"}]},{"@type":"WebSite","@id":"https:\/\/esenssi.com\/fabrica\/#website","url":"https:\/\/esenssi.com\/fabrica\/","name":"Esenssi - Tienda Online","description":"Fabricante de perfumes","publisher":{"@id":"https:\/\/esenssi.com\/fabrica\/#organization"},"alternateName":"Esenssi - Tienda Online","potentialAction":[{"@type":"SearchAction","target":{"@type":"EntryPoint","urlTemplate":"https:\/\/esenssi.com\/fabrica\/?s={search_term_string}"},"query-input":"required name=search_term_string"}],"inLanguage":"es"},{"@type":"Organization","@id":"https:\/\/esenssi.com\/fabrica\/#organization","name":"Mayoristas de perfumer\u00eda","url":"https:\/\/esenssi.com\/fabrica\/","logo":{"@type":"ImageObject","inLanguage":"es","@id":"https:\/\/esenssi.com\/fabrica\/#\/schema\/logo\/image\/","url":"https:\/\/esenssi.com\/fabrica\/wp-content\/uploads\/2021\/08\/Logotipo_Esenssi_Web.png","contentUrl":"https:\/\/esenssi.com\/fabrica\/wp-content\/uploads\/2021\/08\/Logotipo_Esenssi_Web.png","width":295,"height":64,"caption":"Mayoristas de perfumer\u00eda"},"image":{"@id":"https:\/\/esenssi.com\/fabrica\/#\/schema\/logo\/image\/"}}]}},"_links":{"self":[{"href":"https:\/\/esenssi.com\/fabrica\/wp-json\/wp\/v2\/product\/43200"}],"collection":[{"href":"https:\/\/esenssi.com\/fabrica\/wp-json\/wp\/v2\/product"}],"about":[{"href":"https:\/\/esenssi.com\/fabrica\/wp-json\/wp\/v2\/types\/product"}],"replies":[{"embeddable":true,"href":"https:\/\/esenssi.com\/fabrica\/wp-json\/wp\/v2\/comments?post=43200"}],"wp:featuredmedia":[{"embeddable":true,"href":"https:\/\/esenssi.com\/fabrica\/wp-json\/wp\/v2\/media\/142205"}],"wp:attachment":[{"href":"https:\/\/esenssi.com\/fabrica\/wp-json\/wp\/v2\/media?parent=43200"}],"wp:term":[{"taxonomy":"product_cat","embeddable":true,"href":"https:\/\/esenssi.com\/fabrica\/wp-json\/wp\/v2\/product_cat?post=43200"},{"taxonomy":"product_tag","embeddable":true,"href":"https:\/\/esenssi.com\/fabrica\/wp-json\/wp\/v2\/product_tag?post=43200"}],"curies":[{"name":"wp","href":"https:\/\/api.w.org\/{rel}","templated":true}]}}