{"id":44120,"date":"2018-10-30T12:18:39","date_gmt":"2018-10-30T12:18:39","guid":{"rendered":"https:\/\/esenssi.com\/fabrica\/producto\/mobiliario-comercial-perfumeria\/"},"modified":"2021-10-15T20:02:48","modified_gmt":"2021-10-15T18:02:48","slug":"mobiliario-comercial-perfumeria","status":"publish","type":"product","link":"https:\/\/esenssi.com\/fabrica\/producto\/mobiliario-comercial-perfumeria\/","title":{"rendered":"MOBILIARIO COMERCIAL PERFUMER\u00cdA"},"content":{"rendered":"<p>Porque sabemos que podemos ofrecerte para tu negocio de perfumer\u00eda todo un catalogo de perfumes de marca blanca de alta calidad, as\u00ed como <a href=\"https:\/\/esenssi.com\/fabrica\/producto\/pack-apertura-top\/\" rel=\"nofollow\">l\u00edneas corporales perfumadas<\/a> o <a href=\"https:\/\/esenssi.com\/fabrica\/ambientacion-granel\/\">ambientadores<\/a> con alta intensidad y calidad en sus aromas, incluso todo ello personalizado con tu propia marca, queremos facilitarte lo que necesitas para montar tu negocio con la m\u00ednima inversi\u00f3n.<\/p>\n<ul>\n<li>Por cada 20 litros perfumes ya podr\u00e1s tener una estanter\u00eda gratis.<\/li>\n<li>Con la compra de cualquier<a href=\"https:\/\/esenssi.com\/producto\/pack-apertura-nature\/\" rel=\"nofollow\"> pack de apertura<\/a> mini tendr\u00e1s 2 estanter\u00edas.<\/li>\n<li>Si tu compra es de <a href=\"https:\/\/esenssi.com\/producto\/pack-apertura-parfum\/\" rel=\"nofollow\">pack de apertura<\/a> maxi te incluiremos el mostrador vitrina.<\/li>\n<li>Con la compra de 80 litros de perfume te regalamos ya las 4 estanter\u00edas con el mostrador vitrina.<\/li>\n<li>Si compras todos los productos necesarios para tu tienda completa, te regalamos el Terminal Punto de Venta (ordenador, caj\u00f3n, ticketera\u2026)<\/li>\n<\/ul>\n<p>Podr\u00e1s tener\u00a0 todo tu mobiliario comercial GRATIS en el color est\u00e1ndar (azul) o personalizarlo con el color que quieras e incluso podemos rotularlo con tu propia marca (con un coste extra).<\/p>\n","protected":false},"excerpt":{"rendered":"<p>Todo lo necesario para montar tu Tienda de Perfumes.<\/p>\n<p>Estanter\u00edas ideales para perfumer\u00eda, mostrador con vitrina expositora para perfumadores, tu Terminal Punto de Venta (TPV) completo con su mueble, el ordenador para la gesti\u00f3n de venta de tu tienda con caj\u00f3n portamonedas, maquina ticketera, lector de c\u00f3digo de barras.<\/p>\n<p>Todo este mobiliario comercial especial para perfumer\u00eda puedes tenerlo GRATIS solo por ser cliente de Esenssi Aromas con la compra de nuestros productos.<\/p>\n<p>Consulta cantidades y precios seg\u00fan tu proyecto <a href=\"https:\/\/esenssi.com\/contacto\/\" rel=\"nofollow\">aqui<\/a><\/p>\n","protected":false},"featured_media":62733,"comment_status":"open","ping_status":"closed","template":"","meta":{"content-type":"","_joinchat":[]},"product_cat":[1020],"product_tag":[1283],"class_list":{"0":"post-44120","1":"product","2":"type-product","3":"status-publish","4":"has-post-thumbnail","6":"product_cat-packs-apertura","7":"product_tag-ofertas","9":"first","10":"instock","11":"taxable","12":"shipping-taxable","13":"product-type-variable"},"yoast_head":"<!-- This site is optimized with the Yoast SEO plugin v23.3 - https:\/\/yoast.com\/wordpress\/plugins\/seo\/ -->\n<title>MOBILIARIO COMERCIAL PERFUMER\u00cdA - Esenssi - Tienda Online<\/title>\n<meta name=\"robots\" content=\"index, follow, max-snippet:-1, max-image-preview:large, max-video-preview:-1\" \/>\n<link rel=\"canonical\" href=\"https:\/\/esenssi.com\/fabrica\/producto\/mobiliario-comercial-perfumeria\/\" \/>\n<meta property=\"og:locale\" content=\"es_ES\" \/>\n<meta property=\"og:type\" content=\"article\" \/>\n<meta property=\"og:title\" content=\"MOBILIARIO COMERCIAL PERFUMER\u00cdA - Esenssi - Tienda Online\" \/>\n<meta property=\"og:description\" content=\"Todo lo necesario para montar tu Tienda de Perfumes.  Estanter\u00edas ideales para perfumer\u00eda, mostrador con vitrina expositora para perfumadores, tu Terminal Punto de Venta (TPV) completo con su mueble, el ordenador para la gesti\u00f3n de venta de tu tienda con caj\u00f3n portamonedas, maquina ticketera, lector de c\u00f3digo de barras.  Todo este mobiliario comercial especial para perfumer\u00eda puedes tenerlo GRATIS solo por ser cliente de Esenssi Aromas con la compra de nuestros productos.  Consulta cantidades y precios seg\u00fan tu proyecto aqui\" \/>\n<meta property=\"og:url\" content=\"https:\/\/esenssi.com\/fabrica\/producto\/mobiliario-comercial-perfumeria\/\" \/>\n<meta property=\"og:site_name\" content=\"Esenssi - Tienda Online\" \/>\n<meta property=\"article:modified_time\" content=\"2021-10-15T18:02:48+00:00\" \/>\n<meta property=\"og:image\" content=\"https:\/\/esenssi.com\/fabrica\/wp-content\/uploads\/2018\/10\/Pack_Aperturas_Mueble.jpg\" \/>\n\t<meta property=\"og:image:width\" content=\"600\" \/>\n\t<meta property=\"og:image:height\" content=\"600\" \/>\n\t<meta property=\"og:image:type\" content=\"image\/jpeg\" \/>\n<meta name=\"twitter:card\" content=\"summary_large_image\" \/>\n<script type=\"application\/ld+json\" class=\"yoast-schema-graph\">{\"@context\":\"https:\/\/schema.org\",\"@graph\":[{\"@type\":\"WebPage\",\"@id\":\"https:\/\/esenssi.com\/fabrica\/producto\/mobiliario-comercial-perfumeria\/\",\"url\":\"https:\/\/esenssi.com\/fabrica\/producto\/mobiliario-comercial-perfumeria\/\",\"name\":\"MOBILIARIO COMERCIAL PERFUMER\u00cdA - Esenssi - Tienda Online\",\"isPartOf\":{\"@id\":\"https:\/\/esenssi.com\/fabrica\/#website\"},\"primaryImageOfPage\":{\"@id\":\"https:\/\/esenssi.com\/fabrica\/producto\/mobiliario-comercial-perfumeria\/#primaryimage\"},\"image\":{\"@id\":\"https:\/\/esenssi.com\/fabrica\/producto\/mobiliario-comercial-perfumeria\/#primaryimage\"},\"thumbnailUrl\":\"https:\/\/esenssi.com\/fabrica\/wp-content\/uploads\/2018\/10\/Pack_Aperturas_Mueble.jpg\",\"datePublished\":\"2018-10-30T12:18:39+00:00\",\"dateModified\":\"2021-10-15T18:02:48+00:00\",\"breadcrumb\":{\"@id\":\"https:\/\/esenssi.com\/fabrica\/producto\/mobiliario-comercial-perfumeria\/#breadcrumb\"},\"inLanguage\":\"es\",\"potentialAction\":[{\"@type\":\"ReadAction\",\"target\":[\"https:\/\/esenssi.com\/fabrica\/producto\/mobiliario-comercial-perfumeria\/\"]}]},{\"@type\":\"ImageObject\",\"inLanguage\":\"es\",\"@id\":\"https:\/\/esenssi.com\/fabrica\/producto\/mobiliario-comercial-perfumeria\/#primaryimage\",\"url\":\"https:\/\/esenssi.com\/fabrica\/wp-content\/uploads\/2018\/10\/Pack_Aperturas_Mueble.jpg\",\"contentUrl\":\"https:\/\/esenssi.com\/fabrica\/wp-content\/uploads\/2018\/10\/Pack_Aperturas_Mueble.jpg\",\"width\":600,\"height\":600},{\"@type\":\"BreadcrumbList\",\"@id\":\"https:\/\/esenssi.com\/fabrica\/producto\/mobiliario-comercial-perfumeria\/#breadcrumb\",\"itemListElement\":[{\"@type\":\"ListItem\",\"position\":1,\"name\":\"F\u00e1brica\",\"item\":\"https:\/\/esenssi.com\/fabrica\/\"},{\"@type\":\"ListItem\",\"position\":2,\"name\":\"Tienda\",\"item\":\"https:\/\/esenssi.com\/fabrica\/tienda\/\"},{\"@type\":\"ListItem\",\"position\":3,\"name\":\"MOBILIARIO COMERCIAL PERFUMER\u00cdA\"}]},{\"@type\":\"WebSite\",\"@id\":\"https:\/\/esenssi.com\/fabrica\/#website\",\"url\":\"https:\/\/esenssi.com\/fabrica\/\",\"name\":\"Esenssi - Tienda Online\",\"description\":\"Fabricante de perfumes\",\"publisher\":{\"@id\":\"https:\/\/esenssi.com\/fabrica\/#organization\"},\"alternateName\":\"Esenssi - Tienda Online\",\"potentialAction\":[{\"@type\":\"SearchAction\",\"target\":{\"@type\":\"EntryPoint\",\"urlTemplate\":\"https:\/\/esenssi.com\/fabrica\/?s={search_term_string}\"},\"query-input\":\"required name=search_term_string\"}],\"inLanguage\":\"es\"},{\"@type\":\"Organization\",\"@id\":\"https:\/\/esenssi.com\/fabrica\/#organization\",\"name\":\"Mayoristas de perfumer\u00eda\",\"url\":\"https:\/\/esenssi.com\/fabrica\/\",\"logo\":{\"@type\":\"ImageObject\",\"inLanguage\":\"es\",\"@id\":\"https:\/\/esenssi.com\/fabrica\/#\/schema\/logo\/image\/\",\"url\":\"https:\/\/esenssi.com\/fabrica\/wp-content\/uploads\/2021\/08\/Logotipo_Esenssi_Web.png\",\"contentUrl\":\"https:\/\/esenssi.com\/fabrica\/wp-content\/uploads\/2021\/08\/Logotipo_Esenssi_Web.png\",\"width\":295,\"height\":64,\"caption\":\"Mayoristas de perfumer\u00eda\"},\"image\":{\"@id\":\"https:\/\/esenssi.com\/fabrica\/#\/schema\/logo\/image\/\"}}]}<\/script>\n<!-- \/ Yoast SEO plugin. -->","yoast_head_json":{"title":"MOBILIARIO COMERCIAL PERFUMER\u00cdA - Esenssi - Tienda Online","robots":{"index":"index","follow":"follow","max-snippet":"max-snippet:-1","max-image-preview":"max-image-preview:large","max-video-preview":"max-video-preview:-1"},"canonical":"https:\/\/esenssi.com\/fabrica\/producto\/mobiliario-comercial-perfumeria\/","og_locale":"es_ES","og_type":"article","og_title":"MOBILIARIO COMERCIAL PERFUMER\u00cdA - Esenssi - Tienda Online","og_description":"Todo lo necesario para montar tu Tienda de Perfumes.  Estanter\u00edas ideales para perfumer\u00eda, mostrador con vitrina expositora para perfumadores, tu Terminal Punto de Venta (TPV) completo con su mueble, el ordenador para la gesti\u00f3n de venta de tu tienda con caj\u00f3n portamonedas, maquina ticketera, lector de c\u00f3digo de barras.  Todo este mobiliario comercial especial para perfumer\u00eda puedes tenerlo GRATIS solo por ser cliente de Esenssi Aromas con la compra de nuestros productos.  Consulta cantidades y precios seg\u00fan tu proyecto aqui","og_url":"https:\/\/esenssi.com\/fabrica\/producto\/mobiliario-comercial-perfumeria\/","og_site_name":"Esenssi - Tienda Online","article_modified_time":"2021-10-15T18:02:48+00:00","og_image":[{"width":600,"height":600,"url":"https:\/\/esenssi.com\/fabrica\/wp-content\/uploads\/2018\/10\/Pack_Aperturas_Mueble.jpg","type":"image\/jpeg"}],"twitter_card":"summary_large_image","schema":{"@context":"https:\/\/schema.org","@graph":[{"@type":"WebPage","@id":"https:\/\/esenssi.com\/fabrica\/producto\/mobiliario-comercial-perfumeria\/","url":"https:\/\/esenssi.com\/fabrica\/producto\/mobiliario-comercial-perfumeria\/","name":"MOBILIARIO COMERCIAL PERFUMER\u00cdA - Esenssi - Tienda Online","isPartOf":{"@id":"https:\/\/esenssi.com\/fabrica\/#website"},"primaryImageOfPage":{"@id":"https:\/\/esenssi.com\/fabrica\/producto\/mobiliario-comercial-perfumeria\/#primaryimage"},"image":{"@id":"https:\/\/esenssi.com\/fabrica\/producto\/mobiliario-comercial-perfumeria\/#primaryimage"},"thumbnailUrl":"https:\/\/esenssi.com\/fabrica\/wp-content\/uploads\/2018\/10\/Pack_Aperturas_Mueble.jpg","datePublished":"2018-10-30T12:18:39+00:00","dateModified":"2021-10-15T18:02:48+00:00","breadcrumb":{"@id":"https:\/\/esenssi.com\/fabrica\/producto\/mobiliario-comercial-perfumeria\/#breadcrumb"},"inLanguage":"es","potentialAction":[{"@type":"ReadAction","target":["https:\/\/esenssi.com\/fabrica\/producto\/mobiliario-comercial-perfumeria\/"]}]},{"@type":"ImageObject","inLanguage":"es","@id":"https:\/\/esenssi.com\/fabrica\/producto\/mobiliario-comercial-perfumeria\/#primaryimage","url":"https:\/\/esenssi.com\/fabrica\/wp-content\/uploads\/2018\/10\/Pack_Aperturas_Mueble.jpg","contentUrl":"https:\/\/esenssi.com\/fabrica\/wp-content\/uploads\/2018\/10\/Pack_Aperturas_Mueble.jpg","width":600,"height":600},{"@type":"BreadcrumbList","@id":"https:\/\/esenssi.com\/fabrica\/producto\/mobiliario-comercial-perfumeria\/#breadcrumb","itemListElement":[{"@type":"ListItem","position":1,"name":"F\u00e1brica","item":"https:\/\/esenssi.com\/fabrica\/"},{"@type":"ListItem","position":2,"name":"Tienda","item":"https:\/\/esenssi.com\/fabrica\/tienda\/"},{"@type":"ListItem","position":3,"name":"MOBILIARIO COMERCIAL PERFUMER\u00cdA"}]},{"@type":"WebSite","@id":"https:\/\/esenssi.com\/fabrica\/#website","url":"https:\/\/esenssi.com\/fabrica\/","name":"Esenssi - Tienda Online","description":"Fabricante de perfumes","publisher":{"@id":"https:\/\/esenssi.com\/fabrica\/#organization"},"alternateName":"Esenssi - Tienda Online","potentialAction":[{"@type":"SearchAction","target":{"@type":"EntryPoint","urlTemplate":"https:\/\/esenssi.com\/fabrica\/?s={search_term_string}"},"query-input":"required name=search_term_string"}],"inLanguage":"es"},{"@type":"Organization","@id":"https:\/\/esenssi.com\/fabrica\/#organization","name":"Mayoristas de perfumer\u00eda","url":"https:\/\/esenssi.com\/fabrica\/","logo":{"@type":"ImageObject","inLanguage":"es","@id":"https:\/\/esenssi.com\/fabrica\/#\/schema\/logo\/image\/","url":"https:\/\/esenssi.com\/fabrica\/wp-content\/uploads\/2021\/08\/Logotipo_Esenssi_Web.png","contentUrl":"https:\/\/esenssi.com\/fabrica\/wp-content\/uploads\/2021\/08\/Logotipo_Esenssi_Web.png","width":295,"height":64,"caption":"Mayoristas de perfumer\u00eda"},"image":{"@id":"https:\/\/esenssi.com\/fabrica\/#\/schema\/logo\/image\/"}}]}},"_links":{"self":[{"href":"https:\/\/esenssi.com\/fabrica\/wp-json\/wp\/v2\/product\/44120"}],"collection":[{"href":"https:\/\/esenssi.com\/fabrica\/wp-json\/wp\/v2\/product"}],"about":[{"href":"https:\/\/esenssi.com\/fabrica\/wp-json\/wp\/v2\/types\/product"}],"replies":[{"embeddable":true,"href":"https:\/\/esenssi.com\/fabrica\/wp-json\/wp\/v2\/comments?post=44120"}],"wp:featuredmedia":[{"embeddable":true,"href":"https:\/\/esenssi.com\/fabrica\/wp-json\/wp\/v2\/media\/62733"}],"wp:attachment":[{"href":"https:\/\/esenssi.com\/fabrica\/wp-json\/wp\/v2\/media?parent=44120"}],"wp:term":[{"taxonomy":"product_cat","embeddable":true,"href":"https:\/\/esenssi.com\/fabrica\/wp-json\/wp\/v2\/product_cat?post=44120"},{"taxonomy":"product_tag","embeddable":true,"href":"https:\/\/esenssi.com\/fabrica\/wp-json\/wp\/v2\/product_tag?post=44120"}],"curies":[{"name":"wp","href":"https:\/\/api.w.org\/{rel}","templated":true}]}}