{"id":45217,"date":"2021-06-07T10:00:06","date_gmt":"2021-06-07T10:00:06","guid":{"rendered":"https:\/\/esenssi.com\/fabrica\/producto\/cajas-anonimas\/"},"modified":"2024-02-05T11:24:35","modified_gmt":"2024-02-05T09:24:35","slug":"cajas-anonimas","status":"publish","type":"product","link":"https:\/\/esenssi.com\/fabrica\/producto\/cajas-anonimas\/","title":{"rendered":"Cajas para perfumes"},"content":{"rendered":"<p>Caja an\u00f3nimas blancas y negras de diferentes acabados y tama\u00f1os.<\/p>\n<p><strong>BLANCA BAJA CON LAMINADO BRILLO<\/strong><\/p>\n<p>450 grs.<\/p>\n<p>Medidas 7 cm de ancho x 5 de fondo x 12,5 cm.<\/p>\n<p><strong>BLANCA BAJA ESTUCADO SIN BRILLO<\/strong><\/p>\n<p>450 grs.<\/p>\n<p>Medidas 7 cm de ancho x 5 de fondo x 12,5 cm.<\/p>\n<p><strong>NEGRA BAJA ESTUCADO SIN BRILLO<\/strong><\/p>\n<p>450 grs.<\/p>\n<p>Medidas 7 cm de ancho x 5 de fondo x 12,5 cm.<\/p>\n<p>&#8212;<\/p>\n<p><strong>NEGRA ALTA ESTUCADO SIN BRILLO<\/strong><\/p>\n<p>450 grs.<\/p>\n<p>Medidas 4,5 cm de ancho x 4,5 de fondo x 20 cm.<\/p>\n<p><strong>BLANCA ALTA ESTUCADO SIN BRILLO<\/strong><\/p>\n<p>450 grs.<\/p>\n<p>Medidas 4,5 cm de ancho x 4,5 de fondo x 20 cm.<\/p>\n<p><strong>BLANCA ALTA CON LAMINADO BRILLO<\/strong><\/p>\n<p>450 grs.<\/p>\n<p>Medidas 4,5 cm de ancho x 4,5 de fondo x 20 cm.<\/p>\n<p>&#8212;<\/p>\n<p>Para m\u00e1s unidades consulte stock y precios.<\/p>\n","protected":false},"excerpt":{"rendered":"<p>Caja an\u00f3nimas blancas y negras de diferentes acabados y tama\u00f1os para perfumer\u00eda perfectas para personalizar.<\/p>\n<p>Consulta las medidas en las especificaciones del producto.<\/p>\n","protected":false},"featured_media":142215,"comment_status":"open","ping_status":"closed","template":"","meta":{"content-type":"","_joinchat":[]},"product_cat":[1384,1332],"product_tag":[],"class_list":{"0":"post-45217","1":"product","2":"type-product","3":"status-publish","4":"has-post-thumbnail","6":"product_cat-cajas","7":"product_cat-packaging-para-perfumeria","9":"first","10":"instock","11":"taxable","12":"shipping-taxable","13":"product-type-variable"},"yoast_head":"<!-- This site is optimized with the Yoast SEO plugin v23.3 - https:\/\/yoast.com\/wordpress\/plugins\/seo\/ -->\n<title>Cajas para perfumes - Esenssi - Tienda Online<\/title>\n<meta name=\"robots\" content=\"index, follow, max-snippet:-1, max-image-preview:large, max-video-preview:-1\" \/>\n<link rel=\"canonical\" href=\"https:\/\/esenssi.com\/fabrica\/producto\/cajas-anonimas\/\" \/>\n<meta property=\"og:locale\" content=\"es_ES\" \/>\n<meta property=\"og:type\" content=\"article\" \/>\n<meta property=\"og:title\" content=\"Cajas para perfumes - Esenssi - Tienda Online\" \/>\n<meta property=\"og:description\" content=\"Caja an\u00f3nimas blancas y negras de diferentes acabados y tama\u00f1os para perfumer\u00eda perfectas para personalizar.  Consulta las medidas en las especificaciones del producto.\" \/>\n<meta property=\"og:url\" content=\"https:\/\/esenssi.com\/fabrica\/producto\/cajas-anonimas\/\" \/>\n<meta property=\"og:site_name\" content=\"Esenssi - Tienda Online\" \/>\n<meta property=\"article:modified_time\" content=\"2024-02-05T09:24:35+00:00\" \/>\n<meta property=\"og:image\" content=\"https:\/\/esenssi.com\/fabrica\/wp-content\/uploads\/2021\/06\/Cajas_Bajas-600x600-1.jpg\" \/>\n\t<meta property=\"og:image:width\" content=\"600\" \/>\n\t<meta property=\"og:image:height\" content=\"600\" \/>\n\t<meta property=\"og:image:type\" content=\"image\/jpeg\" \/>\n<meta name=\"twitter:card\" content=\"summary_large_image\" \/>\n<script type=\"application\/ld+json\" class=\"yoast-schema-graph\">{\"@context\":\"https:\/\/schema.org\",\"@graph\":[{\"@type\":\"WebPage\",\"@id\":\"https:\/\/esenssi.com\/fabrica\/producto\/cajas-anonimas\/\",\"url\":\"https:\/\/esenssi.com\/fabrica\/producto\/cajas-anonimas\/\",\"name\":\"Cajas para perfumes - Esenssi - Tienda Online\",\"isPartOf\":{\"@id\":\"https:\/\/esenssi.com\/fabrica\/#website\"},\"primaryImageOfPage\":{\"@id\":\"https:\/\/esenssi.com\/fabrica\/producto\/cajas-anonimas\/#primaryimage\"},\"image\":{\"@id\":\"https:\/\/esenssi.com\/fabrica\/producto\/cajas-anonimas\/#primaryimage\"},\"thumbnailUrl\":\"https:\/\/esenssi.com\/fabrica\/wp-content\/uploads\/2021\/06\/Cajas_Bajas-600x600-1.jpg\",\"datePublished\":\"2021-06-07T10:00:06+00:00\",\"dateModified\":\"2024-02-05T09:24:35+00:00\",\"breadcrumb\":{\"@id\":\"https:\/\/esenssi.com\/fabrica\/producto\/cajas-anonimas\/#breadcrumb\"},\"inLanguage\":\"es\",\"potentialAction\":[{\"@type\":\"ReadAction\",\"target\":[\"https:\/\/esenssi.com\/fabrica\/producto\/cajas-anonimas\/\"]}]},{\"@type\":\"ImageObject\",\"inLanguage\":\"es\",\"@id\":\"https:\/\/esenssi.com\/fabrica\/producto\/cajas-anonimas\/#primaryimage\",\"url\":\"https:\/\/esenssi.com\/fabrica\/wp-content\/uploads\/2021\/06\/Cajas_Bajas-600x600-1.jpg\",\"contentUrl\":\"https:\/\/esenssi.com\/fabrica\/wp-content\/uploads\/2021\/06\/Cajas_Bajas-600x600-1.jpg\",\"width\":600,\"height\":600},{\"@type\":\"BreadcrumbList\",\"@id\":\"https:\/\/esenssi.com\/fabrica\/producto\/cajas-anonimas\/#breadcrumb\",\"itemListElement\":[{\"@type\":\"ListItem\",\"position\":1,\"name\":\"F\u00e1brica\",\"item\":\"https:\/\/esenssi.com\/fabrica\/\"},{\"@type\":\"ListItem\",\"position\":2,\"name\":\"Tienda\",\"item\":\"https:\/\/esenssi.com\/fabrica\/tienda\/\"},{\"@type\":\"ListItem\",\"position\":3,\"name\":\"Cajas para perfumes\"}]},{\"@type\":\"WebSite\",\"@id\":\"https:\/\/esenssi.com\/fabrica\/#website\",\"url\":\"https:\/\/esenssi.com\/fabrica\/\",\"name\":\"Esenssi - Tienda Online\",\"description\":\"Fabricante de perfumes\",\"publisher\":{\"@id\":\"https:\/\/esenssi.com\/fabrica\/#organization\"},\"alternateName\":\"Esenssi - Tienda Online\",\"potentialAction\":[{\"@type\":\"SearchAction\",\"target\":{\"@type\":\"EntryPoint\",\"urlTemplate\":\"https:\/\/esenssi.com\/fabrica\/?s={search_term_string}\"},\"query-input\":\"required name=search_term_string\"}],\"inLanguage\":\"es\"},{\"@type\":\"Organization\",\"@id\":\"https:\/\/esenssi.com\/fabrica\/#organization\",\"name\":\"Mayoristas de perfumer\u00eda\",\"url\":\"https:\/\/esenssi.com\/fabrica\/\",\"logo\":{\"@type\":\"ImageObject\",\"inLanguage\":\"es\",\"@id\":\"https:\/\/esenssi.com\/fabrica\/#\/schema\/logo\/image\/\",\"url\":\"https:\/\/esenssi.com\/fabrica\/wp-content\/uploads\/2021\/08\/Logotipo_Esenssi_Web.png\",\"contentUrl\":\"https:\/\/esenssi.com\/fabrica\/wp-content\/uploads\/2021\/08\/Logotipo_Esenssi_Web.png\",\"width\":295,\"height\":64,\"caption\":\"Mayoristas de perfumer\u00eda\"},\"image\":{\"@id\":\"https:\/\/esenssi.com\/fabrica\/#\/schema\/logo\/image\/\"}}]}<\/script>\n<!-- \/ Yoast SEO plugin. -->","yoast_head_json":{"title":"Cajas para perfumes - Esenssi - Tienda Online","robots":{"index":"index","follow":"follow","max-snippet":"max-snippet:-1","max-image-preview":"max-image-preview:large","max-video-preview":"max-video-preview:-1"},"canonical":"https:\/\/esenssi.com\/fabrica\/producto\/cajas-anonimas\/","og_locale":"es_ES","og_type":"article","og_title":"Cajas para perfumes - Esenssi - Tienda Online","og_description":"Caja an\u00f3nimas blancas y negras de diferentes acabados y tama\u00f1os para perfumer\u00eda perfectas para personalizar.  Consulta las medidas en las especificaciones del producto.","og_url":"https:\/\/esenssi.com\/fabrica\/producto\/cajas-anonimas\/","og_site_name":"Esenssi - Tienda Online","article_modified_time":"2024-02-05T09:24:35+00:00","og_image":[{"width":600,"height":600,"url":"https:\/\/esenssi.com\/fabrica\/wp-content\/uploads\/2021\/06\/Cajas_Bajas-600x600-1.jpg","type":"image\/jpeg"}],"twitter_card":"summary_large_image","schema":{"@context":"https:\/\/schema.org","@graph":[{"@type":"WebPage","@id":"https:\/\/esenssi.com\/fabrica\/producto\/cajas-anonimas\/","url":"https:\/\/esenssi.com\/fabrica\/producto\/cajas-anonimas\/","name":"Cajas para perfumes - Esenssi - Tienda Online","isPartOf":{"@id":"https:\/\/esenssi.com\/fabrica\/#website"},"primaryImageOfPage":{"@id":"https:\/\/esenssi.com\/fabrica\/producto\/cajas-anonimas\/#primaryimage"},"image":{"@id":"https:\/\/esenssi.com\/fabrica\/producto\/cajas-anonimas\/#primaryimage"},"thumbnailUrl":"https:\/\/esenssi.com\/fabrica\/wp-content\/uploads\/2021\/06\/Cajas_Bajas-600x600-1.jpg","datePublished":"2021-06-07T10:00:06+00:00","dateModified":"2024-02-05T09:24:35+00:00","breadcrumb":{"@id":"https:\/\/esenssi.com\/fabrica\/producto\/cajas-anonimas\/#breadcrumb"},"inLanguage":"es","potentialAction":[{"@type":"ReadAction","target":["https:\/\/esenssi.com\/fabrica\/producto\/cajas-anonimas\/"]}]},{"@type":"ImageObject","inLanguage":"es","@id":"https:\/\/esenssi.com\/fabrica\/producto\/cajas-anonimas\/#primaryimage","url":"https:\/\/esenssi.com\/fabrica\/wp-content\/uploads\/2021\/06\/Cajas_Bajas-600x600-1.jpg","contentUrl":"https:\/\/esenssi.com\/fabrica\/wp-content\/uploads\/2021\/06\/Cajas_Bajas-600x600-1.jpg","width":600,"height":600},{"@type":"BreadcrumbList","@id":"https:\/\/esenssi.com\/fabrica\/producto\/cajas-anonimas\/#breadcrumb","itemListElement":[{"@type":"ListItem","position":1,"name":"F\u00e1brica","item":"https:\/\/esenssi.com\/fabrica\/"},{"@type":"ListItem","position":2,"name":"Tienda","item":"https:\/\/esenssi.com\/fabrica\/tienda\/"},{"@type":"ListItem","position":3,"name":"Cajas para perfumes"}]},{"@type":"WebSite","@id":"https:\/\/esenssi.com\/fabrica\/#website","url":"https:\/\/esenssi.com\/fabrica\/","name":"Esenssi - Tienda Online","description":"Fabricante de perfumes","publisher":{"@id":"https:\/\/esenssi.com\/fabrica\/#organization"},"alternateName":"Esenssi - Tienda Online","potentialAction":[{"@type":"SearchAction","target":{"@type":"EntryPoint","urlTemplate":"https:\/\/esenssi.com\/fabrica\/?s={search_term_string}"},"query-input":"required name=search_term_string"}],"inLanguage":"es"},{"@type":"Organization","@id":"https:\/\/esenssi.com\/fabrica\/#organization","name":"Mayoristas de perfumer\u00eda","url":"https:\/\/esenssi.com\/fabrica\/","logo":{"@type":"ImageObject","inLanguage":"es","@id":"https:\/\/esenssi.com\/fabrica\/#\/schema\/logo\/image\/","url":"https:\/\/esenssi.com\/fabrica\/wp-content\/uploads\/2021\/08\/Logotipo_Esenssi_Web.png","contentUrl":"https:\/\/esenssi.com\/fabrica\/wp-content\/uploads\/2021\/08\/Logotipo_Esenssi_Web.png","width":295,"height":64,"caption":"Mayoristas de perfumer\u00eda"},"image":{"@id":"https:\/\/esenssi.com\/fabrica\/#\/schema\/logo\/image\/"}}]}},"_links":{"self":[{"href":"https:\/\/esenssi.com\/fabrica\/wp-json\/wp\/v2\/product\/45217"}],"collection":[{"href":"https:\/\/esenssi.com\/fabrica\/wp-json\/wp\/v2\/product"}],"about":[{"href":"https:\/\/esenssi.com\/fabrica\/wp-json\/wp\/v2\/types\/product"}],"replies":[{"embeddable":true,"href":"https:\/\/esenssi.com\/fabrica\/wp-json\/wp\/v2\/comments?post=45217"}],"wp:featuredmedia":[{"embeddable":true,"href":"https:\/\/esenssi.com\/fabrica\/wp-json\/wp\/v2\/media\/142215"}],"wp:attachment":[{"href":"https:\/\/esenssi.com\/fabrica\/wp-json\/wp\/v2\/media?parent=45217"}],"wp:term":[{"taxonomy":"product_cat","embeddable":true,"href":"https:\/\/esenssi.com\/fabrica\/wp-json\/wp\/v2\/product_cat?post=45217"},{"taxonomy":"product_tag","embeddable":true,"href":"https:\/\/esenssi.com\/fabrica\/wp-json\/wp\/v2\/product_tag?post=45217"}],"curies":[{"name":"wp","href":"https:\/\/api.w.org\/{rel}","templated":true}]}}