{"id":66245,"date":"2021-08-26T08:49:53","date_gmt":"2021-08-26T08:49:53","guid":{"rendered":"https:\/\/esenssi.com\/fabrica\/?post_type=product&#038;p=66245"},"modified":"2023-08-16T12:43:19","modified_gmt":"2023-08-16T10:43:19","slug":"muestras-de-envases-de-perfumeria","status":"publish","type":"product","link":"https:\/\/esenssi.com\/fabrica\/producto\/muestras-de-envases-de-perfumeria\/","title":{"rendered":"envases muestras perfumeria"},"content":{"rendered":"<p>Muestras de envases de perfumer\u00eda.<\/p>\n<p>5 perfumeros de 100 ML, 5 perfumeros de 50 ml y 5 perfumeros de 30 ml. + 5 v\u00e1lvulas diferentes.<\/p>\n<p>&nbsp;<\/p>\n<table style=\"height: 164px;\" width=\"1043\">\n<tbody>\n<tr>\n<td width=\"218\">PACK PERFUMEROS DE\u00a0 ROSCA<\/td>\n<td width=\"80\"><\/td>\n<td width=\"546\">KLEE + GOYA + REDONDO + LONDON DE 100 ML<\/td>\n<\/tr>\n<tr>\n<td><\/td>\n<td><\/td>\n<td>KLEE + GOYA + REDONDO + LONDON DE 50 ML<\/td>\n<\/tr>\n<tr>\n<td><\/td>\n<td><\/td>\n<td>KLEE + GOYA + REDONDO + LONDON DE 30 ML<\/td>\n<\/tr>\n<tr>\n<td><\/td>\n<td><\/td>\n<td>V\u00c1LVULA 18\/415 ORO + PLATA MATE + PLATA BRILLO + AZUL + ROSA<\/td>\n<\/tr>\n<\/tbody>\n<\/table>\n<p>&nbsp;<\/p>\n<table style=\"height: 183px;\" width=\"1047\">\n<tbody>\n<tr>\n<td width=\"218\">PACK PERFUMEROS DE GRAFAR<\/td>\n<td width=\"80\"><\/td>\n<td width=\"546\">CUBE + KLEE +\u00a0 REDONDO + ROMA + LUNA NEGRO + VIVIANI DE 100 ML<\/td>\n<td width=\"102\"><\/td>\n<\/tr>\n<tr>\n<td><\/td>\n<td><\/td>\n<td>CUBE + KLEE +\u00a0 REDONDO + ROMA + LUNA BLANCO DE 50 ML<\/td>\n<td><\/td>\n<\/tr>\n<tr>\n<td><\/td>\n<td><\/td>\n<td>V\u00c1LVULA ORO Y PLATA AUTOGRAFAR<\/td>\n<td><\/td>\n<\/tr>\n<tr>\n<td><\/td>\n<td><\/td>\n<td colspan=\"2\">TAP\u00d3N CUBE BLANCO + CUBE NEGRO + ROMA 50 + ROMA 100 + ICE + ELEGANCE + STAR + PLATA BRILLO<\/td>\n<\/tr>\n<\/tbody>\n<\/table>\n","protected":false},"excerpt":{"rendered":"<p>Packs de muestras variadas en envases de cristal para perfumer\u00eda. V\u00e1lvula spray y tapones.<\/p>\n<p>Contenido del pack abajo en la descripci\u00f3n.<\/p>\n<p>&nbsp;<\/p>\n","protected":false},"featured_media":66254,"comment_status":"open","ping_status":"closed","template":"","meta":{"content-type":"","_joinchat":[]},"product_cat":[990,1381],"product_tag":[],"class_list":{"0":"post-66245","1":"product","2":"type-product","3":"status-publish","4":"has-post-thumbnail","6":"product_cat-envases","7":"product_cat-muestra","9":"first","10":"instock","11":"taxable","12":"shipping-taxable","13":"product-type-variable"},"yoast_head":"<!-- This site is optimized with the Yoast SEO plugin v23.3 - https:\/\/yoast.com\/wordpress\/plugins\/seo\/ -->\n<title>envases muestras perfumeria - Esenssi - Tienda Online<\/title>\n<meta name=\"robots\" content=\"noindex, nofollow\" \/>\n<meta property=\"og:locale\" content=\"es_ES\" \/>\n<meta property=\"og:type\" content=\"article\" \/>\n<meta property=\"og:title\" content=\"envases muestras perfumeria - Esenssi - Tienda Online\" \/>\n<meta property=\"og:description\" content=\"Packs de muestras variadas en envases de cristal para perfumer\u00eda. V\u00e1lvula spray y tapones.  Contenido del pack abajo en la descripci\u00f3n.  &nbsp;\" \/>\n<meta property=\"og:url\" content=\"https:\/\/esenssi.com\/fabrica\/producto\/muestras-de-envases-de-perfumeria\/\" \/>\n<meta property=\"og:site_name\" content=\"Esenssi - Tienda Online\" \/>\n<meta property=\"article:modified_time\" content=\"2023-08-16T10:43:19+00:00\" \/>\n<meta property=\"og:image\" content=\"https:\/\/esenssi.com\/fabrica\/wp-content\/uploads\/2021\/08\/Pack-muestras-Envases-de-perfumeria.jpg\" \/>\n\t<meta property=\"og:image:width\" content=\"600\" \/>\n\t<meta property=\"og:image:height\" content=\"600\" \/>\n\t<meta property=\"og:image:type\" content=\"image\/jpeg\" \/>\n<meta name=\"twitter:card\" content=\"summary_large_image\" \/>\n<script type=\"application\/ld+json\" class=\"yoast-schema-graph\">{\"@context\":\"https:\/\/schema.org\",\"@graph\":[{\"@type\":\"WebPage\",\"@id\":\"https:\/\/esenssi.com\/fabrica\/producto\/muestras-de-envases-de-perfumeria\/\",\"url\":\"https:\/\/esenssi.com\/fabrica\/producto\/muestras-de-envases-de-perfumeria\/\",\"name\":\"envases muestras perfumeria - Esenssi - Tienda Online\",\"isPartOf\":{\"@id\":\"https:\/\/esenssi.com\/fabrica\/#website\"},\"primaryImageOfPage\":{\"@id\":\"https:\/\/esenssi.com\/fabrica\/producto\/muestras-de-envases-de-perfumeria\/#primaryimage\"},\"image\":{\"@id\":\"https:\/\/esenssi.com\/fabrica\/producto\/muestras-de-envases-de-perfumeria\/#primaryimage\"},\"thumbnailUrl\":\"https:\/\/esenssi.com\/fabrica\/wp-content\/uploads\/2021\/08\/Pack-muestras-Envases-de-perfumeria.jpg\",\"datePublished\":\"2021-08-26T08:49:53+00:00\",\"dateModified\":\"2023-08-16T10:43:19+00:00\",\"breadcrumb\":{\"@id\":\"https:\/\/esenssi.com\/fabrica\/producto\/muestras-de-envases-de-perfumeria\/#breadcrumb\"},\"inLanguage\":\"es\",\"potentialAction\":[{\"@type\":\"ReadAction\",\"target\":[\"https:\/\/esenssi.com\/fabrica\/producto\/muestras-de-envases-de-perfumeria\/\"]}]},{\"@type\":\"ImageObject\",\"inLanguage\":\"es\",\"@id\":\"https:\/\/esenssi.com\/fabrica\/producto\/muestras-de-envases-de-perfumeria\/#primaryimage\",\"url\":\"https:\/\/esenssi.com\/fabrica\/wp-content\/uploads\/2021\/08\/Pack-muestras-Envases-de-perfumeria.jpg\",\"contentUrl\":\"https:\/\/esenssi.com\/fabrica\/wp-content\/uploads\/2021\/08\/Pack-muestras-Envases-de-perfumeria.jpg\",\"width\":600,\"height\":600},{\"@type\":\"BreadcrumbList\",\"@id\":\"https:\/\/esenssi.com\/fabrica\/producto\/muestras-de-envases-de-perfumeria\/#breadcrumb\",\"itemListElement\":[{\"@type\":\"ListItem\",\"position\":1,\"name\":\"F\u00e1brica\",\"item\":\"https:\/\/esenssi.com\/fabrica\/\"},{\"@type\":\"ListItem\",\"position\":2,\"name\":\"Tienda\",\"item\":\"https:\/\/esenssi.com\/fabrica\/tienda\/\"},{\"@type\":\"ListItem\",\"position\":3,\"name\":\"envases muestras perfumeria\"}]},{\"@type\":\"WebSite\",\"@id\":\"https:\/\/esenssi.com\/fabrica\/#website\",\"url\":\"https:\/\/esenssi.com\/fabrica\/\",\"name\":\"Esenssi - Tienda Online\",\"description\":\"Fabricante de perfumes\",\"publisher\":{\"@id\":\"https:\/\/esenssi.com\/fabrica\/#organization\"},\"alternateName\":\"Esenssi - Tienda Online\",\"potentialAction\":[{\"@type\":\"SearchAction\",\"target\":{\"@type\":\"EntryPoint\",\"urlTemplate\":\"https:\/\/esenssi.com\/fabrica\/?s={search_term_string}\"},\"query-input\":\"required name=search_term_string\"}],\"inLanguage\":\"es\"},{\"@type\":\"Organization\",\"@id\":\"https:\/\/esenssi.com\/fabrica\/#organization\",\"name\":\"Mayoristas de perfumer\u00eda\",\"url\":\"https:\/\/esenssi.com\/fabrica\/\",\"logo\":{\"@type\":\"ImageObject\",\"inLanguage\":\"es\",\"@id\":\"https:\/\/esenssi.com\/fabrica\/#\/schema\/logo\/image\/\",\"url\":\"https:\/\/esenssi.com\/fabrica\/wp-content\/uploads\/2021\/08\/Logotipo_Esenssi_Web.png\",\"contentUrl\":\"https:\/\/esenssi.com\/fabrica\/wp-content\/uploads\/2021\/08\/Logotipo_Esenssi_Web.png\",\"width\":295,\"height\":64,\"caption\":\"Mayoristas de perfumer\u00eda\"},\"image\":{\"@id\":\"https:\/\/esenssi.com\/fabrica\/#\/schema\/logo\/image\/\"}}]}<\/script>\n<!-- \/ Yoast SEO plugin. -->","yoast_head_json":{"title":"envases muestras perfumeria - Esenssi - Tienda Online","robots":{"index":"noindex","follow":"nofollow"},"og_locale":"es_ES","og_type":"article","og_title":"envases muestras perfumeria - Esenssi - Tienda Online","og_description":"Packs de muestras variadas en envases de cristal para perfumer\u00eda. V\u00e1lvula spray y tapones.  Contenido del pack abajo en la descripci\u00f3n.  &nbsp;","og_url":"https:\/\/esenssi.com\/fabrica\/producto\/muestras-de-envases-de-perfumeria\/","og_site_name":"Esenssi - Tienda Online","article_modified_time":"2023-08-16T10:43:19+00:00","og_image":[{"width":600,"height":600,"url":"https:\/\/esenssi.com\/fabrica\/wp-content\/uploads\/2021\/08\/Pack-muestras-Envases-de-perfumeria.jpg","type":"image\/jpeg"}],"twitter_card":"summary_large_image","schema":{"@context":"https:\/\/schema.org","@graph":[{"@type":"WebPage","@id":"https:\/\/esenssi.com\/fabrica\/producto\/muestras-de-envases-de-perfumeria\/","url":"https:\/\/esenssi.com\/fabrica\/producto\/muestras-de-envases-de-perfumeria\/","name":"envases muestras perfumeria - Esenssi - Tienda Online","isPartOf":{"@id":"https:\/\/esenssi.com\/fabrica\/#website"},"primaryImageOfPage":{"@id":"https:\/\/esenssi.com\/fabrica\/producto\/muestras-de-envases-de-perfumeria\/#primaryimage"},"image":{"@id":"https:\/\/esenssi.com\/fabrica\/producto\/muestras-de-envases-de-perfumeria\/#primaryimage"},"thumbnailUrl":"https:\/\/esenssi.com\/fabrica\/wp-content\/uploads\/2021\/08\/Pack-muestras-Envases-de-perfumeria.jpg","datePublished":"2021-08-26T08:49:53+00:00","dateModified":"2023-08-16T10:43:19+00:00","breadcrumb":{"@id":"https:\/\/esenssi.com\/fabrica\/producto\/muestras-de-envases-de-perfumeria\/#breadcrumb"},"inLanguage":"es","potentialAction":[{"@type":"ReadAction","target":["https:\/\/esenssi.com\/fabrica\/producto\/muestras-de-envases-de-perfumeria\/"]}]},{"@type":"ImageObject","inLanguage":"es","@id":"https:\/\/esenssi.com\/fabrica\/producto\/muestras-de-envases-de-perfumeria\/#primaryimage","url":"https:\/\/esenssi.com\/fabrica\/wp-content\/uploads\/2021\/08\/Pack-muestras-Envases-de-perfumeria.jpg","contentUrl":"https:\/\/esenssi.com\/fabrica\/wp-content\/uploads\/2021\/08\/Pack-muestras-Envases-de-perfumeria.jpg","width":600,"height":600},{"@type":"BreadcrumbList","@id":"https:\/\/esenssi.com\/fabrica\/producto\/muestras-de-envases-de-perfumeria\/#breadcrumb","itemListElement":[{"@type":"ListItem","position":1,"name":"F\u00e1brica","item":"https:\/\/esenssi.com\/fabrica\/"},{"@type":"ListItem","position":2,"name":"Tienda","item":"https:\/\/esenssi.com\/fabrica\/tienda\/"},{"@type":"ListItem","position":3,"name":"envases muestras perfumeria"}]},{"@type":"WebSite","@id":"https:\/\/esenssi.com\/fabrica\/#website","url":"https:\/\/esenssi.com\/fabrica\/","name":"Esenssi - Tienda Online","description":"Fabricante de perfumes","publisher":{"@id":"https:\/\/esenssi.com\/fabrica\/#organization"},"alternateName":"Esenssi - Tienda Online","potentialAction":[{"@type":"SearchAction","target":{"@type":"EntryPoint","urlTemplate":"https:\/\/esenssi.com\/fabrica\/?s={search_term_string}"},"query-input":"required name=search_term_string"}],"inLanguage":"es"},{"@type":"Organization","@id":"https:\/\/esenssi.com\/fabrica\/#organization","name":"Mayoristas de perfumer\u00eda","url":"https:\/\/esenssi.com\/fabrica\/","logo":{"@type":"ImageObject","inLanguage":"es","@id":"https:\/\/esenssi.com\/fabrica\/#\/schema\/logo\/image\/","url":"https:\/\/esenssi.com\/fabrica\/wp-content\/uploads\/2021\/08\/Logotipo_Esenssi_Web.png","contentUrl":"https:\/\/esenssi.com\/fabrica\/wp-content\/uploads\/2021\/08\/Logotipo_Esenssi_Web.png","width":295,"height":64,"caption":"Mayoristas de perfumer\u00eda"},"image":{"@id":"https:\/\/esenssi.com\/fabrica\/#\/schema\/logo\/image\/"}}]}},"_links":{"self":[{"href":"https:\/\/esenssi.com\/fabrica\/wp-json\/wp\/v2\/product\/66245"}],"collection":[{"href":"https:\/\/esenssi.com\/fabrica\/wp-json\/wp\/v2\/product"}],"about":[{"href":"https:\/\/esenssi.com\/fabrica\/wp-json\/wp\/v2\/types\/product"}],"replies":[{"embeddable":true,"href":"https:\/\/esenssi.com\/fabrica\/wp-json\/wp\/v2\/comments?post=66245"}],"wp:featuredmedia":[{"embeddable":true,"href":"https:\/\/esenssi.com\/fabrica\/wp-json\/wp\/v2\/media\/66254"}],"wp:attachment":[{"href":"https:\/\/esenssi.com\/fabrica\/wp-json\/wp\/v2\/media?parent=66245"}],"wp:term":[{"taxonomy":"product_cat","embeddable":true,"href":"https:\/\/esenssi.com\/fabrica\/wp-json\/wp\/v2\/product_cat?post=66245"},{"taxonomy":"product_tag","embeddable":true,"href":"https:\/\/esenssi.com\/fabrica\/wp-json\/wp\/v2\/product_tag?post=66245"}],"curies":[{"name":"wp","href":"https:\/\/api.w.org\/{rel}","templated":true}]}}