{"id":68613,"date":"2021-08-28T18:29:54","date_gmt":"2021-08-28T16:29:54","guid":{"rendered":"https:\/\/esenssi.com\/fabrica\/tienda\/sin%20categor\u00eda\/aceite-corporal-top-parfum-2\/"},"modified":"2024-06-21T13:24:22","modified_gmt":"2024-06-21T11:24:22","slug":"aceite-corporal-top-parfum-2","status":"publish","type":"product","link":"https:\/\/esenssi.com\/fabrica\/producto\/aceite-corporal-top-parfum-2\/","title":{"rendered":"Aceite Corporal Top Parfum"},"content":{"rendered":"<p>Los aceites corporales perfumados son unos excelentes conductores del aroma. Las esencias puras que componen un perfume mezcladas con una base de aceite hacen que al aplic\u00e1rtelas sobre tu piel \u00e9sta retenga m\u00e1s la fragancia y la vaya despidiendo suavemente durante el d\u00eda a trav\u00e9s de nuestro calor corporal.<\/p>\n<p>Envasado o a granel:<\/p>\n<p>Puedes disponer del aceite corporal perfumado para su venta a granel. Ideal para ofrecer a tus clientes como complemento cuando compren su <a href=\"https:\/\/esenssi.com\/fabrica\/perfumes\/perfumes-de-equivalencia-mujer\/top-parfum-femeninas\/\">perfume favorito<\/a> o con su <a href=\"https:\/\/esenssi.com\/fabrica\/producto\/pack-apertura-top\/\">l\u00ednea corporal<\/a>, en los pr\u00e1cticos <a href=\"https:\/\/esenssi.com\/fabrica\/envases\/cosmetica\/\">envases<\/a> dosificadores que te ofrecemos y en las cantidades que el cliente elija (100, 200, 250, 400, 500 ml\u2026).<\/p>\n<p>O puedes pedir estos aceites corporales perfumados de las fragancias Top ventas\u00a0para <a href=\"https:\/\/esenssi.com\/fabrica\/perfumes\/perfumes-de-equivalencia-mujer\/top-parfum-femeninas\/\">mujer<\/a> y <a href=\"https:\/\/esenssi.com\/fabrica\/perfumes\/hombre\/\">hombre<\/a>, ya envasados en los envases de 200 ml con dosificador.<\/p>\n<p>Prueba nuestro <a href=\"https:\/\/esenssi.com\/producto\/pack-apertura-parfum\/\">pack de lanzamiento<\/a> Top Parfum a un precio super ventajoso y descubre qu\u00e9 aromas le gustan m\u00e1s a tus clientes.<\/p>\n<p>Tienes toda la l\u00ednea <a href=\"https:\/\/esenssi.com\/fabrica\/producto\/pack-apertura-top\/\">corporal perfumada<\/a> con los mejores perfumes del mercado. <a href=\"https:\/\/esenssi.com\/producto\/gel-de-bano-top-parfum\/\">Gel de Ba\u00f1o<\/a>,\u00a0<a href=\"https:\/\/esenssi.com\/producto\/crema-corporal-top-parfum\/\">crema hidratante corporal<\/a>, <a href=\"https:\/\/esenssi.com\/producto\/desodorante-top-parfum\/\">desodorante<\/a>, <a href=\"https:\/\/esenssi.com\/producto\/body-mist-top-parfum\/\">body mist<\/a>. Crea duos o packs de venta para tus clientes junto a sus perfumes favoritos.<\/p>\n<p>Recuerda que los aromas de los perfumes top ventas tambi\u00e9n est\u00e1n disponibles en <a href=\"https:\/\/esenssi.com\/fabrica\/ambientacion-granel\/spray\/\">ambientaci\u00f3n<\/a>.<\/p>\n","protected":false},"excerpt":{"rendered":"<p>Aceite corporal hidratante, perfumado con los aromas de los mejores perfumes <a href=\"https:\/\/esenssi.com\/fabrica\/perfumes\/perfumes-de-equivalencia-mujer\/top-parfum-femeninas\/\">Top ventas<\/a>. Enriquecido con aceite de almendras y cal\u00e9ndula. Aporta a tu piel elasticidad y nutrici\u00f3n al mismo tiempo que la perfumas durante horas.<\/p>\n","protected":false},"featured_media":65180,"comment_status":"open","ping_status":"closed","template":"","meta":{"content-type":"","_joinchat":[]},"product_cat":[1228,1063],"product_tag":[1240],"class_list":{"0":"post-68613","1":"product","2":"type-product","3":"status-publish","4":"has-post-thumbnail","6":"product_cat-aceites","7":"product_cat-cuidado-corporal","8":"product_tag-mas-vendidos","10":"first","11":"instock","12":"taxable","13":"shipping-taxable","14":"product-type-variable"},"yoast_head":"<!-- This site is optimized with the Yoast SEO plugin v23.3 - https:\/\/yoast.com\/wordpress\/plugins\/seo\/ -->\n<title>Aceite Corporal Top Parfum - Esenssi - Tienda Online<\/title>\n<meta name=\"description\" content=\"Descubre el Aceite Corporal Top Parfum en Esenssi: hidrata y perfuma tu piel con ingredientes de alta calidad. \u00a1Cuida tu piel con estilo!\" \/>\n<meta name=\"robots\" content=\"index, follow, max-snippet:-1, max-image-preview:large, max-video-preview:-1\" \/>\n<link rel=\"canonical\" href=\"https:\/\/esenssi.com\/fabrica\/producto\/aceite-corporal-top-parfum-2\/\" \/>\n<meta property=\"og:locale\" content=\"es_ES\" \/>\n<meta property=\"og:type\" content=\"article\" \/>\n<meta property=\"og:title\" content=\"Aceite Corporal Top Parfum - Esenssi - Tienda Online\" \/>\n<meta property=\"og:description\" content=\"Descubre el Aceite Corporal Top Parfum en Esenssi: hidrata y perfuma tu piel con ingredientes de alta calidad. \u00a1Cuida tu piel con estilo!\" \/>\n<meta property=\"og:url\" content=\"https:\/\/esenssi.com\/fabrica\/producto\/aceite-corporal-top-parfum-2\/\" \/>\n<meta property=\"og:site_name\" content=\"Esenssi - Tienda Online\" \/>\n<meta property=\"article:modified_time\" content=\"2024-06-21T11:24:22+00:00\" \/>\n<meta property=\"og:image\" content=\"https:\/\/esenssi.com\/fabrica\/wp-content\/uploads\/2018\/07\/aceite_Corporal_top_Parfum.jpg\" \/>\n\t<meta property=\"og:image:width\" content=\"1000\" \/>\n\t<meta property=\"og:image:height\" content=\"1000\" \/>\n\t<meta property=\"og:image:type\" content=\"image\/jpeg\" \/>\n<meta name=\"twitter:card\" content=\"summary_large_image\" \/>\n<script type=\"application\/ld+json\" class=\"yoast-schema-graph\">{\"@context\":\"https:\/\/schema.org\",\"@graph\":[{\"@type\":\"WebPage\",\"@id\":\"https:\/\/esenssi.com\/fabrica\/producto\/aceite-corporal-top-parfum-2\/\",\"url\":\"https:\/\/esenssi.com\/fabrica\/producto\/aceite-corporal-top-parfum-2\/\",\"name\":\"Aceite Corporal Top Parfum - Esenssi - Tienda Online\",\"isPartOf\":{\"@id\":\"https:\/\/esenssi.com\/fabrica\/#website\"},\"primaryImageOfPage\":{\"@id\":\"https:\/\/esenssi.com\/fabrica\/producto\/aceite-corporal-top-parfum-2\/#primaryimage\"},\"image\":{\"@id\":\"https:\/\/esenssi.com\/fabrica\/producto\/aceite-corporal-top-parfum-2\/#primaryimage\"},\"thumbnailUrl\":\"https:\/\/esenssi.com\/fabrica\/wp-content\/uploads\/2018\/07\/aceite_Corporal_top_Parfum.jpg\",\"datePublished\":\"2021-08-28T16:29:54+00:00\",\"dateModified\":\"2024-06-21T11:24:22+00:00\",\"description\":\"Descubre el Aceite Corporal Top Parfum en Esenssi: hidrata y perfuma tu piel con ingredientes de alta calidad. \u00a1Cuida tu piel con estilo!\",\"breadcrumb\":{\"@id\":\"https:\/\/esenssi.com\/fabrica\/producto\/aceite-corporal-top-parfum-2\/#breadcrumb\"},\"inLanguage\":\"es\",\"potentialAction\":[{\"@type\":\"ReadAction\",\"target\":[\"https:\/\/esenssi.com\/fabrica\/producto\/aceite-corporal-top-parfum-2\/\"]}]},{\"@type\":\"ImageObject\",\"inLanguage\":\"es\",\"@id\":\"https:\/\/esenssi.com\/fabrica\/producto\/aceite-corporal-top-parfum-2\/#primaryimage\",\"url\":\"https:\/\/esenssi.com\/fabrica\/wp-content\/uploads\/2018\/07\/aceite_Corporal_top_Parfum.jpg\",\"contentUrl\":\"https:\/\/esenssi.com\/fabrica\/wp-content\/uploads\/2018\/07\/aceite_Corporal_top_Parfum.jpg\",\"width\":1000,\"height\":1000},{\"@type\":\"BreadcrumbList\",\"@id\":\"https:\/\/esenssi.com\/fabrica\/producto\/aceite-corporal-top-parfum-2\/#breadcrumb\",\"itemListElement\":[{\"@type\":\"ListItem\",\"position\":1,\"name\":\"F\u00e1brica\",\"item\":\"https:\/\/esenssi.com\/fabrica\/\"},{\"@type\":\"ListItem\",\"position\":2,\"name\":\"Tienda\",\"item\":\"https:\/\/esenssi.com\/fabrica\/tienda\/\"},{\"@type\":\"ListItem\",\"position\":3,\"name\":\"Aceite Corporal Top Parfum\"}]},{\"@type\":\"WebSite\",\"@id\":\"https:\/\/esenssi.com\/fabrica\/#website\",\"url\":\"https:\/\/esenssi.com\/fabrica\/\",\"name\":\"Esenssi - Tienda Online\",\"description\":\"Fabricante de perfumes\",\"publisher\":{\"@id\":\"https:\/\/esenssi.com\/fabrica\/#organization\"},\"alternateName\":\"Esenssi - Tienda Online\",\"potentialAction\":[{\"@type\":\"SearchAction\",\"target\":{\"@type\":\"EntryPoint\",\"urlTemplate\":\"https:\/\/esenssi.com\/fabrica\/?s={search_term_string}\"},\"query-input\":\"required name=search_term_string\"}],\"inLanguage\":\"es\"},{\"@type\":\"Organization\",\"@id\":\"https:\/\/esenssi.com\/fabrica\/#organization\",\"name\":\"Mayoristas de perfumer\u00eda\",\"url\":\"https:\/\/esenssi.com\/fabrica\/\",\"logo\":{\"@type\":\"ImageObject\",\"inLanguage\":\"es\",\"@id\":\"https:\/\/esenssi.com\/fabrica\/#\/schema\/logo\/image\/\",\"url\":\"https:\/\/esenssi.com\/fabrica\/wp-content\/uploads\/2021\/08\/Logotipo_Esenssi_Web.png\",\"contentUrl\":\"https:\/\/esenssi.com\/fabrica\/wp-content\/uploads\/2021\/08\/Logotipo_Esenssi_Web.png\",\"width\":295,\"height\":64,\"caption\":\"Mayoristas de perfumer\u00eda\"},\"image\":{\"@id\":\"https:\/\/esenssi.com\/fabrica\/#\/schema\/logo\/image\/\"}}]}<\/script>\n<!-- \/ Yoast SEO plugin. -->","yoast_head_json":{"title":"Aceite Corporal Top Parfum - Esenssi - Tienda Online","description":"Descubre el Aceite Corporal Top Parfum en Esenssi: hidrata y perfuma tu piel con ingredientes de alta calidad. \u00a1Cuida tu piel con estilo!","robots":{"index":"index","follow":"follow","max-snippet":"max-snippet:-1","max-image-preview":"max-image-preview:large","max-video-preview":"max-video-preview:-1"},"canonical":"https:\/\/esenssi.com\/fabrica\/producto\/aceite-corporal-top-parfum-2\/","og_locale":"es_ES","og_type":"article","og_title":"Aceite Corporal Top Parfum - Esenssi - Tienda Online","og_description":"Descubre el Aceite Corporal Top Parfum en Esenssi: hidrata y perfuma tu piel con ingredientes de alta calidad. \u00a1Cuida tu piel con estilo!","og_url":"https:\/\/esenssi.com\/fabrica\/producto\/aceite-corporal-top-parfum-2\/","og_site_name":"Esenssi - Tienda Online","article_modified_time":"2024-06-21T11:24:22+00:00","og_image":[{"width":1000,"height":1000,"url":"https:\/\/esenssi.com\/fabrica\/wp-content\/uploads\/2018\/07\/aceite_Corporal_top_Parfum.jpg","type":"image\/jpeg"}],"twitter_card":"summary_large_image","schema":{"@context":"https:\/\/schema.org","@graph":[{"@type":"WebPage","@id":"https:\/\/esenssi.com\/fabrica\/producto\/aceite-corporal-top-parfum-2\/","url":"https:\/\/esenssi.com\/fabrica\/producto\/aceite-corporal-top-parfum-2\/","name":"Aceite Corporal Top Parfum - Esenssi - Tienda Online","isPartOf":{"@id":"https:\/\/esenssi.com\/fabrica\/#website"},"primaryImageOfPage":{"@id":"https:\/\/esenssi.com\/fabrica\/producto\/aceite-corporal-top-parfum-2\/#primaryimage"},"image":{"@id":"https:\/\/esenssi.com\/fabrica\/producto\/aceite-corporal-top-parfum-2\/#primaryimage"},"thumbnailUrl":"https:\/\/esenssi.com\/fabrica\/wp-content\/uploads\/2018\/07\/aceite_Corporal_top_Parfum.jpg","datePublished":"2021-08-28T16:29:54+00:00","dateModified":"2024-06-21T11:24:22+00:00","description":"Descubre el Aceite Corporal Top Parfum en Esenssi: hidrata y perfuma tu piel con ingredientes de alta calidad. \u00a1Cuida tu piel con estilo!","breadcrumb":{"@id":"https:\/\/esenssi.com\/fabrica\/producto\/aceite-corporal-top-parfum-2\/#breadcrumb"},"inLanguage":"es","potentialAction":[{"@type":"ReadAction","target":["https:\/\/esenssi.com\/fabrica\/producto\/aceite-corporal-top-parfum-2\/"]}]},{"@type":"ImageObject","inLanguage":"es","@id":"https:\/\/esenssi.com\/fabrica\/producto\/aceite-corporal-top-parfum-2\/#primaryimage","url":"https:\/\/esenssi.com\/fabrica\/wp-content\/uploads\/2018\/07\/aceite_Corporal_top_Parfum.jpg","contentUrl":"https:\/\/esenssi.com\/fabrica\/wp-content\/uploads\/2018\/07\/aceite_Corporal_top_Parfum.jpg","width":1000,"height":1000},{"@type":"BreadcrumbList","@id":"https:\/\/esenssi.com\/fabrica\/producto\/aceite-corporal-top-parfum-2\/#breadcrumb","itemListElement":[{"@type":"ListItem","position":1,"name":"F\u00e1brica","item":"https:\/\/esenssi.com\/fabrica\/"},{"@type":"ListItem","position":2,"name":"Tienda","item":"https:\/\/esenssi.com\/fabrica\/tienda\/"},{"@type":"ListItem","position":3,"name":"Aceite Corporal Top Parfum"}]},{"@type":"WebSite","@id":"https:\/\/esenssi.com\/fabrica\/#website","url":"https:\/\/esenssi.com\/fabrica\/","name":"Esenssi - Tienda Online","description":"Fabricante de perfumes","publisher":{"@id":"https:\/\/esenssi.com\/fabrica\/#organization"},"alternateName":"Esenssi - Tienda Online","potentialAction":[{"@type":"SearchAction","target":{"@type":"EntryPoint","urlTemplate":"https:\/\/esenssi.com\/fabrica\/?s={search_term_string}"},"query-input":"required name=search_term_string"}],"inLanguage":"es"},{"@type":"Organization","@id":"https:\/\/esenssi.com\/fabrica\/#organization","name":"Mayoristas de perfumer\u00eda","url":"https:\/\/esenssi.com\/fabrica\/","logo":{"@type":"ImageObject","inLanguage":"es","@id":"https:\/\/esenssi.com\/fabrica\/#\/schema\/logo\/image\/","url":"https:\/\/esenssi.com\/fabrica\/wp-content\/uploads\/2021\/08\/Logotipo_Esenssi_Web.png","contentUrl":"https:\/\/esenssi.com\/fabrica\/wp-content\/uploads\/2021\/08\/Logotipo_Esenssi_Web.png","width":295,"height":64,"caption":"Mayoristas de perfumer\u00eda"},"image":{"@id":"https:\/\/esenssi.com\/fabrica\/#\/schema\/logo\/image\/"}}]}},"_links":{"self":[{"href":"https:\/\/esenssi.com\/fabrica\/wp-json\/wp\/v2\/product\/68613"}],"collection":[{"href":"https:\/\/esenssi.com\/fabrica\/wp-json\/wp\/v2\/product"}],"about":[{"href":"https:\/\/esenssi.com\/fabrica\/wp-json\/wp\/v2\/types\/product"}],"replies":[{"embeddable":true,"href":"https:\/\/esenssi.com\/fabrica\/wp-json\/wp\/v2\/comments?post=68613"}],"wp:featuredmedia":[{"embeddable":true,"href":"https:\/\/esenssi.com\/fabrica\/wp-json\/wp\/v2\/media\/65180"}],"wp:attachment":[{"href":"https:\/\/esenssi.com\/fabrica\/wp-json\/wp\/v2\/media?parent=68613"}],"wp:term":[{"taxonomy":"product_cat","embeddable":true,"href":"https:\/\/esenssi.com\/fabrica\/wp-json\/wp\/v2\/product_cat?post=68613"},{"taxonomy":"product_tag","embeddable":true,"href":"https:\/\/esenssi.com\/fabrica\/wp-json\/wp\/v2\/product_tag?post=68613"}],"curies":[{"name":"wp","href":"https:\/\/api.w.org\/{rel}","templated":true}]}}