{"id":68652,"date":"2021-08-28T18:30:11","date_gmt":"2021-08-28T18:30:11","guid":{"rendered":"https:\/\/esenssi.com\/fabrica\/tienda\/sin%20categor\u00eda\/higienizante-de-manos-top-parfum\/"},"modified":"2022-07-13T12:52:22","modified_gmt":"2022-07-13T10:52:22","slug":"higienizante-de-manos-top-parfum","status":"publish","type":"product","link":"https:\/\/esenssi.com\/fabrica\/producto\/higienizante-de-manos-top-parfum\/","title":{"rendered":"Higienizante Top Parfum"},"content":{"rendered":"<p>\u00a1PROT\u00c9GETE Y RESPIRA!<\/p>\n<p>Es necesario protegernos y por eso hemos creado el mejor higienizante perfumado para que puedas disfrutar de una protecci\u00f3n<br \/>\nen diferentes aplicaciones.<\/p>\n<p>Usos:<br \/>\nHigienizante Corporal con diferentes aromas para que puedas pulverizarlo en forma de nube por el cuerpo y cabello a modo de perfume diario-<\/p>\n<p>Higienizante Textil para ofrecer una protecci\u00f3n higienizante a tus prendas de vestir o a las telas como mantas o s\u00e1banas, ofreciendo as\u00ed protecci\u00f3n y un aroma increible que te envolver\u00e1 por completo a modo de perfume textil.<\/p>\n<p>Higienizante para Superficies, as\u00ed estas quedar\u00e1n higienizadas y con un aroma agradable que nos ayudar\u00e1 a sentirnos mejor a lo largo de todo el d\u00eda.<\/p>\n<p>Puedes llevarte el pack completo con los aromas que m\u00e1s te gusten o comprarlo en formato individual de 100ml, 200ml o 1L para tu negocio.<\/p>\n","protected":false},"excerpt":{"rendered":"<p>\u00a1PROT\u00c9GETE Y RESPIRA!<\/p>\n<p>Es necesario protegernos y por eso hemos creado el mejor higienizante perfumado para que puedas disfrutar de una protecci\u00f3n en diferentes aplicaciones.<\/p>\n<p><em>Higienizante Corporal \u2013 Higienizante Textil \u2013 Higienizante para Superficie<\/em><strong>s<\/strong><\/p>\n","protected":false},"featured_media":142119,"comment_status":"open","ping_status":"closed","template":"","meta":{"content-type":"","_joinchat":[]},"product_cat":[1063,1232],"product_tag":[],"class_list":{"0":"post-68652","1":"product","2":"type-product","3":"status-publish","4":"has-post-thumbnail","6":"product_cat-cuidado-corporal","7":"product_cat-higienizantes","9":"first","10":"instock","11":"taxable","12":"shipping-taxable","13":"product-type-variable"},"yoast_head":"<!-- This site is optimized with the Yoast SEO plugin v23.3 - https:\/\/yoast.com\/wordpress\/plugins\/seo\/ -->\n<title>Higienizante Top Parfum - Esenssi - Tienda Online<\/title>\n<meta name=\"robots\" content=\"noindex, nofollow\" \/>\n<meta property=\"og:locale\" content=\"es_ES\" \/>\n<meta property=\"og:type\" content=\"article\" \/>\n<meta property=\"og:title\" content=\"Higienizante Top Parfum - Esenssi - Tienda Online\" \/>\n<meta property=\"og:description\" content=\"\u00a1PROT\u00c9GETE Y RESPIRA!  Es necesario protegernos y por eso hemos creado el mejor higienizante perfumado para que puedas disfrutar de una protecci\u00f3n en diferentes aplicaciones.  Higienizante Corporal \u2013 Higienizante Textil \u2013 Higienizante para Superficies\" \/>\n<meta property=\"og:url\" content=\"https:\/\/esenssi.com\/fabrica\/producto\/higienizante-de-manos-top-parfum\/\" \/>\n<meta property=\"og:site_name\" content=\"Esenssi - Tienda Online\" \/>\n<meta property=\"article:modified_time\" content=\"2022-07-13T10:52:22+00:00\" \/>\n<meta property=\"og:image\" content=\"https:\/\/esenssi.com\/fabrica\/wp-content\/uploads\/2021\/08\/HIGIENIZANTE_100_TOPPARFUM_v2.jpg\" \/>\n\t<meta property=\"og:image:width\" content=\"600\" \/>\n\t<meta property=\"og:image:height\" content=\"600\" \/>\n\t<meta property=\"og:image:type\" content=\"image\/jpeg\" \/>\n<meta name=\"twitter:card\" content=\"summary_large_image\" \/>\n<script type=\"application\/ld+json\" class=\"yoast-schema-graph\">{\"@context\":\"https:\/\/schema.org\",\"@graph\":[{\"@type\":\"WebPage\",\"@id\":\"https:\/\/esenssi.com\/fabrica\/producto\/higienizante-de-manos-top-parfum\/\",\"url\":\"https:\/\/esenssi.com\/fabrica\/producto\/higienizante-de-manos-top-parfum\/\",\"name\":\"Higienizante Top Parfum - Esenssi - Tienda Online\",\"isPartOf\":{\"@id\":\"https:\/\/esenssi.com\/fabrica\/#website\"},\"primaryImageOfPage\":{\"@id\":\"https:\/\/esenssi.com\/fabrica\/producto\/higienizante-de-manos-top-parfum\/#primaryimage\"},\"image\":{\"@id\":\"https:\/\/esenssi.com\/fabrica\/producto\/higienizante-de-manos-top-parfum\/#primaryimage\"},\"thumbnailUrl\":\"https:\/\/esenssi.com\/fabrica\/wp-content\/uploads\/2021\/08\/HIGIENIZANTE_100_TOPPARFUM_v2.jpg\",\"datePublished\":\"2021-08-28T18:30:11+00:00\",\"dateModified\":\"2022-07-13T10:52:22+00:00\",\"breadcrumb\":{\"@id\":\"https:\/\/esenssi.com\/fabrica\/producto\/higienizante-de-manos-top-parfum\/#breadcrumb\"},\"inLanguage\":\"es\",\"potentialAction\":[{\"@type\":\"ReadAction\",\"target\":[\"https:\/\/esenssi.com\/fabrica\/producto\/higienizante-de-manos-top-parfum\/\"]}]},{\"@type\":\"ImageObject\",\"inLanguage\":\"es\",\"@id\":\"https:\/\/esenssi.com\/fabrica\/producto\/higienizante-de-manos-top-parfum\/#primaryimage\",\"url\":\"https:\/\/esenssi.com\/fabrica\/wp-content\/uploads\/2021\/08\/HIGIENIZANTE_100_TOPPARFUM_v2.jpg\",\"contentUrl\":\"https:\/\/esenssi.com\/fabrica\/wp-content\/uploads\/2021\/08\/HIGIENIZANTE_100_TOPPARFUM_v2.jpg\",\"width\":600,\"height\":600},{\"@type\":\"BreadcrumbList\",\"@id\":\"https:\/\/esenssi.com\/fabrica\/producto\/higienizante-de-manos-top-parfum\/#breadcrumb\",\"itemListElement\":[{\"@type\":\"ListItem\",\"position\":1,\"name\":\"F\u00e1brica\",\"item\":\"https:\/\/esenssi.com\/fabrica\/\"},{\"@type\":\"ListItem\",\"position\":2,\"name\":\"Tienda\",\"item\":\"https:\/\/esenssi.com\/fabrica\/tienda\/\"},{\"@type\":\"ListItem\",\"position\":3,\"name\":\"Higienizante Top Parfum\"}]},{\"@type\":\"WebSite\",\"@id\":\"https:\/\/esenssi.com\/fabrica\/#website\",\"url\":\"https:\/\/esenssi.com\/fabrica\/\",\"name\":\"Esenssi - Tienda Online\",\"description\":\"Fabricante de perfumes\",\"publisher\":{\"@id\":\"https:\/\/esenssi.com\/fabrica\/#organization\"},\"alternateName\":\"Esenssi - Tienda Online\",\"potentialAction\":[{\"@type\":\"SearchAction\",\"target\":{\"@type\":\"EntryPoint\",\"urlTemplate\":\"https:\/\/esenssi.com\/fabrica\/?s={search_term_string}\"},\"query-input\":\"required name=search_term_string\"}],\"inLanguage\":\"es\"},{\"@type\":\"Organization\",\"@id\":\"https:\/\/esenssi.com\/fabrica\/#organization\",\"name\":\"Mayoristas de perfumer\u00eda\",\"url\":\"https:\/\/esenssi.com\/fabrica\/\",\"logo\":{\"@type\":\"ImageObject\",\"inLanguage\":\"es\",\"@id\":\"https:\/\/esenssi.com\/fabrica\/#\/schema\/logo\/image\/\",\"url\":\"https:\/\/esenssi.com\/fabrica\/wp-content\/uploads\/2021\/08\/Logotipo_Esenssi_Web.png\",\"contentUrl\":\"https:\/\/esenssi.com\/fabrica\/wp-content\/uploads\/2021\/08\/Logotipo_Esenssi_Web.png\",\"width\":295,\"height\":64,\"caption\":\"Mayoristas de perfumer\u00eda\"},\"image\":{\"@id\":\"https:\/\/esenssi.com\/fabrica\/#\/schema\/logo\/image\/\"}}]}<\/script>\n<!-- \/ Yoast SEO plugin. -->","yoast_head_json":{"title":"Higienizante Top Parfum - Esenssi - Tienda Online","robots":{"index":"noindex","follow":"nofollow"},"og_locale":"es_ES","og_type":"article","og_title":"Higienizante Top Parfum - Esenssi - Tienda Online","og_description":"\u00a1PROT\u00c9GETE Y RESPIRA!  Es necesario protegernos y por eso hemos creado el mejor higienizante perfumado para que puedas disfrutar de una protecci\u00f3n en diferentes aplicaciones.  Higienizante Corporal \u2013 Higienizante Textil \u2013 Higienizante para Superficies","og_url":"https:\/\/esenssi.com\/fabrica\/producto\/higienizante-de-manos-top-parfum\/","og_site_name":"Esenssi - Tienda Online","article_modified_time":"2022-07-13T10:52:22+00:00","og_image":[{"width":600,"height":600,"url":"https:\/\/esenssi.com\/fabrica\/wp-content\/uploads\/2021\/08\/HIGIENIZANTE_100_TOPPARFUM_v2.jpg","type":"image\/jpeg"}],"twitter_card":"summary_large_image","schema":{"@context":"https:\/\/schema.org","@graph":[{"@type":"WebPage","@id":"https:\/\/esenssi.com\/fabrica\/producto\/higienizante-de-manos-top-parfum\/","url":"https:\/\/esenssi.com\/fabrica\/producto\/higienizante-de-manos-top-parfum\/","name":"Higienizante Top Parfum - Esenssi - Tienda Online","isPartOf":{"@id":"https:\/\/esenssi.com\/fabrica\/#website"},"primaryImageOfPage":{"@id":"https:\/\/esenssi.com\/fabrica\/producto\/higienizante-de-manos-top-parfum\/#primaryimage"},"image":{"@id":"https:\/\/esenssi.com\/fabrica\/producto\/higienizante-de-manos-top-parfum\/#primaryimage"},"thumbnailUrl":"https:\/\/esenssi.com\/fabrica\/wp-content\/uploads\/2021\/08\/HIGIENIZANTE_100_TOPPARFUM_v2.jpg","datePublished":"2021-08-28T18:30:11+00:00","dateModified":"2022-07-13T10:52:22+00:00","breadcrumb":{"@id":"https:\/\/esenssi.com\/fabrica\/producto\/higienizante-de-manos-top-parfum\/#breadcrumb"},"inLanguage":"es","potentialAction":[{"@type":"ReadAction","target":["https:\/\/esenssi.com\/fabrica\/producto\/higienizante-de-manos-top-parfum\/"]}]},{"@type":"ImageObject","inLanguage":"es","@id":"https:\/\/esenssi.com\/fabrica\/producto\/higienizante-de-manos-top-parfum\/#primaryimage","url":"https:\/\/esenssi.com\/fabrica\/wp-content\/uploads\/2021\/08\/HIGIENIZANTE_100_TOPPARFUM_v2.jpg","contentUrl":"https:\/\/esenssi.com\/fabrica\/wp-content\/uploads\/2021\/08\/HIGIENIZANTE_100_TOPPARFUM_v2.jpg","width":600,"height":600},{"@type":"BreadcrumbList","@id":"https:\/\/esenssi.com\/fabrica\/producto\/higienizante-de-manos-top-parfum\/#breadcrumb","itemListElement":[{"@type":"ListItem","position":1,"name":"F\u00e1brica","item":"https:\/\/esenssi.com\/fabrica\/"},{"@type":"ListItem","position":2,"name":"Tienda","item":"https:\/\/esenssi.com\/fabrica\/tienda\/"},{"@type":"ListItem","position":3,"name":"Higienizante Top Parfum"}]},{"@type":"WebSite","@id":"https:\/\/esenssi.com\/fabrica\/#website","url":"https:\/\/esenssi.com\/fabrica\/","name":"Esenssi - Tienda Online","description":"Fabricante de perfumes","publisher":{"@id":"https:\/\/esenssi.com\/fabrica\/#organization"},"alternateName":"Esenssi - Tienda Online","potentialAction":[{"@type":"SearchAction","target":{"@type":"EntryPoint","urlTemplate":"https:\/\/esenssi.com\/fabrica\/?s={search_term_string}"},"query-input":"required name=search_term_string"}],"inLanguage":"es"},{"@type":"Organization","@id":"https:\/\/esenssi.com\/fabrica\/#organization","name":"Mayoristas de perfumer\u00eda","url":"https:\/\/esenssi.com\/fabrica\/","logo":{"@type":"ImageObject","inLanguage":"es","@id":"https:\/\/esenssi.com\/fabrica\/#\/schema\/logo\/image\/","url":"https:\/\/esenssi.com\/fabrica\/wp-content\/uploads\/2021\/08\/Logotipo_Esenssi_Web.png","contentUrl":"https:\/\/esenssi.com\/fabrica\/wp-content\/uploads\/2021\/08\/Logotipo_Esenssi_Web.png","width":295,"height":64,"caption":"Mayoristas de perfumer\u00eda"},"image":{"@id":"https:\/\/esenssi.com\/fabrica\/#\/schema\/logo\/image\/"}}]}},"_links":{"self":[{"href":"https:\/\/esenssi.com\/fabrica\/wp-json\/wp\/v2\/product\/68652"}],"collection":[{"href":"https:\/\/esenssi.com\/fabrica\/wp-json\/wp\/v2\/product"}],"about":[{"href":"https:\/\/esenssi.com\/fabrica\/wp-json\/wp\/v2\/types\/product"}],"replies":[{"embeddable":true,"href":"https:\/\/esenssi.com\/fabrica\/wp-json\/wp\/v2\/comments?post=68652"}],"wp:featuredmedia":[{"embeddable":true,"href":"https:\/\/esenssi.com\/fabrica\/wp-json\/wp\/v2\/media\/142119"}],"wp:attachment":[{"href":"https:\/\/esenssi.com\/fabrica\/wp-json\/wp\/v2\/media?parent=68652"}],"wp:term":[{"taxonomy":"product_cat","embeddable":true,"href":"https:\/\/esenssi.com\/fabrica\/wp-json\/wp\/v2\/product_cat?post=68652"},{"taxonomy":"product_tag","embeddable":true,"href":"https:\/\/esenssi.com\/fabrica\/wp-json\/wp\/v2\/product_tag?post=68652"}],"curies":[{"name":"wp","href":"https:\/\/api.w.org\/{rel}","templated":true}]}}