{"id":68691,"date":"2021-08-28T18:30:19","date_gmt":"2021-08-28T16:30:19","guid":{"rendered":"https:\/\/esenssi.com\/fabrica\/tienda\/sin%20categor\u00eda\/aceite-corporal-niss\/"},"modified":"2024-07-31T12:07:07","modified_gmt":"2024-07-31T10:07:07","slug":"aceite-corporal-niss","status":"publish","type":"product","link":"https:\/\/esenssi.com\/fabrica\/producto\/aceite-corporal-niss\/","title":{"rendered":"Aceite Corporal Nicho"},"content":{"rendered":"<p>Los aceites corporales perfumados son unos excelentes conductores del aroma. Las esencias puras que componen un perfume mezcladas con una base de aceite hacen que al aplic\u00e1rtelas sobre tu piel esta retenga m\u00e1s la fragancia y la vaya despidiendo suavemente durante el d\u00eda a trav\u00e9s de nuestro calor corporal.<\/p>\n<h3><strong>\u00bfENVASADO O A GRANEL?<\/strong><\/h3>\n<p>Puedes pedir este\u00a0Aceite Corporal perfumado de edici\u00f3n limitada en sus envases de 250 ml negro y dorado con dosificador y ofrecer a tus clientes un d\u00fao muy especial junto a su <a href=\"https:\/\/esenssi.com\/fabrica\/perfumes\/nicho\/\">perfume Niss<\/a> del mismo aroma<\/p>\n<p>Prueba nuestro\u00a0<a href=\"https:\/\/esenssi.com\/producto\/pack-apertura-niss\/\">pack de apertura<\/a>\u00a0Niss a un precio s\u00faper ventajoso y descubre qu\u00e9 aromas le gustan m\u00e1s a tus clientes.<\/p>\n<p>Tienes a tu disposici\u00f3n una especial l\u00ednea\u00a0<a href=\"https:\/\/esenssi.com\/fabrica\/cuidado-corporal\/\">corporal perfumada<\/a>\u00a0con los perfumes m\u00e1s exclusivos de edici\u00f3n limitada.\u00a0<a href=\"https:\/\/esenssi.com\/producto\/gel-de-bano-perfumado-niss\/\">Gel de ba\u00f1o<\/a> y <a href=\"https:\/\/esenssi.com\/fabrica\/cuidado-corporal\/\">Crema\u00a0corporal<\/a>. Crea d\u00faos o packs de venta para tus clientes junto a sus perfumes favoritos.<\/p>\n","protected":false},"excerpt":{"rendered":"<p>Aceite corporal hidratante, perfumado con las fragancias exclusivas de los mejores perfumes de edici\u00f3n limitada. Enriquecido con aceite de almendras y cal\u00e9ndula. Aporta a tu piel elasticidad y nutrici\u00f3n al mismo tiempo que la perfumas durante horas.<\/p>\n","protected":false},"featured_media":65190,"comment_status":"open","ping_status":"closed","template":"","meta":{"content-type":"","_joinchat":[]},"product_cat":[1228,1063],"product_tag":[1287],"class_list":{"0":"post-68691","1":"product","2":"type-product","3":"status-publish","4":"has-post-thumbnail","6":"product_cat-aceites","7":"product_cat-cuidado-corporal","8":"product_tag-linea-niss","10":"first","11":"instock","12":"taxable","13":"shipping-taxable","14":"product-type-variable"},"yoast_head":"<!-- This site is optimized with the Yoast SEO plugin v23.3 - https:\/\/yoast.com\/wordpress\/plugins\/seo\/ -->\n<title>Aceite Corporal Nicho - Esenssi - Tienda Online<\/title>\n<meta name=\"robots\" content=\"noindex, nofollow\" \/>\n<meta property=\"og:locale\" content=\"es_ES\" \/>\n<meta property=\"og:type\" content=\"article\" \/>\n<meta property=\"og:title\" content=\"Aceite Corporal Nicho - Esenssi - Tienda Online\" \/>\n<meta property=\"og:description\" content=\"Aceite corporal hidratante, perfumado con las fragancias exclusivas de los mejores perfumes de edici\u00f3n limitada. Enriquecido con aceite de almendras y cal\u00e9ndula. Aporta a tu piel elasticidad y nutrici\u00f3n al mismo tiempo que la perfumas durante horas.\" \/>\n<meta property=\"og:url\" content=\"https:\/\/esenssi.com\/fabrica\/producto\/aceite-corporal-niss\/\" \/>\n<meta property=\"og:site_name\" content=\"Esenssi - Tienda Online\" \/>\n<meta property=\"article:modified_time\" content=\"2024-07-31T10:07:07+00:00\" \/>\n<meta property=\"og:image\" content=\"https:\/\/esenssi.com\/fabrica\/wp-content\/uploads\/2019\/11\/Aceite_Corporal_Nicho.jpg\" \/>\n\t<meta property=\"og:image:width\" content=\"1000\" \/>\n\t<meta property=\"og:image:height\" content=\"1000\" \/>\n\t<meta property=\"og:image:type\" content=\"image\/jpeg\" \/>\n<meta name=\"twitter:card\" content=\"summary_large_image\" \/>\n<script type=\"application\/ld+json\" class=\"yoast-schema-graph\">{\"@context\":\"https:\/\/schema.org\",\"@graph\":[{\"@type\":\"WebPage\",\"@id\":\"https:\/\/esenssi.com\/fabrica\/producto\/aceite-corporal-niss\/\",\"url\":\"https:\/\/esenssi.com\/fabrica\/producto\/aceite-corporal-niss\/\",\"name\":\"Aceite Corporal Nicho - Esenssi - Tienda Online\",\"isPartOf\":{\"@id\":\"https:\/\/esenssi.com\/fabrica\/#website\"},\"primaryImageOfPage\":{\"@id\":\"https:\/\/esenssi.com\/fabrica\/producto\/aceite-corporal-niss\/#primaryimage\"},\"image\":{\"@id\":\"https:\/\/esenssi.com\/fabrica\/producto\/aceite-corporal-niss\/#primaryimage\"},\"thumbnailUrl\":\"https:\/\/esenssi.com\/fabrica\/wp-content\/uploads\/2019\/11\/Aceite_Corporal_Nicho.jpg\",\"datePublished\":\"2021-08-28T16:30:19+00:00\",\"dateModified\":\"2024-07-31T10:07:07+00:00\",\"breadcrumb\":{\"@id\":\"https:\/\/esenssi.com\/fabrica\/producto\/aceite-corporal-niss\/#breadcrumb\"},\"inLanguage\":\"es\",\"potentialAction\":[{\"@type\":\"ReadAction\",\"target\":[\"https:\/\/esenssi.com\/fabrica\/producto\/aceite-corporal-niss\/\"]}]},{\"@type\":\"ImageObject\",\"inLanguage\":\"es\",\"@id\":\"https:\/\/esenssi.com\/fabrica\/producto\/aceite-corporal-niss\/#primaryimage\",\"url\":\"https:\/\/esenssi.com\/fabrica\/wp-content\/uploads\/2019\/11\/Aceite_Corporal_Nicho.jpg\",\"contentUrl\":\"https:\/\/esenssi.com\/fabrica\/wp-content\/uploads\/2019\/11\/Aceite_Corporal_Nicho.jpg\",\"width\":1000,\"height\":1000},{\"@type\":\"BreadcrumbList\",\"@id\":\"https:\/\/esenssi.com\/fabrica\/producto\/aceite-corporal-niss\/#breadcrumb\",\"itemListElement\":[{\"@type\":\"ListItem\",\"position\":1,\"name\":\"F\u00e1brica\",\"item\":\"https:\/\/esenssi.com\/fabrica\/\"},{\"@type\":\"ListItem\",\"position\":2,\"name\":\"Tienda\",\"item\":\"https:\/\/esenssi.com\/fabrica\/tienda\/\"},{\"@type\":\"ListItem\",\"position\":3,\"name\":\"Aceite Corporal Nicho\"}]},{\"@type\":\"WebSite\",\"@id\":\"https:\/\/esenssi.com\/fabrica\/#website\",\"url\":\"https:\/\/esenssi.com\/fabrica\/\",\"name\":\"Esenssi - Tienda Online\",\"description\":\"Fabricante de perfumes\",\"publisher\":{\"@id\":\"https:\/\/esenssi.com\/fabrica\/#organization\"},\"alternateName\":\"Esenssi - Tienda Online\",\"potentialAction\":[{\"@type\":\"SearchAction\",\"target\":{\"@type\":\"EntryPoint\",\"urlTemplate\":\"https:\/\/esenssi.com\/fabrica\/?s={search_term_string}\"},\"query-input\":\"required name=search_term_string\"}],\"inLanguage\":\"es\"},{\"@type\":\"Organization\",\"@id\":\"https:\/\/esenssi.com\/fabrica\/#organization\",\"name\":\"Mayoristas de perfumer\u00eda\",\"url\":\"https:\/\/esenssi.com\/fabrica\/\",\"logo\":{\"@type\":\"ImageObject\",\"inLanguage\":\"es\",\"@id\":\"https:\/\/esenssi.com\/fabrica\/#\/schema\/logo\/image\/\",\"url\":\"https:\/\/esenssi.com\/fabrica\/wp-content\/uploads\/2021\/08\/Logotipo_Esenssi_Web.png\",\"contentUrl\":\"https:\/\/esenssi.com\/fabrica\/wp-content\/uploads\/2021\/08\/Logotipo_Esenssi_Web.png\",\"width\":295,\"height\":64,\"caption\":\"Mayoristas de perfumer\u00eda\"},\"image\":{\"@id\":\"https:\/\/esenssi.com\/fabrica\/#\/schema\/logo\/image\/\"}}]}<\/script>\n<!-- \/ Yoast SEO plugin. -->","yoast_head_json":{"title":"Aceite Corporal Nicho - Esenssi - Tienda Online","robots":{"index":"noindex","follow":"nofollow"},"og_locale":"es_ES","og_type":"article","og_title":"Aceite Corporal Nicho - Esenssi - Tienda Online","og_description":"Aceite corporal hidratante, perfumado con las fragancias exclusivas de los mejores perfumes de edici\u00f3n limitada. Enriquecido con aceite de almendras y cal\u00e9ndula. Aporta a tu piel elasticidad y nutrici\u00f3n al mismo tiempo que la perfumas durante horas.","og_url":"https:\/\/esenssi.com\/fabrica\/producto\/aceite-corporal-niss\/","og_site_name":"Esenssi - Tienda Online","article_modified_time":"2024-07-31T10:07:07+00:00","og_image":[{"width":1000,"height":1000,"url":"https:\/\/esenssi.com\/fabrica\/wp-content\/uploads\/2019\/11\/Aceite_Corporal_Nicho.jpg","type":"image\/jpeg"}],"twitter_card":"summary_large_image","schema":{"@context":"https:\/\/schema.org","@graph":[{"@type":"WebPage","@id":"https:\/\/esenssi.com\/fabrica\/producto\/aceite-corporal-niss\/","url":"https:\/\/esenssi.com\/fabrica\/producto\/aceite-corporal-niss\/","name":"Aceite Corporal Nicho - Esenssi - Tienda Online","isPartOf":{"@id":"https:\/\/esenssi.com\/fabrica\/#website"},"primaryImageOfPage":{"@id":"https:\/\/esenssi.com\/fabrica\/producto\/aceite-corporal-niss\/#primaryimage"},"image":{"@id":"https:\/\/esenssi.com\/fabrica\/producto\/aceite-corporal-niss\/#primaryimage"},"thumbnailUrl":"https:\/\/esenssi.com\/fabrica\/wp-content\/uploads\/2019\/11\/Aceite_Corporal_Nicho.jpg","datePublished":"2021-08-28T16:30:19+00:00","dateModified":"2024-07-31T10:07:07+00:00","breadcrumb":{"@id":"https:\/\/esenssi.com\/fabrica\/producto\/aceite-corporal-niss\/#breadcrumb"},"inLanguage":"es","potentialAction":[{"@type":"ReadAction","target":["https:\/\/esenssi.com\/fabrica\/producto\/aceite-corporal-niss\/"]}]},{"@type":"ImageObject","inLanguage":"es","@id":"https:\/\/esenssi.com\/fabrica\/producto\/aceite-corporal-niss\/#primaryimage","url":"https:\/\/esenssi.com\/fabrica\/wp-content\/uploads\/2019\/11\/Aceite_Corporal_Nicho.jpg","contentUrl":"https:\/\/esenssi.com\/fabrica\/wp-content\/uploads\/2019\/11\/Aceite_Corporal_Nicho.jpg","width":1000,"height":1000},{"@type":"BreadcrumbList","@id":"https:\/\/esenssi.com\/fabrica\/producto\/aceite-corporal-niss\/#breadcrumb","itemListElement":[{"@type":"ListItem","position":1,"name":"F\u00e1brica","item":"https:\/\/esenssi.com\/fabrica\/"},{"@type":"ListItem","position":2,"name":"Tienda","item":"https:\/\/esenssi.com\/fabrica\/tienda\/"},{"@type":"ListItem","position":3,"name":"Aceite Corporal Nicho"}]},{"@type":"WebSite","@id":"https:\/\/esenssi.com\/fabrica\/#website","url":"https:\/\/esenssi.com\/fabrica\/","name":"Esenssi - Tienda Online","description":"Fabricante de perfumes","publisher":{"@id":"https:\/\/esenssi.com\/fabrica\/#organization"},"alternateName":"Esenssi - Tienda Online","potentialAction":[{"@type":"SearchAction","target":{"@type":"EntryPoint","urlTemplate":"https:\/\/esenssi.com\/fabrica\/?s={search_term_string}"},"query-input":"required name=search_term_string"}],"inLanguage":"es"},{"@type":"Organization","@id":"https:\/\/esenssi.com\/fabrica\/#organization","name":"Mayoristas de perfumer\u00eda","url":"https:\/\/esenssi.com\/fabrica\/","logo":{"@type":"ImageObject","inLanguage":"es","@id":"https:\/\/esenssi.com\/fabrica\/#\/schema\/logo\/image\/","url":"https:\/\/esenssi.com\/fabrica\/wp-content\/uploads\/2021\/08\/Logotipo_Esenssi_Web.png","contentUrl":"https:\/\/esenssi.com\/fabrica\/wp-content\/uploads\/2021\/08\/Logotipo_Esenssi_Web.png","width":295,"height":64,"caption":"Mayoristas de perfumer\u00eda"},"image":{"@id":"https:\/\/esenssi.com\/fabrica\/#\/schema\/logo\/image\/"}}]}},"_links":{"self":[{"href":"https:\/\/esenssi.com\/fabrica\/wp-json\/wp\/v2\/product\/68691"}],"collection":[{"href":"https:\/\/esenssi.com\/fabrica\/wp-json\/wp\/v2\/product"}],"about":[{"href":"https:\/\/esenssi.com\/fabrica\/wp-json\/wp\/v2\/types\/product"}],"replies":[{"embeddable":true,"href":"https:\/\/esenssi.com\/fabrica\/wp-json\/wp\/v2\/comments?post=68691"}],"wp:featuredmedia":[{"embeddable":true,"href":"https:\/\/esenssi.com\/fabrica\/wp-json\/wp\/v2\/media\/65190"}],"wp:attachment":[{"href":"https:\/\/esenssi.com\/fabrica\/wp-json\/wp\/v2\/media?parent=68691"}],"wp:term":[{"taxonomy":"product_cat","embeddable":true,"href":"https:\/\/esenssi.com\/fabrica\/wp-json\/wp\/v2\/product_cat?post=68691"},{"taxonomy":"product_tag","embeddable":true,"href":"https:\/\/esenssi.com\/fabrica\/wp-json\/wp\/v2\/product_tag?post=68691"}],"curies":[{"name":"wp","href":"https:\/\/api.w.org\/{rel}","templated":true}]}}