{"id":69459,"date":"2021-08-29T22:01:31","date_gmt":"2021-08-29T22:01:31","guid":{"rendered":"https:\/\/esenssi.com\/fabrica\/tienda\/sin%20categor\u00eda\/ambientador-en-spray-top\/"},"modified":"2022-07-25T08:01:47","modified_gmt":"2022-07-25T06:01:47","slug":"ambientador-en-spray-top-parfum","status":"publish","type":"product","link":"https:\/\/esenssi.com\/fabrica\/producto\/ambientador-en-spray-top-parfum\/","title":{"rendered":"Ambispray Top Parfum"},"content":{"rendered":"<p>Pulveriza tus estancias con estos aromas de los mejores <a href=\"https:\/\/esenssi.com\/fabrica\/perfumes\/perfumes-de-equivalencia-mujer\/top-parfum-femeninas\/\">perfumes top ventas<\/a> a trav\u00e9s de la pistola dosificadora en r\u00e1pidas sucesiones. Un truco es pulverizar tapicer\u00edas, cortinas o stores, para que se impregnen sutilmente de su aroma y lo expandan a lo largo del d\u00eda.<\/p>\n<h3><strong>\u00bfENVASADO O A GRANEL?<\/strong><\/h3>\n<p>Puedes disponer de estos especiales ambientadores de los perfumes top ventas para pulverizar en el formato de venta a granel a trav\u00e9s de las <a href=\"https:\/\/esenssi.com\/producto\/frasca-cristal-con-grifo-1l\/\">frascas con grifo<\/a> y ofrecerlos al cliente en los pr\u00e1cticos y atractivos <a href=\"https:\/\/esenssi.com\/fabrica\/envases\/ambientacion\/\/\">envases<\/a> de la misma l\u00ednea o de cualquiera de los que te ofrecemos para ambientaci\u00f3n. Junto con sus\u00a0<a href=\"https:\/\/esenssi.com\/producto\/etiquetas-personalizidas-ambientacion\/\">etiquetas<\/a> especiales, <a href=\"https:\/\/esenssi.com\/producto\/perfumador-probador\/\">probadores<\/a>, <a href=\"https:\/\/esenssi.com\/fabrica\/producto\/tiras-olfativas\/\">tiras secantes<\/a> y todos los \u00fatiles de venta necesarios que podr\u00e1s encontrar en esta secci\u00f3n.<\/p>\n<p>O puedes pedirlos ya envasados en sus pr\u00e1cticos envases.<\/p>\n<p>Los aromas de los perfumes top ventas que componen esta l\u00ednea de ambientaci\u00f3n tambi\u00e9n est\u00e1n disponibles en <a href=\"https:\/\/esenssi.com\/producto\/brumas-de-ambiente-top-parfum\/\">brumas de ambiente<\/a> para tus <a href=\"https:\/\/esenssi.com\/etiqueta-producto\/brumizadores\/\">brumizadores\/difusores de aromas el\u00e9ctricos<\/a>.<\/p>\n<p>Aprov\u00e9chate de un precio especial de lanzamiento en los <a href=\"https:\/\/esenssi.com\/producto\/pack-apertura-parfum\/\">packs<\/a> de la\u00a0 l\u00ednea de <a href=\"https:\/\/esenssi.com\/fabrica\/ambientacion-granel\/spray\/\">ambientaci\u00f3n Top Parfum<\/a>.<\/p>\n","protected":false},"excerpt":{"rendered":"<p>Ambientador en spray. Una forma sencilla\u00a0 y r\u00e1pida de aromatizar todos tus espacios . Con alta concentraci\u00f3n de esencia pura de los mejores <a href=\"https:\/\/esenssi.com\/fabrica\/perfumes\/perfumes-de-equivalencia-mujer\/top-parfum-femeninas\/\">perfumes top ventas<\/a>. Perfuma tu hogar, coche, oficina, tienda.<\/p>\n","protected":false},"featured_media":64924,"comment_status":"open","ping_status":"closed","template":"","meta":{"content-type":"","_joinchat":[]},"product_cat":[1007,1220],"product_tag":[1240],"class_list":{"0":"post-69459","1":"product","2":"type-product","3":"status-publish","4":"has-post-thumbnail","6":"product_cat-ambientacion-granel","7":"product_cat-spray","8":"product_tag-mas-vendidos","10":"first","11":"instock","12":"taxable","13":"shipping-taxable","14":"product-type-variable"},"yoast_head":"<!-- This site is optimized with the Yoast SEO plugin v23.3 - https:\/\/yoast.com\/wordpress\/plugins\/seo\/ -->\n<title>Ambispray Top Parfum - Esenssi - Tienda Online<\/title>\n<meta name=\"robots\" content=\"noindex, nofollow\" \/>\n<meta property=\"og:locale\" content=\"es_ES\" \/>\n<meta property=\"og:type\" content=\"article\" \/>\n<meta property=\"og:title\" content=\"Ambispray Top Parfum - Esenssi - Tienda Online\" \/>\n<meta property=\"og:description\" content=\"Ambientador en spray. Una forma sencilla\u00a0 y r\u00e1pida de aromatizar todos tus espacios . Con alta concentraci\u00f3n de esencia pura de los mejores perfumes top ventas. Perfuma tu hogar, coche, oficina, tienda.\" \/>\n<meta property=\"og:url\" content=\"https:\/\/esenssi.com\/fabrica\/producto\/ambientador-en-spray-top-parfum\/\" \/>\n<meta property=\"og:site_name\" content=\"Esenssi - Tienda Online\" \/>\n<meta property=\"article:modified_time\" content=\"2022-07-25T06:01:47+00:00\" \/>\n<meta property=\"og:image\" content=\"https:\/\/esenssi.com\/fabrica\/wp-content\/uploads\/2018\/07\/ambispray.png\" \/>\n\t<meta property=\"og:image:width\" content=\"450\" \/>\n\t<meta property=\"og:image:height\" content=\"450\" \/>\n\t<meta property=\"og:image:type\" content=\"image\/png\" \/>\n<meta name=\"twitter:card\" content=\"summary_large_image\" \/>\n<script type=\"application\/ld+json\" class=\"yoast-schema-graph\">{\"@context\":\"https:\/\/schema.org\",\"@graph\":[{\"@type\":\"WebPage\",\"@id\":\"https:\/\/esenssi.com\/fabrica\/producto\/ambientador-en-spray-top-parfum\/\",\"url\":\"https:\/\/esenssi.com\/fabrica\/producto\/ambientador-en-spray-top-parfum\/\",\"name\":\"Ambispray Top Parfum - Esenssi - Tienda Online\",\"isPartOf\":{\"@id\":\"https:\/\/esenssi.com\/fabrica\/#website\"},\"primaryImageOfPage\":{\"@id\":\"https:\/\/esenssi.com\/fabrica\/producto\/ambientador-en-spray-top-parfum\/#primaryimage\"},\"image\":{\"@id\":\"https:\/\/esenssi.com\/fabrica\/producto\/ambientador-en-spray-top-parfum\/#primaryimage\"},\"thumbnailUrl\":\"https:\/\/esenssi.com\/fabrica\/wp-content\/uploads\/2018\/07\/ambispray.png\",\"datePublished\":\"2021-08-29T22:01:31+00:00\",\"dateModified\":\"2022-07-25T06:01:47+00:00\",\"breadcrumb\":{\"@id\":\"https:\/\/esenssi.com\/fabrica\/producto\/ambientador-en-spray-top-parfum\/#breadcrumb\"},\"inLanguage\":\"es\",\"potentialAction\":[{\"@type\":\"ReadAction\",\"target\":[\"https:\/\/esenssi.com\/fabrica\/producto\/ambientador-en-spray-top-parfum\/\"]}]},{\"@type\":\"ImageObject\",\"inLanguage\":\"es\",\"@id\":\"https:\/\/esenssi.com\/fabrica\/producto\/ambientador-en-spray-top-parfum\/#primaryimage\",\"url\":\"https:\/\/esenssi.com\/fabrica\/wp-content\/uploads\/2018\/07\/ambispray.png\",\"contentUrl\":\"https:\/\/esenssi.com\/fabrica\/wp-content\/uploads\/2018\/07\/ambispray.png\",\"width\":450,\"height\":450},{\"@type\":\"BreadcrumbList\",\"@id\":\"https:\/\/esenssi.com\/fabrica\/producto\/ambientador-en-spray-top-parfum\/#breadcrumb\",\"itemListElement\":[{\"@type\":\"ListItem\",\"position\":1,\"name\":\"F\u00e1brica\",\"item\":\"https:\/\/esenssi.com\/fabrica\/\"},{\"@type\":\"ListItem\",\"position\":2,\"name\":\"Tienda\",\"item\":\"https:\/\/esenssi.com\/fabrica\/tienda\/\"},{\"@type\":\"ListItem\",\"position\":3,\"name\":\"Ambispray Top Parfum\"}]},{\"@type\":\"WebSite\",\"@id\":\"https:\/\/esenssi.com\/fabrica\/#website\",\"url\":\"https:\/\/esenssi.com\/fabrica\/\",\"name\":\"Esenssi - Tienda Online\",\"description\":\"Fabricante de perfumes\",\"publisher\":{\"@id\":\"https:\/\/esenssi.com\/fabrica\/#organization\"},\"alternateName\":\"Esenssi - Tienda Online\",\"potentialAction\":[{\"@type\":\"SearchAction\",\"target\":{\"@type\":\"EntryPoint\",\"urlTemplate\":\"https:\/\/esenssi.com\/fabrica\/?s={search_term_string}\"},\"query-input\":\"required name=search_term_string\"}],\"inLanguage\":\"es\"},{\"@type\":\"Organization\",\"@id\":\"https:\/\/esenssi.com\/fabrica\/#organization\",\"name\":\"Mayoristas de perfumer\u00eda\",\"url\":\"https:\/\/esenssi.com\/fabrica\/\",\"logo\":{\"@type\":\"ImageObject\",\"inLanguage\":\"es\",\"@id\":\"https:\/\/esenssi.com\/fabrica\/#\/schema\/logo\/image\/\",\"url\":\"https:\/\/esenssi.com\/fabrica\/wp-content\/uploads\/2021\/08\/Logotipo_Esenssi_Web.png\",\"contentUrl\":\"https:\/\/esenssi.com\/fabrica\/wp-content\/uploads\/2021\/08\/Logotipo_Esenssi_Web.png\",\"width\":295,\"height\":64,\"caption\":\"Mayoristas de perfumer\u00eda\"},\"image\":{\"@id\":\"https:\/\/esenssi.com\/fabrica\/#\/schema\/logo\/image\/\"}}]}<\/script>\n<!-- \/ Yoast SEO plugin. -->","yoast_head_json":{"title":"Ambispray Top Parfum - Esenssi - Tienda Online","robots":{"index":"noindex","follow":"nofollow"},"og_locale":"es_ES","og_type":"article","og_title":"Ambispray Top Parfum - Esenssi - Tienda Online","og_description":"Ambientador en spray. Una forma sencilla\u00a0 y r\u00e1pida de aromatizar todos tus espacios . Con alta concentraci\u00f3n de esencia pura de los mejores perfumes top ventas. Perfuma tu hogar, coche, oficina, tienda.","og_url":"https:\/\/esenssi.com\/fabrica\/producto\/ambientador-en-spray-top-parfum\/","og_site_name":"Esenssi - Tienda Online","article_modified_time":"2022-07-25T06:01:47+00:00","og_image":[{"width":450,"height":450,"url":"https:\/\/esenssi.com\/fabrica\/wp-content\/uploads\/2018\/07\/ambispray.png","type":"image\/png"}],"twitter_card":"summary_large_image","schema":{"@context":"https:\/\/schema.org","@graph":[{"@type":"WebPage","@id":"https:\/\/esenssi.com\/fabrica\/producto\/ambientador-en-spray-top-parfum\/","url":"https:\/\/esenssi.com\/fabrica\/producto\/ambientador-en-spray-top-parfum\/","name":"Ambispray Top Parfum - Esenssi - Tienda Online","isPartOf":{"@id":"https:\/\/esenssi.com\/fabrica\/#website"},"primaryImageOfPage":{"@id":"https:\/\/esenssi.com\/fabrica\/producto\/ambientador-en-spray-top-parfum\/#primaryimage"},"image":{"@id":"https:\/\/esenssi.com\/fabrica\/producto\/ambientador-en-spray-top-parfum\/#primaryimage"},"thumbnailUrl":"https:\/\/esenssi.com\/fabrica\/wp-content\/uploads\/2018\/07\/ambispray.png","datePublished":"2021-08-29T22:01:31+00:00","dateModified":"2022-07-25T06:01:47+00:00","breadcrumb":{"@id":"https:\/\/esenssi.com\/fabrica\/producto\/ambientador-en-spray-top-parfum\/#breadcrumb"},"inLanguage":"es","potentialAction":[{"@type":"ReadAction","target":["https:\/\/esenssi.com\/fabrica\/producto\/ambientador-en-spray-top-parfum\/"]}]},{"@type":"ImageObject","inLanguage":"es","@id":"https:\/\/esenssi.com\/fabrica\/producto\/ambientador-en-spray-top-parfum\/#primaryimage","url":"https:\/\/esenssi.com\/fabrica\/wp-content\/uploads\/2018\/07\/ambispray.png","contentUrl":"https:\/\/esenssi.com\/fabrica\/wp-content\/uploads\/2018\/07\/ambispray.png","width":450,"height":450},{"@type":"BreadcrumbList","@id":"https:\/\/esenssi.com\/fabrica\/producto\/ambientador-en-spray-top-parfum\/#breadcrumb","itemListElement":[{"@type":"ListItem","position":1,"name":"F\u00e1brica","item":"https:\/\/esenssi.com\/fabrica\/"},{"@type":"ListItem","position":2,"name":"Tienda","item":"https:\/\/esenssi.com\/fabrica\/tienda\/"},{"@type":"ListItem","position":3,"name":"Ambispray Top Parfum"}]},{"@type":"WebSite","@id":"https:\/\/esenssi.com\/fabrica\/#website","url":"https:\/\/esenssi.com\/fabrica\/","name":"Esenssi - Tienda Online","description":"Fabricante de perfumes","publisher":{"@id":"https:\/\/esenssi.com\/fabrica\/#organization"},"alternateName":"Esenssi - Tienda Online","potentialAction":[{"@type":"SearchAction","target":{"@type":"EntryPoint","urlTemplate":"https:\/\/esenssi.com\/fabrica\/?s={search_term_string}"},"query-input":"required name=search_term_string"}],"inLanguage":"es"},{"@type":"Organization","@id":"https:\/\/esenssi.com\/fabrica\/#organization","name":"Mayoristas de perfumer\u00eda","url":"https:\/\/esenssi.com\/fabrica\/","logo":{"@type":"ImageObject","inLanguage":"es","@id":"https:\/\/esenssi.com\/fabrica\/#\/schema\/logo\/image\/","url":"https:\/\/esenssi.com\/fabrica\/wp-content\/uploads\/2021\/08\/Logotipo_Esenssi_Web.png","contentUrl":"https:\/\/esenssi.com\/fabrica\/wp-content\/uploads\/2021\/08\/Logotipo_Esenssi_Web.png","width":295,"height":64,"caption":"Mayoristas de perfumer\u00eda"},"image":{"@id":"https:\/\/esenssi.com\/fabrica\/#\/schema\/logo\/image\/"}}]}},"_links":{"self":[{"href":"https:\/\/esenssi.com\/fabrica\/wp-json\/wp\/v2\/product\/69459"}],"collection":[{"href":"https:\/\/esenssi.com\/fabrica\/wp-json\/wp\/v2\/product"}],"about":[{"href":"https:\/\/esenssi.com\/fabrica\/wp-json\/wp\/v2\/types\/product"}],"replies":[{"embeddable":true,"href":"https:\/\/esenssi.com\/fabrica\/wp-json\/wp\/v2\/comments?post=69459"}],"wp:featuredmedia":[{"embeddable":true,"href":"https:\/\/esenssi.com\/fabrica\/wp-json\/wp\/v2\/media\/64924"}],"wp:attachment":[{"href":"https:\/\/esenssi.com\/fabrica\/wp-json\/wp\/v2\/media?parent=69459"}],"wp:term":[{"taxonomy":"product_cat","embeddable":true,"href":"https:\/\/esenssi.com\/fabrica\/wp-json\/wp\/v2\/product_cat?post=69459"},{"taxonomy":"product_tag","embeddable":true,"href":"https:\/\/esenssi.com\/fabrica\/wp-json\/wp\/v2\/product_tag?post=69459"}],"curies":[{"name":"wp","href":"https:\/\/api.w.org\/{rel}","templated":true}]}}