{"id":69467,"date":"2021-08-29T22:01:31","date_gmt":"2021-08-29T22:01:31","guid":{"rendered":"https:\/\/esenssi.com\/fabrica\/tienda\/sin%20categor\u00eda\/ambientador-en-spray-niss\/"},"modified":"2024-06-21T13:28:19","modified_gmt":"2024-06-21T11:28:19","slug":"ambientador-en-spray-niss","status":"publish","type":"product","link":"https:\/\/esenssi.com\/fabrica\/producto\/ambientador-en-spray-niss\/","title":{"rendered":"Ambispray Niss"},"content":{"rendered":"<p>Pulveriza tus estancias con estos aromas a trav\u00e9s de la pistola dosificadora en r\u00e1pidas sucesiones. Un truco es pulverizar tapicer\u00edas, cortinas o stores, para que se impregnen sutilmente de su aroma y lo expandan a lo largo del d\u00eda. Formato de ambientaci\u00f3n ideal tambi\u00e9n para el <a href=\"https:\/\/esenssi.com\/producto\/frasco-ambicar-8-ml-pack-25-unidades\/\">coche<\/a>.<\/p>\n<h3><strong>\u00bfENVASADO O A GRANEL?<\/strong><\/h3>\n<p>Puedes disponer de estos especiales <a href=\"https:\/\/esenssi.com\/fabrica\/producto\/pack-apertura-niss\/\">ambientadores<\/a> para pulverizar en el formato de venta a granel a trav\u00e9s de las <a href=\"https:\/\/esenssi.com\/producto\/frasca-cristal-con-grifo-1l\/\">frascas con grifo<\/a> y ofrecerlos al cliente en los pr\u00e1cticos y atractivos <a href=\"https:\/\/esenssi.com\/fabrica\/envases\/ambientacion\/\/\">envases<\/a> de la misma l\u00ednea o de cualquiera de los que te ofrecemos para ambientaci\u00f3n. Junto con sus etiquetas, <a href=\"https:\/\/esenssi.com\/producto\/perfumador-probador\/\">probadores<\/a>, <a href=\"https:\/\/esenssi.com\/producto\/tiras-secantes-1000-unidades\/\">tiras secantes<\/a> y todos los \u00fatiles de venta necesarios que podr\u00e1s encontrar en esta secci\u00f3n.<\/p>\n<p>O puedes pedirlos ya <a href=\"https:\/\/esenssi.com\/fabrica\/producto\/pack-apertura-niss\/\">envasados<\/a> en sus cuatro ex\u00f3ticos e intensos aromas.<\/p>\n<h3><strong>AROMAS NISS<\/strong><\/h3>\n<p>Los aromas que componen esta l\u00ednea de ambientaci\u00f3n de edici\u00f3n limitada tambi\u00e9n est\u00e1n disponibles en <a href=\"https:\/\/esenssi.com\/producto\/ambientacion-mikado-niss\/\">ambientador mikado<\/a> y <a href=\"https:\/\/esenssi.com\/producto\/bruma-de-ambiente-niss\/\">brumas de ambiente<\/a> para tus <a href=\"https:\/\/esenssi.com\/etiqueta-producto\/brumizadores\/\">brumizadores\/difusores de aromas<\/a> el\u00e9ctricos.<\/p>\n<p>Aprov\u00e9chate de un precio especial de lanzamiento en los\u00a0<a href=\"https:\/\/esenssi.com\/producto\/pack-apertura-niss\/\">packs<\/a>\u00a0de la l\u00ednea de\u00a0<a href=\"https:\/\/esenssi.com\/fabrica\/producto\/pack-apertura-niss\/\">ambientaci\u00f3n Niss<\/a>.<\/p>\n","protected":false},"excerpt":{"rendered":"<p>Ambientador en spray. Una forma sencilla\u00a0 y r\u00e1pida de aromatizar todos tus espacios. Con alta concentraci\u00f3n de esencia en una gama de aromas ex\u00f3ticos de edici\u00f3n limitada, maderas, flores, almizcles, que crearan un especial y lujoso ambiente a tu alrededor.<\/p>\n","protected":false},"featured_media":64923,"comment_status":"open","ping_status":"closed","template":"","meta":{"content-type":"","_joinchat":[]},"product_cat":[1007,1220],"product_tag":[1287],"class_list":{"0":"post-69467","1":"product","2":"type-product","3":"status-publish","4":"has-post-thumbnail","6":"product_cat-ambientacion-granel","7":"product_cat-spray","8":"product_tag-linea-niss","10":"first","11":"instock","12":"taxable","13":"shipping-taxable","14":"product-type-variable"},"yoast_head":"<!-- This site is optimized with the Yoast SEO plugin v23.3 - https:\/\/yoast.com\/wordpress\/plugins\/seo\/ -->\n<title>Ambispray Niss - Esenssi - Tienda Online<\/title>\n<meta name=\"description\" content=\"Descubre Ambispray Niss en Esenssi: ambientador en spray con aromas frescos y duraderos. Ideal para perfumar cualquier espacio de forma instant\u00e1nea.\" \/>\n<meta name=\"robots\" content=\"index, follow, max-snippet:-1, max-image-preview:large, max-video-preview:-1\" \/>\n<link rel=\"canonical\" href=\"https:\/\/esenssi.com\/fabrica\/producto\/ambientador-en-spray-niss\/\" \/>\n<meta property=\"og:locale\" content=\"es_ES\" \/>\n<meta property=\"og:type\" content=\"article\" \/>\n<meta property=\"og:title\" content=\"Ambispray Niss - Esenssi - Tienda Online\" \/>\n<meta property=\"og:description\" content=\"Descubre Ambispray Niss en Esenssi: ambientador en spray con aromas frescos y duraderos. Ideal para perfumar cualquier espacio de forma instant\u00e1nea.\" \/>\n<meta property=\"og:url\" content=\"https:\/\/esenssi.com\/fabrica\/producto\/ambientador-en-spray-niss\/\" \/>\n<meta property=\"og:site_name\" content=\"Esenssi - Tienda Online\" \/>\n<meta property=\"article:modified_time\" content=\"2024-06-21T11:28:19+00:00\" \/>\n<meta property=\"og:image\" content=\"https:\/\/esenssi.com\/fabrica\/wp-content\/uploads\/2018\/07\/ambispray-nicho.png\" \/>\n\t<meta property=\"og:image:width\" content=\"450\" \/>\n\t<meta property=\"og:image:height\" content=\"450\" \/>\n\t<meta property=\"og:image:type\" content=\"image\/png\" \/>\n<meta name=\"twitter:card\" content=\"summary_large_image\" \/>\n<script type=\"application\/ld+json\" class=\"yoast-schema-graph\">{\"@context\":\"https:\/\/schema.org\",\"@graph\":[{\"@type\":\"WebPage\",\"@id\":\"https:\/\/esenssi.com\/fabrica\/producto\/ambientador-en-spray-niss\/\",\"url\":\"https:\/\/esenssi.com\/fabrica\/producto\/ambientador-en-spray-niss\/\",\"name\":\"Ambispray Niss - Esenssi - Tienda Online\",\"isPartOf\":{\"@id\":\"https:\/\/esenssi.com\/fabrica\/#website\"},\"primaryImageOfPage\":{\"@id\":\"https:\/\/esenssi.com\/fabrica\/producto\/ambientador-en-spray-niss\/#primaryimage\"},\"image\":{\"@id\":\"https:\/\/esenssi.com\/fabrica\/producto\/ambientador-en-spray-niss\/#primaryimage\"},\"thumbnailUrl\":\"https:\/\/esenssi.com\/fabrica\/wp-content\/uploads\/2018\/07\/ambispray-nicho.png\",\"datePublished\":\"2021-08-29T22:01:31+00:00\",\"dateModified\":\"2024-06-21T11:28:19+00:00\",\"description\":\"Descubre Ambispray Niss en Esenssi: ambientador en spray con aromas frescos y duraderos. Ideal para perfumar cualquier espacio de forma instant\u00e1nea.\",\"breadcrumb\":{\"@id\":\"https:\/\/esenssi.com\/fabrica\/producto\/ambientador-en-spray-niss\/#breadcrumb\"},\"inLanguage\":\"es\",\"potentialAction\":[{\"@type\":\"ReadAction\",\"target\":[\"https:\/\/esenssi.com\/fabrica\/producto\/ambientador-en-spray-niss\/\"]}]},{\"@type\":\"ImageObject\",\"inLanguage\":\"es\",\"@id\":\"https:\/\/esenssi.com\/fabrica\/producto\/ambientador-en-spray-niss\/#primaryimage\",\"url\":\"https:\/\/esenssi.com\/fabrica\/wp-content\/uploads\/2018\/07\/ambispray-nicho.png\",\"contentUrl\":\"https:\/\/esenssi.com\/fabrica\/wp-content\/uploads\/2018\/07\/ambispray-nicho.png\",\"width\":450,\"height\":450},{\"@type\":\"BreadcrumbList\",\"@id\":\"https:\/\/esenssi.com\/fabrica\/producto\/ambientador-en-spray-niss\/#breadcrumb\",\"itemListElement\":[{\"@type\":\"ListItem\",\"position\":1,\"name\":\"F\u00e1brica\",\"item\":\"https:\/\/esenssi.com\/fabrica\/\"},{\"@type\":\"ListItem\",\"position\":2,\"name\":\"Tienda\",\"item\":\"https:\/\/esenssi.com\/fabrica\/tienda\/\"},{\"@type\":\"ListItem\",\"position\":3,\"name\":\"Ambispray Niss\"}]},{\"@type\":\"WebSite\",\"@id\":\"https:\/\/esenssi.com\/fabrica\/#website\",\"url\":\"https:\/\/esenssi.com\/fabrica\/\",\"name\":\"Esenssi - Tienda Online\",\"description\":\"Fabricante de perfumes\",\"publisher\":{\"@id\":\"https:\/\/esenssi.com\/fabrica\/#organization\"},\"alternateName\":\"Esenssi - Tienda Online\",\"potentialAction\":[{\"@type\":\"SearchAction\",\"target\":{\"@type\":\"EntryPoint\",\"urlTemplate\":\"https:\/\/esenssi.com\/fabrica\/?s={search_term_string}\"},\"query-input\":\"required name=search_term_string\"}],\"inLanguage\":\"es\"},{\"@type\":\"Organization\",\"@id\":\"https:\/\/esenssi.com\/fabrica\/#organization\",\"name\":\"Mayoristas de perfumer\u00eda\",\"url\":\"https:\/\/esenssi.com\/fabrica\/\",\"logo\":{\"@type\":\"ImageObject\",\"inLanguage\":\"es\",\"@id\":\"https:\/\/esenssi.com\/fabrica\/#\/schema\/logo\/image\/\",\"url\":\"https:\/\/esenssi.com\/fabrica\/wp-content\/uploads\/2021\/08\/Logotipo_Esenssi_Web.png\",\"contentUrl\":\"https:\/\/esenssi.com\/fabrica\/wp-content\/uploads\/2021\/08\/Logotipo_Esenssi_Web.png\",\"width\":295,\"height\":64,\"caption\":\"Mayoristas de perfumer\u00eda\"},\"image\":{\"@id\":\"https:\/\/esenssi.com\/fabrica\/#\/schema\/logo\/image\/\"}}]}<\/script>\n<!-- \/ Yoast SEO plugin. -->","yoast_head_json":{"title":"Ambispray Niss - Esenssi - Tienda Online","description":"Descubre Ambispray Niss en Esenssi: ambientador en spray con aromas frescos y duraderos. Ideal para perfumar cualquier espacio de forma instant\u00e1nea.","robots":{"index":"index","follow":"follow","max-snippet":"max-snippet:-1","max-image-preview":"max-image-preview:large","max-video-preview":"max-video-preview:-1"},"canonical":"https:\/\/esenssi.com\/fabrica\/producto\/ambientador-en-spray-niss\/","og_locale":"es_ES","og_type":"article","og_title":"Ambispray Niss - Esenssi - Tienda Online","og_description":"Descubre Ambispray Niss en Esenssi: ambientador en spray con aromas frescos y duraderos. Ideal para perfumar cualquier espacio de forma instant\u00e1nea.","og_url":"https:\/\/esenssi.com\/fabrica\/producto\/ambientador-en-spray-niss\/","og_site_name":"Esenssi - Tienda Online","article_modified_time":"2024-06-21T11:28:19+00:00","og_image":[{"width":450,"height":450,"url":"https:\/\/esenssi.com\/fabrica\/wp-content\/uploads\/2018\/07\/ambispray-nicho.png","type":"image\/png"}],"twitter_card":"summary_large_image","schema":{"@context":"https:\/\/schema.org","@graph":[{"@type":"WebPage","@id":"https:\/\/esenssi.com\/fabrica\/producto\/ambientador-en-spray-niss\/","url":"https:\/\/esenssi.com\/fabrica\/producto\/ambientador-en-spray-niss\/","name":"Ambispray Niss - Esenssi - Tienda Online","isPartOf":{"@id":"https:\/\/esenssi.com\/fabrica\/#website"},"primaryImageOfPage":{"@id":"https:\/\/esenssi.com\/fabrica\/producto\/ambientador-en-spray-niss\/#primaryimage"},"image":{"@id":"https:\/\/esenssi.com\/fabrica\/producto\/ambientador-en-spray-niss\/#primaryimage"},"thumbnailUrl":"https:\/\/esenssi.com\/fabrica\/wp-content\/uploads\/2018\/07\/ambispray-nicho.png","datePublished":"2021-08-29T22:01:31+00:00","dateModified":"2024-06-21T11:28:19+00:00","description":"Descubre Ambispray Niss en Esenssi: ambientador en spray con aromas frescos y duraderos. Ideal para perfumar cualquier espacio de forma instant\u00e1nea.","breadcrumb":{"@id":"https:\/\/esenssi.com\/fabrica\/producto\/ambientador-en-spray-niss\/#breadcrumb"},"inLanguage":"es","potentialAction":[{"@type":"ReadAction","target":["https:\/\/esenssi.com\/fabrica\/producto\/ambientador-en-spray-niss\/"]}]},{"@type":"ImageObject","inLanguage":"es","@id":"https:\/\/esenssi.com\/fabrica\/producto\/ambientador-en-spray-niss\/#primaryimage","url":"https:\/\/esenssi.com\/fabrica\/wp-content\/uploads\/2018\/07\/ambispray-nicho.png","contentUrl":"https:\/\/esenssi.com\/fabrica\/wp-content\/uploads\/2018\/07\/ambispray-nicho.png","width":450,"height":450},{"@type":"BreadcrumbList","@id":"https:\/\/esenssi.com\/fabrica\/producto\/ambientador-en-spray-niss\/#breadcrumb","itemListElement":[{"@type":"ListItem","position":1,"name":"F\u00e1brica","item":"https:\/\/esenssi.com\/fabrica\/"},{"@type":"ListItem","position":2,"name":"Tienda","item":"https:\/\/esenssi.com\/fabrica\/tienda\/"},{"@type":"ListItem","position":3,"name":"Ambispray Niss"}]},{"@type":"WebSite","@id":"https:\/\/esenssi.com\/fabrica\/#website","url":"https:\/\/esenssi.com\/fabrica\/","name":"Esenssi - Tienda Online","description":"Fabricante de perfumes","publisher":{"@id":"https:\/\/esenssi.com\/fabrica\/#organization"},"alternateName":"Esenssi - Tienda Online","potentialAction":[{"@type":"SearchAction","target":{"@type":"EntryPoint","urlTemplate":"https:\/\/esenssi.com\/fabrica\/?s={search_term_string}"},"query-input":"required name=search_term_string"}],"inLanguage":"es"},{"@type":"Organization","@id":"https:\/\/esenssi.com\/fabrica\/#organization","name":"Mayoristas de perfumer\u00eda","url":"https:\/\/esenssi.com\/fabrica\/","logo":{"@type":"ImageObject","inLanguage":"es","@id":"https:\/\/esenssi.com\/fabrica\/#\/schema\/logo\/image\/","url":"https:\/\/esenssi.com\/fabrica\/wp-content\/uploads\/2021\/08\/Logotipo_Esenssi_Web.png","contentUrl":"https:\/\/esenssi.com\/fabrica\/wp-content\/uploads\/2021\/08\/Logotipo_Esenssi_Web.png","width":295,"height":64,"caption":"Mayoristas de perfumer\u00eda"},"image":{"@id":"https:\/\/esenssi.com\/fabrica\/#\/schema\/logo\/image\/"}}]}},"_links":{"self":[{"href":"https:\/\/esenssi.com\/fabrica\/wp-json\/wp\/v2\/product\/69467"}],"collection":[{"href":"https:\/\/esenssi.com\/fabrica\/wp-json\/wp\/v2\/product"}],"about":[{"href":"https:\/\/esenssi.com\/fabrica\/wp-json\/wp\/v2\/types\/product"}],"replies":[{"embeddable":true,"href":"https:\/\/esenssi.com\/fabrica\/wp-json\/wp\/v2\/comments?post=69467"}],"wp:featuredmedia":[{"embeddable":true,"href":"https:\/\/esenssi.com\/fabrica\/wp-json\/wp\/v2\/media\/64923"}],"wp:attachment":[{"href":"https:\/\/esenssi.com\/fabrica\/wp-json\/wp\/v2\/media?parent=69467"}],"wp:term":[{"taxonomy":"product_cat","embeddable":true,"href":"https:\/\/esenssi.com\/fabrica\/wp-json\/wp\/v2\/product_cat?post=69467"},{"taxonomy":"product_tag","embeddable":true,"href":"https:\/\/esenssi.com\/fabrica\/wp-json\/wp\/v2\/product_tag?post=69467"}],"curies":[{"name":"wp","href":"https:\/\/api.w.org\/{rel}","templated":true}]}}