{"id":69529,"date":"2021-08-29T22:33:47","date_gmt":"2021-08-29T22:33:47","guid":{"rendered":"https:\/\/esenssi.com\/fabrica\/tienda\/sin%20categor\u00eda\/bruma-top-parfum\/"},"modified":"2024-06-21T13:29:21","modified_gmt":"2024-06-21T11:29:21","slug":"bruma-top-parfum","status":"publish","type":"product","link":"https:\/\/esenssi.com\/fabrica\/producto\/bruma-top-parfum\/","title":{"rendered":"Brumas de Ambiente Top Parfum"},"content":{"rendered":"<p>Uno de los sistemas m\u00e1s r\u00e1pidos, constantes\u00a0 e intensos de aromatizar un ambiente es el <a href=\"https:\/\/esenssi.com\/etiqueta-producto\/brumizadores\/\">brumizador<\/a> o nebulizador. Son aparatos el\u00e9ctricos que expanden las brumas o esencias concentradas de ambientaci\u00f3n en el aire.<\/p>\n<p>La l\u00ednea Top Parfum \u00a0pone a tu disposici\u00f3n los mejores <a href=\"https:\/\/esenssi.com\/fabrica\/perfumes\/perfumes-de-equivalencia-mujer\/top-parfum-femeninas\/\">perfumes top ventas<\/a>\u00a0 en su forma pura para que los uses en tus brumizadores.<\/p>\n<p>Pueden utilizarse tambi\u00e9n como Concentrado de Perfume para revitalizar popurr\u00eds, para perfumar cer\u00e1micas, y en una gran variedad de aplicaciones.<\/p>\n<h3><strong>\u00bfENVASADO O A GRANEL?<\/strong><\/h3>\n<p>Puedes disponer de estos concentrados puros de ambientaci\u00f3n de los mejores perfumes Top ventas en formato de 250 ml para que puedas ofrecer a tus clientes diferentes <a href=\"https:\/\/esenssi.com\/fabrica\/envases\/ambientacion\/\/\">envases<\/a>, cantidades y precios. Goteros de 20 ml como los que te ofrece esta l\u00ednea, o frasquitos de 7 ml con sus pipetas aplicadoras, m\u00e1s econ\u00f3micos.<\/p>\n<p>Los aromas que componen esta l\u00ednea de ambientaci\u00f3n Top Parfum tambi\u00e9n est\u00e1n disponibles en<a href=\"https:\/\/esenssi.com\/producto\/ambispray-top-parfum\/\"> ambientador en spray<\/a>.<\/p>\n<p>Aprov\u00e9chate de un precio especial de lanzamiento en los <a href=\"https:\/\/esenssi.com\/producto\/pack-apertura-parfum\/\">packs<\/a> de la\u00a0 l\u00ednea de <a href=\"https:\/\/esenssi.com\/fabrica\/ambientacion-granel\/spray\/\">ambientaci\u00f3n Top Parfum<\/a>.<\/p>\n","protected":false},"excerpt":{"rendered":"<p>Esencias concentradas de ambientaci\u00f3n especiales para <a href=\"https:\/\/esenssi.com\/etiqueta-producto\/brumizadores\/\">brumizador<\/a>. Aromas de los mejores perfumes top ventas en microgotas de puro placer olfativo que se difundir\u00e1n a trav\u00e9s del sistema de micronizaci\u00f3n en fr\u00edo de difusores el\u00e9ctricos o brumizadores. Solo 7-10\u00a0 gotas bastar\u00e1n para aromatizar durante horas tus espacios.<\/p>\n","protected":false},"featured_media":65170,"comment_status":"open","ping_status":"closed","template":"","meta":{"content-type":"","_joinchat":[]},"product_cat":[1007,1223],"product_tag":[1106,1294],"class_list":{"0":"post-69529","1":"product","2":"type-product","3":"status-publish","4":"has-post-thumbnail","6":"product_cat-ambientacion-granel","7":"product_cat-brumas","8":"product_tag-brumas-de-ambiente","9":"product_tag-linea-top-parfum","11":"first","12":"instock","13":"taxable","14":"shipping-taxable","15":"product-type-variable"},"yoast_head":"<!-- This site is optimized with the Yoast SEO plugin v23.3 - https:\/\/yoast.com\/wordpress\/plugins\/seo\/ -->\n<title>Brumas de Ambiente Top Parfum - Esenssi - Tienda Online<\/title>\n<meta name=\"description\" content=\"Descubre las Brumas de Ambiente Top Parfum en Esenssi: aromas sofisticados y duraderos para perfumar cualquier espacio. \u00a1Transforma tu ambiente!\" \/>\n<meta name=\"robots\" content=\"index, follow, max-snippet:-1, max-image-preview:large, max-video-preview:-1\" \/>\n<link rel=\"canonical\" href=\"https:\/\/esenssi.com\/fabrica\/producto\/bruma-top-parfum\/\" \/>\n<meta property=\"og:locale\" content=\"es_ES\" \/>\n<meta property=\"og:type\" content=\"article\" \/>\n<meta property=\"og:title\" content=\"Brumas de Ambiente Top Parfum - Esenssi - Tienda Online\" \/>\n<meta property=\"og:description\" content=\"Descubre las Brumas de Ambiente Top Parfum en Esenssi: aromas sofisticados y duraderos para perfumar cualquier espacio. \u00a1Transforma tu ambiente!\" \/>\n<meta property=\"og:url\" content=\"https:\/\/esenssi.com\/fabrica\/producto\/bruma-top-parfum\/\" \/>\n<meta property=\"og:site_name\" content=\"Esenssi - Tienda Online\" \/>\n<meta property=\"article:modified_time\" content=\"2024-06-21T11:29:21+00:00\" \/>\n<meta property=\"og:image\" content=\"https:\/\/esenssi.com\/fabrica\/wp-content\/uploads\/2018\/07\/Bruma_Ambiente_TopParfum.jpg\" \/>\n\t<meta property=\"og:image:width\" content=\"550\" \/>\n\t<meta property=\"og:image:height\" content=\"550\" \/>\n\t<meta property=\"og:image:type\" content=\"image\/jpeg\" \/>\n<meta name=\"twitter:card\" content=\"summary_large_image\" \/>\n<script type=\"application\/ld+json\" class=\"yoast-schema-graph\">{\"@context\":\"https:\/\/schema.org\",\"@graph\":[{\"@type\":\"WebPage\",\"@id\":\"https:\/\/esenssi.com\/fabrica\/producto\/bruma-top-parfum\/\",\"url\":\"https:\/\/esenssi.com\/fabrica\/producto\/bruma-top-parfum\/\",\"name\":\"Brumas de Ambiente Top Parfum - Esenssi - Tienda Online\",\"isPartOf\":{\"@id\":\"https:\/\/esenssi.com\/fabrica\/#website\"},\"primaryImageOfPage\":{\"@id\":\"https:\/\/esenssi.com\/fabrica\/producto\/bruma-top-parfum\/#primaryimage\"},\"image\":{\"@id\":\"https:\/\/esenssi.com\/fabrica\/producto\/bruma-top-parfum\/#primaryimage\"},\"thumbnailUrl\":\"https:\/\/esenssi.com\/fabrica\/wp-content\/uploads\/2018\/07\/Bruma_Ambiente_TopParfum.jpg\",\"datePublished\":\"2021-08-29T22:33:47+00:00\",\"dateModified\":\"2024-06-21T11:29:21+00:00\",\"description\":\"Descubre las Brumas de Ambiente Top Parfum en Esenssi: aromas sofisticados y duraderos para perfumar cualquier espacio. \u00a1Transforma tu ambiente!\",\"breadcrumb\":{\"@id\":\"https:\/\/esenssi.com\/fabrica\/producto\/bruma-top-parfum\/#breadcrumb\"},\"inLanguage\":\"es\",\"potentialAction\":[{\"@type\":\"ReadAction\",\"target\":[\"https:\/\/esenssi.com\/fabrica\/producto\/bruma-top-parfum\/\"]}]},{\"@type\":\"ImageObject\",\"inLanguage\":\"es\",\"@id\":\"https:\/\/esenssi.com\/fabrica\/producto\/bruma-top-parfum\/#primaryimage\",\"url\":\"https:\/\/esenssi.com\/fabrica\/wp-content\/uploads\/2018\/07\/Bruma_Ambiente_TopParfum.jpg\",\"contentUrl\":\"https:\/\/esenssi.com\/fabrica\/wp-content\/uploads\/2018\/07\/Bruma_Ambiente_TopParfum.jpg\",\"width\":550,\"height\":550},{\"@type\":\"BreadcrumbList\",\"@id\":\"https:\/\/esenssi.com\/fabrica\/producto\/bruma-top-parfum\/#breadcrumb\",\"itemListElement\":[{\"@type\":\"ListItem\",\"position\":1,\"name\":\"F\u00e1brica\",\"item\":\"https:\/\/esenssi.com\/fabrica\/\"},{\"@type\":\"ListItem\",\"position\":2,\"name\":\"Tienda\",\"item\":\"https:\/\/esenssi.com\/fabrica\/tienda\/\"},{\"@type\":\"ListItem\",\"position\":3,\"name\":\"Brumas de Ambiente Top Parfum\"}]},{\"@type\":\"WebSite\",\"@id\":\"https:\/\/esenssi.com\/fabrica\/#website\",\"url\":\"https:\/\/esenssi.com\/fabrica\/\",\"name\":\"Esenssi - Tienda Online\",\"description\":\"Fabricante de perfumes\",\"publisher\":{\"@id\":\"https:\/\/esenssi.com\/fabrica\/#organization\"},\"alternateName\":\"Esenssi - Tienda Online\",\"potentialAction\":[{\"@type\":\"SearchAction\",\"target\":{\"@type\":\"EntryPoint\",\"urlTemplate\":\"https:\/\/esenssi.com\/fabrica\/?s={search_term_string}\"},\"query-input\":\"required name=search_term_string\"}],\"inLanguage\":\"es\"},{\"@type\":\"Organization\",\"@id\":\"https:\/\/esenssi.com\/fabrica\/#organization\",\"name\":\"Mayoristas de perfumer\u00eda\",\"url\":\"https:\/\/esenssi.com\/fabrica\/\",\"logo\":{\"@type\":\"ImageObject\",\"inLanguage\":\"es\",\"@id\":\"https:\/\/esenssi.com\/fabrica\/#\/schema\/logo\/image\/\",\"url\":\"https:\/\/esenssi.com\/fabrica\/wp-content\/uploads\/2021\/08\/Logotipo_Esenssi_Web.png\",\"contentUrl\":\"https:\/\/esenssi.com\/fabrica\/wp-content\/uploads\/2021\/08\/Logotipo_Esenssi_Web.png\",\"width\":295,\"height\":64,\"caption\":\"Mayoristas de perfumer\u00eda\"},\"image\":{\"@id\":\"https:\/\/esenssi.com\/fabrica\/#\/schema\/logo\/image\/\"}}]}<\/script>\n<!-- \/ Yoast SEO plugin. -->","yoast_head_json":{"title":"Brumas de Ambiente Top Parfum - Esenssi - Tienda Online","description":"Descubre las Brumas de Ambiente Top Parfum en Esenssi: aromas sofisticados y duraderos para perfumar cualquier espacio. \u00a1Transforma tu ambiente!","robots":{"index":"index","follow":"follow","max-snippet":"max-snippet:-1","max-image-preview":"max-image-preview:large","max-video-preview":"max-video-preview:-1"},"canonical":"https:\/\/esenssi.com\/fabrica\/producto\/bruma-top-parfum\/","og_locale":"es_ES","og_type":"article","og_title":"Brumas de Ambiente Top Parfum - Esenssi - Tienda Online","og_description":"Descubre las Brumas de Ambiente Top Parfum en Esenssi: aromas sofisticados y duraderos para perfumar cualquier espacio. \u00a1Transforma tu ambiente!","og_url":"https:\/\/esenssi.com\/fabrica\/producto\/bruma-top-parfum\/","og_site_name":"Esenssi - Tienda Online","article_modified_time":"2024-06-21T11:29:21+00:00","og_image":[{"width":550,"height":550,"url":"https:\/\/esenssi.com\/fabrica\/wp-content\/uploads\/2018\/07\/Bruma_Ambiente_TopParfum.jpg","type":"image\/jpeg"}],"twitter_card":"summary_large_image","schema":{"@context":"https:\/\/schema.org","@graph":[{"@type":"WebPage","@id":"https:\/\/esenssi.com\/fabrica\/producto\/bruma-top-parfum\/","url":"https:\/\/esenssi.com\/fabrica\/producto\/bruma-top-parfum\/","name":"Brumas de Ambiente Top Parfum - Esenssi - Tienda Online","isPartOf":{"@id":"https:\/\/esenssi.com\/fabrica\/#website"},"primaryImageOfPage":{"@id":"https:\/\/esenssi.com\/fabrica\/producto\/bruma-top-parfum\/#primaryimage"},"image":{"@id":"https:\/\/esenssi.com\/fabrica\/producto\/bruma-top-parfum\/#primaryimage"},"thumbnailUrl":"https:\/\/esenssi.com\/fabrica\/wp-content\/uploads\/2018\/07\/Bruma_Ambiente_TopParfum.jpg","datePublished":"2021-08-29T22:33:47+00:00","dateModified":"2024-06-21T11:29:21+00:00","description":"Descubre las Brumas de Ambiente Top Parfum en Esenssi: aromas sofisticados y duraderos para perfumar cualquier espacio. \u00a1Transforma tu ambiente!","breadcrumb":{"@id":"https:\/\/esenssi.com\/fabrica\/producto\/bruma-top-parfum\/#breadcrumb"},"inLanguage":"es","potentialAction":[{"@type":"ReadAction","target":["https:\/\/esenssi.com\/fabrica\/producto\/bruma-top-parfum\/"]}]},{"@type":"ImageObject","inLanguage":"es","@id":"https:\/\/esenssi.com\/fabrica\/producto\/bruma-top-parfum\/#primaryimage","url":"https:\/\/esenssi.com\/fabrica\/wp-content\/uploads\/2018\/07\/Bruma_Ambiente_TopParfum.jpg","contentUrl":"https:\/\/esenssi.com\/fabrica\/wp-content\/uploads\/2018\/07\/Bruma_Ambiente_TopParfum.jpg","width":550,"height":550},{"@type":"BreadcrumbList","@id":"https:\/\/esenssi.com\/fabrica\/producto\/bruma-top-parfum\/#breadcrumb","itemListElement":[{"@type":"ListItem","position":1,"name":"F\u00e1brica","item":"https:\/\/esenssi.com\/fabrica\/"},{"@type":"ListItem","position":2,"name":"Tienda","item":"https:\/\/esenssi.com\/fabrica\/tienda\/"},{"@type":"ListItem","position":3,"name":"Brumas de Ambiente Top Parfum"}]},{"@type":"WebSite","@id":"https:\/\/esenssi.com\/fabrica\/#website","url":"https:\/\/esenssi.com\/fabrica\/","name":"Esenssi - Tienda Online","description":"Fabricante de perfumes","publisher":{"@id":"https:\/\/esenssi.com\/fabrica\/#organization"},"alternateName":"Esenssi - Tienda Online","potentialAction":[{"@type":"SearchAction","target":{"@type":"EntryPoint","urlTemplate":"https:\/\/esenssi.com\/fabrica\/?s={search_term_string}"},"query-input":"required name=search_term_string"}],"inLanguage":"es"},{"@type":"Organization","@id":"https:\/\/esenssi.com\/fabrica\/#organization","name":"Mayoristas de perfumer\u00eda","url":"https:\/\/esenssi.com\/fabrica\/","logo":{"@type":"ImageObject","inLanguage":"es","@id":"https:\/\/esenssi.com\/fabrica\/#\/schema\/logo\/image\/","url":"https:\/\/esenssi.com\/fabrica\/wp-content\/uploads\/2021\/08\/Logotipo_Esenssi_Web.png","contentUrl":"https:\/\/esenssi.com\/fabrica\/wp-content\/uploads\/2021\/08\/Logotipo_Esenssi_Web.png","width":295,"height":64,"caption":"Mayoristas de perfumer\u00eda"},"image":{"@id":"https:\/\/esenssi.com\/fabrica\/#\/schema\/logo\/image\/"}}]}},"_links":{"self":[{"href":"https:\/\/esenssi.com\/fabrica\/wp-json\/wp\/v2\/product\/69529"}],"collection":[{"href":"https:\/\/esenssi.com\/fabrica\/wp-json\/wp\/v2\/product"}],"about":[{"href":"https:\/\/esenssi.com\/fabrica\/wp-json\/wp\/v2\/types\/product"}],"replies":[{"embeddable":true,"href":"https:\/\/esenssi.com\/fabrica\/wp-json\/wp\/v2\/comments?post=69529"}],"wp:featuredmedia":[{"embeddable":true,"href":"https:\/\/esenssi.com\/fabrica\/wp-json\/wp\/v2\/media\/65170"}],"wp:attachment":[{"href":"https:\/\/esenssi.com\/fabrica\/wp-json\/wp\/v2\/media?parent=69529"}],"wp:term":[{"taxonomy":"product_cat","embeddable":true,"href":"https:\/\/esenssi.com\/fabrica\/wp-json\/wp\/v2\/product_cat?post=69529"},{"taxonomy":"product_tag","embeddable":true,"href":"https:\/\/esenssi.com\/fabrica\/wp-json\/wp\/v2\/product_tag?post=69529"}],"curies":[{"name":"wp","href":"https:\/\/api.w.org\/{rel}","templated":true}]}}