{"id":69532,"date":"2021-08-29T22:33:47","date_gmt":"2021-08-29T22:33:47","guid":{"rendered":"https:\/\/esenssi.com\/fabrica\/tienda\/sin%20categor\u00eda\/bruma-niss\/"},"modified":"2024-06-12T15:16:09","modified_gmt":"2024-06-12T13:16:09","slug":"bruma-niss","status":"publish","type":"product","link":"https:\/\/esenssi.com\/fabrica\/producto\/bruma-niss\/","title":{"rendered":"Brumas de Ambiente Niss"},"content":{"rendered":"<p>Uno de los sistemas mas r\u00e1pidos, constantes\u00a0 e intensos de aromatizar un ambiente es el <a href=\"https:\/\/esenssi.com\/etiqueta-producto\/brumizadores\/\">brumizador o nebulizador<\/a>. Son aparatos el\u00e9ctricos que expanden las brumas o esencias concentradas de ambientaci\u00f3n en el aire.<\/p>\n<p>La l\u00ednea de edici\u00f3n limitada <a href=\"https:\/\/esenssi.com\/fabrica\/producto\/pack-apertura-niss\/\">Niss<\/a> pone a tu disposici\u00f3n estos ex\u00f3ticos aromas de maderas, flores, almizcles,\u00a0 en su forma pura para que los uses en tus brumizadores.<\/p>\n<p>Pueden utilizarse tambi\u00e9n como Concentrado de Perfume para revitalizar popurr\u00eds, para perfumar cer\u00e1micas, y en una gran variedad de aplicaciones.<\/p>\n<h3><strong>\u00bfENVASADO O A GRANEL?<\/strong><\/h3>\n<p>Puedes disponer de estos concentrados puros de ambientaci\u00f3n en formato de 250ml para que puedas ofrecer a tus clientes diferentes <a href=\"https:\/\/esenssi.com\/fabrica\/envases\/ambientacion\/\/\">envases<\/a>, cantidades y precios. Goteros de 20ml como los que te ofrece esta l\u00ednea, o frasquitos de 7ml con sus pipetas aplicacadoras, mas econ\u00f3micos.<\/p>\n<h3><strong>AROMAS NISS:<\/strong><\/h3>\n<p><strong>Shu:<\/strong> aroma luminoso, fresco y herbal, de alta intensidad<br \/>\n<strong>Kemet:<\/strong> intenso y perfumado aroma a maderas, tierra y almizcle<br \/>\n<strong>Anuket:<\/strong> esencias acu\u00e1ticas con intenso aroma de algod\u00f3n y seda<br \/>\n<strong>Zahara:<\/strong> dulce y ex\u00f3tico aroma frutal y avainillado<\/p>\n<p>Los aromas que componen esta l\u00ednea de ambientaci\u00f3n de edici\u00f3n limitada tambi\u00e9n est\u00e1n disponibles en <a href=\"https:\/\/esenssi.com\/producto\/ambientacion-mikado-niss\/\">ambientador mikado<\/a> y <a href=\"https:\/\/esenssi.com\/producto\/ambispray-niss\/\">ambientador en spray<\/a>.<\/p>\n<p>Aprov\u00e9chate de un precio especial de lanzamiento en los\u00a0<a href=\"https:\/\/esenssi.com\/producto\/pack-apertura-niss\/\">packs<\/a>\u00a0de la l\u00ednea de\u00a0<a href=\"https:\/\/esenssi.com\/fabrica\/producto\/pack-apertura-niss\/\">ambientaci\u00f3n Niss<\/a>.<\/p>\n","protected":false},"excerpt":{"rendered":"<p>Esencias concentradas de ambientaci\u00f3n especiales para <a href=\"https:\/\/esenssi.com\/etiqueta-producto\/brumizadores\/\">brumizador<\/a>. Aromas en microgotas de puro placer olfativo que se difundir\u00e1n a trav\u00e9s del sistema de micronizaci\u00f3n en fr\u00edo de difusores el\u00e9ctricos o brumizadores. Solo 5-7 gotas bastar\u00e1n para aromatizar durante horas tus espacios.<\/p>\n<p>Pack de 10 unidades.<\/p>\n","protected":false},"featured_media":65169,"comment_status":"open","ping_status":"closed","template":"","meta":{"content-type":"","_joinchat":[]},"product_cat":[1007,1223],"product_tag":[1106,1287],"class_list":{"0":"post-69532","1":"product","2":"type-product","3":"status-publish","4":"has-post-thumbnail","6":"product_cat-ambientacion-granel","7":"product_cat-brumas","8":"product_tag-brumas-de-ambiente","9":"product_tag-linea-niss","11":"first","12":"instock","13":"taxable","14":"shipping-taxable","15":"product-type-variable"},"yoast_head":"<!-- This site is optimized with the Yoast SEO plugin v23.3 - https:\/\/yoast.com\/wordpress\/plugins\/seo\/ -->\n<title>Brumas de Ambiente Niss - Esenssi - Tienda Online<\/title>\n<meta name=\"robots\" content=\"noindex, nofollow\" \/>\n<meta property=\"og:locale\" content=\"es_ES\" \/>\n<meta property=\"og:type\" content=\"article\" \/>\n<meta property=\"og:title\" content=\"Brumas de Ambiente Niss - Esenssi - Tienda Online\" \/>\n<meta property=\"og:description\" content=\"Esencias concentradas de ambientaci\u00f3n especiales para brumizador. Aromas en microgotas de puro placer olfativo que se difundir\u00e1n a trav\u00e9s del sistema de micronizaci\u00f3n en fr\u00edo de difusores el\u00e9ctricos o brumizadores. Solo 5-7 gotas bastar\u00e1n para aromatizar durante horas tus espacios.  Pack de 10 unidades.\" \/>\n<meta property=\"og:url\" content=\"https:\/\/esenssi.com\/fabrica\/producto\/bruma-niss\/\" \/>\n<meta property=\"og:site_name\" content=\"Esenssi - Tienda Online\" \/>\n<meta property=\"article:modified_time\" content=\"2024-06-12T13:16:09+00:00\" \/>\n<meta property=\"og:image\" content=\"https:\/\/esenssi.com\/fabrica\/wp-content\/uploads\/2018\/07\/Bruma_Ambiente_Nicho.jpg\" \/>\n\t<meta property=\"og:image:width\" content=\"450\" \/>\n\t<meta property=\"og:image:height\" content=\"450\" \/>\n\t<meta property=\"og:image:type\" content=\"image\/jpeg\" \/>\n<meta name=\"twitter:card\" content=\"summary_large_image\" \/>\n<script type=\"application\/ld+json\" class=\"yoast-schema-graph\">{\"@context\":\"https:\/\/schema.org\",\"@graph\":[{\"@type\":\"WebPage\",\"@id\":\"https:\/\/esenssi.com\/fabrica\/producto\/bruma-niss\/\",\"url\":\"https:\/\/esenssi.com\/fabrica\/producto\/bruma-niss\/\",\"name\":\"Brumas de Ambiente Niss - Esenssi - Tienda Online\",\"isPartOf\":{\"@id\":\"https:\/\/esenssi.com\/fabrica\/#website\"},\"primaryImageOfPage\":{\"@id\":\"https:\/\/esenssi.com\/fabrica\/producto\/bruma-niss\/#primaryimage\"},\"image\":{\"@id\":\"https:\/\/esenssi.com\/fabrica\/producto\/bruma-niss\/#primaryimage\"},\"thumbnailUrl\":\"https:\/\/esenssi.com\/fabrica\/wp-content\/uploads\/2018\/07\/Bruma_Ambiente_Nicho.jpg\",\"datePublished\":\"2021-08-29T22:33:47+00:00\",\"dateModified\":\"2024-06-12T13:16:09+00:00\",\"breadcrumb\":{\"@id\":\"https:\/\/esenssi.com\/fabrica\/producto\/bruma-niss\/#breadcrumb\"},\"inLanguage\":\"es\",\"potentialAction\":[{\"@type\":\"ReadAction\",\"target\":[\"https:\/\/esenssi.com\/fabrica\/producto\/bruma-niss\/\"]}]},{\"@type\":\"ImageObject\",\"inLanguage\":\"es\",\"@id\":\"https:\/\/esenssi.com\/fabrica\/producto\/bruma-niss\/#primaryimage\",\"url\":\"https:\/\/esenssi.com\/fabrica\/wp-content\/uploads\/2018\/07\/Bruma_Ambiente_Nicho.jpg\",\"contentUrl\":\"https:\/\/esenssi.com\/fabrica\/wp-content\/uploads\/2018\/07\/Bruma_Ambiente_Nicho.jpg\",\"width\":450,\"height\":450},{\"@type\":\"BreadcrumbList\",\"@id\":\"https:\/\/esenssi.com\/fabrica\/producto\/bruma-niss\/#breadcrumb\",\"itemListElement\":[{\"@type\":\"ListItem\",\"position\":1,\"name\":\"F\u00e1brica\",\"item\":\"https:\/\/esenssi.com\/fabrica\/\"},{\"@type\":\"ListItem\",\"position\":2,\"name\":\"Tienda\",\"item\":\"https:\/\/esenssi.com\/fabrica\/tienda\/\"},{\"@type\":\"ListItem\",\"position\":3,\"name\":\"Brumas de Ambiente Niss\"}]},{\"@type\":\"WebSite\",\"@id\":\"https:\/\/esenssi.com\/fabrica\/#website\",\"url\":\"https:\/\/esenssi.com\/fabrica\/\",\"name\":\"Esenssi - Tienda Online\",\"description\":\"Fabricante de perfumes\",\"publisher\":{\"@id\":\"https:\/\/esenssi.com\/fabrica\/#organization\"},\"alternateName\":\"Esenssi - Tienda Online\",\"potentialAction\":[{\"@type\":\"SearchAction\",\"target\":{\"@type\":\"EntryPoint\",\"urlTemplate\":\"https:\/\/esenssi.com\/fabrica\/?s={search_term_string}\"},\"query-input\":\"required name=search_term_string\"}],\"inLanguage\":\"es\"},{\"@type\":\"Organization\",\"@id\":\"https:\/\/esenssi.com\/fabrica\/#organization\",\"name\":\"Mayoristas de perfumer\u00eda\",\"url\":\"https:\/\/esenssi.com\/fabrica\/\",\"logo\":{\"@type\":\"ImageObject\",\"inLanguage\":\"es\",\"@id\":\"https:\/\/esenssi.com\/fabrica\/#\/schema\/logo\/image\/\",\"url\":\"https:\/\/esenssi.com\/fabrica\/wp-content\/uploads\/2021\/08\/Logotipo_Esenssi_Web.png\",\"contentUrl\":\"https:\/\/esenssi.com\/fabrica\/wp-content\/uploads\/2021\/08\/Logotipo_Esenssi_Web.png\",\"width\":295,\"height\":64,\"caption\":\"Mayoristas de perfumer\u00eda\"},\"image\":{\"@id\":\"https:\/\/esenssi.com\/fabrica\/#\/schema\/logo\/image\/\"}}]}<\/script>\n<!-- \/ Yoast SEO plugin. -->","yoast_head_json":{"title":"Brumas de Ambiente Niss - Esenssi - Tienda Online","robots":{"index":"noindex","follow":"nofollow"},"og_locale":"es_ES","og_type":"article","og_title":"Brumas de Ambiente Niss - Esenssi - Tienda Online","og_description":"Esencias concentradas de ambientaci\u00f3n especiales para brumizador. Aromas en microgotas de puro placer olfativo que se difundir\u00e1n a trav\u00e9s del sistema de micronizaci\u00f3n en fr\u00edo de difusores el\u00e9ctricos o brumizadores. Solo 5-7 gotas bastar\u00e1n para aromatizar durante horas tus espacios.  Pack de 10 unidades.","og_url":"https:\/\/esenssi.com\/fabrica\/producto\/bruma-niss\/","og_site_name":"Esenssi - Tienda Online","article_modified_time":"2024-06-12T13:16:09+00:00","og_image":[{"width":450,"height":450,"url":"https:\/\/esenssi.com\/fabrica\/wp-content\/uploads\/2018\/07\/Bruma_Ambiente_Nicho.jpg","type":"image\/jpeg"}],"twitter_card":"summary_large_image","schema":{"@context":"https:\/\/schema.org","@graph":[{"@type":"WebPage","@id":"https:\/\/esenssi.com\/fabrica\/producto\/bruma-niss\/","url":"https:\/\/esenssi.com\/fabrica\/producto\/bruma-niss\/","name":"Brumas de Ambiente Niss - Esenssi - Tienda Online","isPartOf":{"@id":"https:\/\/esenssi.com\/fabrica\/#website"},"primaryImageOfPage":{"@id":"https:\/\/esenssi.com\/fabrica\/producto\/bruma-niss\/#primaryimage"},"image":{"@id":"https:\/\/esenssi.com\/fabrica\/producto\/bruma-niss\/#primaryimage"},"thumbnailUrl":"https:\/\/esenssi.com\/fabrica\/wp-content\/uploads\/2018\/07\/Bruma_Ambiente_Nicho.jpg","datePublished":"2021-08-29T22:33:47+00:00","dateModified":"2024-06-12T13:16:09+00:00","breadcrumb":{"@id":"https:\/\/esenssi.com\/fabrica\/producto\/bruma-niss\/#breadcrumb"},"inLanguage":"es","potentialAction":[{"@type":"ReadAction","target":["https:\/\/esenssi.com\/fabrica\/producto\/bruma-niss\/"]}]},{"@type":"ImageObject","inLanguage":"es","@id":"https:\/\/esenssi.com\/fabrica\/producto\/bruma-niss\/#primaryimage","url":"https:\/\/esenssi.com\/fabrica\/wp-content\/uploads\/2018\/07\/Bruma_Ambiente_Nicho.jpg","contentUrl":"https:\/\/esenssi.com\/fabrica\/wp-content\/uploads\/2018\/07\/Bruma_Ambiente_Nicho.jpg","width":450,"height":450},{"@type":"BreadcrumbList","@id":"https:\/\/esenssi.com\/fabrica\/producto\/bruma-niss\/#breadcrumb","itemListElement":[{"@type":"ListItem","position":1,"name":"F\u00e1brica","item":"https:\/\/esenssi.com\/fabrica\/"},{"@type":"ListItem","position":2,"name":"Tienda","item":"https:\/\/esenssi.com\/fabrica\/tienda\/"},{"@type":"ListItem","position":3,"name":"Brumas de Ambiente Niss"}]},{"@type":"WebSite","@id":"https:\/\/esenssi.com\/fabrica\/#website","url":"https:\/\/esenssi.com\/fabrica\/","name":"Esenssi - Tienda Online","description":"Fabricante de perfumes","publisher":{"@id":"https:\/\/esenssi.com\/fabrica\/#organization"},"alternateName":"Esenssi - Tienda Online","potentialAction":[{"@type":"SearchAction","target":{"@type":"EntryPoint","urlTemplate":"https:\/\/esenssi.com\/fabrica\/?s={search_term_string}"},"query-input":"required name=search_term_string"}],"inLanguage":"es"},{"@type":"Organization","@id":"https:\/\/esenssi.com\/fabrica\/#organization","name":"Mayoristas de perfumer\u00eda","url":"https:\/\/esenssi.com\/fabrica\/","logo":{"@type":"ImageObject","inLanguage":"es","@id":"https:\/\/esenssi.com\/fabrica\/#\/schema\/logo\/image\/","url":"https:\/\/esenssi.com\/fabrica\/wp-content\/uploads\/2021\/08\/Logotipo_Esenssi_Web.png","contentUrl":"https:\/\/esenssi.com\/fabrica\/wp-content\/uploads\/2021\/08\/Logotipo_Esenssi_Web.png","width":295,"height":64,"caption":"Mayoristas de perfumer\u00eda"},"image":{"@id":"https:\/\/esenssi.com\/fabrica\/#\/schema\/logo\/image\/"}}]}},"_links":{"self":[{"href":"https:\/\/esenssi.com\/fabrica\/wp-json\/wp\/v2\/product\/69532"}],"collection":[{"href":"https:\/\/esenssi.com\/fabrica\/wp-json\/wp\/v2\/product"}],"about":[{"href":"https:\/\/esenssi.com\/fabrica\/wp-json\/wp\/v2\/types\/product"}],"replies":[{"embeddable":true,"href":"https:\/\/esenssi.com\/fabrica\/wp-json\/wp\/v2\/comments?post=69532"}],"wp:featuredmedia":[{"embeddable":true,"href":"https:\/\/esenssi.com\/fabrica\/wp-json\/wp\/v2\/media\/65169"}],"wp:attachment":[{"href":"https:\/\/esenssi.com\/fabrica\/wp-json\/wp\/v2\/media?parent=69532"}],"wp:term":[{"taxonomy":"product_cat","embeddable":true,"href":"https:\/\/esenssi.com\/fabrica\/wp-json\/wp\/v2\/product_cat?post=69532"},{"taxonomy":"product_tag","embeddable":true,"href":"https:\/\/esenssi.com\/fabrica\/wp-json\/wp\/v2\/product_tag?post=69532"}],"curies":[{"name":"wp","href":"https:\/\/api.w.org\/{rel}","templated":true}]}}