{"id":69568,"date":"2021-08-29T22:51:51","date_gmt":"2021-08-29T22:51:51","guid":{"rendered":"https:\/\/esenssi.com\/fabrica\/tienda\/sin%20categor\u00eda\/lampara-catalica\/"},"modified":"2022-09-28T09:19:42","modified_gmt":"2022-09-28T07:19:42","slug":"lampara-catalica","status":"publish","type":"product","link":"https:\/\/esenssi.com\/fabrica\/producto\/lampara-catalica\/","title":{"rendered":"L\u00e1mpara Ambientadora Catal\u00edtica"},"content":{"rendered":"<p>Las l\u00e1mparas aromatizadoras catal\u00edticas son muy f\u00e1ciles de usar y tienen una gran capacidad de ambientar de una forma inmediata y duradera.<\/p>\n<p>Su uso es muy sencillo:<\/p>\n<ul>\n<li>Llenamos la l\u00e1mpara un poco m\u00e1s de la mitad con la esencia especial para estas l\u00e1mparas. No se recomienda probar con otros formatos de esencias.<\/li>\n<li>Introducimos la mecha y dejamos unos minutos que absorba la esencia.<\/li>\n<li>Acercamos un mechero de cocina o una cerilla larga a su base de cer\u00e1mica hasta que caliente el hilo conductor que la atraviesa y salga una llama.<\/li>\n<li>Dejamos que arda unos minutos y luego la apagamos soplando ligeramente. A continuaci\u00f3n ponemos sobre ella el tap\u00f3n embellecedor enrejado.<\/li>\n<li>La cer\u00e1mica caliente y el hilo conductor har\u00e1n que la fragancia se vaya dispersando suavemente por el ambiente. Su duraci\u00f3n aproximada ser\u00e1 de dos horas, pero la estancia permanecer\u00e1 aromatizando algo m\u00e1s de tiempo dependiendo lo grande que sea el espacio y las corrientes de aire.<\/li>\n<li>Para apagarla solo tenemos que poner el tap\u00f3n plata (no el embellecedor) sobre ella<\/li>\n<\/ul>\n<p>Ponemos a tu disposici\u00f3n diferentes esencias de ambiente especificas para estas l\u00e1mparas ambientadoras catal\u00edticas.<\/p>\n<p>Prueba los diferentes aromas de <a href=\"https:\/\/esenssi.com\/etiqueta-producto\/brumas-de-ambiente\/\">nuestro catalogo<\/a><\/p>\n<p>Recuerda que tenemos diferentes modelos de\u00a0<a href=\"https:\/\/esenssi.com\/etiqueta-producto\/brumizadores\/\">difusores<\/a> de aromas<\/p>\n","protected":false},"excerpt":{"rendered":"<p>Una de las formas m\u00e1s efectiva y atractiva de <strong>purificar el aire<\/strong> de las estancias al mismo tiempo que se <strong>difunden sutiles fragancias<\/strong>. Las L\u00e1mparas ambientadoras mejoran la calidad del aire destruyendo los malos olores a trav\u00e9s del proceso de oxidaci\u00f3n catal\u00edtica. Muy eficaz en la eliminaci\u00f3n de olores desagradables como el humo de cigarrillos o de la cocina.<\/p>\n","protected":false},"featured_media":65162,"comment_status":"open","ping_status":"closed","template":"","meta":{"content-type":"","_joinchat":[]},"product_cat":[1007,1222,1225],"product_tag":[1011],"class_list":{"0":"post-69568","1":"product","2":"type-product","3":"status-publish","4":"has-post-thumbnail","6":"product_cat-ambientacion-granel","7":"product_cat-difusores-esencias","8":"product_cat-lamparas-cataliticas","9":"product_tag-difusores-de-aromas","10":"pa_seleccionar-modelo-jade","11":"pa_seleccionar-modelo-platino","12":"pa_seleccionar-modelo-turquesa","14":"first","15":"instock","16":"taxable","17":"shipping-taxable","18":"product-type-variable"},"yoast_head":"<!-- This site is optimized with the Yoast SEO plugin v23.3 - https:\/\/yoast.com\/wordpress\/plugins\/seo\/ -->\n<title>L\u00e1mpara Ambientadora Catal\u00edtica - Esenssi - Tienda Online<\/title>\n<meta name=\"robots\" content=\"noindex, nofollow\" \/>\n<meta property=\"og:locale\" content=\"es_ES\" \/>\n<meta property=\"og:type\" content=\"article\" \/>\n<meta property=\"og:title\" content=\"L\u00e1mpara Ambientadora Catal\u00edtica - Esenssi - Tienda Online\" \/>\n<meta property=\"og:description\" content=\"Una de las formas m\u00e1s efectiva y atractiva de purificar el aire de las estancias al mismo tiempo que se difunden sutiles fragancias. Las L\u00e1mparas ambientadoras mejoran la calidad del aire destruyendo los malos olores a trav\u00e9s del proceso de oxidaci\u00f3n catal\u00edtica. Muy eficaz en la eliminaci\u00f3n de olores desagradables como el humo de cigarrillos o de la cocina.\" \/>\n<meta property=\"og:url\" content=\"https:\/\/esenssi.com\/fabrica\/producto\/lampara-catalica\/\" \/>\n<meta property=\"og:site_name\" content=\"Esenssi - Tienda Online\" \/>\n<meta property=\"article:modified_time\" content=\"2022-09-28T07:19:42+00:00\" \/>\n<meta property=\"og:image\" content=\"https:\/\/esenssi.com\/fabrica\/wp-content\/uploads\/2018\/12\/Lamparas_Cataliticas.jpg\" \/>\n\t<meta property=\"og:image:width\" content=\"450\" \/>\n\t<meta property=\"og:image:height\" content=\"450\" \/>\n\t<meta property=\"og:image:type\" content=\"image\/jpeg\" \/>\n<meta name=\"twitter:card\" content=\"summary_large_image\" \/>\n<script type=\"application\/ld+json\" class=\"yoast-schema-graph\">{\"@context\":\"https:\/\/schema.org\",\"@graph\":[{\"@type\":\"WebPage\",\"@id\":\"https:\/\/esenssi.com\/fabrica\/producto\/lampara-catalica\/\",\"url\":\"https:\/\/esenssi.com\/fabrica\/producto\/lampara-catalica\/\",\"name\":\"L\u00e1mpara Ambientadora Catal\u00edtica - Esenssi - Tienda Online\",\"isPartOf\":{\"@id\":\"https:\/\/esenssi.com\/fabrica\/#website\"},\"primaryImageOfPage\":{\"@id\":\"https:\/\/esenssi.com\/fabrica\/producto\/lampara-catalica\/#primaryimage\"},\"image\":{\"@id\":\"https:\/\/esenssi.com\/fabrica\/producto\/lampara-catalica\/#primaryimage\"},\"thumbnailUrl\":\"https:\/\/esenssi.com\/fabrica\/wp-content\/uploads\/2018\/12\/Lamparas_Cataliticas.jpg\",\"datePublished\":\"2021-08-29T22:51:51+00:00\",\"dateModified\":\"2022-09-28T07:19:42+00:00\",\"breadcrumb\":{\"@id\":\"https:\/\/esenssi.com\/fabrica\/producto\/lampara-catalica\/#breadcrumb\"},\"inLanguage\":\"es\",\"potentialAction\":[{\"@type\":\"ReadAction\",\"target\":[\"https:\/\/esenssi.com\/fabrica\/producto\/lampara-catalica\/\"]}]},{\"@type\":\"ImageObject\",\"inLanguage\":\"es\",\"@id\":\"https:\/\/esenssi.com\/fabrica\/producto\/lampara-catalica\/#primaryimage\",\"url\":\"https:\/\/esenssi.com\/fabrica\/wp-content\/uploads\/2018\/12\/Lamparas_Cataliticas.jpg\",\"contentUrl\":\"https:\/\/esenssi.com\/fabrica\/wp-content\/uploads\/2018\/12\/Lamparas_Cataliticas.jpg\",\"width\":450,\"height\":450},{\"@type\":\"BreadcrumbList\",\"@id\":\"https:\/\/esenssi.com\/fabrica\/producto\/lampara-catalica\/#breadcrumb\",\"itemListElement\":[{\"@type\":\"ListItem\",\"position\":1,\"name\":\"F\u00e1brica\",\"item\":\"https:\/\/esenssi.com\/fabrica\/\"},{\"@type\":\"ListItem\",\"position\":2,\"name\":\"Tienda\",\"item\":\"https:\/\/esenssi.com\/fabrica\/tienda\/\"},{\"@type\":\"ListItem\",\"position\":3,\"name\":\"L\u00e1mpara Ambientadora Catal\u00edtica\"}]},{\"@type\":\"WebSite\",\"@id\":\"https:\/\/esenssi.com\/fabrica\/#website\",\"url\":\"https:\/\/esenssi.com\/fabrica\/\",\"name\":\"Esenssi - Tienda Online\",\"description\":\"Fabricante de perfumes\",\"publisher\":{\"@id\":\"https:\/\/esenssi.com\/fabrica\/#organization\"},\"alternateName\":\"Esenssi - Tienda Online\",\"potentialAction\":[{\"@type\":\"SearchAction\",\"target\":{\"@type\":\"EntryPoint\",\"urlTemplate\":\"https:\/\/esenssi.com\/fabrica\/?s={search_term_string}\"},\"query-input\":\"required name=search_term_string\"}],\"inLanguage\":\"es\"},{\"@type\":\"Organization\",\"@id\":\"https:\/\/esenssi.com\/fabrica\/#organization\",\"name\":\"Mayoristas de perfumer\u00eda\",\"url\":\"https:\/\/esenssi.com\/fabrica\/\",\"logo\":{\"@type\":\"ImageObject\",\"inLanguage\":\"es\",\"@id\":\"https:\/\/esenssi.com\/fabrica\/#\/schema\/logo\/image\/\",\"url\":\"https:\/\/esenssi.com\/fabrica\/wp-content\/uploads\/2021\/08\/Logotipo_Esenssi_Web.png\",\"contentUrl\":\"https:\/\/esenssi.com\/fabrica\/wp-content\/uploads\/2021\/08\/Logotipo_Esenssi_Web.png\",\"width\":295,\"height\":64,\"caption\":\"Mayoristas de perfumer\u00eda\"},\"image\":{\"@id\":\"https:\/\/esenssi.com\/fabrica\/#\/schema\/logo\/image\/\"}}]}<\/script>\n<!-- \/ Yoast SEO plugin. -->","yoast_head_json":{"title":"L\u00e1mpara Ambientadora Catal\u00edtica - Esenssi - Tienda Online","robots":{"index":"noindex","follow":"nofollow"},"og_locale":"es_ES","og_type":"article","og_title":"L\u00e1mpara Ambientadora Catal\u00edtica - Esenssi - Tienda Online","og_description":"Una de las formas m\u00e1s efectiva y atractiva de purificar el aire de las estancias al mismo tiempo que se difunden sutiles fragancias. Las L\u00e1mparas ambientadoras mejoran la calidad del aire destruyendo los malos olores a trav\u00e9s del proceso de oxidaci\u00f3n catal\u00edtica. Muy eficaz en la eliminaci\u00f3n de olores desagradables como el humo de cigarrillos o de la cocina.","og_url":"https:\/\/esenssi.com\/fabrica\/producto\/lampara-catalica\/","og_site_name":"Esenssi - Tienda Online","article_modified_time":"2022-09-28T07:19:42+00:00","og_image":[{"width":450,"height":450,"url":"https:\/\/esenssi.com\/fabrica\/wp-content\/uploads\/2018\/12\/Lamparas_Cataliticas.jpg","type":"image\/jpeg"}],"twitter_card":"summary_large_image","schema":{"@context":"https:\/\/schema.org","@graph":[{"@type":"WebPage","@id":"https:\/\/esenssi.com\/fabrica\/producto\/lampara-catalica\/","url":"https:\/\/esenssi.com\/fabrica\/producto\/lampara-catalica\/","name":"L\u00e1mpara Ambientadora Catal\u00edtica - Esenssi - Tienda Online","isPartOf":{"@id":"https:\/\/esenssi.com\/fabrica\/#website"},"primaryImageOfPage":{"@id":"https:\/\/esenssi.com\/fabrica\/producto\/lampara-catalica\/#primaryimage"},"image":{"@id":"https:\/\/esenssi.com\/fabrica\/producto\/lampara-catalica\/#primaryimage"},"thumbnailUrl":"https:\/\/esenssi.com\/fabrica\/wp-content\/uploads\/2018\/12\/Lamparas_Cataliticas.jpg","datePublished":"2021-08-29T22:51:51+00:00","dateModified":"2022-09-28T07:19:42+00:00","breadcrumb":{"@id":"https:\/\/esenssi.com\/fabrica\/producto\/lampara-catalica\/#breadcrumb"},"inLanguage":"es","potentialAction":[{"@type":"ReadAction","target":["https:\/\/esenssi.com\/fabrica\/producto\/lampara-catalica\/"]}]},{"@type":"ImageObject","inLanguage":"es","@id":"https:\/\/esenssi.com\/fabrica\/producto\/lampara-catalica\/#primaryimage","url":"https:\/\/esenssi.com\/fabrica\/wp-content\/uploads\/2018\/12\/Lamparas_Cataliticas.jpg","contentUrl":"https:\/\/esenssi.com\/fabrica\/wp-content\/uploads\/2018\/12\/Lamparas_Cataliticas.jpg","width":450,"height":450},{"@type":"BreadcrumbList","@id":"https:\/\/esenssi.com\/fabrica\/producto\/lampara-catalica\/#breadcrumb","itemListElement":[{"@type":"ListItem","position":1,"name":"F\u00e1brica","item":"https:\/\/esenssi.com\/fabrica\/"},{"@type":"ListItem","position":2,"name":"Tienda","item":"https:\/\/esenssi.com\/fabrica\/tienda\/"},{"@type":"ListItem","position":3,"name":"L\u00e1mpara Ambientadora Catal\u00edtica"}]},{"@type":"WebSite","@id":"https:\/\/esenssi.com\/fabrica\/#website","url":"https:\/\/esenssi.com\/fabrica\/","name":"Esenssi - Tienda Online","description":"Fabricante de perfumes","publisher":{"@id":"https:\/\/esenssi.com\/fabrica\/#organization"},"alternateName":"Esenssi - Tienda Online","potentialAction":[{"@type":"SearchAction","target":{"@type":"EntryPoint","urlTemplate":"https:\/\/esenssi.com\/fabrica\/?s={search_term_string}"},"query-input":"required name=search_term_string"}],"inLanguage":"es"},{"@type":"Organization","@id":"https:\/\/esenssi.com\/fabrica\/#organization","name":"Mayoristas de perfumer\u00eda","url":"https:\/\/esenssi.com\/fabrica\/","logo":{"@type":"ImageObject","inLanguage":"es","@id":"https:\/\/esenssi.com\/fabrica\/#\/schema\/logo\/image\/","url":"https:\/\/esenssi.com\/fabrica\/wp-content\/uploads\/2021\/08\/Logotipo_Esenssi_Web.png","contentUrl":"https:\/\/esenssi.com\/fabrica\/wp-content\/uploads\/2021\/08\/Logotipo_Esenssi_Web.png","width":295,"height":64,"caption":"Mayoristas de perfumer\u00eda"},"image":{"@id":"https:\/\/esenssi.com\/fabrica\/#\/schema\/logo\/image\/"}}]}},"_links":{"self":[{"href":"https:\/\/esenssi.com\/fabrica\/wp-json\/wp\/v2\/product\/69568"}],"collection":[{"href":"https:\/\/esenssi.com\/fabrica\/wp-json\/wp\/v2\/product"}],"about":[{"href":"https:\/\/esenssi.com\/fabrica\/wp-json\/wp\/v2\/types\/product"}],"replies":[{"embeddable":true,"href":"https:\/\/esenssi.com\/fabrica\/wp-json\/wp\/v2\/comments?post=69568"}],"wp:featuredmedia":[{"embeddable":true,"href":"https:\/\/esenssi.com\/fabrica\/wp-json\/wp\/v2\/media\/65162"}],"wp:attachment":[{"href":"https:\/\/esenssi.com\/fabrica\/wp-json\/wp\/v2\/media?parent=69568"}],"wp:term":[{"taxonomy":"product_cat","embeddable":true,"href":"https:\/\/esenssi.com\/fabrica\/wp-json\/wp\/v2\/product_cat?post=69568"},{"taxonomy":"product_tag","embeddable":true,"href":"https:\/\/esenssi.com\/fabrica\/wp-json\/wp\/v2\/product_tag?post=69568"}],"curies":[{"name":"wp","href":"https:\/\/api.w.org\/{rel}","templated":true}]}}