{"id":69575,"date":"2021-08-29T22:51:51","date_gmt":"2021-08-29T22:51:51","guid":{"rendered":"https:\/\/esenssi.com\/fabrica\/tienda\/sin%20categor\u00eda\/recarga-lampara-catalica\/"},"modified":"2022-09-28T11:16:11","modified_gmt":"2022-09-28T09:16:11","slug":"recarga-lampara-catalica","status":"publish","type":"product","link":"https:\/\/esenssi.com\/fabrica\/producto\/recarga-lampara-catalica\/","title":{"rendered":"Recarga L\u00e1mpara Cat\u00e1lica"},"content":{"rendered":"<p>Estas esencias para ambientar son ideales para formar packs atractivos junto con las L\u00e1mparas Catal\u00edticas. Podr\u00e1s ofrecer a tus clientes la l\u00e1mpara y una o dos recargas de esencia con un precio interesante.<\/p>\n<p>Luego nada m\u00e1s que tendr\u00e1n que ir comprando las recargas de esencias para l\u00e1mparas catal\u00edticas de los aromas que les guste m\u00e1s.<\/p>\n<p>Aromas:<\/p>\n<p><strong>Red Fruit:<\/strong> aroma dulce y afrutado muy duradero<\/p>\n<p><strong>Summer:<\/strong> el mango como acorde principal de este intenso aroma top ventas.<\/p>\n<p><strong>Nigth Lady:<\/strong> aroma elegante y seductor de plantas nocturnas<\/p>\n<p><strong>Sweet Cotton:<\/strong> aroma acogedor, suave y sutil pero muy persistente.<\/p>\n<p>Recuerda que dispones de muchos tipos de difusores de aromas y de un gran catalogo de esencias a elegir para cada uno.<\/p>\n","protected":false},"excerpt":{"rendered":"<p>Estas esencias est\u00e1n formuladas especialmente para estos difusores de aromas catal\u00edticos.<\/p>\n<p>Tienen una gran intensidad y duraci\u00f3n. Disponibles en dos formatos 200 ml y 400 ml y en una variedad de aromas a elegir.<\/p>\n","protected":false},"featured_media":65158,"comment_status":"open","ping_status":"closed","template":"","meta":{"content-type":"","_joinchat":[]},"product_cat":[1007,1225],"product_tag":[1239,1241,1240],"class_list":{"0":"post-69575","1":"product","2":"type-product","3":"status-publish","4":"has-post-thumbnail","6":"product_cat-ambientacion-granel","7":"product_cat-lamparas-cataliticas","8":"product_tag-nature","9":"product_tag-nicho","10":"product_tag-mas-vendidos","11":"pa_seleccionar-modelo-night-lady","12":"pa_seleccionar-modelo-red-fruit","13":"pa_seleccionar-modelo-spa","14":"pa_seleccionar-modelo-summer","15":"pa_seleccionar-modelo-sweet-cotton","17":"first","18":"instock","19":"taxable","20":"shipping-taxable","21":"product-type-variable"},"yoast_head":"<!-- This site is optimized with the Yoast SEO plugin v23.3 - https:\/\/yoast.com\/wordpress\/plugins\/seo\/ -->\n<title>Recarga L\u00e1mpara Cat\u00e1lica - Esenssi - Tienda Online<\/title>\n<meta name=\"robots\" content=\"noindex, nofollow\" \/>\n<meta property=\"og:locale\" content=\"es_ES\" \/>\n<meta property=\"og:type\" content=\"article\" \/>\n<meta property=\"og:title\" content=\"Recarga L\u00e1mpara Cat\u00e1lica - Esenssi - Tienda Online\" \/>\n<meta property=\"og:description\" content=\"Estas esencias est\u00e1n formuladas especialmente para estos difusores de aromas catal\u00edticos.  Tienen una gran intensidad y duraci\u00f3n. Disponibles en dos formatos 200 ml y 400 ml y en una variedad de aromas a elegir.\" \/>\n<meta property=\"og:url\" content=\"https:\/\/esenssi.com\/fabrica\/producto\/recarga-lampara-catalica\/\" \/>\n<meta property=\"og:site_name\" content=\"Esenssi - Tienda Online\" \/>\n<meta property=\"article:modified_time\" content=\"2022-09-28T09:16:11+00:00\" \/>\n<meta property=\"og:image\" content=\"https:\/\/esenssi.com\/fabrica\/wp-content\/uploads\/2018\/12\/Recarga_Mikado_400.png\" \/>\n\t<meta property=\"og:image:width\" content=\"450\" \/>\n\t<meta property=\"og:image:height\" content=\"450\" \/>\n\t<meta property=\"og:image:type\" content=\"image\/png\" \/>\n<meta name=\"twitter:card\" content=\"summary_large_image\" \/>\n<script type=\"application\/ld+json\" class=\"yoast-schema-graph\">{\"@context\":\"https:\/\/schema.org\",\"@graph\":[{\"@type\":\"WebPage\",\"@id\":\"https:\/\/esenssi.com\/fabrica\/producto\/recarga-lampara-catalica\/\",\"url\":\"https:\/\/esenssi.com\/fabrica\/producto\/recarga-lampara-catalica\/\",\"name\":\"Recarga L\u00e1mpara Cat\u00e1lica - Esenssi - Tienda Online\",\"isPartOf\":{\"@id\":\"https:\/\/esenssi.com\/fabrica\/#website\"},\"primaryImageOfPage\":{\"@id\":\"https:\/\/esenssi.com\/fabrica\/producto\/recarga-lampara-catalica\/#primaryimage\"},\"image\":{\"@id\":\"https:\/\/esenssi.com\/fabrica\/producto\/recarga-lampara-catalica\/#primaryimage\"},\"thumbnailUrl\":\"https:\/\/esenssi.com\/fabrica\/wp-content\/uploads\/2018\/12\/Recarga_Mikado_400.png\",\"datePublished\":\"2021-08-29T22:51:51+00:00\",\"dateModified\":\"2022-09-28T09:16:11+00:00\",\"breadcrumb\":{\"@id\":\"https:\/\/esenssi.com\/fabrica\/producto\/recarga-lampara-catalica\/#breadcrumb\"},\"inLanguage\":\"es\",\"potentialAction\":[{\"@type\":\"ReadAction\",\"target\":[\"https:\/\/esenssi.com\/fabrica\/producto\/recarga-lampara-catalica\/\"]}]},{\"@type\":\"ImageObject\",\"inLanguage\":\"es\",\"@id\":\"https:\/\/esenssi.com\/fabrica\/producto\/recarga-lampara-catalica\/#primaryimage\",\"url\":\"https:\/\/esenssi.com\/fabrica\/wp-content\/uploads\/2018\/12\/Recarga_Mikado_400.png\",\"contentUrl\":\"https:\/\/esenssi.com\/fabrica\/wp-content\/uploads\/2018\/12\/Recarga_Mikado_400.png\",\"width\":450,\"height\":450},{\"@type\":\"BreadcrumbList\",\"@id\":\"https:\/\/esenssi.com\/fabrica\/producto\/recarga-lampara-catalica\/#breadcrumb\",\"itemListElement\":[{\"@type\":\"ListItem\",\"position\":1,\"name\":\"F\u00e1brica\",\"item\":\"https:\/\/esenssi.com\/fabrica\/\"},{\"@type\":\"ListItem\",\"position\":2,\"name\":\"Tienda\",\"item\":\"https:\/\/esenssi.com\/fabrica\/tienda\/\"},{\"@type\":\"ListItem\",\"position\":3,\"name\":\"Recarga L\u00e1mpara Cat\u00e1lica\"}]},{\"@type\":\"WebSite\",\"@id\":\"https:\/\/esenssi.com\/fabrica\/#website\",\"url\":\"https:\/\/esenssi.com\/fabrica\/\",\"name\":\"Esenssi - Tienda Online\",\"description\":\"Fabricante de perfumes\",\"publisher\":{\"@id\":\"https:\/\/esenssi.com\/fabrica\/#organization\"},\"alternateName\":\"Esenssi - Tienda Online\",\"potentialAction\":[{\"@type\":\"SearchAction\",\"target\":{\"@type\":\"EntryPoint\",\"urlTemplate\":\"https:\/\/esenssi.com\/fabrica\/?s={search_term_string}\"},\"query-input\":\"required name=search_term_string\"}],\"inLanguage\":\"es\"},{\"@type\":\"Organization\",\"@id\":\"https:\/\/esenssi.com\/fabrica\/#organization\",\"name\":\"Mayoristas de perfumer\u00eda\",\"url\":\"https:\/\/esenssi.com\/fabrica\/\",\"logo\":{\"@type\":\"ImageObject\",\"inLanguage\":\"es\",\"@id\":\"https:\/\/esenssi.com\/fabrica\/#\/schema\/logo\/image\/\",\"url\":\"https:\/\/esenssi.com\/fabrica\/wp-content\/uploads\/2021\/08\/Logotipo_Esenssi_Web.png\",\"contentUrl\":\"https:\/\/esenssi.com\/fabrica\/wp-content\/uploads\/2021\/08\/Logotipo_Esenssi_Web.png\",\"width\":295,\"height\":64,\"caption\":\"Mayoristas de perfumer\u00eda\"},\"image\":{\"@id\":\"https:\/\/esenssi.com\/fabrica\/#\/schema\/logo\/image\/\"}}]}<\/script>\n<!-- \/ Yoast SEO plugin. -->","yoast_head_json":{"title":"Recarga L\u00e1mpara Cat\u00e1lica - Esenssi - Tienda Online","robots":{"index":"noindex","follow":"nofollow"},"og_locale":"es_ES","og_type":"article","og_title":"Recarga L\u00e1mpara Cat\u00e1lica - Esenssi - Tienda Online","og_description":"Estas esencias est\u00e1n formuladas especialmente para estos difusores de aromas catal\u00edticos.  Tienen una gran intensidad y duraci\u00f3n. Disponibles en dos formatos 200 ml y 400 ml y en una variedad de aromas a elegir.","og_url":"https:\/\/esenssi.com\/fabrica\/producto\/recarga-lampara-catalica\/","og_site_name":"Esenssi - Tienda Online","article_modified_time":"2022-09-28T09:16:11+00:00","og_image":[{"width":450,"height":450,"url":"https:\/\/esenssi.com\/fabrica\/wp-content\/uploads\/2018\/12\/Recarga_Mikado_400.png","type":"image\/png"}],"twitter_card":"summary_large_image","schema":{"@context":"https:\/\/schema.org","@graph":[{"@type":"WebPage","@id":"https:\/\/esenssi.com\/fabrica\/producto\/recarga-lampara-catalica\/","url":"https:\/\/esenssi.com\/fabrica\/producto\/recarga-lampara-catalica\/","name":"Recarga L\u00e1mpara Cat\u00e1lica - Esenssi - Tienda Online","isPartOf":{"@id":"https:\/\/esenssi.com\/fabrica\/#website"},"primaryImageOfPage":{"@id":"https:\/\/esenssi.com\/fabrica\/producto\/recarga-lampara-catalica\/#primaryimage"},"image":{"@id":"https:\/\/esenssi.com\/fabrica\/producto\/recarga-lampara-catalica\/#primaryimage"},"thumbnailUrl":"https:\/\/esenssi.com\/fabrica\/wp-content\/uploads\/2018\/12\/Recarga_Mikado_400.png","datePublished":"2021-08-29T22:51:51+00:00","dateModified":"2022-09-28T09:16:11+00:00","breadcrumb":{"@id":"https:\/\/esenssi.com\/fabrica\/producto\/recarga-lampara-catalica\/#breadcrumb"},"inLanguage":"es","potentialAction":[{"@type":"ReadAction","target":["https:\/\/esenssi.com\/fabrica\/producto\/recarga-lampara-catalica\/"]}]},{"@type":"ImageObject","inLanguage":"es","@id":"https:\/\/esenssi.com\/fabrica\/producto\/recarga-lampara-catalica\/#primaryimage","url":"https:\/\/esenssi.com\/fabrica\/wp-content\/uploads\/2018\/12\/Recarga_Mikado_400.png","contentUrl":"https:\/\/esenssi.com\/fabrica\/wp-content\/uploads\/2018\/12\/Recarga_Mikado_400.png","width":450,"height":450},{"@type":"BreadcrumbList","@id":"https:\/\/esenssi.com\/fabrica\/producto\/recarga-lampara-catalica\/#breadcrumb","itemListElement":[{"@type":"ListItem","position":1,"name":"F\u00e1brica","item":"https:\/\/esenssi.com\/fabrica\/"},{"@type":"ListItem","position":2,"name":"Tienda","item":"https:\/\/esenssi.com\/fabrica\/tienda\/"},{"@type":"ListItem","position":3,"name":"Recarga L\u00e1mpara Cat\u00e1lica"}]},{"@type":"WebSite","@id":"https:\/\/esenssi.com\/fabrica\/#website","url":"https:\/\/esenssi.com\/fabrica\/","name":"Esenssi - Tienda Online","description":"Fabricante de perfumes","publisher":{"@id":"https:\/\/esenssi.com\/fabrica\/#organization"},"alternateName":"Esenssi - Tienda Online","potentialAction":[{"@type":"SearchAction","target":{"@type":"EntryPoint","urlTemplate":"https:\/\/esenssi.com\/fabrica\/?s={search_term_string}"},"query-input":"required name=search_term_string"}],"inLanguage":"es"},{"@type":"Organization","@id":"https:\/\/esenssi.com\/fabrica\/#organization","name":"Mayoristas de perfumer\u00eda","url":"https:\/\/esenssi.com\/fabrica\/","logo":{"@type":"ImageObject","inLanguage":"es","@id":"https:\/\/esenssi.com\/fabrica\/#\/schema\/logo\/image\/","url":"https:\/\/esenssi.com\/fabrica\/wp-content\/uploads\/2021\/08\/Logotipo_Esenssi_Web.png","contentUrl":"https:\/\/esenssi.com\/fabrica\/wp-content\/uploads\/2021\/08\/Logotipo_Esenssi_Web.png","width":295,"height":64,"caption":"Mayoristas de perfumer\u00eda"},"image":{"@id":"https:\/\/esenssi.com\/fabrica\/#\/schema\/logo\/image\/"}}]}},"_links":{"self":[{"href":"https:\/\/esenssi.com\/fabrica\/wp-json\/wp\/v2\/product\/69575"}],"collection":[{"href":"https:\/\/esenssi.com\/fabrica\/wp-json\/wp\/v2\/product"}],"about":[{"href":"https:\/\/esenssi.com\/fabrica\/wp-json\/wp\/v2\/types\/product"}],"replies":[{"embeddable":true,"href":"https:\/\/esenssi.com\/fabrica\/wp-json\/wp\/v2\/comments?post=69575"}],"wp:featuredmedia":[{"embeddable":true,"href":"https:\/\/esenssi.com\/fabrica\/wp-json\/wp\/v2\/media\/65158"}],"wp:attachment":[{"href":"https:\/\/esenssi.com\/fabrica\/wp-json\/wp\/v2\/media?parent=69575"}],"wp:term":[{"taxonomy":"product_cat","embeddable":true,"href":"https:\/\/esenssi.com\/fabrica\/wp-json\/wp\/v2\/product_cat?post=69575"},{"taxonomy":"product_tag","embeddable":true,"href":"https:\/\/esenssi.com\/fabrica\/wp-json\/wp\/v2\/product_tag?post=69575"}],"curies":[{"name":"wp","href":"https:\/\/api.w.org\/{rel}","templated":true}]}}