{"id":69688,"date":"2021-09-03T01:17:17","date_gmt":"2021-09-03T01:17:17","guid":{"rendered":"https:\/\/esenssi.com\/fabrica\/?post_type=product&#038;p=69688"},"modified":"2024-04-05T12:37:52","modified_gmt":"2024-04-05T10:37:52","slug":"brumizador-jarron","status":"publish","type":"product","link":"https:\/\/esenssi.com\/fabrica\/producto\/brumizador-jarron\/","title":{"rendered":"Brumizador Jarr\u00f3n"},"content":{"rendered":"<p>Humidificador de aromas con 3 funciones en 1 con tecnolog\u00eda de ultrasonido que proporciona una relajante brisa de aromas y luz ambiental para crear un espacio c\u00e1lido y confortable.<\/p>\n<p>Funciones:<\/p>\n<p>\u2013 Aromaterapia: Difunde aromas mediante tecnolog\u00eda de ultrasonidos, desprendiendo una soluci\u00f3n de agua y esencias en forma de vapor.<\/p>\n<p>\u2013 Humidificador: Humedece el ambiente. Ayuda a mantener la humedad en espacios con aire acondicionado o calefacci\u00f3n.<\/p>\n<p>\u2013 Cromoterapia: Crea una agradable luz ambiental para dar calidez y confort en tus espacios, sal\u00f3n, dormitorio (efecto relax con su luz led), ba\u00f1o (efecto spa con su luz y el vapor de esencias para aromaterapia), oficina\u2026..<\/p>\n<p>El funcionamiento es muy sencillo solo tienes que a\u00f1adir a su dep\u00f3sito de agua las brumas de ambiente de los aromas que te ofrecemos en nuestro cat\u00e1logo o de los concentrados puros de los perfumes Top ventas.<\/p>\n<p>Con 5-10 gotas, dependiendo de la intensidad de aroma que te guste, bastar\u00e1 para perfumar una estancia de 20metros o mas durante horas.<\/p>\n<p>Sus tres posiciones te permitir\u00e1n programarlo para que est\u00e9 encendido desde 3 hasta 6 horas o de forma indefinida, se apagar\u00e1 solo cuando ya no tenga agua.<\/p>\n<p>Recuerda que tenemos diferentes modelos de brumizadores<\/p>\n<p>&nbsp;<\/p>\n","protected":false},"excerpt":{"rendered":"<p>Especial difusor de aromas por ultrasonido. Esencias que se difunden en micropart\u00edculas en el ambiente a trav\u00e9s de su vapor fr\u00edo. Aroma terapia y cromo terapia con su luz Led que cambia de color. Capacidad 300 ml<\/p>\n","protected":false},"featured_media":62681,"comment_status":"open","ping_status":"closed","template":"","meta":{"content-type":"","_joinchat":[]},"product_cat":[1007,1222],"product_tag":[1011],"class_list":{"0":"post-69688","1":"product","2":"type-product","3":"status-publish","4":"has-post-thumbnail","6":"product_cat-ambientacion-granel","7":"product_cat-difusores-esencias","8":"product_tag-difusores-de-aromas","10":"first","11":"instock","12":"taxable","13":"shipping-taxable","14":"product-type-variable"},"yoast_head":"<!-- This site is optimized with the Yoast SEO plugin v23.3 - https:\/\/yoast.com\/wordpress\/plugins\/seo\/ -->\n<title>Brumizador Jarr\u00f3n - Esenssi - Tienda Online<\/title>\n<meta name=\"robots\" content=\"noindex, nofollow\" \/>\n<meta property=\"og:locale\" content=\"es_ES\" \/>\n<meta property=\"og:type\" content=\"article\" \/>\n<meta property=\"og:title\" content=\"Brumizador Jarr\u00f3n - Esenssi - Tienda Online\" \/>\n<meta property=\"og:description\" content=\"Especial difusor de aromas por ultrasonido. Esencias que se difunden en micropart\u00edculas en el ambiente a trav\u00e9s de su vapor fr\u00edo. Aroma terapia y cromo terapia con su luz Led que cambia de color. Capacidad 300 ml\" \/>\n<meta property=\"og:url\" content=\"https:\/\/esenssi.com\/fabrica\/producto\/brumizador-jarron\/\" \/>\n<meta property=\"og:site_name\" content=\"Esenssi - Tienda Online\" \/>\n<meta property=\"article:modified_time\" content=\"2024-04-05T10:37:52+00:00\" \/>\n<meta property=\"og:image\" content=\"https:\/\/esenssi.com\/fabrica\/wp-content\/uploads\/2018\/10\/Brumizador_Jarron_Madera.jpg\" \/>\n\t<meta property=\"og:image:width\" content=\"400\" \/>\n\t<meta property=\"og:image:height\" content=\"400\" \/>\n\t<meta property=\"og:image:type\" content=\"image\/jpeg\" \/>\n<meta name=\"twitter:card\" content=\"summary_large_image\" \/>\n<script type=\"application\/ld+json\" class=\"yoast-schema-graph\">{\"@context\":\"https:\/\/schema.org\",\"@graph\":[{\"@type\":\"WebPage\",\"@id\":\"https:\/\/esenssi.com\/fabrica\/producto\/brumizador-jarron\/\",\"url\":\"https:\/\/esenssi.com\/fabrica\/producto\/brumizador-jarron\/\",\"name\":\"Brumizador Jarr\u00f3n - Esenssi - Tienda Online\",\"isPartOf\":{\"@id\":\"https:\/\/esenssi.com\/fabrica\/#website\"},\"primaryImageOfPage\":{\"@id\":\"https:\/\/esenssi.com\/fabrica\/producto\/brumizador-jarron\/#primaryimage\"},\"image\":{\"@id\":\"https:\/\/esenssi.com\/fabrica\/producto\/brumizador-jarron\/#primaryimage\"},\"thumbnailUrl\":\"https:\/\/esenssi.com\/fabrica\/wp-content\/uploads\/2018\/10\/Brumizador_Jarron_Madera.jpg\",\"datePublished\":\"2021-09-03T01:17:17+00:00\",\"dateModified\":\"2024-04-05T10:37:52+00:00\",\"breadcrumb\":{\"@id\":\"https:\/\/esenssi.com\/fabrica\/producto\/brumizador-jarron\/#breadcrumb\"},\"inLanguage\":\"es\",\"potentialAction\":[{\"@type\":\"ReadAction\",\"target\":[\"https:\/\/esenssi.com\/fabrica\/producto\/brumizador-jarron\/\"]}]},{\"@type\":\"ImageObject\",\"inLanguage\":\"es\",\"@id\":\"https:\/\/esenssi.com\/fabrica\/producto\/brumizador-jarron\/#primaryimage\",\"url\":\"https:\/\/esenssi.com\/fabrica\/wp-content\/uploads\/2018\/10\/Brumizador_Jarron_Madera.jpg\",\"contentUrl\":\"https:\/\/esenssi.com\/fabrica\/wp-content\/uploads\/2018\/10\/Brumizador_Jarron_Madera.jpg\",\"width\":400,\"height\":400},{\"@type\":\"BreadcrumbList\",\"@id\":\"https:\/\/esenssi.com\/fabrica\/producto\/brumizador-jarron\/#breadcrumb\",\"itemListElement\":[{\"@type\":\"ListItem\",\"position\":1,\"name\":\"F\u00e1brica\",\"item\":\"https:\/\/esenssi.com\/fabrica\/\"},{\"@type\":\"ListItem\",\"position\":2,\"name\":\"Tienda\",\"item\":\"https:\/\/esenssi.com\/fabrica\/tienda\/\"},{\"@type\":\"ListItem\",\"position\":3,\"name\":\"Brumizador Jarr\u00f3n\"}]},{\"@type\":\"WebSite\",\"@id\":\"https:\/\/esenssi.com\/fabrica\/#website\",\"url\":\"https:\/\/esenssi.com\/fabrica\/\",\"name\":\"Esenssi - Tienda Online\",\"description\":\"Fabricante de perfumes\",\"publisher\":{\"@id\":\"https:\/\/esenssi.com\/fabrica\/#organization\"},\"alternateName\":\"Esenssi - Tienda Online\",\"potentialAction\":[{\"@type\":\"SearchAction\",\"target\":{\"@type\":\"EntryPoint\",\"urlTemplate\":\"https:\/\/esenssi.com\/fabrica\/?s={search_term_string}\"},\"query-input\":\"required name=search_term_string\"}],\"inLanguage\":\"es\"},{\"@type\":\"Organization\",\"@id\":\"https:\/\/esenssi.com\/fabrica\/#organization\",\"name\":\"Mayoristas de perfumer\u00eda\",\"url\":\"https:\/\/esenssi.com\/fabrica\/\",\"logo\":{\"@type\":\"ImageObject\",\"inLanguage\":\"es\",\"@id\":\"https:\/\/esenssi.com\/fabrica\/#\/schema\/logo\/image\/\",\"url\":\"https:\/\/esenssi.com\/fabrica\/wp-content\/uploads\/2021\/08\/Logotipo_Esenssi_Web.png\",\"contentUrl\":\"https:\/\/esenssi.com\/fabrica\/wp-content\/uploads\/2021\/08\/Logotipo_Esenssi_Web.png\",\"width\":295,\"height\":64,\"caption\":\"Mayoristas de perfumer\u00eda\"},\"image\":{\"@id\":\"https:\/\/esenssi.com\/fabrica\/#\/schema\/logo\/image\/\"}}]}<\/script>\n<!-- \/ Yoast SEO plugin. -->","yoast_head_json":{"title":"Brumizador Jarr\u00f3n - Esenssi - Tienda Online","robots":{"index":"noindex","follow":"nofollow"},"og_locale":"es_ES","og_type":"article","og_title":"Brumizador Jarr\u00f3n - Esenssi - Tienda Online","og_description":"Especial difusor de aromas por ultrasonido. Esencias que se difunden en micropart\u00edculas en el ambiente a trav\u00e9s de su vapor fr\u00edo. Aroma terapia y cromo terapia con su luz Led que cambia de color. Capacidad 300 ml","og_url":"https:\/\/esenssi.com\/fabrica\/producto\/brumizador-jarron\/","og_site_name":"Esenssi - Tienda Online","article_modified_time":"2024-04-05T10:37:52+00:00","og_image":[{"width":400,"height":400,"url":"https:\/\/esenssi.com\/fabrica\/wp-content\/uploads\/2018\/10\/Brumizador_Jarron_Madera.jpg","type":"image\/jpeg"}],"twitter_card":"summary_large_image","schema":{"@context":"https:\/\/schema.org","@graph":[{"@type":"WebPage","@id":"https:\/\/esenssi.com\/fabrica\/producto\/brumizador-jarron\/","url":"https:\/\/esenssi.com\/fabrica\/producto\/brumizador-jarron\/","name":"Brumizador Jarr\u00f3n - Esenssi - Tienda Online","isPartOf":{"@id":"https:\/\/esenssi.com\/fabrica\/#website"},"primaryImageOfPage":{"@id":"https:\/\/esenssi.com\/fabrica\/producto\/brumizador-jarron\/#primaryimage"},"image":{"@id":"https:\/\/esenssi.com\/fabrica\/producto\/brumizador-jarron\/#primaryimage"},"thumbnailUrl":"https:\/\/esenssi.com\/fabrica\/wp-content\/uploads\/2018\/10\/Brumizador_Jarron_Madera.jpg","datePublished":"2021-09-03T01:17:17+00:00","dateModified":"2024-04-05T10:37:52+00:00","breadcrumb":{"@id":"https:\/\/esenssi.com\/fabrica\/producto\/brumizador-jarron\/#breadcrumb"},"inLanguage":"es","potentialAction":[{"@type":"ReadAction","target":["https:\/\/esenssi.com\/fabrica\/producto\/brumizador-jarron\/"]}]},{"@type":"ImageObject","inLanguage":"es","@id":"https:\/\/esenssi.com\/fabrica\/producto\/brumizador-jarron\/#primaryimage","url":"https:\/\/esenssi.com\/fabrica\/wp-content\/uploads\/2018\/10\/Brumizador_Jarron_Madera.jpg","contentUrl":"https:\/\/esenssi.com\/fabrica\/wp-content\/uploads\/2018\/10\/Brumizador_Jarron_Madera.jpg","width":400,"height":400},{"@type":"BreadcrumbList","@id":"https:\/\/esenssi.com\/fabrica\/producto\/brumizador-jarron\/#breadcrumb","itemListElement":[{"@type":"ListItem","position":1,"name":"F\u00e1brica","item":"https:\/\/esenssi.com\/fabrica\/"},{"@type":"ListItem","position":2,"name":"Tienda","item":"https:\/\/esenssi.com\/fabrica\/tienda\/"},{"@type":"ListItem","position":3,"name":"Brumizador Jarr\u00f3n"}]},{"@type":"WebSite","@id":"https:\/\/esenssi.com\/fabrica\/#website","url":"https:\/\/esenssi.com\/fabrica\/","name":"Esenssi - Tienda Online","description":"Fabricante de perfumes","publisher":{"@id":"https:\/\/esenssi.com\/fabrica\/#organization"},"alternateName":"Esenssi - Tienda Online","potentialAction":[{"@type":"SearchAction","target":{"@type":"EntryPoint","urlTemplate":"https:\/\/esenssi.com\/fabrica\/?s={search_term_string}"},"query-input":"required name=search_term_string"}],"inLanguage":"es"},{"@type":"Organization","@id":"https:\/\/esenssi.com\/fabrica\/#organization","name":"Mayoristas de perfumer\u00eda","url":"https:\/\/esenssi.com\/fabrica\/","logo":{"@type":"ImageObject","inLanguage":"es","@id":"https:\/\/esenssi.com\/fabrica\/#\/schema\/logo\/image\/","url":"https:\/\/esenssi.com\/fabrica\/wp-content\/uploads\/2021\/08\/Logotipo_Esenssi_Web.png","contentUrl":"https:\/\/esenssi.com\/fabrica\/wp-content\/uploads\/2021\/08\/Logotipo_Esenssi_Web.png","width":295,"height":64,"caption":"Mayoristas de perfumer\u00eda"},"image":{"@id":"https:\/\/esenssi.com\/fabrica\/#\/schema\/logo\/image\/"}}]}},"_links":{"self":[{"href":"https:\/\/esenssi.com\/fabrica\/wp-json\/wp\/v2\/product\/69688"}],"collection":[{"href":"https:\/\/esenssi.com\/fabrica\/wp-json\/wp\/v2\/product"}],"about":[{"href":"https:\/\/esenssi.com\/fabrica\/wp-json\/wp\/v2\/types\/product"}],"replies":[{"embeddable":true,"href":"https:\/\/esenssi.com\/fabrica\/wp-json\/wp\/v2\/comments?post=69688"}],"wp:featuredmedia":[{"embeddable":true,"href":"https:\/\/esenssi.com\/fabrica\/wp-json\/wp\/v2\/media\/62681"}],"wp:attachment":[{"href":"https:\/\/esenssi.com\/fabrica\/wp-json\/wp\/v2\/media?parent=69688"}],"wp:term":[{"taxonomy":"product_cat","embeddable":true,"href":"https:\/\/esenssi.com\/fabrica\/wp-json\/wp\/v2\/product_cat?post=69688"},{"taxonomy":"product_tag","embeddable":true,"href":"https:\/\/esenssi.com\/fabrica\/wp-json\/wp\/v2\/product_tag?post=69688"}],"curies":[{"name":"wp","href":"https:\/\/api.w.org\/{rel}","templated":true}]}}