{"id":71228,"date":"2021-09-03T20:48:47","date_gmt":"2021-09-03T18:48:47","guid":{"rendered":"https:\/\/esenssi.com\/fabrica\/tienda\/sin%20categor\u00eda\/aceite-corporal-nature-2\/"},"modified":"2024-01-16T15:33:42","modified_gmt":"2024-01-16T13:33:42","slug":"aceite-corporal-nature","status":"publish","type":"product","link":"https:\/\/esenssi.com\/fabrica\/producto\/aceite-corporal-nature\/","title":{"rendered":"Aceite Corporal Nature"},"content":{"rendered":"<p>Los aceites corporales no solo son una fuente importante de hidrataci\u00f3n para nuestra piel, sino que atrapan y transmiten el aroma de una forma m\u00e1s intensa que otras lociones corporales. Logrando que su perfume en el cuerpo tenga una mayor duraci\u00f3n.<\/p>\n<h3><strong>AROMAS:<\/strong><\/h3>\n<p>Acu\u00e1tico: un aroma limpio y refrescante, apto tanto para Ella como para El.<\/p>\n<p>Cereza: la dulzura e intensidad de la cereza hacen que este aroma tenga una larga duraci\u00f3n en la piel.<\/p>\n<p>Flor de t\u00e9: delicado, fresco y campestre.<\/p>\n<p>Jazm\u00edn: intenso y muy perfumado. Elegante.<\/p>\n<p>Mandarina: c\u00edtrico y fresco, transmite vitalidad.<\/p>\n<p>Musk: un aroma sensual y misterioso que gusta a todo el que lo huele. Seductor.<\/p>\n<p>Rosa: la reina de las flores, agradable, hogare\u00f1o, no deja indiferente.<\/p>\n<p>Vainilla: para todas aquellas personas que le gusten los aromas dulces e intensos.<\/p>\n<p>Vetiver: un aroma masculino, a tierra y plantas, que sin embargo gusta a ambos sexos por su frescor.<\/p>\n<h3><strong>\u00bfENVASADO O A GRANEL?<\/strong><\/h3>\n<p>Puedes vender este aceite corporal a granel, solo tienes que envasarlo a tus clientes en los pr\u00e1cticos <a href=\"https:\/\/esenssi.com\/fabrica\/envases\/cosmetica\/\">envases<\/a>\u00a0que te facilitamos para ello o en los tuyos propios, en las cantidades que el cliente quiera (100, 200, 400 o 500 ml).<\/p>\n<p>Con ello conseguir\u00e1s un margen extra de beneficio lo que te permitir\u00e1 competir en el mercado con precios bajos en un producto de alta calidad.<\/p>\n<p>O puedes disponer de esta <a href=\"https:\/\/esenssi.com\/producto\/pack-apertura-nature\/\">l\u00ednea corporal perfumada<\/a> completa para ofrecer a tu p\u00fablico con los <a href=\"https:\/\/esenssi.com\/fabrica\/negocio-de-perfumeria\/packs-apertura\/\">packs de lanzamiento<\/a>. Prueba en tienda toda la gama completa de aromas y modalidades (<a href=\"https:\/\/esenssi.com\/producto\/crema-corporal-nature\/\">crema corporal<\/a>, <a href=\"https:\/\/esenssi.com\/fabrica\/cuidado-corporal\/gel-de-bano\/\">gel de ba\u00f1o<\/a>, <a href=\"https:\/\/esenssi.com\/fabrica\/perfumes\/hombre\/\">body mist<\/a>, <a href=\"https:\/\/esenssi.com\/fabrica\/cuidado-corporal\/\">desodorante<\/a>) o en<a href=\"https:\/\/esenssi.com\/etiqueta-producto\/packs-cosmetica\/\"> cantidades y aromas a elegir <\/a>con precios irresistibles.<\/p>\n<p>Recuerda que en la l\u00ednea <a href=\"https:\/\/esenssi.com\/fabrica\/categoria-producto\/cuidado-corporal\/linea-corporal-nature\/http:\/esenssi.com\/pruebas\/categoria-producto\/cuidado-corporal\/linea-corporal-natural\/\">Nature<\/a> tambi\u00e9n tienes disponibles los aromas de <a href=\"https:\/\/esenssi.com\/fabrica\/ambientacion-granel\/\">ambientaci\u00f3n<\/a> a granel o envasado.<\/p>\n","protected":false},"excerpt":{"rendered":"<p>Aceite corporal perfumado. Enriquecido con aceite de almendras y cal\u00e9ndula. Hidrata y nutre en profundidad manteniendo la piel mas el\u00e1stica y flexible. Perfumado con esencias puras de aromas dulces, ex\u00f3ticos y refrescantes.<\/p>\n","protected":false},"featured_media":65186,"comment_status":"open","ping_status":"closed","template":"","meta":{"content-type":"","_joinchat":[]},"product_cat":[1228,1063],"product_tag":[1239],"class_list":{"0":"post-71228","1":"product","2":"type-product","3":"status-publish","4":"has-post-thumbnail","6":"product_cat-aceites","7":"product_cat-cuidado-corporal","8":"product_tag-nature","10":"first","11":"instock","12":"taxable","13":"shipping-taxable","14":"product-type-variable"},"yoast_head":"<!-- This site is optimized with the Yoast SEO plugin v23.3 - https:\/\/yoast.com\/wordpress\/plugins\/seo\/ -->\n<title>Aceite Corporal Nature - Esenssi - Tienda Online<\/title>\n<meta name=\"robots\" content=\"noindex, nofollow\" \/>\n<meta property=\"og:locale\" content=\"es_ES\" \/>\n<meta property=\"og:type\" content=\"article\" \/>\n<meta property=\"og:title\" content=\"Aceite Corporal Nature - Esenssi - Tienda Online\" \/>\n<meta property=\"og:description\" content=\"Aceite corporal perfumado. Enriquecido con aceite de almendras y cal\u00e9ndula. Hidrata y nutre en profundidad manteniendo la piel mas el\u00e1stica y flexible. Perfumado con esencias puras de aromas dulces, ex\u00f3ticos y refrescantes.\" \/>\n<meta property=\"og:url\" content=\"https:\/\/esenssi.com\/fabrica\/producto\/aceite-corporal-nature\/\" \/>\n<meta property=\"og:site_name\" content=\"Esenssi - Tienda Online\" \/>\n<meta property=\"article:modified_time\" content=\"2024-01-16T13:33:42+00:00\" \/>\n<meta property=\"og:image\" content=\"https:\/\/esenssi.com\/fabrica\/wp-content\/uploads\/2018\/07\/Aceite_Nature_Corporal.jpg\" \/>\n\t<meta property=\"og:image:width\" content=\"1000\" \/>\n\t<meta property=\"og:image:height\" content=\"1000\" \/>\n\t<meta property=\"og:image:type\" content=\"image\/jpeg\" \/>\n<meta name=\"twitter:card\" content=\"summary_large_image\" \/>\n<script type=\"application\/ld+json\" class=\"yoast-schema-graph\">{\"@context\":\"https:\/\/schema.org\",\"@graph\":[{\"@type\":\"WebPage\",\"@id\":\"https:\/\/esenssi.com\/fabrica\/producto\/aceite-corporal-nature\/\",\"url\":\"https:\/\/esenssi.com\/fabrica\/producto\/aceite-corporal-nature\/\",\"name\":\"Aceite Corporal Nature - Esenssi - Tienda Online\",\"isPartOf\":{\"@id\":\"https:\/\/esenssi.com\/fabrica\/#website\"},\"primaryImageOfPage\":{\"@id\":\"https:\/\/esenssi.com\/fabrica\/producto\/aceite-corporal-nature\/#primaryimage\"},\"image\":{\"@id\":\"https:\/\/esenssi.com\/fabrica\/producto\/aceite-corporal-nature\/#primaryimage\"},\"thumbnailUrl\":\"https:\/\/esenssi.com\/fabrica\/wp-content\/uploads\/2018\/07\/Aceite_Nature_Corporal.jpg\",\"datePublished\":\"2021-09-03T18:48:47+00:00\",\"dateModified\":\"2024-01-16T13:33:42+00:00\",\"breadcrumb\":{\"@id\":\"https:\/\/esenssi.com\/fabrica\/producto\/aceite-corporal-nature\/#breadcrumb\"},\"inLanguage\":\"es\",\"potentialAction\":[{\"@type\":\"ReadAction\",\"target\":[\"https:\/\/esenssi.com\/fabrica\/producto\/aceite-corporal-nature\/\"]}]},{\"@type\":\"ImageObject\",\"inLanguage\":\"es\",\"@id\":\"https:\/\/esenssi.com\/fabrica\/producto\/aceite-corporal-nature\/#primaryimage\",\"url\":\"https:\/\/esenssi.com\/fabrica\/wp-content\/uploads\/2018\/07\/Aceite_Nature_Corporal.jpg\",\"contentUrl\":\"https:\/\/esenssi.com\/fabrica\/wp-content\/uploads\/2018\/07\/Aceite_Nature_Corporal.jpg\",\"width\":1000,\"height\":1000},{\"@type\":\"BreadcrumbList\",\"@id\":\"https:\/\/esenssi.com\/fabrica\/producto\/aceite-corporal-nature\/#breadcrumb\",\"itemListElement\":[{\"@type\":\"ListItem\",\"position\":1,\"name\":\"F\u00e1brica\",\"item\":\"https:\/\/esenssi.com\/fabrica\/\"},{\"@type\":\"ListItem\",\"position\":2,\"name\":\"Tienda\",\"item\":\"https:\/\/esenssi.com\/fabrica\/tienda\/\"},{\"@type\":\"ListItem\",\"position\":3,\"name\":\"Aceite Corporal Nature\"}]},{\"@type\":\"WebSite\",\"@id\":\"https:\/\/esenssi.com\/fabrica\/#website\",\"url\":\"https:\/\/esenssi.com\/fabrica\/\",\"name\":\"Esenssi - Tienda Online\",\"description\":\"Fabricante de perfumes\",\"publisher\":{\"@id\":\"https:\/\/esenssi.com\/fabrica\/#organization\"},\"alternateName\":\"Esenssi - Tienda Online\",\"potentialAction\":[{\"@type\":\"SearchAction\",\"target\":{\"@type\":\"EntryPoint\",\"urlTemplate\":\"https:\/\/esenssi.com\/fabrica\/?s={search_term_string}\"},\"query-input\":\"required name=search_term_string\"}],\"inLanguage\":\"es\"},{\"@type\":\"Organization\",\"@id\":\"https:\/\/esenssi.com\/fabrica\/#organization\",\"name\":\"Mayoristas de perfumer\u00eda\",\"url\":\"https:\/\/esenssi.com\/fabrica\/\",\"logo\":{\"@type\":\"ImageObject\",\"inLanguage\":\"es\",\"@id\":\"https:\/\/esenssi.com\/fabrica\/#\/schema\/logo\/image\/\",\"url\":\"https:\/\/esenssi.com\/fabrica\/wp-content\/uploads\/2021\/08\/Logotipo_Esenssi_Web.png\",\"contentUrl\":\"https:\/\/esenssi.com\/fabrica\/wp-content\/uploads\/2021\/08\/Logotipo_Esenssi_Web.png\",\"width\":295,\"height\":64,\"caption\":\"Mayoristas de perfumer\u00eda\"},\"image\":{\"@id\":\"https:\/\/esenssi.com\/fabrica\/#\/schema\/logo\/image\/\"}}]}<\/script>\n<!-- \/ Yoast SEO plugin. -->","yoast_head_json":{"title":"Aceite Corporal Nature - Esenssi - Tienda Online","robots":{"index":"noindex","follow":"nofollow"},"og_locale":"es_ES","og_type":"article","og_title":"Aceite Corporal Nature - Esenssi - Tienda Online","og_description":"Aceite corporal perfumado. Enriquecido con aceite de almendras y cal\u00e9ndula. Hidrata y nutre en profundidad manteniendo la piel mas el\u00e1stica y flexible. Perfumado con esencias puras de aromas dulces, ex\u00f3ticos y refrescantes.","og_url":"https:\/\/esenssi.com\/fabrica\/producto\/aceite-corporal-nature\/","og_site_name":"Esenssi - Tienda Online","article_modified_time":"2024-01-16T13:33:42+00:00","og_image":[{"width":1000,"height":1000,"url":"https:\/\/esenssi.com\/fabrica\/wp-content\/uploads\/2018\/07\/Aceite_Nature_Corporal.jpg","type":"image\/jpeg"}],"twitter_card":"summary_large_image","schema":{"@context":"https:\/\/schema.org","@graph":[{"@type":"WebPage","@id":"https:\/\/esenssi.com\/fabrica\/producto\/aceite-corporal-nature\/","url":"https:\/\/esenssi.com\/fabrica\/producto\/aceite-corporal-nature\/","name":"Aceite Corporal Nature - Esenssi - Tienda Online","isPartOf":{"@id":"https:\/\/esenssi.com\/fabrica\/#website"},"primaryImageOfPage":{"@id":"https:\/\/esenssi.com\/fabrica\/producto\/aceite-corporal-nature\/#primaryimage"},"image":{"@id":"https:\/\/esenssi.com\/fabrica\/producto\/aceite-corporal-nature\/#primaryimage"},"thumbnailUrl":"https:\/\/esenssi.com\/fabrica\/wp-content\/uploads\/2018\/07\/Aceite_Nature_Corporal.jpg","datePublished":"2021-09-03T18:48:47+00:00","dateModified":"2024-01-16T13:33:42+00:00","breadcrumb":{"@id":"https:\/\/esenssi.com\/fabrica\/producto\/aceite-corporal-nature\/#breadcrumb"},"inLanguage":"es","potentialAction":[{"@type":"ReadAction","target":["https:\/\/esenssi.com\/fabrica\/producto\/aceite-corporal-nature\/"]}]},{"@type":"ImageObject","inLanguage":"es","@id":"https:\/\/esenssi.com\/fabrica\/producto\/aceite-corporal-nature\/#primaryimage","url":"https:\/\/esenssi.com\/fabrica\/wp-content\/uploads\/2018\/07\/Aceite_Nature_Corporal.jpg","contentUrl":"https:\/\/esenssi.com\/fabrica\/wp-content\/uploads\/2018\/07\/Aceite_Nature_Corporal.jpg","width":1000,"height":1000},{"@type":"BreadcrumbList","@id":"https:\/\/esenssi.com\/fabrica\/producto\/aceite-corporal-nature\/#breadcrumb","itemListElement":[{"@type":"ListItem","position":1,"name":"F\u00e1brica","item":"https:\/\/esenssi.com\/fabrica\/"},{"@type":"ListItem","position":2,"name":"Tienda","item":"https:\/\/esenssi.com\/fabrica\/tienda\/"},{"@type":"ListItem","position":3,"name":"Aceite Corporal Nature"}]},{"@type":"WebSite","@id":"https:\/\/esenssi.com\/fabrica\/#website","url":"https:\/\/esenssi.com\/fabrica\/","name":"Esenssi - Tienda Online","description":"Fabricante de perfumes","publisher":{"@id":"https:\/\/esenssi.com\/fabrica\/#organization"},"alternateName":"Esenssi - Tienda Online","potentialAction":[{"@type":"SearchAction","target":{"@type":"EntryPoint","urlTemplate":"https:\/\/esenssi.com\/fabrica\/?s={search_term_string}"},"query-input":"required name=search_term_string"}],"inLanguage":"es"},{"@type":"Organization","@id":"https:\/\/esenssi.com\/fabrica\/#organization","name":"Mayoristas de perfumer\u00eda","url":"https:\/\/esenssi.com\/fabrica\/","logo":{"@type":"ImageObject","inLanguage":"es","@id":"https:\/\/esenssi.com\/fabrica\/#\/schema\/logo\/image\/","url":"https:\/\/esenssi.com\/fabrica\/wp-content\/uploads\/2021\/08\/Logotipo_Esenssi_Web.png","contentUrl":"https:\/\/esenssi.com\/fabrica\/wp-content\/uploads\/2021\/08\/Logotipo_Esenssi_Web.png","width":295,"height":64,"caption":"Mayoristas de perfumer\u00eda"},"image":{"@id":"https:\/\/esenssi.com\/fabrica\/#\/schema\/logo\/image\/"}}]}},"_links":{"self":[{"href":"https:\/\/esenssi.com\/fabrica\/wp-json\/wp\/v2\/product\/71228"}],"collection":[{"href":"https:\/\/esenssi.com\/fabrica\/wp-json\/wp\/v2\/product"}],"about":[{"href":"https:\/\/esenssi.com\/fabrica\/wp-json\/wp\/v2\/types\/product"}],"replies":[{"embeddable":true,"href":"https:\/\/esenssi.com\/fabrica\/wp-json\/wp\/v2\/comments?post=71228"}],"wp:featuredmedia":[{"embeddable":true,"href":"https:\/\/esenssi.com\/fabrica\/wp-json\/wp\/v2\/media\/65186"}],"wp:attachment":[{"href":"https:\/\/esenssi.com\/fabrica\/wp-json\/wp\/v2\/media?parent=71228"}],"wp:term":[{"taxonomy":"product_cat","embeddable":true,"href":"https:\/\/esenssi.com\/fabrica\/wp-json\/wp\/v2\/product_cat?post=71228"},{"taxonomy":"product_tag","embeddable":true,"href":"https:\/\/esenssi.com\/fabrica\/wp-json\/wp\/v2\/product_tag?post=71228"}],"curies":[{"name":"wp","href":"https:\/\/api.w.org\/{rel}","templated":true}]}}