{"id":71882,"date":"2021-09-04T00:07:11","date_gmt":"2021-09-04T00:07:11","guid":{"rendered":"https:\/\/esenssi.com\/fabrica\/tienda\/sin%20categor\u00eda\/ambientador-mikado-niss\/"},"modified":"2024-07-22T13:57:21","modified_gmt":"2024-07-22T11:57:21","slug":"ambientador-mikado-niss","status":"publish","type":"product","link":"https:\/\/esenssi.com\/fabrica\/producto\/ambientador-mikado-niss\/","title":{"rendered":"Ambientador Mikado Niss"},"content":{"rendered":"<p>Esta misma formula es apta para los envases de <a href=\"https:\/\/esenssi.com\/producto\/frasco-ambicar-8-ml-pack-25-unidades\/\">ambientador de coche<\/a> en los que las esencias tambi\u00e9n van impregn\u00e1ndose y evaporando a trav\u00e9s del tap\u00f3n de madera de su envase.<\/p>\n<h3><strong>\u00bfENVASADO O A GRANEL?<\/strong><\/h3>\n<p>Puedes disponer de estos especiales <a href=\"https:\/\/esenssi.com\/fabrica\/producto\/pack-apertura-niss\/\">ambientadores<\/a> para su venta a granel en las <a href=\"https:\/\/esenssi.com\/producto\/frasca-cristal-con-grifo-1l\/\">frascas con grifo<\/a> y ofrecerlos al cliente en los lujosos <a href=\"https:\/\/esenssi.com\/fabrica\/envases\/ambientacion\/\/\">envases<\/a> de la misma l\u00ednea o de cualquiera de los que te ofrecemos para ambientaci\u00f3n. Junto con las <a href=\"https:\/\/esenssi.com\/fabrica\/producto\/varitas-de-rattan\/\">varitas de rat\u00e1n<\/a>, etiquetas especiales, <a href=\"https:\/\/esenssi.com\/producto\/perfumador-probador\/\">probadores<\/a>, <a href=\"https:\/\/esenssi.com\/producto\/tiras-secantes-1000-unidades\/\">tiras secantes<\/a> y todos los \u00fatiles de venta necesarios que podr\u00e1s encontrar en esta secci\u00f3n.<\/p>\n<p>O puedes pedirlos directamente <a href=\"https:\/\/esenssi.com\/fabrica\/producto\/pack-apertura-niss\/\">envasados<\/a> para su venta. Esta colecci\u00f3n es de edici\u00f3n limitada y resulta especialmente atractiva en sus cuatro versiones en las que se combinan los colores vivos con el plata y el oro haciendo del envase en si un elemento decorativo.<\/p>\n<p>Los aromas que componen esta l\u00ednea de ambientaci\u00f3n de edici\u00f3n limitada tambi\u00e9n est\u00e1n disponibles en <a href=\"https:\/\/esenssi.com\/producto\/ambispray-niss\/\">ambientador en spray<\/a> y <a href=\"https:\/\/esenssi.com\/producto\/bruma-de-ambiente-niss\/\">brumas de ambiente<\/a> para tus <a href=\"https:\/\/esenssi.com\/etiqueta-producto\/brumizadores\/\">brumizadores\/difusores de aromas<\/a> el\u00e9ctricos.<\/p>\n<p>Aprov\u00e9chate de un precio especial de lanzamiento en los\u00a0<a href=\"https:\/\/esenssi.com\/producto\/pack-apertura-niss\/\">packs<\/a>\u00a0de la l\u00ednea de\u00a0<a href=\"https:\/\/esenssi.com\/fabrica\/producto\/pack-apertura-niss\/\">ambientaci\u00f3n Niss<\/a>.<\/p>\n","protected":false},"excerpt":{"rendered":"<p>El ambientador mikado es un difusor de aromas a trav\u00e9s de la impregnaci\u00f3n de esencias en varitas de rat\u00e1n. Aromatiza tus espacios de una forma natural y constante.<\/p>\n<p>La especial intensidad de los aromas que componen esta l\u00ednea de edici\u00f3n limitada se difunden en una combinaci\u00f3n de olores ex\u00f3ticos, maderas, flores, almizcles, para crear un ambiente lujoso y exclusivo.<\/p>\n<p>Aromas de ediciones limitadas (pueden ir variando)<\/p>\n","protected":false},"featured_media":64919,"comment_status":"open","ping_status":"closed","template":"","meta":{"content-type":"","_joinchat":[]},"product_cat":[1007,1221],"product_tag":[1062,1287],"class_list":{"0":"post-71882","1":"product","2":"type-product","3":"status-publish","4":"has-post-thumbnail","6":"product_cat-ambientacion-granel","7":"product_cat-mikado","8":"product_tag-ambientador-mikado","9":"product_tag-linea-niss","11":"first","12":"instock","13":"taxable","14":"shipping-taxable","15":"product-type-variable"},"yoast_head":"<!-- This site is optimized with the Yoast SEO plugin v23.3 - https:\/\/yoast.com\/wordpress\/plugins\/seo\/ -->\n<title>Ambientador Mikado Niss - Esenssi - Tienda Online<\/title>\n<meta name=\"robots\" content=\"noindex, nofollow\" \/>\n<meta property=\"og:locale\" content=\"es_ES\" \/>\n<meta property=\"og:type\" content=\"article\" \/>\n<meta property=\"og:title\" content=\"Ambientador Mikado Niss - Esenssi - Tienda Online\" \/>\n<meta property=\"og:description\" content=\"El ambientador mikado es un difusor de aromas a trav\u00e9s de la impregnaci\u00f3n de esencias en varitas de rat\u00e1n. Aromatiza tus espacios de una forma natural y constante.  La especial intensidad de los aromas que componen esta l\u00ednea de edici\u00f3n limitada se difunden en una combinaci\u00f3n de olores ex\u00f3ticos, maderas, flores, almizcles, para crear un ambiente lujoso y exclusivo.  Aromas de ediciones limitadas (pueden ir variando)\" \/>\n<meta property=\"og:url\" content=\"https:\/\/esenssi.com\/fabrica\/producto\/ambientador-mikado-niss\/\" \/>\n<meta property=\"og:site_name\" content=\"Esenssi - Tienda Online\" \/>\n<meta property=\"article:modified_time\" content=\"2024-07-22T11:57:21+00:00\" \/>\n<meta property=\"og:image\" content=\"https:\/\/esenssi.com\/fabrica\/wp-content\/uploads\/2018\/10\/Mikado_Niss.png\" \/>\n\t<meta property=\"og:image:width\" content=\"450\" \/>\n\t<meta property=\"og:image:height\" content=\"450\" \/>\n\t<meta property=\"og:image:type\" content=\"image\/png\" \/>\n<meta name=\"twitter:card\" content=\"summary_large_image\" \/>\n<script type=\"application\/ld+json\" class=\"yoast-schema-graph\">{\"@context\":\"https:\/\/schema.org\",\"@graph\":[{\"@type\":\"WebPage\",\"@id\":\"https:\/\/esenssi.com\/fabrica\/producto\/ambientador-mikado-niss\/\",\"url\":\"https:\/\/esenssi.com\/fabrica\/producto\/ambientador-mikado-niss\/\",\"name\":\"Ambientador Mikado Niss - Esenssi - Tienda Online\",\"isPartOf\":{\"@id\":\"https:\/\/esenssi.com\/fabrica\/#website\"},\"primaryImageOfPage\":{\"@id\":\"https:\/\/esenssi.com\/fabrica\/producto\/ambientador-mikado-niss\/#primaryimage\"},\"image\":{\"@id\":\"https:\/\/esenssi.com\/fabrica\/producto\/ambientador-mikado-niss\/#primaryimage\"},\"thumbnailUrl\":\"https:\/\/esenssi.com\/fabrica\/wp-content\/uploads\/2018\/10\/Mikado_Niss.png\",\"datePublished\":\"2021-09-04T00:07:11+00:00\",\"dateModified\":\"2024-07-22T11:57:21+00:00\",\"breadcrumb\":{\"@id\":\"https:\/\/esenssi.com\/fabrica\/producto\/ambientador-mikado-niss\/#breadcrumb\"},\"inLanguage\":\"es\",\"potentialAction\":[{\"@type\":\"ReadAction\",\"target\":[\"https:\/\/esenssi.com\/fabrica\/producto\/ambientador-mikado-niss\/\"]}]},{\"@type\":\"ImageObject\",\"inLanguage\":\"es\",\"@id\":\"https:\/\/esenssi.com\/fabrica\/producto\/ambientador-mikado-niss\/#primaryimage\",\"url\":\"https:\/\/esenssi.com\/fabrica\/wp-content\/uploads\/2018\/10\/Mikado_Niss.png\",\"contentUrl\":\"https:\/\/esenssi.com\/fabrica\/wp-content\/uploads\/2018\/10\/Mikado_Niss.png\",\"width\":450,\"height\":450},{\"@type\":\"BreadcrumbList\",\"@id\":\"https:\/\/esenssi.com\/fabrica\/producto\/ambientador-mikado-niss\/#breadcrumb\",\"itemListElement\":[{\"@type\":\"ListItem\",\"position\":1,\"name\":\"F\u00e1brica\",\"item\":\"https:\/\/esenssi.com\/fabrica\/\"},{\"@type\":\"ListItem\",\"position\":2,\"name\":\"Tienda\",\"item\":\"https:\/\/esenssi.com\/fabrica\/tienda\/\"},{\"@type\":\"ListItem\",\"position\":3,\"name\":\"Ambientador Mikado Niss\"}]},{\"@type\":\"WebSite\",\"@id\":\"https:\/\/esenssi.com\/fabrica\/#website\",\"url\":\"https:\/\/esenssi.com\/fabrica\/\",\"name\":\"Esenssi - Tienda Online\",\"description\":\"Fabricante de perfumes\",\"publisher\":{\"@id\":\"https:\/\/esenssi.com\/fabrica\/#organization\"},\"alternateName\":\"Esenssi - Tienda Online\",\"potentialAction\":[{\"@type\":\"SearchAction\",\"target\":{\"@type\":\"EntryPoint\",\"urlTemplate\":\"https:\/\/esenssi.com\/fabrica\/?s={search_term_string}\"},\"query-input\":\"required name=search_term_string\"}],\"inLanguage\":\"es\"},{\"@type\":\"Organization\",\"@id\":\"https:\/\/esenssi.com\/fabrica\/#organization\",\"name\":\"Mayoristas de perfumer\u00eda\",\"url\":\"https:\/\/esenssi.com\/fabrica\/\",\"logo\":{\"@type\":\"ImageObject\",\"inLanguage\":\"es\",\"@id\":\"https:\/\/esenssi.com\/fabrica\/#\/schema\/logo\/image\/\",\"url\":\"https:\/\/esenssi.com\/fabrica\/wp-content\/uploads\/2021\/08\/Logotipo_Esenssi_Web.png\",\"contentUrl\":\"https:\/\/esenssi.com\/fabrica\/wp-content\/uploads\/2021\/08\/Logotipo_Esenssi_Web.png\",\"width\":295,\"height\":64,\"caption\":\"Mayoristas de perfumer\u00eda\"},\"image\":{\"@id\":\"https:\/\/esenssi.com\/fabrica\/#\/schema\/logo\/image\/\"}}]}<\/script>\n<!-- \/ Yoast SEO plugin. -->","yoast_head_json":{"title":"Ambientador Mikado Niss - Esenssi - Tienda Online","robots":{"index":"noindex","follow":"nofollow"},"og_locale":"es_ES","og_type":"article","og_title":"Ambientador Mikado Niss - Esenssi - Tienda Online","og_description":"El ambientador mikado es un difusor de aromas a trav\u00e9s de la impregnaci\u00f3n de esencias en varitas de rat\u00e1n. Aromatiza tus espacios de una forma natural y constante.  La especial intensidad de los aromas que componen esta l\u00ednea de edici\u00f3n limitada se difunden en una combinaci\u00f3n de olores ex\u00f3ticos, maderas, flores, almizcles, para crear un ambiente lujoso y exclusivo.  Aromas de ediciones limitadas (pueden ir variando)","og_url":"https:\/\/esenssi.com\/fabrica\/producto\/ambientador-mikado-niss\/","og_site_name":"Esenssi - Tienda Online","article_modified_time":"2024-07-22T11:57:21+00:00","og_image":[{"width":450,"height":450,"url":"https:\/\/esenssi.com\/fabrica\/wp-content\/uploads\/2018\/10\/Mikado_Niss.png","type":"image\/png"}],"twitter_card":"summary_large_image","schema":{"@context":"https:\/\/schema.org","@graph":[{"@type":"WebPage","@id":"https:\/\/esenssi.com\/fabrica\/producto\/ambientador-mikado-niss\/","url":"https:\/\/esenssi.com\/fabrica\/producto\/ambientador-mikado-niss\/","name":"Ambientador Mikado Niss - Esenssi - Tienda Online","isPartOf":{"@id":"https:\/\/esenssi.com\/fabrica\/#website"},"primaryImageOfPage":{"@id":"https:\/\/esenssi.com\/fabrica\/producto\/ambientador-mikado-niss\/#primaryimage"},"image":{"@id":"https:\/\/esenssi.com\/fabrica\/producto\/ambientador-mikado-niss\/#primaryimage"},"thumbnailUrl":"https:\/\/esenssi.com\/fabrica\/wp-content\/uploads\/2018\/10\/Mikado_Niss.png","datePublished":"2021-09-04T00:07:11+00:00","dateModified":"2024-07-22T11:57:21+00:00","breadcrumb":{"@id":"https:\/\/esenssi.com\/fabrica\/producto\/ambientador-mikado-niss\/#breadcrumb"},"inLanguage":"es","potentialAction":[{"@type":"ReadAction","target":["https:\/\/esenssi.com\/fabrica\/producto\/ambientador-mikado-niss\/"]}]},{"@type":"ImageObject","inLanguage":"es","@id":"https:\/\/esenssi.com\/fabrica\/producto\/ambientador-mikado-niss\/#primaryimage","url":"https:\/\/esenssi.com\/fabrica\/wp-content\/uploads\/2018\/10\/Mikado_Niss.png","contentUrl":"https:\/\/esenssi.com\/fabrica\/wp-content\/uploads\/2018\/10\/Mikado_Niss.png","width":450,"height":450},{"@type":"BreadcrumbList","@id":"https:\/\/esenssi.com\/fabrica\/producto\/ambientador-mikado-niss\/#breadcrumb","itemListElement":[{"@type":"ListItem","position":1,"name":"F\u00e1brica","item":"https:\/\/esenssi.com\/fabrica\/"},{"@type":"ListItem","position":2,"name":"Tienda","item":"https:\/\/esenssi.com\/fabrica\/tienda\/"},{"@type":"ListItem","position":3,"name":"Ambientador Mikado Niss"}]},{"@type":"WebSite","@id":"https:\/\/esenssi.com\/fabrica\/#website","url":"https:\/\/esenssi.com\/fabrica\/","name":"Esenssi - Tienda Online","description":"Fabricante de perfumes","publisher":{"@id":"https:\/\/esenssi.com\/fabrica\/#organization"},"alternateName":"Esenssi - Tienda Online","potentialAction":[{"@type":"SearchAction","target":{"@type":"EntryPoint","urlTemplate":"https:\/\/esenssi.com\/fabrica\/?s={search_term_string}"},"query-input":"required name=search_term_string"}],"inLanguage":"es"},{"@type":"Organization","@id":"https:\/\/esenssi.com\/fabrica\/#organization","name":"Mayoristas de perfumer\u00eda","url":"https:\/\/esenssi.com\/fabrica\/","logo":{"@type":"ImageObject","inLanguage":"es","@id":"https:\/\/esenssi.com\/fabrica\/#\/schema\/logo\/image\/","url":"https:\/\/esenssi.com\/fabrica\/wp-content\/uploads\/2021\/08\/Logotipo_Esenssi_Web.png","contentUrl":"https:\/\/esenssi.com\/fabrica\/wp-content\/uploads\/2021\/08\/Logotipo_Esenssi_Web.png","width":295,"height":64,"caption":"Mayoristas de perfumer\u00eda"},"image":{"@id":"https:\/\/esenssi.com\/fabrica\/#\/schema\/logo\/image\/"}}]}},"_links":{"self":[{"href":"https:\/\/esenssi.com\/fabrica\/wp-json\/wp\/v2\/product\/71882"}],"collection":[{"href":"https:\/\/esenssi.com\/fabrica\/wp-json\/wp\/v2\/product"}],"about":[{"href":"https:\/\/esenssi.com\/fabrica\/wp-json\/wp\/v2\/types\/product"}],"replies":[{"embeddable":true,"href":"https:\/\/esenssi.com\/fabrica\/wp-json\/wp\/v2\/comments?post=71882"}],"wp:featuredmedia":[{"embeddable":true,"href":"https:\/\/esenssi.com\/fabrica\/wp-json\/wp\/v2\/media\/64919"}],"wp:attachment":[{"href":"https:\/\/esenssi.com\/fabrica\/wp-json\/wp\/v2\/media?parent=71882"}],"wp:term":[{"taxonomy":"product_cat","embeddable":true,"href":"https:\/\/esenssi.com\/fabrica\/wp-json\/wp\/v2\/product_cat?post=71882"},{"taxonomy":"product_tag","embeddable":true,"href":"https:\/\/esenssi.com\/fabrica\/wp-json\/wp\/v2\/product_tag?post=71882"}],"curies":[{"name":"wp","href":"https:\/\/api.w.org\/{rel}","templated":true}]}}